{"id":84591,"date":"2023-02-17T11:43:33","date_gmt":"2023-02-17T10:43:33","guid":{"rendered":"https:\/\/renneritalia.com\/renner-job\/"},"modified":"2025-11-10T17:14:17","modified_gmt":"2025-11-10T16:14:17","slug":"renner-job","status":"publish","type":"page","link":"https:\/\/renneritalia.com\/fr\/renner-job\/","title":{"rendered":"Notre \u00e9quipe"},"content":{"rendered":"\t\t<div data-elementor-type=\"wp-page\" data-elementor-id=\"84591\" class=\"elementor elementor-84591 elementor-77415\" data-elementor-post-type=\"page\">\n\t\t\t\t\t\t<section class=\"has_eae_slider elementor-section elementor-top-section elementor-element elementor-element-ec3b266 elementor-section-height-min-height elementor-section-boxed elementor-section-height-default elementor-section-items-middle\" data-eae-slider=\"55931\" data-id=\"ec3b266\" data-element_type=\"section\" data-e-type=\"section\" data-settings=\"{&quot;jet_parallax_layout_list&quot;:[],&quot;background_background&quot;:&quot;classic&quot;}\">\n\t\t\t\t\t\t<div class=\"elementor-container elementor-column-gap-default\">\n\t\t\t\t\t<div class=\"has_eae_slider elementor-column elementor-col-100 elementor-top-column elementor-element elementor-element-4108fd73\" data-eae-slider=\"6356\" data-id=\"4108fd73\" data-element_type=\"column\" data-e-type=\"column\">\n\t\t\t<div class=\"elementor-widget-wrap elementor-element-populated\">\n\t\t\t\t\t\t<section class=\"has_eae_slider elementor-section elementor-inner-section elementor-element elementor-element-285f45bf elementor-section-content-bottom elementor-section-boxed elementor-section-height-default elementor-section-height-default\" data-eae-slider=\"4334\" data-id=\"285f45bf\" data-element_type=\"section\" data-e-type=\"section\" data-settings=\"{&quot;jet_parallax_layout_list&quot;:[]}\">\n\t\t\t\t\t\t<div class=\"elementor-container elementor-column-gap-default\">\n\t\t\t\t\t<div class=\"has_eae_slider elementor-column elementor-col-50 elementor-inner-column elementor-element elementor-element-c0de6da\" data-eae-slider=\"70815\" data-id=\"c0de6da\" data-element_type=\"column\" data-e-type=\"column\" data-settings=\"{&quot;background_background&quot;:&quot;classic&quot;}\">\n\t\t\t<div class=\"elementor-widget-wrap elementor-element-populated\">\n\t\t\t\t\t\t<div class=\"elementor-element elementor-element-4b3050bb elementor-widget elementor-widget-heading\" data-id=\"4b3050bb\" data-element_type=\"widget\" data-e-type=\"widget\" data-widget_type=\"heading.default\">\n\t\t\t\t<div class=\"elementor-widget-container\">\n\t\t\t\t\t<h2 class=\"elementor-heading-title elementor-size-default\">Nous cherchons des talents qui aiment se mettre Au service des \u00e9quipes\n<\/h2>\t\t\t\t<\/div>\n\t\t\t\t<\/div>\n\t\t\t\t<div class=\"elementor-element elementor-element-6ca6c60a elementor-widget elementor-widget-text-editor\" data-id=\"6ca6c60a\" data-element_type=\"widget\" data-e-type=\"widget\" data-widget_type=\"text-editor.default\">\n\t\t\t\t<div class=\"elementor-widget-container\">\n\t\t\t\t\t\t\t\t\t<p>Nous sommes une grande \u00e9quipe.<\/p>\n<p>Et, comme toutes les grandes \u00e9quipes, nous fondons notre succ\u00e8s sur l\u2019\u00e9nergie, la d\u00e9termination et l\u2019\u00e9lan collectif. Nous sommes convaincus que nous ne pouvons nous exprimez avec pl\u00e9nitude qu\u2019au sein d\u2019un collectif. <\/p>\n<\/p>\n<p><em>Lindo Aldrovandi<\/em><br \/><em>Pr\u00e9sident Directeur G\u00e9n\u00e9ral<\/em><\/p>\n\t\t\t\t\t\t\t\t<\/div>\n\t\t\t\t<\/div>\n\t\t\t\t\t<\/div>\n\t\t<\/div>\n\t\t\t\t<div class=\"has_eae_slider elementor-column elementor-col-50 elementor-inner-column elementor-element elementor-element-2577240\" data-eae-slider=\"67069\" data-id=\"2577240\" data-element_type=\"column\" data-e-type=\"column\">\n\t\t\t<div class=\"elementor-widget-wrap\">\n\t\t\t\t\t\t\t<\/div>\n\t\t<\/div>\n\t\t\t\t\t<\/div>\n\t\t<\/section>\n\t\t\t\t\t<\/div>\n\t\t<\/div>\n\t\t\t\t\t<\/div>\n\t\t<\/section>\n\t\t\t\t<section class=\"has_eae_slider elementor-section elementor-top-section elementor-element elementor-element-76a0d1a4 elementor-section-boxed elementor-section-height-default elementor-section-height-default\" data-eae-slider=\"1103\" data-id=\"76a0d1a4\" data-element_type=\"section\" data-e-type=\"section\" data-settings=\"{&quot;jet_parallax_layout_list&quot;:[]}\">\n\t\t\t\t\t\t<div class=\"elementor-container elementor-column-gap-default\">\n\t\t\t\t\t<div class=\"has_eae_slider elementor-column elementor-col-50 elementor-top-column elementor-element elementor-element-4d4af63b\" data-eae-slider=\"86763\" data-id=\"4d4af63b\" data-element_type=\"column\" data-e-type=\"column\">\n\t\t\t<div class=\"elementor-widget-wrap elementor-element-populated\">\n\t\t\t\t\t\t<div class=\"elementor-element elementor-element-743e67ce elementor-widget elementor-widget-heading\" data-id=\"743e67ce\" data-element_type=\"widget\" data-e-type=\"widget\" data-widget_type=\"heading.default\">\n\t\t\t\t<div class=\"elementor-widget-container\">\n\t\t\t\t\t<h2 class=\"elementor-heading-title elementor-size-default\">L\u2019effectif Renner\n<\/h2>\t\t\t\t<\/div>\n\t\t\t\t<\/div>\n\t\t\t\t<div class=\"elementor-element elementor-element-72e78e17 elementor-widget elementor-widget-jet-line-chart\" data-id=\"72e78e17\" data-element_type=\"widget\" data-e-type=\"widget\" data-widget_type=\"jet-line-chart.default\">\n\t\t\t\t<div class=\"elementor-widget-container\">\n\t\t\t\t\t<div class=\"elementor-jet-line-chart jet-elements\">\t\t<div class=\"jet-line-chart-container chartjs-render-monitor\" data-settings=\"{&quot;type&quot;:&quot;line&quot;,&quot;data&quot;:{&quot;labels&quot;:[&quot;2004&quot;,&quot;2005&quot;,&quot;2006&quot;,&quot;2007&quot;,&quot;2008&quot;,&quot;2009&quot;,&quot;2010&quot;,&quot;2011&quot;,&quot;2012&quot;,&quot;2013&quot;,&quot;2014&quot;,&quot;2015&quot;,&quot;2016&quot;,&quot;2017&quot;,&quot;2018&quot;,&quot;2019&quot;,&quot;2020&quot;,&quot;2021&quot;,&quot;2022&quot;,&quot; 2023&quot;,&quot;2024&quot;],&quot;datasets&quot;:[{&quot;label&quot;:&quot;Totali&quot;,&quot;data&quot;:[23,55,88,141,150,158,173,192,200,216,233,245,254,281,320,340,360,370,376,376,400],&quot;bg_color&quot;:&quot;#10CCAE75&quot;,&quot;border_color&quot;:&quot;#10CCAE&quot;,&quot;point_bg_color&quot;:&quot;#10CCAE&quot;,&quot;_id&quot;:&quot;05a8b2b&quot;,&quot;__globals__&quot;:{&quot;border_color&quot;:&quot;globals\\\/colors?id=0455899&quot;,&quot;point_bg_color&quot;:&quot;globals\\\/colors?id=0455899&quot;,&quot;bg_color&quot;:&quot;&quot;},&quot;backgroundColor&quot;:&quot;#10CCAE75&quot;,&quot;borderColor&quot;:&quot;#10CCAE&quot;,&quot;borderWidth&quot;:1,&quot;pointBorderColor&quot;:&quot;#10CCAE&quot;,&quot;pointBackgroundColor&quot;:&quot;#10CCAE&quot;,&quot;pointRadius&quot;:1,&quot;pointHoverRadius&quot;:1,&quot;pointBorderWidth&quot;:0}]},&quot;options&quot;:{&quot;legend&quot;:{&quot;display&quot;:false,&quot;position&quot;:&quot;top&quot;,&quot;reverse&quot;:false,&quot;align&quot;:&quot;center&quot;},&quot;maintainAspectRatio&quot;:false,&quot;scales&quot;:{&quot;yAxes&quot;:[{&quot;stacked&quot;:false,&quot;ticks&quot;:{&quot;display&quot;:true,&quot;beginAtZero&quot;:true,&quot;stepSize&quot;:50,&quot;max&quot;:450,&quot;fontFamily&quot;:&quot;Fira Sans&quot;,&quot;fontColor&quot;:&quot;#575757&quot;},&quot;gridLines&quot;:{&quot;drawBorder&quot;:false,&quot;zeroLineColor&quot;:&quot;rgba(0,0,0,0.05)&quot;,&quot;color&quot;:&quot;rgba(0,0,0,0.05)&quot;}}],&quot;xAxes&quot;:[{&quot;ticks&quot;:{&quot;display&quot;:true,&quot;beginAtZero&quot;:true,&quot;stepSize&quot;:50,&quot;max&quot;:450,&quot;fontFamily&quot;:&quot;Fira Sans&quot;,&quot;fontColor&quot;:&quot;#575757&quot;},&quot;gridLines&quot;:{&quot;drawBorder&quot;:false,&quot;color&quot;:&quot;rgba(0,0,0,0.05)&quot;}}]}}}\" data-compare=\"\" data-previous-label=\"\" data-current-label=\"\" data-compare-labels-type=\"\" data-tooltip-prefix=\"\" data-tooltip-suffix=\"\" data-tooltip-separator=\"\">\n\t\t\t<canvas class=\"jet-line-chart\" role=\"img\"><\/canvas>\n\t\t<\/div>\n\t\t<\/div>\t\t\t\t<\/div>\n\t\t\t\t<\/div>\n\t\t\t\t\t<\/div>\n\t\t<\/div>\n\t\t\t\t<div class=\"has_eae_slider elementor-column elementor-col-50 elementor-top-column elementor-element elementor-element-57e8a857\" data-eae-slider=\"57056\" data-id=\"57e8a857\" data-element_type=\"column\" data-e-type=\"column\">\n\t\t\t<div class=\"elementor-widget-wrap elementor-element-populated\">\n\t\t\t\t\t\t<div class=\"elementor-element elementor-element-1d88f654 elementor-widget elementor-widget-heading\" data-id=\"1d88f654\" data-element_type=\"widget\" data-e-type=\"widget\" data-widget_type=\"heading.default\">\n\t\t\t\t<div class=\"elementor-widget-container\">\n\t\t\t\t\t<h2 class=\"elementor-heading-title elementor-size-default\">Les CV arrivent<\/h2>\t\t\t\t<\/div>\n\t\t\t\t<\/div>\n\t\t\t\t<div class=\"elementor-element elementor-element-1f720e3c elementor-widget elementor-widget-jet-bar-chart\" data-id=\"1f720e3c\" data-element_type=\"widget\" data-e-type=\"widget\" data-widget_type=\"jet-bar-chart.default\">\n\t\t\t\t<div class=\"elementor-widget-container\">\n\t\t\t\t\t<div class=\"elementor-jet-bar-chart jet-elements\">\t\t<div class=\"jet-bar-chart-container\" data-settings=\"{&quot;type&quot;:&quot;bar&quot;,&quot;data&quot;:{&quot;labels&quot;:[&quot;2013&quot;,&quot;2014&quot;,&quot;2015&quot;,&quot;2016&quot;,&quot;2017&quot;,&quot;2018&quot;,&quot;2019&quot;,&quot;2020&quot;,&quot;2021&quot;,&quot;2022&quot;,&quot;2023&quot;,&quot;2024&quot;],&quot;datasets&quot;:[{&quot;label&quot;:&quot;CV arrivati&quot;,&quot;data&quot;:[812,588,621,871,884,1027,1050,984,712,1002,1672,1178],&quot;bg_color&quot;:&quot;rgba(85,172,238,0.4)&quot;,&quot;bg_hover_color&quot;:&quot;#55acee&quot;,&quot;border_color&quot;:&quot;#55acee&quot;,&quot;border_hover_color&quot;:&quot;#55acee&quot;,&quot;_id&quot;:&quot;bc12924&quot;,&quot;backgroundColor&quot;:&quot;rgba(85,172,238,0.4)&quot;,&quot;hoverBackgroundColor&quot;:&quot;#55acee&quot;,&quot;borderColor&quot;:&quot;#55acee&quot;,&quot;hoverBorderColor&quot;:&quot;#55acee&quot;,&quot;borderWidth&quot;:1}]},&quot;options&quot;:{&quot;tooltips&quot;:{&quot;enabled&quot;:true,&quot;titleFontColor&quot;:&quot;#FFFFFF&quot;,&quot;bodyFontFamily&quot;:&quot;Fira Sans&quot;,&quot;bodyFontColor&quot;:&quot;#FFFFFF&quot;},&quot;legend&quot;:{&quot;display&quot;:false,&quot;position&quot;:&quot;top&quot;,&quot;reverse&quot;:false,&quot;align&quot;:&quot;center&quot;},&quot;maintainAspectRatio&quot;:false,&quot;scales&quot;:{&quot;yAxes&quot;:[{&quot;ticks&quot;:{&quot;display&quot;:true,&quot;beginAtZero&quot;:true,&quot;max&quot;:1800,&quot;stepSize&quot;:200,&quot;fontFamily&quot;:&quot;Fira Sans&quot;,&quot;fontColor&quot;:&quot;#575757&quot;},&quot;gridLines&quot;:{&quot;drawBorder&quot;:false,&quot;color&quot;:&quot;#5757571F&quot;}}],&quot;xAxes&quot;:[{&quot;ticks&quot;:{&quot;display&quot;:true,&quot;beginAtZero&quot;:true,&quot;max&quot;:1800,&quot;stepSize&quot;:200,&quot;fontFamily&quot;:&quot;Fira Sans&quot;,&quot;fontColor&quot;:&quot;#575757&quot;},&quot;gridLines&quot;:{&quot;drawBorder&quot;:false,&quot;color&quot;:&quot;#5757571F&quot;}}]}}}\" data-tooltip-prefix=\"\" data-tooltip-suffix=\"\" data-tooltip-separator=\"\" data-axis-separator=\"\" data-labels-length=\"50\">\n\t\t\t<canvas class=\"jet-bar-chart\" role=\"img\"><\/canvas>\n\t\t<\/div>\n\t\t<\/div>\t\t\t\t<\/div>\n\t\t\t\t<\/div>\n\t\t\t\t\t<\/div>\n\t\t<\/div>\n\t\t\t\t\t<\/div>\n\t\t<\/section>\n\t\t\t\t<section class=\"has_eae_slider elementor-section elementor-top-section elementor-element elementor-element-710275c9 elementor-section-height-min-height elementor-section-boxed elementor-section-height-default elementor-section-items-middle\" data-eae-slider=\"80124\" data-id=\"710275c9\" data-element_type=\"section\" data-e-type=\"section\" data-settings=\"{&quot;jet_parallax_layout_list&quot;:[],&quot;background_background&quot;:&quot;classic&quot;}\">\n\t\t\t\t\t\t<div class=\"elementor-container elementor-column-gap-default\">\n\t\t\t\t\t<div class=\"has_eae_slider elementor-column elementor-col-100 elementor-top-column elementor-element elementor-element-25147729\" data-eae-slider=\"39930\" data-id=\"25147729\" data-element_type=\"column\" data-e-type=\"column\">\n\t\t\t<div class=\"elementor-widget-wrap elementor-element-populated\">\n\t\t\t\t\t\t<div class=\"elementor-element elementor-element-3a8c362 elementor-widget elementor-widget-heading\" data-id=\"3a8c362\" data-element_type=\"widget\" data-e-type=\"widget\" data-widget_type=\"heading.default\">\n\t\t\t\t<div class=\"elementor-widget-container\">\n\t\t\t\t\t<h2 class=\"elementor-heading-title elementor-size-default\">Si vous avez du talent et que vous croyez aux valeurs du groupe,<br>\nalors venez travaillez avec nous !<\/h2>\t\t\t\t<\/div>\n\t\t\t\t<\/div>\n\t\t\t\t<div class=\"elementor-element elementor-element-3a403f81 elementor-align-center solo-it elementor-widget elementor-widget-button\" data-id=\"3a403f81\" data-element_type=\"widget\" data-e-type=\"widget\" data-widget_type=\"button.default\">\n\t\t\t\t<div class=\"elementor-widget-container\">\n\t\t\t\t\t\t\t\t\t<div class=\"elementor-button-wrapper\">\n\t\t\t\t\t<a class=\"elementor-button elementor-button-link elementor-size-sm\" href=\"https:\/\/saas.hrzucchetti.it\/cvo3renner\/servlet\/hvse_bstart?&#038;Theme=SpTheme_ZIP&#038;Parameter=PARAMDEFSE&#038;Company=000001&#038;Idcompany=000000&#038;Language=ITA&#038;pProcedure=hvse_welcome&#038;pLogin=&#038;pFreeappl=S&#038;Idchannel=\" target=\"_blank\">\n\t\t\t\t\t\t<span class=\"elementor-button-content-wrapper\">\n\t\t\t\t\t\t\t\t\t<span class=\"elementor-button-text\">ENVOYEZ VOTRE CV<\/span>\n\t\t\t\t\t<\/span>\n\t\t\t\t\t<\/a>\n\t\t\t\t<\/div>\n\t\t\t\t\t\t\t\t<\/div>\n\t\t\t\t<\/div>\n\t\t\t\t\t<\/div>\n\t\t<\/div>\n\t\t\t\t\t<\/div>\n\t\t<\/section>\n\t\t\t\t<\/div>\n\t\t","protected":false},"excerpt":{"rendered":"<p>Nous cherchons des talents qui aiment se mettre Au service des \u00e9quipes Nous sommes une grande \u00e9quipe. Et, comme toutes les grandes \u00e9quipes, nous fondons notre succ\u00e8s sur l\u2019\u00e9nergie, la d\u00e9termination et l\u2019\u00e9lan collectif. Nous sommes convaincus que nous ne pouvons nous exprimez avec pl\u00e9nitude qu\u2019au sein d\u2019un collectif. Lindo AldrovandiPr\u00e9sident Directeur G\u00e9n\u00e9ral L\u2019effectif Renner [&hellip;]<\/p>\n","protected":false},"author":7,"featured_media":0,"parent":0,"menu_order":0,"comment_status":"closed","ping_status":"closed","template":"","meta":{"footnotes":""},"page-category":[],"class_list":["post-84591","page","type-page","status-publish","hentry"],"yoast_head":"<!-- This site is optimized with the Yoast SEO plugin v27.4 - https:\/\/yoast.com\/product\/yoast-seo-wordpress\/ -->\n<title>Notre \u00e9quipe - Renner Italia<\/title>\n<meta name=\"robots\" content=\"index, follow, max-snippet:-1, max-image-preview:large, max-video-preview:-1\" \/>\n<link rel=\"canonical\" href=\"https:\/\/renneritalia.com\/renner-job\/\" \/>\n<meta property=\"og:locale\" content=\"fr_FR\" \/>\n<meta property=\"og:type\" content=\"article\" \/>\n<meta property=\"og:title\" content=\"Notre \u00e9quipe - Renner Italia\" \/>\n<meta property=\"og:description\" content=\"Nous cherchons des talents qui aiment se mettre Au service des \u00e9quipes Nous sommes une grande \u00e9quipe. Et, comme toutes les grandes \u00e9quipes, nous fondons notre succ\u00e8s sur l\u2019\u00e9nergie, la d\u00e9termination et l\u2019\u00e9lan collectif. Nous sommes convaincus que nous ne pouvons nous exprimez avec pl\u00e9nitude qu\u2019au sein d\u2019un collectif. Lindo AldrovandiPr\u00e9sident Directeur G\u00e9n\u00e9ral L\u2019effectif Renner [&hellip;]\" \/>\n<meta property=\"og:url\" content=\"https:\/\/renneritalia.com\/renner-job\/\" \/>\n<meta property=\"og:site_name\" content=\"Renner Italia\" \/>\n<meta property=\"article:modified_time\" content=\"2025-11-10T16:14:17+00:00\" \/>\n<meta name=\"twitter:card\" content=\"summary_large_image\" \/>\n<meta name=\"twitter:label1\" content=\"Dur\u00e9e de lecture estim\u00e9e\" \/>\n\t<meta name=\"twitter:data1\" content=\"1 minute\" \/>\n<script type=\"application\/ld+json\" class=\"yoast-schema-graph\">{\"@context\":\"https:\\\/\\\/schema.org\",\"@graph\":[{\"@type\":\"WebPage\",\"@id\":\"https:\\\/\\\/renneritalia.com\\\/renner-job\\\/\",\"url\":\"https:\\\/\\\/renneritalia.com\\\/renner-job\\\/\",\"name\":\"Notre \u00e9quipe - Renner Italia\",\"isPartOf\":{\"@id\":\"https:\\\/\\\/renneritalia.com\\\/#website\"},\"datePublished\":\"2023-02-17T10:43:33+00:00\",\"dateModified\":\"2025-11-10T16:14:17+00:00\",\"breadcrumb\":{\"@id\":\"https:\\\/\\\/renneritalia.com\\\/renner-job\\\/#breadcrumb\"},\"inLanguage\":\"fr-FR\",\"potentialAction\":[{\"@type\":\"ReadAction\",\"target\":[\"https:\\\/\\\/renneritalia.com\\\/renner-job\\\/\"]}]},{\"@type\":\"BreadcrumbList\",\"@id\":\"https:\\\/\\\/renneritalia.com\\\/renner-job\\\/#breadcrumb\",\"itemListElement\":[{\"@type\":\"ListItem\",\"position\":1,\"name\":\"Home\",\"item\":\"https:\\\/\\\/renneritalia.com\\\/fr\\\/\"},{\"@type\":\"ListItem\",\"position\":2,\"name\":\"Notre \u00e9quipe\"}]},{\"@type\":\"WebSite\",\"@id\":\"https:\\\/\\\/renneritalia.com\\\/#website\",\"url\":\"https:\\\/\\\/renneritalia.com\\\/\",\"name\":\"Renner Italia\",\"description\":\"Coatings\",\"publisher\":{\"@id\":\"https:\\\/\\\/renneritalia.com\\\/#organization\"},\"potentialAction\":[{\"@type\":\"SearchAction\",\"target\":{\"@type\":\"EntryPoint\",\"urlTemplate\":\"https:\\\/\\\/renneritalia.com\\\/?s={search_term_string}\"},\"query-input\":{\"@type\":\"PropertyValueSpecification\",\"valueRequired\":true,\"valueName\":\"search_term_string\"}}],\"inLanguage\":\"fr-FR\"},{\"@type\":\"Organization\",\"@id\":\"https:\\\/\\\/renneritalia.com\\\/#organization\",\"name\":\"Renner Italia\",\"url\":\"https:\\\/\\\/renneritalia.com\\\/\",\"logo\":{\"@type\":\"ImageObject\",\"inLanguage\":\"fr-FR\",\"@id\":\"https:\\\/\\\/renneritalia.com\\\/#\\\/schema\\\/logo\\\/image\\\/\",\"url\":\"https:\\\/\\\/renneritalia.com\\\/wp-content\\\/uploads\\\/2025\\\/03\\\/logo_renner_italia.svg\",\"contentUrl\":\"https:\\\/\\\/renneritalia.com\\\/wp-content\\\/uploads\\\/2025\\\/03\\\/logo_renner_italia.svg\",\"caption\":\"Renner Italia\"},\"image\":{\"@id\":\"https:\\\/\\\/renneritalia.com\\\/#\\\/schema\\\/logo\\\/image\\\/\"}}]}<\/script>\n<!-- \/ Yoast SEO plugin. -->","yoast_head_json":{"title":"Notre \u00e9quipe - Renner Italia","robots":{"index":"index","follow":"follow","max-snippet":"max-snippet:-1","max-image-preview":"max-image-preview:large","max-video-preview":"max-video-preview:-1"},"canonical":"https:\/\/renneritalia.com\/renner-job\/","og_locale":"fr_FR","og_type":"article","og_title":"Notre \u00e9quipe - Renner Italia","og_description":"Nous cherchons des talents qui aiment se mettre Au service des \u00e9quipes Nous sommes une grande \u00e9quipe. Et, comme toutes les grandes \u00e9quipes, nous fondons notre succ\u00e8s sur l\u2019\u00e9nergie, la d\u00e9termination et l\u2019\u00e9lan collectif. Nous sommes convaincus que nous ne pouvons nous exprimez avec pl\u00e9nitude qu\u2019au sein d\u2019un collectif. Lindo AldrovandiPr\u00e9sident Directeur G\u00e9n\u00e9ral L\u2019effectif Renner [&hellip;]","og_url":"https:\/\/renneritalia.com\/renner-job\/","og_site_name":"Renner Italia","article_modified_time":"2025-11-10T16:14:17+00:00","twitter_card":"summary_large_image","twitter_misc":{"Dur\u00e9e de lecture estim\u00e9e":"1 minute"},"schema":{"@context":"https:\/\/schema.org","@graph":[{"@type":"WebPage","@id":"https:\/\/renneritalia.com\/renner-job\/","url":"https:\/\/renneritalia.com\/renner-job\/","name":"Notre \u00e9quipe - Renner Italia","isPartOf":{"@id":"https:\/\/renneritalia.com\/#website"},"datePublished":"2023-02-17T10:43:33+00:00","dateModified":"2025-11-10T16:14:17+00:00","breadcrumb":{"@id":"https:\/\/renneritalia.com\/renner-job\/#breadcrumb"},"inLanguage":"fr-FR","potentialAction":[{"@type":"ReadAction","target":["https:\/\/renneritalia.com\/renner-job\/"]}]},{"@type":"BreadcrumbList","@id":"https:\/\/renneritalia.com\/renner-job\/#breadcrumb","itemListElement":[{"@type":"ListItem","position":1,"name":"Home","item":"https:\/\/renneritalia.com\/fr\/"},{"@type":"ListItem","position":2,"name":"Notre \u00e9quipe"}]},{"@type":"WebSite","@id":"https:\/\/renneritalia.com\/#website","url":"https:\/\/renneritalia.com\/","name":"Renner Italia","description":"Coatings","publisher":{"@id":"https:\/\/renneritalia.com\/#organization"},"potentialAction":[{"@type":"SearchAction","target":{"@type":"EntryPoint","urlTemplate":"https:\/\/renneritalia.com\/?s={search_term_string}"},"query-input":{"@type":"PropertyValueSpecification","valueRequired":true,"valueName":"search_term_string"}}],"inLanguage":"fr-FR"},{"@type":"Organization","@id":"https:\/\/renneritalia.com\/#organization","name":"Renner Italia","url":"https:\/\/renneritalia.com\/","logo":{"@type":"ImageObject","inLanguage":"fr-FR","@id":"https:\/\/renneritalia.com\/#\/schema\/logo\/image\/","url":"https:\/\/renneritalia.com\/wp-content\/uploads\/2025\/03\/logo_renner_italia.svg","contentUrl":"https:\/\/renneritalia.com\/wp-content\/uploads\/2025\/03\/logo_renner_italia.svg","caption":"Renner Italia"},"image":{"@id":"https:\/\/renneritalia.com\/#\/schema\/logo\/image\/"}}]}},"_links":{"self":[{"href":"https:\/\/renneritalia.com\/fr\/wp-json\/wp\/v2\/pages\/84591","targetHints":{"allow":["GET"]}}],"collection":[{"href":"https:\/\/renneritalia.com\/fr\/wp-json\/wp\/v2\/pages"}],"about":[{"href":"https:\/\/renneritalia.com\/fr\/wp-json\/wp\/v2\/types\/page"}],"author":[{"embeddable":true,"href":"https:\/\/renneritalia.com\/fr\/wp-json\/wp\/v2\/users\/7"}],"replies":[{"embeddable":true,"href":"https:\/\/renneritalia.com\/fr\/wp-json\/wp\/v2\/comments?post=84591"}],"version-history":[{"count":12,"href":"https:\/\/renneritalia.com\/fr\/wp-json\/wp\/v2\/pages\/84591\/revisions"}],"predecessor-version":[{"id":117101,"href":"https:\/\/renneritalia.com\/fr\/wp-json\/wp\/v2\/pages\/84591\/revisions\/117101"}],"wp:attachment":[{"href":"https:\/\/renneritalia.com\/fr\/wp-json\/wp\/v2\/media?parent=84591"}],"wp:term":[{"taxonomy":"page-category","embeddable":true,"href":"https:\/\/renneritalia.com\/fr\/wp-json\/wp\/v2\/page-category?post=84591"}],"curies":[{"name":"wp","href":"https:\/\/api.w.org\/{rel}","templated":true}]}}