{"id":84353,"date":"2023-03-14T14:25:14","date_gmt":"2023-03-14T13:25:14","guid":{"rendered":"https:\/\/renneritalia.com\/certifications-de-systeme\/"},"modified":"2025-11-10T15:30:11","modified_gmt":"2025-11-10T14:30:11","slug":"certifications-de-systeme","status":"publish","type":"page","link":"https:\/\/renneritalia.com\/fr\/certifications-de-systeme\/","title":{"rendered":"Certifications de syst\u00e8me"},"content":{"rendered":"\t\t<div data-elementor-type=\"wp-page\" data-elementor-id=\"84353\" class=\"elementor elementor-84353 elementor-80654\" data-elementor-post-type=\"page\">\n\t\t\t\t\t\t<section class=\"has_eae_slider elementor-section elementor-top-section elementor-element elementor-element-50ba5359 elementor-section-height-min-height elementor-section-boxed elementor-section-height-default elementor-section-items-middle\" data-eae-slider=\"91959\" data-id=\"50ba5359\" data-element_type=\"section\" data-e-type=\"section\" data-settings=\"{&quot;jet_parallax_layout_list&quot;:[],&quot;background_background&quot;:&quot;video&quot;,&quot;background_video_link&quot;:&quot;https:\\\/\\\/renneritalia.com\\\/wp-content\\\/uploads\\\/2024\\\/02\\\/lab.mp4&quot;,&quot;background_play_on_mobile&quot;:&quot;yes&quot;}\">\n\t\t\t\t\t\t\t\t<div class=\"elementor-background-video-container\">\n\t\t\t\t\t\t\t\t\t\t\t\t\t<video class=\"elementor-background-video-hosted\" role=\"presentation\" autoplay muted playsinline loop><\/video>\n\t\t\t\t\t\t\t\t\t\t\t<\/div>\n\t\t\t\t\t\t\t\t<div class=\"elementor-container elementor-column-gap-default\">\n\t\t\t\t\t<div class=\"has_eae_slider elementor-column elementor-col-100 elementor-top-column elementor-element elementor-element-783eea51\" data-eae-slider=\"38786\" data-id=\"783eea51\" data-element_type=\"column\" data-e-type=\"column\">\n\t\t\t<div class=\"elementor-widget-wrap elementor-element-populated\">\n\t\t\t\t\t\t<section class=\"has_eae_slider elementor-section elementor-inner-section elementor-element elementor-element-31e41ce4 elementor-section-content-bottom elementor-section-boxed elementor-section-height-default elementor-section-height-default\" data-eae-slider=\"43018\" data-id=\"31e41ce4\" data-element_type=\"section\" data-e-type=\"section\" data-settings=\"{&quot;jet_parallax_layout_list&quot;:[]}\">\n\t\t\t\t\t\t<div class=\"elementor-container elementor-column-gap-default\">\n\t\t\t\t\t<div class=\"has_eae_slider elementor-column elementor-col-50 elementor-inner-column elementor-element elementor-element-3229f78c\" data-eae-slider=\"26\" data-id=\"3229f78c\" data-element_type=\"column\" data-e-type=\"column\" data-settings=\"{&quot;background_background&quot;:&quot;classic&quot;}\">\n\t\t\t<div class=\"elementor-widget-wrap elementor-element-populated\">\n\t\t\t\t\t\t<div class=\"elementor-element elementor-element-4e3301eb elementor-widget elementor-widget-heading\" data-id=\"4e3301eb\" data-element_type=\"widget\" data-e-type=\"widget\" data-widget_type=\"heading.default\">\n\t\t\t\t<div class=\"elementor-widget-container\">\n\t\t\t\t\t<h2 class=\"elementor-heading-title elementor-size-default\">Politique et objectifs<\/h2>\t\t\t\t<\/div>\n\t\t\t\t<\/div>\n\t\t\t\t<div class=\"elementor-element elementor-element-4ad49da0 elementor-widget elementor-widget-text-editor\" data-id=\"4ad49da0\" data-element_type=\"widget\" data-e-type=\"widget\" data-widget_type=\"text-editor.default\">\n\t\t\t\t<div class=\"elementor-widget-container\">\n\t\t\t\t\t\t\t\t\t<p>La d\u00e9finition et la mise en place d\u2019une politique pour la qualit\u00e9, la s\u00e9curit\u00e9, et l\u2019environnement repr\u00e9sentent l\u2019un des fondements de la politique de l\u2019entreprise Renner Italia S.p.A.<\/p>\n\t\t\t\t\t\t\t\t<\/div>\n\t\t\t\t<\/div>\n\t\t\t\t<div class=\"elementor-element elementor-element-30a02c75 elementor-widget elementor-widget-text-editor\" data-id=\"30a02c75\" data-element_type=\"widget\" data-e-type=\"widget\" data-widget_type=\"text-editor.default\">\n\t\t\t\t<div class=\"elementor-widget-container\">\n\t\t\t\t\t\t\t\t\tRenner Italia s&rsquo;engage \u00e0 maintenir son syst\u00e8me de gestion de la qualit\u00e9, de la s\u00e9curit\u00e9 et de l&rsquo;environnement conform\u00e9ment aux exigences des normes UNI EN ISO 9001:2015 et UNI EN ISO 14001:2015, et \u00e0 mettre progressivement en \u0153uvre les exigences de la norme UNI ISO 45001:2018.<br> La politique pour la qualit\u00e9, la s\u00e9curit\u00e9 et l\u2019environnement de Renner Italia vise \u00e0 l\u2019am\u00e9lioration de tous les proc\u00e9d\u00e9s de l\u2019entreprise afin de garantir des prestations et des services efficaces et surs, pour prot\u00e9ger les int\u00e9r\u00eats et l\u2019image de l\u2019entreprise et de ses clients, dans le respect le plus total de la sant\u00e9 des travailleurs et de l\u2019environnement.\t\t\t\t\t\t\t\t<\/div>\n\t\t\t\t<\/div>\n\t\t\t\t<div class=\"elementor-element elementor-element-798662d2 elementor-widget elementor-widget-button\" data-id=\"798662d2\" data-element_type=\"widget\" data-e-type=\"widget\" data-widget_type=\"button.default\">\n\t\t\t\t<div class=\"elementor-widget-container\">\n\t\t\t\t\t\t\t\t\t<div class=\"elementor-button-wrapper\">\n\t\t\t\t\t<a class=\"elementor-button elementor-button-link elementor-size-sm\" href=\"https:\/\/renneritalia.com\/wp-content\/uploads\/2023\/03\/certiquality.pdf\">\n\t\t\t\t\t\t<span class=\"elementor-button-content-wrapper\">\n\t\t\t\t\t\t\t\t\t<span class=\"elementor-button-text\">D\u00c9CHARGEZ LES CERTIFICATIONS<\/span>\n\t\t\t\t\t<\/span>\n\t\t\t\t\t<\/a>\n\t\t\t\t<\/div>\n\t\t\t\t\t\t\t\t<\/div>\n\t\t\t\t<\/div>\n\t\t\t\t\t<\/div>\n\t\t<\/div>\n\t\t\t\t<div class=\"has_eae_slider elementor-column elementor-col-50 elementor-inner-column elementor-element elementor-element-29e0a5ac\" data-eae-slider=\"73512\" data-id=\"29e0a5ac\" data-element_type=\"column\" data-e-type=\"column\">\n\t\t\t<div class=\"elementor-widget-wrap\">\n\t\t\t\t\t\t\t<\/div>\n\t\t<\/div>\n\t\t\t\t\t<\/div>\n\t\t<\/section>\n\t\t\t\t\t<\/div>\n\t\t<\/div>\n\t\t\t\t\t<\/div>\n\t\t<\/section>\n\t\t\t\t<section class=\"has_eae_slider elementor-section elementor-top-section elementor-element elementor-element-19806eeb elementor-section-boxed elementor-section-height-default elementor-section-height-default\" data-eae-slider=\"24613\" data-id=\"19806eeb\" data-element_type=\"section\" data-e-type=\"section\" data-settings=\"{&quot;jet_parallax_layout_list&quot;:[],&quot;background_background&quot;:&quot;classic&quot;}\">\n\t\t\t\t\t\t<div class=\"elementor-container elementor-column-gap-default\">\n\t\t\t\t\t<div class=\"has_eae_slider elementor-column elementor-col-100 elementor-top-column elementor-element elementor-element-4130dc96\" data-eae-slider=\"22122\" data-id=\"4130dc96\" data-element_type=\"column\" data-e-type=\"column\">\n\t\t\t<div class=\"elementor-widget-wrap elementor-element-populated\">\n\t\t\t\t\t\t<div class=\"elementor-element elementor-element-28d24fa4 elementor-widget elementor-widget-heading\" data-id=\"28d24fa4\" data-element_type=\"widget\" data-e-type=\"widget\" data-widget_type=\"heading.default\">\n\t\t\t\t<div class=\"elementor-widget-container\">\n\t\t\t\t\t<h2 class=\"elementor-heading-title elementor-size-default\">Qualit\u00e9, s\u00e9curit\u00e9 et environnement<\/h2>\t\t\t\t<\/div>\n\t\t\t\t<\/div>\n\t\t\t\t<div class=\"elementor-element elementor-element-43eb294d elementor-widget elementor-widget-text-editor\" data-id=\"43eb294d\" data-element_type=\"widget\" data-e-type=\"widget\" data-widget_type=\"text-editor.default\">\n\t\t\t\t<div class=\"elementor-widget-container\">\n\t\t\t\t\t\t\t\t\t<p>Avec cet objectif primaire, la Direction a d\u00e9fini des objectifs de strat\u00e9gie d\u2019entreprise, <br \/>de sorte \u00e0 orienter et aiguiller les ressources de l\u2019entreprise pour remplir les engagements pris dans la politique pour la qualit\u00e9, <br \/>la s\u00e9curit\u00e9 et l\u2019environnement. La politique d\u2019entreprise de Renner Italia se base en particulier sur les objectifs cl\u00e9 suivants <\/p>\n\t\t\t\t\t\t\t\t<\/div>\n\t\t\t\t<\/div>\n\t\t\t\t<div class=\"elementor-element elementor-element-264230df elementor--v-position-top elementor--h-position-center elementor-pagination-position-inside elementor-widget elementor-widget-slides\" data-id=\"264230df\" data-element_type=\"widget\" data-e-type=\"widget\" data-settings=\"{&quot;navigation&quot;:&quot;dots&quot;,&quot;transition&quot;:&quot;fade&quot;,&quot;autoplay&quot;:&quot;yes&quot;,&quot;pause_on_hover&quot;:&quot;yes&quot;,&quot;pause_on_interaction&quot;:&quot;yes&quot;,&quot;autoplay_speed&quot;:5000,&quot;infinite&quot;:&quot;yes&quot;,&quot;transition_speed&quot;:500}\" data-widget_type=\"slides.default\">\n\t\t\t\t<div class=\"elementor-widget-container\">\n\t\t\t\t\t\t\t\t\t<div class=\"elementor-swiper\">\n\t\t\t\t\t<div class=\"elementor-slides-wrapper elementor-main-swiper swiper\" role=\"region\" aria-roledescription=\"carousel\" aria-label=\"Diapositives\" dir=\"ltr\" data-animation=\"fadeInRight\">\n\t\t\t\t<div class=\"swiper-wrapper elementor-slides\">\n\t\t\t\t\t\t\t\t\t\t<div class=\"elementor-repeater-item-1aba60f swiper-slide\" role=\"group\" aria-roledescription=\"slide\"><div class=\"swiper-slide-bg\"><\/div><div class=\"swiper-slide-inner\" ><div class=\"swiper-slide-contents\"><div class=\"elementor-slide-heading\">L'attention aux besoins des clients<\/div><div class=\"elementor-slide-description\"><p>Renner Italia consid\u00e8re que la conservation et l'augmentation de sa part de march\u00e9 peuvent \u00eatre obtenus en focalisant son attention sur les besoins des clients actuels et potentiels, en prenant les mesures pour satisfaire les attentes les plus vari\u00e9es et les plus sp\u00e9cifiques des utilisateurs finaux.<\/p>\n<\/div><\/div><\/div><\/div><div class=\"elementor-repeater-item-8ea64f5 swiper-slide\" role=\"group\" aria-roledescription=\"slide\"><div class=\"swiper-slide-bg\"><\/div><div class=\"swiper-slide-inner\" ><div class=\"swiper-slide-contents\"><div class=\"elementor-slide-heading\">Une grande attention \u00e0 la protection de l'environnement<\/div><div class=\"elementor-slide-description\"><p>Renner Italia a d\u00e9fini une strat\u00e9gie qui vise \u00e0 la cr\u00e9ation de peintures de tr\u00e8s grande qualit\u00e9 dans le respect maximum de l'environnement, en focalisant son attention sur : d\u00e9veloppement et diffusion de peintures \u00e0 l'eau, r\u00e9alisation d'installations de production en mesure de passer de la production de peintures \u00e0 solvant \u00e0 la production de peintures \u00e0 l'eau par de simples interventions de maintenance rapides, d\u00e9veloppement de produits qui ne contiennent pas certaines substances reconnues comme dangereuses (par ex. le plomb). Renner Italia a \u00e0 c\u0153ur le respect de l'environnement et la pr\u00e9vention de la pollution, et op\u00e8re dans le cadre des normes en vigueur en mati\u00e8re de protection de l'environnement.  <\/p>\n<\/div><\/div><\/div><\/div><div class=\"elementor-repeater-item-6823fc1 swiper-slide\" role=\"group\" aria-roledescription=\"slide\"><div class=\"swiper-slide-bg\"><\/div><div class=\"swiper-slide-inner\" ><div class=\"swiper-slide-contents\"><div class=\"elementor-slide-heading\">L\u2019innovation<\/div><div class=\"elementor-slide-description\"><p>Renner Italia am\u00e9liore constamment ses produits et ses proc\u00e9d\u00e9s de production en introduisant de nouvelles technologies et de nouvelles m\u00e9thodes afin d'obtenir pour ses Clients des produits dont les standards de qualit\u00e9 sont tr\u00e8s \u00e9lev\u00e9s, \u00e0 l'avant-garde par rapport \u00e0 l'offre du march\u00e9.<br \/>\nDans ce but Renner Italia a choisi de mettre en place des partenariats avec d'autres entreprises du secteur avec lesquelles elle collabore pour le d\u00e9veloppement de mati\u00e8res premi\u00e8res aux prestations \u00e9lev\u00e9es.<\/p>\n<\/div><\/div><\/div><\/div><div class=\"elementor-repeater-item-c2f6649 swiper-slide\" role=\"group\" aria-roledescription=\"slide\"><div class=\"swiper-slide-bg\"><\/div><div class=\"swiper-slide-inner\" ><div class=\"swiper-slide-contents\"><div class=\"elementor-slide-heading\">La disponibilit\u00e9 de services int\u00e9gr\u00e9s d'aide au Client<\/div><div class=\"elementor-slide-description\"><p> Renner Italia ne limite pas son rapport avec le client \u00e0 la seule r\u00e9alisation des produits mais cr\u00e9e un rapport de collaboration qui va au-del\u00e0 de la simple fourniture en offrant des services et des conseils en mesure de d\u00e9terminer et de d\u00e9velopper les meilleures solutions possibles pour le Client.<\/p>\n<\/div><\/div><\/div><\/div><div class=\"elementor-repeater-item-411979d swiper-slide\" role=\"group\" aria-roledescription=\"slide\"><div class=\"swiper-slide-bg\"><\/div><div class=\"swiper-slide-inner\" ><div class=\"swiper-slide-contents\"><div class=\"elementor-slide-heading\">La s\u00e9curit\u00e9 de ses employ\u00e9s<\/div><div class=\"elementor-slide-description\"><p> Renner Italia ne limite pas son rapport avec le client \u00e0 la seule r\u00e9alisation des produits mais cr\u00e9e un rapport de collaboration qui va au-del\u00e0 de la simple fourniture en offrant des services et des conseils en mesure de d\u00e9terminer et de d\u00e9velopper les meilleures solutions possibles pour le Client.  <\/p>\n<\/div><\/div><\/div><\/div><div class=\"elementor-repeater-item-3c9a2f7 swiper-slide\" role=\"group\" aria-roledescription=\"slide\"><div class=\"swiper-slide-bg\"><\/div><div class=\"swiper-slide-inner\" ><div class=\"swiper-slide-contents\"><div class=\"elementor-slide-heading\">La qualit\u00e9 de l'environnement de travail<\/div><div class=\"elementor-slide-description\"><p> La Direction de Renner Italia est consciente que les employ\u00e9s passent beaucoup de leur temps dans l'Entreprise et que la qualit\u00e9 de ce temps influe de fa\u00e7on consid\u00e9rable sur leur qualit\u00e9 de vie; ainsi la Direction de Renner Italia s'engage \u00e0 favoriser et \u00e0 encourager un climat de travail serein et professionnel entre les employ\u00e9s, et \u00e0 mettre \u00e0 leur disposition les ressources n\u00e9cessaires afin de garantir un lieu de travail adapt\u00e9.<\/p>\n<\/div><\/div><\/div><\/div><div class=\"elementor-repeater-item-aabab3a swiper-slide\" role=\"group\" aria-roledescription=\"slide\"><div class=\"swiper-slide-bg\"><\/div><div class=\"swiper-slide-inner\" ><div class=\"swiper-slide-contents\"><div class=\"elementor-slide-heading\">Le respect des normes et des r\u00e8glementations en vigueur<\/div><div class=\"elementor-slide-description\"><p>La Direction de Renner Italia s'engage \u00e0 respecter toutes les exigences obligatoirement applicables, y compris celles relatives aux produits qu'elle fabrique. Ceci comprend la l\u00e9gislation italienne, europ\u00e9enne et des autres pays vers lesquels elle exporte, sur la s\u00e9curit\u00e9 des produits, le transport des marchandises, la notification de produits dangereux et le d\u00e9marrage d'intervention de correction. <\/p>\n<\/div><\/div><\/div><\/div><div class=\"elementor-repeater-item-1ecb931 swiper-slide\" role=\"group\" aria-roledescription=\"slide\"><div class=\"swiper-slide-bg\"><\/div><div class=\"swiper-slide-inner\" ><div class=\"swiper-slide-contents\"><div class=\"elementor-slide-heading\">La gestion de rapports \u00e0 long terme<\/div><div class=\"elementor-slide-description\"><p>Renner Italia a l'intention d'\u00e9tablir avec ses Clients des relations sur le long terme afin d'augmenter son avantage comp\u00e9titif.<\/p>\n<\/div><\/div><\/div><\/div><div class=\"elementor-repeater-item-496637f swiper-slide\" role=\"group\" aria-roledescription=\"slide\"><div class=\"swiper-slide-bg\"><\/div><div class=\"swiper-slide-inner\" ><div class=\"swiper-slide-contents\"><div class=\"elementor-slide-heading\">La flexibilit\u00e9<\/div><div class=\"elementor-slide-description\"><p>Pour augmenter constamment la satisfaction de ses Clients Renner Italia s'est structur\u00e9e de sorte \u00e0 pouvoir r\u00e9pondre aux demandes les plus diverses (par ex. modifications des produits et des programmes de production).<\/p>\n<\/div><\/div><\/div><\/div><div class=\"elementor-repeater-item-93fa0b8 swiper-slide\" role=\"group\" aria-roledescription=\"slide\"><div class=\"swiper-slide-bg\"><\/div><div class=\"swiper-slide-inner\" ><div class=\"swiper-slide-contents\"><div class=\"elementor-slide-heading\">La transparence dans les relations<\/div><div class=\"elementor-slide-description\"><p>Renner Italia \u00e9tablit des relations avantageuses pour elle et pour ses Clients, qui se basent sur la confiance, l'int\u00e9gration et l'\u00e9change des connaissances.<\/p>\n<\/div><\/div><\/div><\/div><div class=\"elementor-repeater-item-0971c0f swiper-slide\" role=\"group\" aria-roledescription=\"slide\"><div class=\"swiper-slide-bg\"><\/div><div class=\"swiper-slide-inner\" ><div class=\"swiper-slide-contents\"><div class=\"elementor-slide-heading\">L'am\u00e9lioration continue<\/div><div class=\"elementor-slide-description\"><p>Renner Italia consid\u00e8re que son succ\u00e8s \u00e0 long terme est facilit\u00e9 par le partage de la connaissance et par la diffusion d'une culture de l'am\u00e9lioration, de l'innovation et de l'apprentissage continu.<\/p>\n<\/div><\/div><\/div><\/div>\t\t\t\t<\/div>\n\t\t\t\t\t\t\t\t\t\t\t\t\t\t\t\t\t\t\t\t<div class=\"swiper-pagination\"><\/div>\n\t\t\t\t\t\t\t\t\t\t\t\t<\/div>\n\t\t\t\t<\/div>\n\t\t\t\t\t\t\t\t<\/div>\n\t\t\t\t<\/div>\n\t\t\t\t<div class=\"elementor-element elementor-element-10d2b980 elementor-align-center elementor-widget elementor-widget-button\" data-id=\"10d2b980\" data-element_type=\"widget\" data-e-type=\"widget\" data-widget_type=\"button.default\">\n\t\t\t\t<div class=\"elementor-widget-container\">\n\t\t\t\t\t\t\t\t\t<div class=\"elementor-button-wrapper\">\n\t\t\t\t\t<a class=\"elementor-button elementor-button-link elementor-size-sm\" href=\"\/wp-content\/uploads\/pdf\/Politica_Aziendale_Integrata_2025_fr.pdf\">\n\t\t\t\t\t\t<span class=\"elementor-button-content-wrapper\">\n\t\t\t\t\t\t\t\t\t<span class=\"elementor-button-text\">POLITIQUE INTEGREE COMPANY<\/span>\n\t\t\t\t\t<\/span>\n\t\t\t\t\t<\/a>\n\t\t\t\t<\/div>\n\t\t\t\t\t\t\t\t<\/div>\n\t\t\t\t<\/div>\n\t\t\t\t\t<\/div>\n\t\t<\/div>\n\t\t\t\t\t<\/div>\n\t\t<\/section>\n\t\t\t\t<\/div>\n\t\t","protected":false},"excerpt":{"rendered":"<p>Politique et objectifs La d\u00e9finition et la mise en place d\u2019une politique pour la qualit\u00e9, la s\u00e9curit\u00e9, et l\u2019environnement repr\u00e9sentent l\u2019un des fondements de la politique de l\u2019entreprise Renner Italia S.p.A. Renner Italia s&rsquo;engage \u00e0 maintenir son syst\u00e8me de gestion de la qualit\u00e9, de la s\u00e9curit\u00e9 et de l&rsquo;environnement conform\u00e9ment aux exigences des normes UNI [&hellip;]<\/p>\n","protected":false},"author":7,"featured_media":0,"parent":0,"menu_order":0,"comment_status":"closed","ping_status":"closed","template":"","meta":{"footnotes":""},"page-category":[],"class_list":["post-84353","page","type-page","status-publish","hentry"],"yoast_head":"<!-- This site is optimized with the Yoast SEO plugin v27.5 - https:\/\/yoast.com\/product\/yoast-seo-wordpress\/ -->\n<title>Certifications de syst\u00e8me - Renner Italia<\/title>\n<meta name=\"robots\" content=\"index, follow, max-snippet:-1, max-image-preview:large, max-video-preview:-1\" \/>\n<link rel=\"canonical\" href=\"https:\/\/renneritalia.com\/certificazioni-di-sistema\/\" \/>\n<meta property=\"og:locale\" content=\"fr_FR\" \/>\n<meta property=\"og:type\" content=\"article\" \/>\n<meta property=\"og:title\" content=\"Certifications de syst\u00e8me - Renner Italia\" \/>\n<meta property=\"og:description\" content=\"Politique et objectifs La d\u00e9finition et la mise en place d\u2019une politique pour la qualit\u00e9, la s\u00e9curit\u00e9, et l\u2019environnement repr\u00e9sentent l\u2019un des fondements de la politique de l\u2019entreprise Renner Italia S.p.A. Renner Italia s&rsquo;engage \u00e0 maintenir son syst\u00e8me de gestion de la qualit\u00e9, de la s\u00e9curit\u00e9 et de l&rsquo;environnement conform\u00e9ment aux exigences des normes UNI [&hellip;]\" \/>\n<meta property=\"og:url\" content=\"https:\/\/renneritalia.com\/certificazioni-di-sistema\/\" \/>\n<meta property=\"og:site_name\" content=\"Renner Italia\" \/>\n<meta property=\"article:modified_time\" content=\"2025-11-10T14:30:11+00:00\" \/>\n<meta name=\"twitter:card\" content=\"summary_large_image\" \/>\n<meta name=\"twitter:label1\" content=\"Dur\u00e9e de lecture estim\u00e9e\" \/>\n\t<meta name=\"twitter:data1\" content=\"11 minutes\" \/>\n<script type=\"application\/ld+json\" class=\"yoast-schema-graph\">{\"@context\":\"https:\\\/\\\/schema.org\",\"@graph\":[{\"@type\":\"WebPage\",\"@id\":\"https:\\\/\\\/renneritalia.com\\\/certificazioni-di-sistema\\\/\",\"url\":\"https:\\\/\\\/renneritalia.com\\\/certificazioni-di-sistema\\\/\",\"name\":\"Certifications de syst\u00e8me - Renner Italia\",\"isPartOf\":{\"@id\":\"https:\\\/\\\/renneritalia.com\\\/#website\"},\"datePublished\":\"2023-03-14T13:25:14+00:00\",\"dateModified\":\"2025-11-10T14:30:11+00:00\",\"breadcrumb\":{\"@id\":\"https:\\\/\\\/renneritalia.com\\\/certificazioni-di-sistema\\\/#breadcrumb\"},\"inLanguage\":\"fr-FR\",\"potentialAction\":[{\"@type\":\"ReadAction\",\"target\":[\"https:\\\/\\\/renneritalia.com\\\/certificazioni-di-sistema\\\/\"]}]},{\"@type\":\"BreadcrumbList\",\"@id\":\"https:\\\/\\\/renneritalia.com\\\/certificazioni-di-sistema\\\/#breadcrumb\",\"itemListElement\":[{\"@type\":\"ListItem\",\"position\":1,\"name\":\"Home\",\"item\":\"https:\\\/\\\/renneritalia.com\\\/fr\\\/\"},{\"@type\":\"ListItem\",\"position\":2,\"name\":\"Certifications de syst\u00e8me\"}]},{\"@type\":\"WebSite\",\"@id\":\"https:\\\/\\\/renneritalia.com\\\/#website\",\"url\":\"https:\\\/\\\/renneritalia.com\\\/\",\"name\":\"Renner Italia\",\"description\":\"Coatings\",\"publisher\":{\"@id\":\"https:\\\/\\\/renneritalia.com\\\/#organization\"},\"potentialAction\":[{\"@type\":\"SearchAction\",\"target\":{\"@type\":\"EntryPoint\",\"urlTemplate\":\"https:\\\/\\\/renneritalia.com\\\/?s={search_term_string}\"},\"query-input\":{\"@type\":\"PropertyValueSpecification\",\"valueRequired\":true,\"valueName\":\"search_term_string\"}}],\"inLanguage\":\"fr-FR\"},{\"@type\":\"Organization\",\"@id\":\"https:\\\/\\\/renneritalia.com\\\/#organization\",\"name\":\"Renner Italia\",\"url\":\"https:\\\/\\\/renneritalia.com\\\/\",\"logo\":{\"@type\":\"ImageObject\",\"inLanguage\":\"fr-FR\",\"@id\":\"https:\\\/\\\/renneritalia.com\\\/#\\\/schema\\\/logo\\\/image\\\/\",\"url\":\"https:\\\/\\\/renneritalia.com\\\/wp-content\\\/uploads\\\/2025\\\/03\\\/logo_renner_italia.svg\",\"contentUrl\":\"https:\\\/\\\/renneritalia.com\\\/wp-content\\\/uploads\\\/2025\\\/03\\\/logo_renner_italia.svg\",\"caption\":\"Renner Italia\"},\"image\":{\"@id\":\"https:\\\/\\\/renneritalia.com\\\/#\\\/schema\\\/logo\\\/image\\\/\"}}]}<\/script>\n<!-- \/ Yoast SEO plugin. -->","yoast_head_json":{"title":"Certifications de syst\u00e8me - Renner Italia","robots":{"index":"index","follow":"follow","max-snippet":"max-snippet:-1","max-image-preview":"max-image-preview:large","max-video-preview":"max-video-preview:-1"},"canonical":"https:\/\/renneritalia.com\/certificazioni-di-sistema\/","og_locale":"fr_FR","og_type":"article","og_title":"Certifications de syst\u00e8me - Renner Italia","og_description":"Politique et objectifs La d\u00e9finition et la mise en place d\u2019une politique pour la qualit\u00e9, la s\u00e9curit\u00e9, et l\u2019environnement repr\u00e9sentent l\u2019un des fondements de la politique de l\u2019entreprise Renner Italia S.p.A. Renner Italia s&rsquo;engage \u00e0 maintenir son syst\u00e8me de gestion de la qualit\u00e9, de la s\u00e9curit\u00e9 et de l&rsquo;environnement conform\u00e9ment aux exigences des normes UNI [&hellip;]","og_url":"https:\/\/renneritalia.com\/certificazioni-di-sistema\/","og_site_name":"Renner Italia","article_modified_time":"2025-11-10T14:30:11+00:00","twitter_card":"summary_large_image","twitter_misc":{"Dur\u00e9e de lecture estim\u00e9e":"11 minutes"},"schema":{"@context":"https:\/\/schema.org","@graph":[{"@type":"WebPage","@id":"https:\/\/renneritalia.com\/certificazioni-di-sistema\/","url":"https:\/\/renneritalia.com\/certificazioni-di-sistema\/","name":"Certifications de syst\u00e8me - Renner Italia","isPartOf":{"@id":"https:\/\/renneritalia.com\/#website"},"datePublished":"2023-03-14T13:25:14+00:00","dateModified":"2025-11-10T14:30:11+00:00","breadcrumb":{"@id":"https:\/\/renneritalia.com\/certificazioni-di-sistema\/#breadcrumb"},"inLanguage":"fr-FR","potentialAction":[{"@type":"ReadAction","target":["https:\/\/renneritalia.com\/certificazioni-di-sistema\/"]}]},{"@type":"BreadcrumbList","@id":"https:\/\/renneritalia.com\/certificazioni-di-sistema\/#breadcrumb","itemListElement":[{"@type":"ListItem","position":1,"name":"Home","item":"https:\/\/renneritalia.com\/fr\/"},{"@type":"ListItem","position":2,"name":"Certifications de syst\u00e8me"}]},{"@type":"WebSite","@id":"https:\/\/renneritalia.com\/#website","url":"https:\/\/renneritalia.com\/","name":"Renner Italia","description":"Coatings","publisher":{"@id":"https:\/\/renneritalia.com\/#organization"},"potentialAction":[{"@type":"SearchAction","target":{"@type":"EntryPoint","urlTemplate":"https:\/\/renneritalia.com\/?s={search_term_string}"},"query-input":{"@type":"PropertyValueSpecification","valueRequired":true,"valueName":"search_term_string"}}],"inLanguage":"fr-FR"},{"@type":"Organization","@id":"https:\/\/renneritalia.com\/#organization","name":"Renner Italia","url":"https:\/\/renneritalia.com\/","logo":{"@type":"ImageObject","inLanguage":"fr-FR","@id":"https:\/\/renneritalia.com\/#\/schema\/logo\/image\/","url":"https:\/\/renneritalia.com\/wp-content\/uploads\/2025\/03\/logo_renner_italia.svg","contentUrl":"https:\/\/renneritalia.com\/wp-content\/uploads\/2025\/03\/logo_renner_italia.svg","caption":"Renner Italia"},"image":{"@id":"https:\/\/renneritalia.com\/#\/schema\/logo\/image\/"}}]}},"_links":{"self":[{"href":"https:\/\/renneritalia.com\/fr\/wp-json\/wp\/v2\/pages\/84353","targetHints":{"allow":["GET"]}}],"collection":[{"href":"https:\/\/renneritalia.com\/fr\/wp-json\/wp\/v2\/pages"}],"about":[{"href":"https:\/\/renneritalia.com\/fr\/wp-json\/wp\/v2\/types\/page"}],"author":[{"embeddable":true,"href":"https:\/\/renneritalia.com\/fr\/wp-json\/wp\/v2\/users\/7"}],"replies":[{"embeddable":true,"href":"https:\/\/renneritalia.com\/fr\/wp-json\/wp\/v2\/comments?post=84353"}],"version-history":[{"count":7,"href":"https:\/\/renneritalia.com\/fr\/wp-json\/wp\/v2\/pages\/84353\/revisions"}],"predecessor-version":[{"id":116976,"href":"https:\/\/renneritalia.com\/fr\/wp-json\/wp\/v2\/pages\/84353\/revisions\/116976"}],"wp:attachment":[{"href":"https:\/\/renneritalia.com\/fr\/wp-json\/wp\/v2\/media?parent=84353"}],"wp:term":[{"taxonomy":"page-category","embeddable":true,"href":"https:\/\/renneritalia.com\/fr\/wp-json\/wp\/v2\/page-category?post=84353"}],"curies":[{"name":"wp","href":"https:\/\/api.w.org\/{rel}","templated":true}]}}