{"id":84332,"date":"2023-02-17T12:06:33","date_gmt":"2023-02-17T11:06:33","guid":{"rendered":"https:\/\/renneritalia.com\/notre-responsabilite-sociale\/"},"modified":"2025-11-10T15:28:52","modified_gmt":"2025-11-10T14:28:52","slug":"notre-responsabilite-sociale","status":"publish","type":"page","link":"https:\/\/renneritalia.com\/fr\/notre-responsabilite-sociale\/","title":{"rendered":"Responsabilit\u00e9 sociale"},"content":{"rendered":"\t\t<div data-elementor-type=\"wp-page\" data-elementor-id=\"84332\" class=\"elementor elementor-84332 elementor-77442\" data-elementor-post-type=\"page\">\n\t\t\t\t\t\t<section class=\"has_eae_slider elementor-section elementor-top-section elementor-element elementor-element-5f06f6e1 elementor-section-height-min-height elementor-section-boxed elementor-section-height-default elementor-section-items-middle\" data-eae-slider=\"4231\" data-id=\"5f06f6e1\" data-element_type=\"section\" data-e-type=\"section\" data-settings=\"{&quot;jet_parallax_layout_list&quot;:[],&quot;background_background&quot;:&quot;classic&quot;}\">\n\t\t\t\t\t\t<div class=\"elementor-container elementor-column-gap-default\">\n\t\t\t\t\t<div class=\"has_eae_slider elementor-column elementor-col-100 elementor-top-column elementor-element elementor-element-4359881c\" data-eae-slider=\"85180\" data-id=\"4359881c\" data-element_type=\"column\" data-e-type=\"column\">\n\t\t\t<div class=\"elementor-widget-wrap elementor-element-populated\">\n\t\t\t\t\t\t<section class=\"has_eae_slider elementor-section elementor-inner-section elementor-element elementor-element-5ea88db7 elementor-section-content-bottom elementor-section-boxed elementor-section-height-default elementor-section-height-default\" data-eae-slider=\"35417\" data-id=\"5ea88db7\" data-element_type=\"section\" data-e-type=\"section\" data-settings=\"{&quot;jet_parallax_layout_list&quot;:[]}\">\n\t\t\t\t\t\t<div class=\"elementor-container elementor-column-gap-default\">\n\t\t\t\t\t<div class=\"has_eae_slider elementor-column elementor-col-50 elementor-inner-column elementor-element elementor-element-2700c3da\" data-eae-slider=\"31043\" data-id=\"2700c3da\" data-element_type=\"column\" data-e-type=\"column\" data-settings=\"{&quot;background_background&quot;:&quot;classic&quot;}\">\n\t\t\t<div class=\"elementor-widget-wrap elementor-element-populated\">\n\t\t\t\t\t\t<div class=\"elementor-element elementor-element-4cdb5a97 elementor-widget elementor-widget-heading\" data-id=\"4cdb5a97\" data-element_type=\"widget\" data-e-type=\"widget\" data-widget_type=\"heading.default\">\n\t\t\t\t<div class=\"elementor-widget-container\">\n\t\t\t\t\t<h2 class=\"elementor-heading-title elementor-size-default\">Du cot\u00e9 des travailleurs de la communaut\u00e9 et du territoire\n<\/h2>\t\t\t\t<\/div>\n\t\t\t\t<\/div>\n\t\t\t\t<div class=\"elementor-element elementor-element-57abda3a elementor-widget elementor-widget-text-editor\" data-id=\"57abda3a\" data-element_type=\"widget\" data-e-type=\"widget\" data-widget_type=\"text-editor.default\">\n\t\t\t\t<div class=\"elementor-widget-container\">\n\t\t\t\t\t\t\t\t\t<p>La crise des march\u00e9s a remis au centre des d\u00e9bats les th\u00e8mes de la responsabilit\u00e9 sociale d\u2019entreprise (RSE). Heureusement, aujourd\u2019hui les citoyens exercent gr\u00e2ce \u00e0 une prise de conscience leurs propres droits de consommateur. En effet, ils privil\u00e9gient les entreprises qui adh\u00e8rent aux principes \u00e9thiques mesurables, agissent selon leurs sensibilit\u00e9s et non seulement selon les traditionnels crit\u00e8res de commodit\u00e9, de qualit\u00e9 du produit et de facilit\u00e9 d\u2019acc\u00e8s.  <\/p>\n\t\t\t\t\t\t\t\t<\/div>\n\t\t\t\t<\/div>\n\t\t\t\t\t<\/div>\n\t\t<\/div>\n\t\t\t\t<div class=\"has_eae_slider elementor-column elementor-col-50 elementor-inner-column elementor-element elementor-element-63378fae\" data-eae-slider=\"56649\" data-id=\"63378fae\" data-element_type=\"column\" data-e-type=\"column\">\n\t\t\t<div class=\"elementor-widget-wrap\">\n\t\t\t\t\t\t\t<\/div>\n\t\t<\/div>\n\t\t\t\t\t<\/div>\n\t\t<\/section>\n\t\t\t\t\t<\/div>\n\t\t<\/div>\n\t\t\t\t\t<\/div>\n\t\t<\/section>\n\t\t\t\t<section class=\"has_eae_slider elementor-section elementor-top-section elementor-element elementor-element-392d37cf elementor-section-boxed elementor-section-height-default elementor-section-height-default\" data-eae-slider=\"58000\" data-id=\"392d37cf\" data-element_type=\"section\" data-e-type=\"section\" data-settings=\"{&quot;jet_parallax_layout_list&quot;:[]}\">\n\t\t\t\t\t\t<div class=\"elementor-container elementor-column-gap-default\">\n\t\t\t\t\t<div class=\"has_eae_slider elementor-column elementor-col-50 elementor-top-column elementor-element elementor-element-3565093e\" data-eae-slider=\"88889\" data-id=\"3565093e\" data-element_type=\"column\" data-e-type=\"column\">\n\t\t\t<div class=\"elementor-widget-wrap elementor-element-populated\">\n\t\t\t\t\t\t<div class=\"elementor-element elementor-element-44a8cd07 elementor-widget elementor-widget-heading\" data-id=\"44a8cd07\" data-element_type=\"widget\" data-e-type=\"widget\" data-widget_type=\"heading.default\">\n\t\t\t\t<div class=\"elementor-widget-container\">\n\t\t\t\t\t<h2 class=\"elementor-heading-title elementor-size-default\">Renner Italia<br>adopte des mod\u00e8les organisationnels,<br>productifs et communicatifs<br>de soutien aux travailleurs,<br>\u00e0 la communaut\u00e9<br>et au territoire.<\/h2>\t\t\t\t<\/div>\n\t\t\t\t<\/div>\n\t\t\t\t\t<\/div>\n\t\t<\/div>\n\t\t\t\t<div class=\"has_eae_slider elementor-column elementor-col-50 elementor-top-column elementor-element elementor-element-d92b407\" data-eae-slider=\"89990\" data-id=\"d92b407\" data-element_type=\"column\" data-e-type=\"column\">\n\t\t\t<div class=\"elementor-widget-wrap elementor-element-populated\">\n\t\t\t\t\t\t<div class=\"elementor-element elementor-element-bc04aa3 elementor-widget elementor-widget-heading\" data-id=\"bc04aa3\" data-element_type=\"widget\" data-e-type=\"widget\" data-widget_type=\"heading.default\">\n\t\t\t\t<div class=\"elementor-widget-container\">\n\t\t\t\t\t<h3 class=\"elementor-heading-title elementor-size-default\">De tels mod\u00e8les ont mis en \u00e9vidence, deux requ\u00eates fondamentales<\/h3>\t\t\t\t<\/div>\n\t\t\t\t<\/div>\n\t\t\t\t<div class=\"elementor-element elementor-element-27050ca5 elementor-icon-list--layout-traditional elementor-list-item-link-full_width elementor-widget elementor-widget-icon-list\" data-id=\"27050ca5\" data-element_type=\"widget\" data-e-type=\"widget\" data-widget_type=\"icon-list.default\">\n\t\t\t\t<div class=\"elementor-widget-container\">\n\t\t\t\t\t\t\t<ul class=\"elementor-icon-list-items\">\n\t\t\t\t\t\t\t<li class=\"elementor-icon-list-item\">\n\t\t\t\t\t\t\t\t\t\t\t<span class=\"elementor-icon-list-icon\">\n\t\t\t\t\t\t\t<i aria-hidden=\"true\" class=\"fas fa-check\"><\/i>\t\t\t\t\t\t<\/span>\n\t\t\t\t\t\t\t\t\t\t<span class=\"elementor-icon-list-text\">D\u00e9passer les obligations de lois \/ex. Nombre de salaires institu\u00e9 sur 14 mois non impos\u00e9 par la Cnl\/<\/span>\n\t\t\t\t\t\t\t\t\t<\/li>\n\t\t\t\t\t\t\t\t<li class=\"elementor-icon-list-item\">\n\t\t\t\t\t\t\t\t\t\t\t<span class=\"elementor-icon-list-icon\">\n\t\t\t\t\t\t\t<i aria-hidden=\"true\" class=\"fas fa-check\"><\/i>\t\t\t\t\t\t<\/span>\n\t\t\t\t\t\t\t\t\t\t<span class=\"elementor-icon-list-text\">Des soutiens structur\u00e9s, ni \u00e9pisodiques, ni instrumentalis\u00e9s. \/ex. La Buona Vernice intervient pour les associations \u00e0 but non lucratif\/<\/span>\n\t\t\t\t\t\t\t\t\t<\/li>\n\t\t\t\t\t\t<\/ul>\n\t\t\t\t\t\t<\/div>\n\t\t\t\t<\/div>\n\t\t\t\t<div class=\"elementor-element elementor-element-952a331 elementor-widget elementor-widget-heading\" data-id=\"952a331\" data-element_type=\"widget\" data-e-type=\"widget\" data-widget_type=\"heading.default\">\n\t\t\t\t<div class=\"elementor-widget-container\">\n\t\t\t\t\t<h3 class=\"elementor-heading-title elementor-size-default\">Renner Italia produit des valeurs immat\u00e9rielles, elle ne recherche pas uniquement le profit.<\/h3>\t\t\t\t<\/div>\n\t\t\t\t<\/div>\n\t\t\t\t\t<\/div>\n\t\t<\/div>\n\t\t\t\t\t<\/div>\n\t\t<\/section>\n\t\t\t\t<section class=\"has_eae_slider elementor-section elementor-top-section elementor-element elementor-element-3d547ce8 elementor-section-boxed elementor-section-height-default elementor-section-height-default\" data-eae-slider=\"33873\" data-id=\"3d547ce8\" data-element_type=\"section\" data-e-type=\"section\" data-settings=\"{&quot;jet_parallax_layout_list&quot;:[],&quot;background_background&quot;:&quot;classic&quot;}\">\n\t\t\t\t\t\t<div class=\"elementor-container elementor-column-gap-default\">\n\t\t\t\t\t<div class=\"has_eae_slider elementor-column elementor-col-100 elementor-top-column elementor-element elementor-element-12fde9ea\" data-eae-slider=\"75150\" data-id=\"12fde9ea\" data-element_type=\"column\" data-e-type=\"column\">\n\t\t\t<div class=\"elementor-widget-wrap elementor-element-populated\">\n\t\t\t\t\t\t<div class=\"elementor-element elementor-element-26157068 elementor-widget elementor-widget-image\" data-id=\"26157068\" data-element_type=\"widget\" data-e-type=\"widget\" data-widget_type=\"image.default\">\n\t\t\t\t<div class=\"elementor-widget-container\">\n\t\t\t\t\t\t\t\t\t\t\t\t\t\t\t<img decoding=\"async\" src=\"https:\/\/renneritalia.com\/wp-content\/uploads\/elementor\/thumbs\/apici-pxemr4niy1c06uayizheg3gzhlomkiodxtdmsp0rrk.png\" title=\"apici\" alt=\"apici\" loading=\"lazy\" \/>\t\t\t\t\t\t\t\t\t\t\t\t\t\t\t<\/div>\n\t\t\t\t<\/div>\n\t\t\t\t<div class=\"elementor-element elementor-element-6cbff25a elementor-widget elementor-widget-heading\" data-id=\"6cbff25a\" data-element_type=\"widget\" data-e-type=\"widget\" data-widget_type=\"heading.default\">\n\t\t\t\t<div class=\"elementor-widget-container\">\n\t\t\t\t\t<h3 class=\"elementor-heading-title elementor-size-default\">Est-ce que le secteur industriel peut se donner des objectifs autres que ceux du profit ?\n<\/h3>\t\t\t\t<\/div>\n\t\t\t\t<\/div>\n\t\t\t\t<div class=\"elementor-element elementor-element-6ba83637 elementor-widget elementor-widget-text-editor\" data-id=\"6ba83637\" data-element_type=\"widget\" data-e-type=\"widget\" data-widget_type=\"text-editor.default\">\n\t\t\t\t<div class=\"elementor-widget-container\">\n\t\t\t\t\t\t\t\t\t<p>Adriano Olivetti<\/p>\n\t\t\t\t\t\t\t\t<\/div>\n\t\t\t\t<\/div>\n\t\t\t\t\t<\/div>\n\t\t<\/div>\n\t\t\t\t\t<\/div>\n\t\t<\/section>\n\t\t\t\t<section class=\"has_eae_slider elementor-section elementor-top-section elementor-element elementor-element-13eaf016 elementor-reverse-mobile elementor-section-boxed elementor-section-height-default elementor-section-height-default\" data-eae-slider=\"76313\" data-id=\"13eaf016\" data-element_type=\"section\" data-e-type=\"section\" data-settings=\"{&quot;jet_parallax_layout_list&quot;:[]}\">\n\t\t\t\t\t\t<div class=\"elementor-container elementor-column-gap-default\">\n\t\t\t\t\t<div class=\"has_eae_slider elementor-column elementor-col-100 elementor-top-column elementor-element elementor-element-4a884f1a\" data-eae-slider=\"77698\" data-id=\"4a884f1a\" data-element_type=\"column\" data-e-type=\"column\">\n\t\t\t<div class=\"elementor-widget-wrap elementor-element-populated\">\n\t\t\t\t\t\t<div class=\"elementor-element elementor-element-7e689bfc elementor-widget elementor-widget-heading\" data-id=\"7e689bfc\" data-element_type=\"widget\" data-e-type=\"widget\" data-widget_type=\"heading.default\">\n\t\t\t\t<div class=\"elementor-widget-container\">\n\t\t\t\t\t<h2 class=\"elementor-heading-title elementor-size-default\">LES OLIVETTI DE L\u2019EMILIE-ROMAGNE, ARTICLE DU CORRIERE DELLA SERA<\/h2>\t\t\t\t<\/div>\n\t\t\t\t<\/div>\n\t\t\t\t<div class=\"elementor-element elementor-element-1a1a3872 elementor-widget elementor-widget-text-editor\" data-id=\"1a1a3872\" data-element_type=\"widget\" data-e-type=\"widget\" data-widget_type=\"text-editor.default\">\n\t\t\t\t<div class=\"elementor-widget-container\">\n\t\t\t\t\t\t\t\t\t<p>\u00ab Une dizaine d\u2019entrepreneurs s\u2019investissement dans le social et sur le territoire en finan\u00e7ant mus\u00e9es, \u00e9coles, projets pour la r\u00e9insertion des d\u00e9tenus, fondations culturelles et scientifiques \u00bb. Aujourd\u2019hui, dans le suppl\u00e9ment Corriere Imprese (Courrier Entrepreneur) du Corriere della Sera, le journaliste Andrea Rinaldi met en avant les entrepreneurs \u00ab Olivettiani \u00bb (r\u00e9f\u00e9rence \u00e0 Adriano Olivetti) de l\u2019Emilie- Romagne. Dans cette article, Lindo Aldrovandi pr\u00e9sident directeur g\u00e9n\u00e9ral de Renner Italia est cit\u00e9e parmi \u00ab Gli Olivetti della via Emilia \u00bb.   <\/p>\n\t\t\t\t\t\t\t\t<\/div>\n\t\t\t\t<\/div>\n\t\t\t\t<div class=\"elementor-element elementor-element-1758d884 elementor-align-left solo-it elementor-widget elementor-widget-button\" data-id=\"1758d884\" data-element_type=\"widget\" data-e-type=\"widget\" data-widget_type=\"button.default\">\n\t\t\t\t<div class=\"elementor-widget-container\">\n\t\t\t\t\t\t\t\t\t<div class=\"elementor-button-wrapper\">\n\t\t\t\t\t<a class=\"elementor-button elementor-button-link elementor-size-sm\" href=\"https:\/\/renneritalia.com\/fr\/les-olivetti-de-lemilie-romagne-article-du-corriere-della-sera\/\">\n\t\t\t\t\t\t<span class=\"elementor-button-content-wrapper\">\n\t\t\t\t\t\t\t\t\t<span class=\"elementor-button-text\">PLUS D\u2019INFOS<\/span>\n\t\t\t\t\t<\/span>\n\t\t\t\t\t<\/a>\n\t\t\t\t<\/div>\n\t\t\t\t\t\t\t\t<\/div>\n\t\t\t\t<\/div>\n\t\t\t\t\t<\/div>\n\t\t<\/div>\n\t\t\t\t\t<\/div>\n\t\t<\/section>\n\t\t\t\t<\/div>\n\t\t","protected":false},"excerpt":{"rendered":"<p>Du cot\u00e9 des travailleurs de la communaut\u00e9 et du territoire La crise des march\u00e9s a remis au centre des d\u00e9bats les th\u00e8mes de la responsabilit\u00e9 sociale d\u2019entreprise (RSE). Heureusement, aujourd\u2019hui les citoyens exercent gr\u00e2ce \u00e0 une prise de conscience leurs propres droits de consommateur. En effet, ils privil\u00e9gient les entreprises qui adh\u00e8rent aux principes \u00e9thiques [&hellip;]<\/p>\n","protected":false},"author":7,"featured_media":0,"parent":0,"menu_order":0,"comment_status":"closed","ping_status":"closed","template":"","meta":{"footnotes":""},"page-category":[],"class_list":["post-84332","page","type-page","status-publish","hentry"],"yoast_head":"<!-- This site is optimized with the Yoast SEO plugin v27.4 - https:\/\/yoast.com\/product\/yoast-seo-wordpress\/ -->\n<title>Responsabilit\u00e9 sociale - Renner Italia<\/title>\n<meta name=\"robots\" content=\"index, follow, max-snippet:-1, max-image-preview:large, max-video-preview:-1\" \/>\n<link rel=\"canonical\" href=\"https:\/\/renneritalia.com\/responsabilita-sociale\/\" \/>\n<meta property=\"og:locale\" content=\"fr_FR\" \/>\n<meta property=\"og:type\" content=\"article\" \/>\n<meta property=\"og:title\" content=\"Responsabilit\u00e9 sociale - Renner Italia\" \/>\n<meta property=\"og:description\" content=\"Du cot\u00e9 des travailleurs de la communaut\u00e9 et du territoire La crise des march\u00e9s a remis au centre des d\u00e9bats les th\u00e8mes de la responsabilit\u00e9 sociale d\u2019entreprise (RSE). Heureusement, aujourd\u2019hui les citoyens exercent gr\u00e2ce \u00e0 une prise de conscience leurs propres droits de consommateur. En effet, ils privil\u00e9gient les entreprises qui adh\u00e8rent aux principes \u00e9thiques [&hellip;]\" \/>\n<meta property=\"og:url\" content=\"https:\/\/renneritalia.com\/responsabilita-sociale\/\" \/>\n<meta property=\"og:site_name\" content=\"Renner Italia\" \/>\n<meta property=\"article:modified_time\" content=\"2025-11-10T14:28:52+00:00\" \/>\n<meta property=\"og:image\" content=\"https:\/\/renneritalia.com\/wp-content\/uploads\/elementor\/thumbs\/apici-pxemr4niy1c06uayizheg3gzhlomkiodxtdmsp0rrk.png\" \/>\n<meta name=\"twitter:card\" content=\"summary_large_image\" \/>\n<meta name=\"twitter:label1\" content=\"Dur\u00e9e de lecture estim\u00e9e\" \/>\n\t<meta name=\"twitter:data1\" content=\"2 minutes\" \/>\n<script type=\"application\/ld+json\" class=\"yoast-schema-graph\">{\"@context\":\"https:\\\/\\\/schema.org\",\"@graph\":[{\"@type\":\"WebPage\",\"@id\":\"https:\\\/\\\/renneritalia.com\\\/responsabilita-sociale\\\/\",\"url\":\"https:\\\/\\\/renneritalia.com\\\/responsabilita-sociale\\\/\",\"name\":\"Responsabilit\u00e9 sociale - Renner Italia\",\"isPartOf\":{\"@id\":\"https:\\\/\\\/renneritalia.com\\\/#website\"},\"primaryImageOfPage\":{\"@id\":\"https:\\\/\\\/renneritalia.com\\\/responsabilita-sociale\\\/#primaryimage\"},\"image\":{\"@id\":\"https:\\\/\\\/renneritalia.com\\\/responsabilita-sociale\\\/#primaryimage\"},\"thumbnailUrl\":\"https:\\\/\\\/renneritalia.com\\\/wp-content\\\/uploads\\\/elementor\\\/thumbs\\\/apici-pxemr4niy1c06uayizheg3gzhlomkiodxtdmsp0rrk.png\",\"datePublished\":\"2023-02-17T11:06:33+00:00\",\"dateModified\":\"2025-11-10T14:28:52+00:00\",\"breadcrumb\":{\"@id\":\"https:\\\/\\\/renneritalia.com\\\/responsabilita-sociale\\\/#breadcrumb\"},\"inLanguage\":\"fr-FR\",\"potentialAction\":[{\"@type\":\"ReadAction\",\"target\":[\"https:\\\/\\\/renneritalia.com\\\/responsabilita-sociale\\\/\"]}]},{\"@type\":\"ImageObject\",\"inLanguage\":\"fr-FR\",\"@id\":\"https:\\\/\\\/renneritalia.com\\\/responsabilita-sociale\\\/#primaryimage\",\"url\":\"https:\\\/\\\/renneritalia.com\\\/wp-content\\\/uploads\\\/elementor\\\/thumbs\\\/apici-pxemr4niy1c06uayizheg3gzhlomkiodxtdmsp0rrk.png\",\"contentUrl\":\"https:\\\/\\\/renneritalia.com\\\/wp-content\\\/uploads\\\/elementor\\\/thumbs\\\/apici-pxemr4niy1c06uayizheg3gzhlomkiodxtdmsp0rrk.png\"},{\"@type\":\"BreadcrumbList\",\"@id\":\"https:\\\/\\\/renneritalia.com\\\/responsabilita-sociale\\\/#breadcrumb\",\"itemListElement\":[{\"@type\":\"ListItem\",\"position\":1,\"name\":\"Home\",\"item\":\"https:\\\/\\\/renneritalia.com\\\/fr\\\/\"},{\"@type\":\"ListItem\",\"position\":2,\"name\":\"Responsabilit\u00e9 sociale\"}]},{\"@type\":\"WebSite\",\"@id\":\"https:\\\/\\\/renneritalia.com\\\/#website\",\"url\":\"https:\\\/\\\/renneritalia.com\\\/\",\"name\":\"Renner Italia\",\"description\":\"Coatings\",\"publisher\":{\"@id\":\"https:\\\/\\\/renneritalia.com\\\/#organization\"},\"potentialAction\":[{\"@type\":\"SearchAction\",\"target\":{\"@type\":\"EntryPoint\",\"urlTemplate\":\"https:\\\/\\\/renneritalia.com\\\/?s={search_term_string}\"},\"query-input\":{\"@type\":\"PropertyValueSpecification\",\"valueRequired\":true,\"valueName\":\"search_term_string\"}}],\"inLanguage\":\"fr-FR\"},{\"@type\":\"Organization\",\"@id\":\"https:\\\/\\\/renneritalia.com\\\/#organization\",\"name\":\"Renner Italia\",\"url\":\"https:\\\/\\\/renneritalia.com\\\/\",\"logo\":{\"@type\":\"ImageObject\",\"inLanguage\":\"fr-FR\",\"@id\":\"https:\\\/\\\/renneritalia.com\\\/#\\\/schema\\\/logo\\\/image\\\/\",\"url\":\"https:\\\/\\\/renneritalia.com\\\/wp-content\\\/uploads\\\/2025\\\/03\\\/logo_renner_italia.svg\",\"contentUrl\":\"https:\\\/\\\/renneritalia.com\\\/wp-content\\\/uploads\\\/2025\\\/03\\\/logo_renner_italia.svg\",\"caption\":\"Renner Italia\"},\"image\":{\"@id\":\"https:\\\/\\\/renneritalia.com\\\/#\\\/schema\\\/logo\\\/image\\\/\"}}]}<\/script>\n<!-- \/ Yoast SEO plugin. -->","yoast_head_json":{"title":"Responsabilit\u00e9 sociale - Renner Italia","robots":{"index":"index","follow":"follow","max-snippet":"max-snippet:-1","max-image-preview":"max-image-preview:large","max-video-preview":"max-video-preview:-1"},"canonical":"https:\/\/renneritalia.com\/responsabilita-sociale\/","og_locale":"fr_FR","og_type":"article","og_title":"Responsabilit\u00e9 sociale - Renner Italia","og_description":"Du cot\u00e9 des travailleurs de la communaut\u00e9 et du territoire La crise des march\u00e9s a remis au centre des d\u00e9bats les th\u00e8mes de la responsabilit\u00e9 sociale d\u2019entreprise (RSE). Heureusement, aujourd\u2019hui les citoyens exercent gr\u00e2ce \u00e0 une prise de conscience leurs propres droits de consommateur. En effet, ils privil\u00e9gient les entreprises qui adh\u00e8rent aux principes \u00e9thiques [&hellip;]","og_url":"https:\/\/renneritalia.com\/responsabilita-sociale\/","og_site_name":"Renner Italia","article_modified_time":"2025-11-10T14:28:52+00:00","og_image":[{"url":"https:\/\/renneritalia.com\/wp-content\/uploads\/elementor\/thumbs\/apici-pxemr4niy1c06uayizheg3gzhlomkiodxtdmsp0rrk.png","type":"","width":"","height":""}],"twitter_card":"summary_large_image","twitter_misc":{"Dur\u00e9e de lecture estim\u00e9e":"2 minutes"},"schema":{"@context":"https:\/\/schema.org","@graph":[{"@type":"WebPage","@id":"https:\/\/renneritalia.com\/responsabilita-sociale\/","url":"https:\/\/renneritalia.com\/responsabilita-sociale\/","name":"Responsabilit\u00e9 sociale - Renner Italia","isPartOf":{"@id":"https:\/\/renneritalia.com\/#website"},"primaryImageOfPage":{"@id":"https:\/\/renneritalia.com\/responsabilita-sociale\/#primaryimage"},"image":{"@id":"https:\/\/renneritalia.com\/responsabilita-sociale\/#primaryimage"},"thumbnailUrl":"https:\/\/renneritalia.com\/wp-content\/uploads\/elementor\/thumbs\/apici-pxemr4niy1c06uayizheg3gzhlomkiodxtdmsp0rrk.png","datePublished":"2023-02-17T11:06:33+00:00","dateModified":"2025-11-10T14:28:52+00:00","breadcrumb":{"@id":"https:\/\/renneritalia.com\/responsabilita-sociale\/#breadcrumb"},"inLanguage":"fr-FR","potentialAction":[{"@type":"ReadAction","target":["https:\/\/renneritalia.com\/responsabilita-sociale\/"]}]},{"@type":"ImageObject","inLanguage":"fr-FR","@id":"https:\/\/renneritalia.com\/responsabilita-sociale\/#primaryimage","url":"https:\/\/renneritalia.com\/wp-content\/uploads\/elementor\/thumbs\/apici-pxemr4niy1c06uayizheg3gzhlomkiodxtdmsp0rrk.png","contentUrl":"https:\/\/renneritalia.com\/wp-content\/uploads\/elementor\/thumbs\/apici-pxemr4niy1c06uayizheg3gzhlomkiodxtdmsp0rrk.png"},{"@type":"BreadcrumbList","@id":"https:\/\/renneritalia.com\/responsabilita-sociale\/#breadcrumb","itemListElement":[{"@type":"ListItem","position":1,"name":"Home","item":"https:\/\/renneritalia.com\/fr\/"},{"@type":"ListItem","position":2,"name":"Responsabilit\u00e9 sociale"}]},{"@type":"WebSite","@id":"https:\/\/renneritalia.com\/#website","url":"https:\/\/renneritalia.com\/","name":"Renner Italia","description":"Coatings","publisher":{"@id":"https:\/\/renneritalia.com\/#organization"},"potentialAction":[{"@type":"SearchAction","target":{"@type":"EntryPoint","urlTemplate":"https:\/\/renneritalia.com\/?s={search_term_string}"},"query-input":{"@type":"PropertyValueSpecification","valueRequired":true,"valueName":"search_term_string"}}],"inLanguage":"fr-FR"},{"@type":"Organization","@id":"https:\/\/renneritalia.com\/#organization","name":"Renner Italia","url":"https:\/\/renneritalia.com\/","logo":{"@type":"ImageObject","inLanguage":"fr-FR","@id":"https:\/\/renneritalia.com\/#\/schema\/logo\/image\/","url":"https:\/\/renneritalia.com\/wp-content\/uploads\/2025\/03\/logo_renner_italia.svg","contentUrl":"https:\/\/renneritalia.com\/wp-content\/uploads\/2025\/03\/logo_renner_italia.svg","caption":"Renner Italia"},"image":{"@id":"https:\/\/renneritalia.com\/#\/schema\/logo\/image\/"}}]}},"_links":{"self":[{"href":"https:\/\/renneritalia.com\/fr\/wp-json\/wp\/v2\/pages\/84332","targetHints":{"allow":["GET"]}}],"collection":[{"href":"https:\/\/renneritalia.com\/fr\/wp-json\/wp\/v2\/pages"}],"about":[{"href":"https:\/\/renneritalia.com\/fr\/wp-json\/wp\/v2\/types\/page"}],"author":[{"embeddable":true,"href":"https:\/\/renneritalia.com\/fr\/wp-json\/wp\/v2\/users\/7"}],"replies":[{"embeddable":true,"href":"https:\/\/renneritalia.com\/fr\/wp-json\/wp\/v2\/comments?post=84332"}],"version-history":[{"count":9,"href":"https:\/\/renneritalia.com\/fr\/wp-json\/wp\/v2\/pages\/84332\/revisions"}],"predecessor-version":[{"id":116972,"href":"https:\/\/renneritalia.com\/fr\/wp-json\/wp\/v2\/pages\/84332\/revisions\/116972"}],"wp:attachment":[{"href":"https:\/\/renneritalia.com\/fr\/wp-json\/wp\/v2\/media?parent=84332"}],"wp:term":[{"taxonomy":"page-category","embeddable":true,"href":"https:\/\/renneritalia.com\/fr\/wp-json\/wp\/v2\/page-category?post=84332"}],"curies":[{"name":"wp","href":"https:\/\/api.w.org\/{rel}","templated":true}]}}