{"id":82669,"date":"2023-06-13T17:19:13","date_gmt":"2023-06-13T15:19:13","guid":{"rendered":"https:\/\/renneritalia.com\/vernici-per-il-parquet\/"},"modified":"2025-11-10T13:15:22","modified_gmt":"2025-11-10T12:15:22","slug":"vernici-per-il-parquet","status":"publish","type":"page","link":"https:\/\/renneritalia.com\/fr\/vernici-per-il-parquet\/","title":{"rendered":"Vernis pour parquet"},"content":{"rendered":"\t\t<div data-elementor-type=\"wp-page\" data-elementor-id=\"82669\" class=\"elementor elementor-82669 elementor-82347\" data-elementor-post-type=\"page\">\n\t\t\t\t\t\t<section class=\"has_eae_slider elementor-section elementor-top-section elementor-element elementor-element-becdaa5 elementor-section-height-min-height elementor-section-items-bottom elementor-section-boxed elementor-section-height-default\" data-eae-slider=\"27446\" data-id=\"becdaa5\" data-element_type=\"section\" data-e-type=\"section\" data-settings=\"{&quot;jet_parallax_layout_list&quot;:[],&quot;background_background&quot;:&quot;classic&quot;}\">\n\t\t\t\t\t\t<div class=\"elementor-container elementor-column-gap-default\">\n\t\t\t\t\t<div class=\"has_eae_slider elementor-column elementor-col-100 elementor-top-column elementor-element elementor-element-ea2f9a0\" data-eae-slider=\"412\" data-id=\"ea2f9a0\" data-element_type=\"column\" data-e-type=\"column\">\n\t\t\t<div class=\"elementor-widget-wrap elementor-element-populated\">\n\t\t\t\t\t\t<div class=\"elementor-element elementor-element-f45af94 elementor-widget elementor-widget-image\" data-id=\"f45af94\" data-element_type=\"widget\" data-e-type=\"widget\" data-widget_type=\"image.default\">\n\t\t\t\t<div class=\"elementor-widget-container\">\n\t\t\t\t\t\t\t\t\t\t\t\t\t\t\t<img fetchpriority=\"high\" decoding=\"async\" width=\"400\" height=\"140\" src=\"https:\/\/renneritalia.com\/wp-content\/uploads\/2023\/06\/logo_vernici_solid.png\" class=\"attachment-large size-large wp-image-82351\" alt=\"\" srcset=\"https:\/\/renneritalia.com\/wp-content\/uploads\/2023\/06\/logo_vernici_solid.png 400w, https:\/\/renneritalia.com\/wp-content\/uploads\/2023\/06\/logo_vernici_solid-300x105.png 300w\" sizes=\"(max-width: 400px) 100vw, 400px\" \/>\t\t\t\t\t\t\t\t\t\t\t\t\t\t\t<\/div>\n\t\t\t\t<\/div>\n\t\t\t\t<section class=\"has_eae_slider elementor-section elementor-inner-section elementor-element elementor-element-d7bf999 elementor-section-content-bottom elementor-section-boxed elementor-section-height-default elementor-section-height-default\" data-eae-slider=\"98213\" data-id=\"d7bf999\" data-element_type=\"section\" data-e-type=\"section\" data-settings=\"{&quot;jet_parallax_layout_list&quot;:[]}\">\n\t\t\t\t\t\t<div class=\"elementor-container elementor-column-gap-default\">\n\t\t\t\t\t<div class=\"has_eae_slider elementor-column elementor-col-100 elementor-inner-column elementor-element elementor-element-c4e451c\" data-eae-slider=\"12379\" data-id=\"c4e451c\" data-element_type=\"column\" data-e-type=\"column\">\n\t\t\t<div class=\"elementor-widget-wrap elementor-element-populated\">\n\t\t\t\t\t\t<div class=\"elementor-element elementor-element-46af6ea elementor-widget elementor-widget-text-editor\" data-id=\"46af6ea\" data-element_type=\"widget\" data-e-type=\"widget\" data-widget_type=\"text-editor.default\">\n\t\t\t\t<div class=\"elementor-widget-container\">\n\t\t\t\t\t\t\t\t\t<p>SOLID<\/p>\t\t\t\t\t\t\t\t<\/div>\n\t\t\t\t<\/div>\n\t\t\t\t<div class=\"elementor-element elementor-element-a77c884 elementor-widget elementor-widget-heading\" data-id=\"a77c884\" data-element_type=\"widget\" data-e-type=\"widget\" data-widget_type=\"heading.default\">\n\t\t\t\t<div class=\"elementor-widget-container\">\n\t\t\t\t\t<h2 class=\"elementor-heading-title elementor-size-default\">Vernis pour le parquet<\/h2>\t\t\t\t<\/div>\n\t\t\t\t<\/div>\n\t\t\t\t\t<\/div>\n\t\t<\/div>\n\t\t\t\t\t<\/div>\n\t\t<\/section>\n\t\t\t\t\t<\/div>\n\t\t<\/div>\n\t\t\t\t\t<\/div>\n\t\t<\/section>\n\t\t\t\t<section class=\"has_eae_slider elementor-section elementor-top-section elementor-element elementor-element-39b1876 elementor-section-boxed elementor-section-height-default elementor-section-height-default\" data-eae-slider=\"8477\" data-id=\"39b1876\" data-element_type=\"section\" data-e-type=\"section\" data-settings=\"{&quot;jet_parallax_layout_list&quot;:[]}\">\n\t\t\t\t\t\t<div class=\"elementor-container elementor-column-gap-default\">\n\t\t\t\t\t<div class=\"has_eae_slider elementor-column elementor-col-50 elementor-top-column elementor-element elementor-element-c5a6c9b\" data-eae-slider=\"89032\" data-id=\"c5a6c9b\" data-element_type=\"column\" data-e-type=\"column\">\n\t\t\t<div class=\"elementor-widget-wrap elementor-element-populated\">\n\t\t\t\t\t\t<div class=\"elementor-element elementor-element-2c19d3a elementor-widget elementor-widget-heading\" data-id=\"2c19d3a\" data-element_type=\"widget\" data-e-type=\"widget\" data-widget_type=\"heading.default\">\n\t\t\t\t<div class=\"elementor-widget-container\">\n\t\t\t\t\t<h2 class=\"elementor-heading-title elementor-size-default\">Chaque parquet<br>est unique<\/h2>\t\t\t\t<\/div>\n\t\t\t\t<\/div>\n\t\t\t\t\t<\/div>\n\t\t<\/div>\n\t\t\t\t<div class=\"has_eae_slider elementor-column elementor-col-50 elementor-top-column elementor-element elementor-element-b7879eb\" data-eae-slider=\"15675\" data-id=\"b7879eb\" data-element_type=\"column\" data-e-type=\"column\">\n\t\t\t<div class=\"elementor-widget-wrap elementor-element-populated\">\n\t\t\t\t\t\t<div class=\"elementor-element elementor-element-4086dfb elementor-widget elementor-widget-heading\" data-id=\"4086dfb\" data-element_type=\"widget\" data-e-type=\"widget\" data-widget_type=\"heading.default\">\n\t\t\t\t<div class=\"elementor-widget-container\">\n\t\t\t\t\t<h3 class=\"elementor-heading-title elementor-size-default\">Les sols en bois sont les cr\u00e9ations o\u00f9 nous identifions le plus d\u2019\u00e9v\u00e9nements de notre vie. C\u2019est sur ceux-ci que nos histoires et nos inspirations commencent. Pour cela Renner Italia a d\u00e9cid\u00e9 de pr\u00eater une attention particuli\u00e8re \u00e0 la formulation des vernis pour le parquet.<\/h3>\t\t\t\t<\/div>\n\t\t\t\t<\/div>\n\t\t\t\t\t<\/div>\n\t\t<\/div>\n\t\t\t\t\t<\/div>\n\t\t<\/section>\n\t\t\t\t<section class=\"has_eae_slider elementor-section elementor-top-section elementor-element elementor-element-a182cd0 elementor-section-boxed elementor-section-height-default elementor-section-height-default\" data-eae-slider=\"83333\" data-id=\"a182cd0\" data-element_type=\"section\" data-e-type=\"section\" data-settings=\"{&quot;jet_parallax_layout_list&quot;:[]}\">\n\t\t\t\t\t\t<div class=\"elementor-container elementor-column-gap-default\">\n\t\t\t\t\t<div class=\"has_eae_slider elementor-column elementor-col-100 elementor-top-column elementor-element elementor-element-47b22ab\" data-eae-slider=\"68679\" data-id=\"47b22ab\" data-element_type=\"column\" data-e-type=\"column\">\n\t\t\t<div class=\"elementor-widget-wrap elementor-element-populated\">\n\t\t\t\t\t\t<div class=\"elementor-element elementor-element-81f15cc elementor-align-center elementor-widget elementor-widget-button\" data-id=\"81f15cc\" data-element_type=\"widget\" data-e-type=\"widget\" data-widget_type=\"button.default\">\n\t\t\t\t<div class=\"elementor-widget-container\">\n\t\t\t\t\t\t\t\t\t<div class=\"elementor-button-wrapper\">\n\t\t\t\t\t<a class=\"elementor-button elementor-button-link elementor-size-sm\" href=\"http:\/\/www.solidrenner.com\/\" target=\"_blank\">\n\t\t\t\t\t\t<span class=\"elementor-button-content-wrapper\">\n\t\t\t\t\t\t\t\t\t<span class=\"elementor-button-text\">VISITEZ LE SITE<\/span>\n\t\t\t\t\t<\/span>\n\t\t\t\t\t<\/a>\n\t\t\t\t<\/div>\n\t\t\t\t\t\t\t\t<\/div>\n\t\t\t\t<\/div>\n\t\t\t\t\t<\/div>\n\t\t<\/div>\n\t\t\t\t\t<\/div>\n\t\t<\/section>\n\t\t\t\t<section class=\"has_eae_slider elementor-section elementor-top-section elementor-element elementor-element-8884323 elementor-section-boxed elementor-section-height-default elementor-section-height-default\" data-eae-slider=\"60800\" data-id=\"8884323\" data-element_type=\"section\" data-e-type=\"section\" data-settings=\"{&quot;jet_parallax_layout_list&quot;:[]}\">\n\t\t\t\t\t\t<div class=\"elementor-container elementor-column-gap-default\">\n\t\t\t\t\t<div class=\"has_eae_slider elementor-column elementor-col-50 elementor-top-column elementor-element elementor-element-be2272d\" data-eae-slider=\"37970\" data-id=\"be2272d\" data-element_type=\"column\" data-e-type=\"column\" data-settings=\"{&quot;background_background&quot;:&quot;classic&quot;}\">\n\t\t\t<div class=\"elementor-widget-wrap elementor-element-populated\">\n\t\t\t\t\t\t<div class=\"elementor-element elementor-element-100b80e elementor-widget elementor-widget-heading\" data-id=\"100b80e\" data-element_type=\"widget\" data-e-type=\"widget\" data-widget_type=\"heading.default\">\n\t\t\t\t<div class=\"elementor-widget-container\">\n\t\t\t\t\t<h2 class=\"elementor-heading-title elementor-size-default\">Solid est la ligne de vernis cr\u00e9\u00e9e par Renner Italia pour le noble art de la pose.<\/h2>\t\t\t\t<\/div>\n\t\t\t\t<\/div>\n\t\t\t\t<div class=\"elementor-element elementor-element-af0682c elementor-widget elementor-widget-heading\" data-id=\"af0682c\" data-element_type=\"widget\" data-e-type=\"widget\" data-widget_type=\"heading.default\">\n\t\t\t\t<div class=\"elementor-widget-container\">\n\t\t\t\t\t<h3 class=\"elementor-heading-title elementor-size-default\">Sur les sols en bois vernis par Solid, nous c\u00e9l\u00e9brons la rencontre entre le design italien et la haute technologie internationale.<\/h3>\t\t\t\t<\/div>\n\t\t\t\t<\/div>\n\t\t\t\t<div class=\"elementor-element elementor-element-2af4c92 elementor-widget elementor-widget-text-editor\" data-id=\"2af4c92\" data-element_type=\"widget\" data-e-type=\"widget\" data-widget_type=\"text-editor.default\">\n\t\t\t\t<div class=\"elementor-widget-container\">\n\t\t\t\t\t\t\t\t\t<p>Dans chaque produit, nous retrouvons toute la recherche de nos laboratoires high-tech. Les fonds, les finitions, les huiles, les cires et les d\u00e9tergents Solid exaltent le caract\u00e8re naturel du bois en lui offrant en m\u00eame temps une personnalit\u00e9 et une extraordinaire capacit\u00e9 de r\u00e9sistance.<\/p>\t\t\t\t\t\t\t\t<\/div>\n\t\t\t\t<\/div>\n\t\t\t\t\t<\/div>\n\t\t<\/div>\n\t\t\t\t<div class=\"has_eae_slider elementor-column elementor-col-50 elementor-top-column elementor-element elementor-element-fb7ed0f\" data-eae-slider=\"35696\" data-id=\"fb7ed0f\" data-element_type=\"column\" data-e-type=\"column\" data-settings=\"{&quot;background_background&quot;:&quot;classic&quot;}\">\n\t\t\t<div class=\"elementor-widget-wrap elementor-element-populated\">\n\t\t\t\t\t\t<div class=\"elementor-element elementor-element-4d1eed3 elementor-hidden-desktop elementor-hidden-tablet elementor-widget elementor-widget-spacer\" data-id=\"4d1eed3\" data-element_type=\"widget\" data-e-type=\"widget\" data-widget_type=\"spacer.default\">\n\t\t\t\t<div class=\"elementor-widget-container\">\n\t\t\t\t\t\t\t<div class=\"elementor-spacer\">\n\t\t\t<div class=\"elementor-spacer-inner\"><\/div>\n\t\t<\/div>\n\t\t\t\t\t\t<\/div>\n\t\t\t\t<\/div>\n\t\t\t\t\t<\/div>\n\t\t<\/div>\n\t\t\t\t\t<\/div>\n\t\t<\/section>\n\t\t\t\t<section class=\"has_eae_slider elementor-section elementor-top-section elementor-element elementor-element-3d0e019 elementor-section-boxed elementor-section-height-default elementor-section-height-default\" data-eae-slider=\"99040\" data-id=\"3d0e019\" data-element_type=\"section\" data-e-type=\"section\" data-settings=\"{&quot;jet_parallax_layout_list&quot;:[]}\">\n\t\t\t\t\t\t<div class=\"elementor-container elementor-column-gap-default\">\n\t\t\t\t\t<div class=\"has_eae_slider elementor-column elementor-col-16 elementor-top-column elementor-element elementor-element-1832a05\" data-eae-slider=\"51222\" data-id=\"1832a05\" data-element_type=\"column\" data-e-type=\"column\">\n\t\t\t<div class=\"elementor-widget-wrap\">\n\t\t\t\t\t\t\t<\/div>\n\t\t<\/div>\n\t\t\t\t<div class=\"has_eae_slider elementor-column elementor-col-16 elementor-top-column elementor-element elementor-element-bd125f2\" data-eae-slider=\"24168\" data-id=\"bd125f2\" data-element_type=\"column\" data-e-type=\"column\">\n\t\t\t<div class=\"elementor-widget-wrap elementor-element-populated\">\n\t\t\t\t\t\t<div class=\"elementor-element elementor-element-7dc2e7f elementor-widget elementor-widget-image\" data-id=\"7dc2e7f\" data-element_type=\"widget\" data-e-type=\"widget\" data-widget_type=\"image.default\">\n\t\t\t\t<div class=\"elementor-widget-container\">\n\t\t\t\t\t\t\t\t\t\t\t\t\t\t\t<img decoding=\"async\" width=\"300\" height=\"300\" src=\"https:\/\/renneritalia.com\/wp-content\/uploads\/2023\/06\/rennerlab.jpg\" class=\"attachment-large size-large wp-image-82364\" alt=\"\" srcset=\"https:\/\/renneritalia.com\/wp-content\/uploads\/2023\/06\/rennerlab.jpg 300w, https:\/\/renneritalia.com\/wp-content\/uploads\/2023\/06\/rennerlab-150x150.jpg 150w\" sizes=\"(max-width: 300px) 100vw, 300px\" \/>\t\t\t\t\t\t\t\t\t\t\t\t\t\t\t<\/div>\n\t\t\t\t<\/div>\n\t\t\t\t\t<\/div>\n\t\t<\/div>\n\t\t\t\t<div class=\"has_eae_slider elementor-column elementor-col-16 elementor-top-column elementor-element elementor-element-cb6e64a\" data-eae-slider=\"5364\" data-id=\"cb6e64a\" data-element_type=\"column\" data-e-type=\"column\">\n\t\t\t<div class=\"elementor-widget-wrap elementor-element-populated\">\n\t\t\t\t\t\t<div class=\"elementor-element elementor-element-f92cad8 elementor-widget elementor-widget-image\" data-id=\"f92cad8\" data-element_type=\"widget\" data-e-type=\"widget\" data-widget_type=\"image.default\">\n\t\t\t\t<div class=\"elementor-widget-container\">\n\t\t\t\t\t\t\t\t\t\t\t\t\t\t\t<img decoding=\"async\" width=\"300\" height=\"300\" src=\"https:\/\/renneritalia.com\/wp-content\/uploads\/2023\/06\/uvprotection.jpg\" class=\"attachment-large size-large wp-image-82376\" alt=\"\" srcset=\"https:\/\/renneritalia.com\/wp-content\/uploads\/2023\/06\/uvprotection.jpg 300w, https:\/\/renneritalia.com\/wp-content\/uploads\/2023\/06\/uvprotection-150x150.jpg 150w\" sizes=\"(max-width: 300px) 100vw, 300px\" \/>\t\t\t\t\t\t\t\t\t\t\t\t\t\t\t<\/div>\n\t\t\t\t<\/div>\n\t\t\t\t\t<\/div>\n\t\t<\/div>\n\t\t\t\t<div class=\"has_eae_slider elementor-column elementor-col-16 elementor-top-column elementor-element elementor-element-930039c\" data-eae-slider=\"97490\" data-id=\"930039c\" data-element_type=\"column\" data-e-type=\"column\">\n\t\t\t<div class=\"elementor-widget-wrap elementor-element-populated\">\n\t\t\t\t\t\t<div class=\"elementor-element elementor-element-14fc81a elementor-widget elementor-widget-image\" data-id=\"14fc81a\" data-element_type=\"widget\" data-e-type=\"widget\" data-widget_type=\"image.default\">\n\t\t\t\t<div class=\"elementor-widget-container\">\n\t\t\t\t\t\t\t\t\t\t\t\t\t\t\t<img loading=\"lazy\" decoding=\"async\" width=\"300\" height=\"300\" src=\"https:\/\/renneritalia.com\/wp-content\/uploads\/2023\/06\/hitech.jpg\" class=\"attachment-large size-large wp-image-82372\" alt=\"\" srcset=\"https:\/\/renneritalia.com\/wp-content\/uploads\/2023\/06\/hitech.jpg 300w, https:\/\/renneritalia.com\/wp-content\/uploads\/2023\/06\/hitech-150x150.jpg 150w\" sizes=\"(max-width: 300px) 100vw, 300px\" \/>\t\t\t\t\t\t\t\t\t\t\t\t\t\t\t<\/div>\n\t\t\t\t<\/div>\n\t\t\t\t\t<\/div>\n\t\t<\/div>\n\t\t\t\t<div class=\"has_eae_slider elementor-column elementor-col-16 elementor-top-column elementor-element elementor-element-f251ed5\" data-eae-slider=\"17835\" data-id=\"f251ed5\" data-element_type=\"column\" data-e-type=\"column\">\n\t\t\t<div class=\"elementor-widget-wrap elementor-element-populated\">\n\t\t\t\t\t\t<div class=\"elementor-element elementor-element-fc81fe3 elementor-widget elementor-widget-image\" data-id=\"fc81fe3\" data-element_type=\"widget\" data-e-type=\"widget\" data-widget_type=\"image.default\">\n\t\t\t\t<div class=\"elementor-widget-container\">\n\t\t\t\t\t\t\t\t\t\t\t\t\t\t\t<img loading=\"lazy\" decoding=\"async\" width=\"300\" height=\"300\" src=\"https:\/\/renneritalia.com\/wp-content\/uploads\/2023\/06\/hightraffic.jpg\" class=\"attachment-large size-large wp-image-82368\" alt=\"\" srcset=\"https:\/\/renneritalia.com\/wp-content\/uploads\/2023\/06\/hightraffic.jpg 300w, https:\/\/renneritalia.com\/wp-content\/uploads\/2023\/06\/hightraffic-150x150.jpg 150w\" sizes=\"(max-width: 300px) 100vw, 300px\" \/>\t\t\t\t\t\t\t\t\t\t\t\t\t\t\t<\/div>\n\t\t\t\t<\/div>\n\t\t\t\t\t<\/div>\n\t\t<\/div>\n\t\t\t\t<div class=\"has_eae_slider elementor-column elementor-col-16 elementor-top-column elementor-element elementor-element-ffc3d0a\" data-eae-slider=\"96398\" data-id=\"ffc3d0a\" data-element_type=\"column\" data-e-type=\"column\">\n\t\t\t<div class=\"elementor-widget-wrap\">\n\t\t\t\t\t\t\t<\/div>\n\t\t<\/div>\n\t\t\t\t\t<\/div>\n\t\t<\/section>\n\t\t\t\t<\/div>\n\t\t","protected":false},"excerpt":{"rendered":"<p>SOLID Vernis pour le parquet Chaque parquetest unique Les sols en bois sont les cr\u00e9ations o\u00f9 nous identifions le plus d\u2019\u00e9v\u00e9nements de notre vie. C\u2019est sur ceux-ci que nos histoires et nos inspirations commencent. Pour cela Renner Italia a d\u00e9cid\u00e9 de pr\u00eater une attention particuli\u00e8re \u00e0 la formulation des vernis pour le parquet. VISITEZ LE [&hellip;]<\/p>\n","protected":false},"author":7,"featured_media":0,"parent":0,"menu_order":0,"comment_status":"closed","ping_status":"closed","template":"","meta":{"footnotes":""},"page-category":[4045],"class_list":["post-82669","page","type-page","status-publish","hentry","page-category-wood-coatings"],"yoast_head":"<!-- This site is optimized with the Yoast SEO plugin v27.4 - https:\/\/yoast.com\/product\/yoast-seo-wordpress\/ -->\n<title>Vernis pour parquet - Renner Italia<\/title>\n<meta name=\"robots\" content=\"index, follow, max-snippet:-1, max-image-preview:large, max-video-preview:-1\" \/>\n<link rel=\"canonical\" href=\"https:\/\/renneritalia.com\/fr\/vernici-per-il-parquet\/\" \/>\n<meta property=\"og:locale\" content=\"fr_FR\" \/>\n<meta property=\"og:type\" content=\"article\" \/>\n<meta property=\"og:title\" content=\"Vernis pour parquet - Renner Italia\" \/>\n<meta property=\"og:description\" content=\"SOLID Vernis pour le parquet Chaque parquetest unique Les sols en bois sont les cr\u00e9ations o\u00f9 nous identifions le plus d\u2019\u00e9v\u00e9nements de notre vie. C\u2019est sur ceux-ci que nos histoires et nos inspirations commencent. Pour cela Renner Italia a d\u00e9cid\u00e9 de pr\u00eater une attention particuli\u00e8re \u00e0 la formulation des vernis pour le parquet. VISITEZ LE [&hellip;]\" \/>\n<meta property=\"og:url\" content=\"https:\/\/renneritalia.com\/fr\/vernici-per-il-parquet\/\" \/>\n<meta property=\"og:site_name\" content=\"Renner Italia\" \/>\n<meta property=\"article:modified_time\" content=\"2025-11-10T12:15:22+00:00\" \/>\n<meta property=\"og:image\" content=\"https:\/\/renneritalia.com\/wp-content\/uploads\/2023\/06\/logo_vernici_solid.png\" \/>\n<meta name=\"twitter:card\" content=\"summary_large_image\" \/>\n<meta name=\"twitter:label1\" content=\"Dur\u00e9e de lecture estim\u00e9e\" \/>\n\t<meta name=\"twitter:data1\" content=\"2 minutes\" \/>\n<script type=\"application\/ld+json\" class=\"yoast-schema-graph\">{\"@context\":\"https:\\\/\\\/schema.org\",\"@graph\":[{\"@type\":\"WebPage\",\"@id\":\"https:\\\/\\\/renneritalia.com\\\/fr\\\/vernici-per-il-parquet\\\/\",\"url\":\"https:\\\/\\\/renneritalia.com\\\/fr\\\/vernici-per-il-parquet\\\/\",\"name\":\"Vernis pour parquet - Renner Italia\",\"isPartOf\":{\"@id\":\"https:\\\/\\\/renneritalia.com\\\/#website\"},\"primaryImageOfPage\":{\"@id\":\"https:\\\/\\\/renneritalia.com\\\/fr\\\/vernici-per-il-parquet\\\/#primaryimage\"},\"image\":{\"@id\":\"https:\\\/\\\/renneritalia.com\\\/fr\\\/vernici-per-il-parquet\\\/#primaryimage\"},\"thumbnailUrl\":\"https:\\\/\\\/renneritalia.com\\\/wp-content\\\/uploads\\\/2023\\\/06\\\/logo_vernici_solid.png\",\"datePublished\":\"2023-06-13T15:19:13+00:00\",\"dateModified\":\"2025-11-10T12:15:22+00:00\",\"breadcrumb\":{\"@id\":\"https:\\\/\\\/renneritalia.com\\\/fr\\\/vernici-per-il-parquet\\\/#breadcrumb\"},\"inLanguage\":\"fr-FR\",\"potentialAction\":[{\"@type\":\"ReadAction\",\"target\":[\"https:\\\/\\\/renneritalia.com\\\/fr\\\/vernici-per-il-parquet\\\/\"]}]},{\"@type\":\"ImageObject\",\"inLanguage\":\"fr-FR\",\"@id\":\"https:\\\/\\\/renneritalia.com\\\/fr\\\/vernici-per-il-parquet\\\/#primaryimage\",\"url\":\"https:\\\/\\\/renneritalia.com\\\/wp-content\\\/uploads\\\/2023\\\/06\\\/logo_vernici_solid.png\",\"contentUrl\":\"https:\\\/\\\/renneritalia.com\\\/wp-content\\\/uploads\\\/2023\\\/06\\\/logo_vernici_solid.png\"},{\"@type\":\"BreadcrumbList\",\"@id\":\"https:\\\/\\\/renneritalia.com\\\/fr\\\/vernici-per-il-parquet\\\/#breadcrumb\",\"itemListElement\":[{\"@type\":\"ListItem\",\"position\":1,\"name\":\"Home\",\"item\":\"https:\\\/\\\/renneritalia.com\\\/fr\\\/\"},{\"@type\":\"ListItem\",\"position\":2,\"name\":\"Vernis pour parquet\"}]},{\"@type\":\"WebSite\",\"@id\":\"https:\\\/\\\/renneritalia.com\\\/#website\",\"url\":\"https:\\\/\\\/renneritalia.com\\\/\",\"name\":\"Renner Italia\",\"description\":\"Coatings\",\"publisher\":{\"@id\":\"https:\\\/\\\/renneritalia.com\\\/#organization\"},\"potentialAction\":[{\"@type\":\"SearchAction\",\"target\":{\"@type\":\"EntryPoint\",\"urlTemplate\":\"https:\\\/\\\/renneritalia.com\\\/?s={search_term_string}\"},\"query-input\":{\"@type\":\"PropertyValueSpecification\",\"valueRequired\":true,\"valueName\":\"search_term_string\"}}],\"inLanguage\":\"fr-FR\"},{\"@type\":\"Organization\",\"@id\":\"https:\\\/\\\/renneritalia.com\\\/#organization\",\"name\":\"Renner Italia\",\"url\":\"https:\\\/\\\/renneritalia.com\\\/\",\"logo\":{\"@type\":\"ImageObject\",\"inLanguage\":\"fr-FR\",\"@id\":\"https:\\\/\\\/renneritalia.com\\\/#\\\/schema\\\/logo\\\/image\\\/\",\"url\":\"https:\\\/\\\/renneritalia.com\\\/wp-content\\\/uploads\\\/2025\\\/03\\\/logo_renner_italia.svg\",\"contentUrl\":\"https:\\\/\\\/renneritalia.com\\\/wp-content\\\/uploads\\\/2025\\\/03\\\/logo_renner_italia.svg\",\"caption\":\"Renner Italia\"},\"image\":{\"@id\":\"https:\\\/\\\/renneritalia.com\\\/#\\\/schema\\\/logo\\\/image\\\/\"}}]}<\/script>\n<!-- \/ Yoast SEO plugin. -->","yoast_head_json":{"title":"Vernis pour parquet - Renner Italia","robots":{"index":"index","follow":"follow","max-snippet":"max-snippet:-1","max-image-preview":"max-image-preview:large","max-video-preview":"max-video-preview:-1"},"canonical":"https:\/\/renneritalia.com\/fr\/vernici-per-il-parquet\/","og_locale":"fr_FR","og_type":"article","og_title":"Vernis pour parquet - Renner Italia","og_description":"SOLID Vernis pour le parquet Chaque parquetest unique Les sols en bois sont les cr\u00e9ations o\u00f9 nous identifions le plus d\u2019\u00e9v\u00e9nements de notre vie. C\u2019est sur ceux-ci que nos histoires et nos inspirations commencent. Pour cela Renner Italia a d\u00e9cid\u00e9 de pr\u00eater une attention particuli\u00e8re \u00e0 la formulation des vernis pour le parquet. VISITEZ LE [&hellip;]","og_url":"https:\/\/renneritalia.com\/fr\/vernici-per-il-parquet\/","og_site_name":"Renner Italia","article_modified_time":"2025-11-10T12:15:22+00:00","og_image":[{"url":"https:\/\/renneritalia.com\/wp-content\/uploads\/2023\/06\/logo_vernici_solid.png","type":"","width":"","height":""}],"twitter_card":"summary_large_image","twitter_misc":{"Dur\u00e9e de lecture estim\u00e9e":"2 minutes"},"schema":{"@context":"https:\/\/schema.org","@graph":[{"@type":"WebPage","@id":"https:\/\/renneritalia.com\/fr\/vernici-per-il-parquet\/","url":"https:\/\/renneritalia.com\/fr\/vernici-per-il-parquet\/","name":"Vernis pour parquet - Renner Italia","isPartOf":{"@id":"https:\/\/renneritalia.com\/#website"},"primaryImageOfPage":{"@id":"https:\/\/renneritalia.com\/fr\/vernici-per-il-parquet\/#primaryimage"},"image":{"@id":"https:\/\/renneritalia.com\/fr\/vernici-per-il-parquet\/#primaryimage"},"thumbnailUrl":"https:\/\/renneritalia.com\/wp-content\/uploads\/2023\/06\/logo_vernici_solid.png","datePublished":"2023-06-13T15:19:13+00:00","dateModified":"2025-11-10T12:15:22+00:00","breadcrumb":{"@id":"https:\/\/renneritalia.com\/fr\/vernici-per-il-parquet\/#breadcrumb"},"inLanguage":"fr-FR","potentialAction":[{"@type":"ReadAction","target":["https:\/\/renneritalia.com\/fr\/vernici-per-il-parquet\/"]}]},{"@type":"ImageObject","inLanguage":"fr-FR","@id":"https:\/\/renneritalia.com\/fr\/vernici-per-il-parquet\/#primaryimage","url":"https:\/\/renneritalia.com\/wp-content\/uploads\/2023\/06\/logo_vernici_solid.png","contentUrl":"https:\/\/renneritalia.com\/wp-content\/uploads\/2023\/06\/logo_vernici_solid.png"},{"@type":"BreadcrumbList","@id":"https:\/\/renneritalia.com\/fr\/vernici-per-il-parquet\/#breadcrumb","itemListElement":[{"@type":"ListItem","position":1,"name":"Home","item":"https:\/\/renneritalia.com\/fr\/"},{"@type":"ListItem","position":2,"name":"Vernis pour parquet"}]},{"@type":"WebSite","@id":"https:\/\/renneritalia.com\/#website","url":"https:\/\/renneritalia.com\/","name":"Renner Italia","description":"Coatings","publisher":{"@id":"https:\/\/renneritalia.com\/#organization"},"potentialAction":[{"@type":"SearchAction","target":{"@type":"EntryPoint","urlTemplate":"https:\/\/renneritalia.com\/?s={search_term_string}"},"query-input":{"@type":"PropertyValueSpecification","valueRequired":true,"valueName":"search_term_string"}}],"inLanguage":"fr-FR"},{"@type":"Organization","@id":"https:\/\/renneritalia.com\/#organization","name":"Renner Italia","url":"https:\/\/renneritalia.com\/","logo":{"@type":"ImageObject","inLanguage":"fr-FR","@id":"https:\/\/renneritalia.com\/#\/schema\/logo\/image\/","url":"https:\/\/renneritalia.com\/wp-content\/uploads\/2025\/03\/logo_renner_italia.svg","contentUrl":"https:\/\/renneritalia.com\/wp-content\/uploads\/2025\/03\/logo_renner_italia.svg","caption":"Renner Italia"},"image":{"@id":"https:\/\/renneritalia.com\/#\/schema\/logo\/image\/"}}]}},"_links":{"self":[{"href":"https:\/\/renneritalia.com\/fr\/wp-json\/wp\/v2\/pages\/82669","targetHints":{"allow":["GET"]}}],"collection":[{"href":"https:\/\/renneritalia.com\/fr\/wp-json\/wp\/v2\/pages"}],"about":[{"href":"https:\/\/renneritalia.com\/fr\/wp-json\/wp\/v2\/types\/page"}],"author":[{"embeddable":true,"href":"https:\/\/renneritalia.com\/fr\/wp-json\/wp\/v2\/users\/7"}],"replies":[{"embeddable":true,"href":"https:\/\/renneritalia.com\/fr\/wp-json\/wp\/v2\/comments?post=82669"}],"version-history":[{"count":10,"href":"https:\/\/renneritalia.com\/fr\/wp-json\/wp\/v2\/pages\/82669\/revisions"}],"predecessor-version":[{"id":101239,"href":"https:\/\/renneritalia.com\/fr\/wp-json\/wp\/v2\/pages\/82669\/revisions\/101239"}],"wp:attachment":[{"href":"https:\/\/renneritalia.com\/fr\/wp-json\/wp\/v2\/media?parent=82669"}],"wp:term":[{"taxonomy":"page-category","embeddable":true,"href":"https:\/\/renneritalia.com\/fr\/wp-json\/wp\/v2\/page-category?post=82669"}],"curies":[{"name":"wp","href":"https:\/\/api.w.org\/{rel}","templated":true}]}}