{"id":82621,"date":"2023-06-13T15:08:36","date_gmt":"2023-06-13T13:08:36","guid":{"rendered":"https:\/\/renneritalia.com\/vernici-per-il-privato\/"},"modified":"2025-11-10T13:15:21","modified_gmt":"2025-11-10T12:15:21","slug":"vernici-per-il-privato","status":"publish","type":"page","link":"https:\/\/renneritalia.com\/fr\/vernici-per-il-privato\/","title":{"rendered":"Vernis pour le particulier"},"content":{"rendered":"\t\t<div data-elementor-type=\"wp-page\" data-elementor-id=\"82621\" class=\"elementor elementor-82621 elementor-82254\" data-elementor-post-type=\"page\">\n\t\t\t\t\t\t<section class=\"has_eae_slider elementor-section elementor-top-section elementor-element elementor-element-60b2e3d elementor-section-height-min-height elementor-section-items-bottom elementor-section-boxed elementor-section-height-default\" data-eae-slider=\"39557\" data-id=\"60b2e3d\" data-element_type=\"section\" data-e-type=\"section\" data-settings=\"{&quot;jet_parallax_layout_list&quot;:[],&quot;background_background&quot;:&quot;classic&quot;}\">\n\t\t\t\t\t\t<div class=\"elementor-container elementor-column-gap-default\">\n\t\t\t\t\t<div class=\"has_eae_slider elementor-column elementor-col-100 elementor-top-column elementor-element elementor-element-a53a258\" data-eae-slider=\"58172\" data-id=\"a53a258\" data-element_type=\"column\" data-e-type=\"column\">\n\t\t\t<div class=\"elementor-widget-wrap elementor-element-populated\">\n\t\t\t\t\t\t<div class=\"elementor-element elementor-element-56b7863 elementor-widget elementor-widget-image\" data-id=\"56b7863\" data-element_type=\"widget\" data-e-type=\"widget\" data-widget_type=\"image.default\">\n\t\t\t\t<div class=\"elementor-widget-container\">\n\t\t\t\t\t\t\t\t\t\t\t\t\t\t\t<img fetchpriority=\"high\" decoding=\"async\" width=\"400\" height=\"140\" src=\"https:\/\/renneritalia.com\/wp-content\/uploads\/2023\/06\/logo_vernici_rio_verde.png\" class=\"attachment-large size-large wp-image-82267\" alt=\"\" srcset=\"https:\/\/renneritalia.com\/wp-content\/uploads\/2023\/06\/logo_vernici_rio_verde.png 400w, https:\/\/renneritalia.com\/wp-content\/uploads\/2023\/06\/logo_vernici_rio_verde-300x105.png 300w\" sizes=\"(max-width: 400px) 100vw, 400px\" \/>\t\t\t\t\t\t\t\t\t\t\t\t\t\t\t<\/div>\n\t\t\t\t<\/div>\n\t\t\t\t<section class=\"has_eae_slider elementor-section elementor-inner-section elementor-element elementor-element-f5a3b26 elementor-section-content-bottom elementor-section-boxed elementor-section-height-default elementor-section-height-default\" data-eae-slider=\"84397\" data-id=\"f5a3b26\" data-element_type=\"section\" data-e-type=\"section\" data-settings=\"{&quot;jet_parallax_layout_list&quot;:[]}\">\n\t\t\t\t\t\t<div class=\"elementor-container elementor-column-gap-default\">\n\t\t\t\t\t<div class=\"has_eae_slider elementor-column elementor-col-100 elementor-inner-column elementor-element elementor-element-369b22c\" data-eae-slider=\"10652\" data-id=\"369b22c\" data-element_type=\"column\" data-e-type=\"column\">\n\t\t\t<div class=\"elementor-widget-wrap elementor-element-populated\">\n\t\t\t\t\t\t<div class=\"elementor-element elementor-element-000a518 elementor-widget elementor-widget-text-editor\" data-id=\"000a518\" data-element_type=\"widget\" data-e-type=\"widget\" data-widget_type=\"text-editor.default\">\n\t\t\t\t<div class=\"elementor-widget-container\">\n\t\t\t\t\t\t\t\t\t<p>RIO VERDE<\/p>\t\t\t\t\t\t\t\t<\/div>\n\t\t\t\t<\/div>\n\t\t\t\t<div class=\"elementor-element elementor-element-815d1f6 elementor-widget elementor-widget-heading\" data-id=\"815d1f6\" data-element_type=\"widget\" data-e-type=\"widget\" data-widget_type=\"heading.default\">\n\t\t\t\t<div class=\"elementor-widget-container\">\n\t\t\t\t\t<h2 class=\"elementor-heading-title elementor-size-default\">Vernici per il privato<\/h2>\t\t\t\t<\/div>\n\t\t\t\t<\/div>\n\t\t\t\t\t<\/div>\n\t\t<\/div>\n\t\t\t\t\t<\/div>\n\t\t<\/section>\n\t\t\t\t\t<\/div>\n\t\t<\/div>\n\t\t\t\t\t<\/div>\n\t\t<\/section>\n\t\t\t\t<section class=\"has_eae_slider elementor-section elementor-top-section elementor-element elementor-element-e32b539 elementor-section-boxed elementor-section-height-default elementor-section-height-default\" data-eae-slider=\"48938\" data-id=\"e32b539\" data-element_type=\"section\" data-e-type=\"section\" data-settings=\"{&quot;jet_parallax_layout_list&quot;:[]}\">\n\t\t\t\t\t\t<div class=\"elementor-container elementor-column-gap-default\">\n\t\t\t\t\t<div class=\"has_eae_slider elementor-column elementor-col-50 elementor-top-column elementor-element elementor-element-c0db695\" data-eae-slider=\"82712\" data-id=\"c0db695\" data-element_type=\"column\" data-e-type=\"column\">\n\t\t\t<div class=\"elementor-widget-wrap elementor-element-populated\">\n\t\t\t\t\t\t<div class=\"elementor-element elementor-element-0268a64 elementor-widget elementor-widget-heading\" data-id=\"0268a64\" data-element_type=\"widget\" data-e-type=\"widget\" data-widget_type=\"heading.default\">\n\t\t\t\t<div class=\"elementor-widget-container\">\n\t\t\t\t\t<h2 class=\"elementor-heading-title elementor-size-default\">Qualit\u00e9 professionnelle \u00e0 la port\u00e9e de tous<\/h2>\t\t\t\t<\/div>\n\t\t\t\t<\/div>\n\t\t\t\t\t<\/div>\n\t\t<\/div>\n\t\t\t\t<div class=\"has_eae_slider elementor-column elementor-col-50 elementor-top-column elementor-element elementor-element-9bb982b\" data-eae-slider=\"56183\" data-id=\"9bb982b\" data-element_type=\"column\" data-e-type=\"column\">\n\t\t\t<div class=\"elementor-widget-wrap elementor-element-populated\">\n\t\t\t\t\t\t<div class=\"elementor-element elementor-element-997d360 elementor-widget elementor-widget-heading\" data-id=\"997d360\" data-element_type=\"widget\" data-e-type=\"widget\" data-widget_type=\"heading.default\">\n\t\t\t\t<div class=\"elementor-widget-container\">\n\t\t\t\t\t<h3 class=\"elementor-heading-title elementor-size-default\">Les vernis Rio Verde mettent \u00e0 la disposition de tous, la m\u00eame qualit\u00e9 requise par l\u2019industrie du meuble et de la menuiserie. Les solutions Rio Verde sont un concentr\u00e9 de technologie adress\u00e9 \u00e0 la d\u00e9coration, \u00e0 la protection et au soin du bois.<\/h3>\t\t\t\t<\/div>\n\t\t\t\t<\/div>\n\t\t\t\t\t<\/div>\n\t\t<\/div>\n\t\t\t\t\t<\/div>\n\t\t<\/section>\n\t\t\t\t<section class=\"has_eae_slider elementor-section elementor-top-section elementor-element elementor-element-d65a6a0 elementor-section-boxed elementor-section-height-default elementor-section-height-default\" data-eae-slider=\"12964\" data-id=\"d65a6a0\" data-element_type=\"section\" data-e-type=\"section\" data-settings=\"{&quot;jet_parallax_layout_list&quot;:[]}\">\n\t\t\t\t\t\t<div class=\"elementor-container elementor-column-gap-default\">\n\t\t\t\t\t<div class=\"has_eae_slider elementor-column elementor-col-100 elementor-top-column elementor-element elementor-element-eb6e6fd\" data-eae-slider=\"44175\" data-id=\"eb6e6fd\" data-element_type=\"column\" data-e-type=\"column\">\n\t\t\t<div class=\"elementor-widget-wrap elementor-element-populated\">\n\t\t\t\t\t\t<div class=\"elementor-element elementor-element-e34879b elementor-align-center elementor-widget elementor-widget-button\" data-id=\"e34879b\" data-element_type=\"widget\" data-e-type=\"widget\" data-widget_type=\"button.default\">\n\t\t\t\t<div class=\"elementor-widget-container\">\n\t\t\t\t\t\t\t\t\t<div class=\"elementor-button-wrapper\">\n\t\t\t\t\t<a class=\"elementor-button elementor-button-link elementor-size-sm\" href=\"http:\/\/www.vernicirioverde.it\/\" target=\"_blank\">\n\t\t\t\t\t\t<span class=\"elementor-button-content-wrapper\">\n\t\t\t\t\t\t\t\t\t<span class=\"elementor-button-text\">VISITEZ LE SITE<\/span>\n\t\t\t\t\t<\/span>\n\t\t\t\t\t<\/a>\n\t\t\t\t<\/div>\n\t\t\t\t\t\t\t\t<\/div>\n\t\t\t\t<\/div>\n\t\t\t\t\t<\/div>\n\t\t<\/div>\n\t\t\t\t\t<\/div>\n\t\t<\/section>\n\t\t\t\t<section class=\"has_eae_slider elementor-section elementor-top-section elementor-element elementor-element-98f12b8 elementor-section-boxed elementor-section-height-default elementor-section-height-default\" data-eae-slider=\"31910\" data-id=\"98f12b8\" data-element_type=\"section\" data-e-type=\"section\" data-settings=\"{&quot;jet_parallax_layout_list&quot;:[]}\">\n\t\t\t\t\t\t<div class=\"elementor-container elementor-column-gap-default\">\n\t\t\t\t\t<div class=\"has_eae_slider elementor-column elementor-col-50 elementor-top-column elementor-element elementor-element-3fb30a1\" data-eae-slider=\"6127\" data-id=\"3fb30a1\" data-element_type=\"column\" data-e-type=\"column\" data-settings=\"{&quot;background_background&quot;:&quot;classic&quot;}\">\n\t\t\t<div class=\"elementor-widget-wrap elementor-element-populated\">\n\t\t\t\t\t\t<div class=\"elementor-element elementor-element-daa2534 elementor-widget elementor-widget-heading\" data-id=\"daa2534\" data-element_type=\"widget\" data-e-type=\"widget\" data-widget_type=\"heading.default\">\n\t\t\t\t<div class=\"elementor-widget-container\">\n\t\t\t\t\t<h2 class=\"elementor-heading-title elementor-size-default\">Qu\u2019est-ce qu\u2019on veut vernir?<\/h2>\t\t\t\t<\/div>\n\t\t\t\t<\/div>\n\t\t\t\t<div class=\"elementor-element elementor-element-2026c37 elementor-widget elementor-widget-heading\" data-id=\"2026c37\" data-element_type=\"widget\" data-e-type=\"widget\" data-widget_type=\"heading.default\">\n\t\t\t\t<div class=\"elementor-widget-container\">\n\t\t\t\t\t<h3 class=\"elementor-heading-title elementor-size-default\">Meubles et compl\u00e9ments de meubles, fen\u00eatres et persiennes, rev\u00eatements et pergola, cl\u00f4tures et chalets de jardin \u2026<\/h3>\t\t\t\t<\/div>\n\t\t\t\t<\/div>\n\t\t\t\t<div class=\"elementor-element elementor-element-3a46138 elementor-widget elementor-widget-text-editor\" data-id=\"3a46138\" data-element_type=\"widget\" data-e-type=\"widget\" data-widget_type=\"text-editor.default\">\n\t\t\t\t<div class=\"elementor-widget-container\">\n\t\t\t\t\t\t\t\t\t<p>Les objets en bois donnent une \u00e2me au monde.<br \/>Cela les rend chauds et \u00e9l\u00e9gants, confortables et accueillants.<br \/>D\u00e9couvrez comment les d\u00e9corer et les prot\u00e9ger.<\/p><p>C\u2019est le moment de redonner une couche de peinture? Faites-le avec Rio Verde!<\/p>\t\t\t\t\t\t\t\t<\/div>\n\t\t\t\t<\/div>\n\t\t\t\t\t<\/div>\n\t\t<\/div>\n\t\t\t\t<div class=\"has_eae_slider elementor-column elementor-col-50 elementor-top-column elementor-element elementor-element-b849f74\" data-eae-slider=\"32552\" data-id=\"b849f74\" data-element_type=\"column\" data-e-type=\"column\" data-settings=\"{&quot;background_background&quot;:&quot;classic&quot;}\">\n\t\t\t<div class=\"elementor-widget-wrap elementor-element-populated\">\n\t\t\t\t\t\t<div class=\"elementor-element elementor-element-b9c9b47 elementor-hidden-desktop elementor-hidden-tablet elementor-widget elementor-widget-spacer\" data-id=\"b9c9b47\" data-element_type=\"widget\" data-e-type=\"widget\" data-widget_type=\"spacer.default\">\n\t\t\t\t<div class=\"elementor-widget-container\">\n\t\t\t\t\t\t\t<div class=\"elementor-spacer\">\n\t\t\t<div class=\"elementor-spacer-inner\"><\/div>\n\t\t<\/div>\n\t\t\t\t\t\t<\/div>\n\t\t\t\t<\/div>\n\t\t\t\t\t<\/div>\n\t\t<\/div>\n\t\t\t\t\t<\/div>\n\t\t<\/section>\n\t\t\t\t<section class=\"has_eae_slider elementor-section elementor-top-section elementor-element elementor-element-ace7526 elementor-section-boxed elementor-section-height-default elementor-section-height-default\" data-eae-slider=\"63638\" data-id=\"ace7526\" data-element_type=\"section\" data-e-type=\"section\" data-settings=\"{&quot;jet_parallax_layout_list&quot;:[],&quot;background_background&quot;:&quot;classic&quot;}\">\n\t\t\t\t\t\t<div class=\"elementor-container elementor-column-gap-default\">\n\t\t\t\t\t<div class=\"has_eae_slider elementor-column elementor-col-100 elementor-top-column elementor-element elementor-element-6c86d03\" data-eae-slider=\"36679\" data-id=\"6c86d03\" data-element_type=\"column\" data-e-type=\"column\">\n\t\t\t<div class=\"elementor-widget-wrap elementor-element-populated\">\n\t\t\t\t\t\t<div class=\"elementor-element elementor-element-fe460ae elementor-widget elementor-widget-video\" data-id=\"fe460ae\" data-element_type=\"widget\" data-e-type=\"widget\" data-settings=\"{&quot;youtube_url&quot;:&quot;https:\\\/\\\/www.youtube.com\\\/embed\\\/PcGNdkemQPs&quot;,&quot;loop&quot;:&quot;yes&quot;,&quot;show_image_overlay&quot;:&quot;yes&quot;,&quot;image_overlay&quot;:{&quot;url&quot;:&quot;https:\\\/\\\/renneritalia.com\\\/wp-content\\\/uploads\\\/2023\\\/06\\\/player_video_rioverde.jpg&quot;,&quot;id&quot;:82331,&quot;size&quot;:&quot;&quot;,&quot;alt&quot;:&quot;&quot;,&quot;source&quot;:&quot;library&quot;},&quot;video_type&quot;:&quot;youtube&quot;,&quot;controls&quot;:&quot;yes&quot;}\" data-widget_type=\"video.default\">\n\t\t\t\t<div class=\"elementor-widget-container\">\n\t\t\t\t\t\t\t<div class=\"elementor-wrapper elementor-open-inline\">\n\t\t\t<div class=\"elementor-video\"><\/div>\t\t\t\t<div class=\"elementor-custom-embed-image-overlay\" style=\"background-image: url(https:\/\/renneritalia.com\/wp-content\/uploads\/2023\/06\/player_video_rioverde.jpg);\">\n\t\t\t\t\t\t\t\t\t\t\t\t\t\t<\/div>\n\t\t\t\t\t<\/div>\n\t\t\t\t\t\t<\/div>\n\t\t\t\t<\/div>\n\t\t\t\t\t<\/div>\n\t\t<\/div>\n\t\t\t\t\t<\/div>\n\t\t<\/section>\n\t\t\t\t<\/div>\n\t\t","protected":false},"excerpt":{"rendered":"<p>RIO VERDE Vernici per il privato Qualit\u00e9 professionnelle \u00e0 la port\u00e9e de tous Les vernis Rio Verde mettent \u00e0 la disposition de tous, la m\u00eame qualit\u00e9 requise par l\u2019industrie du meuble et de la menuiserie. Les solutions Rio Verde sont un concentr\u00e9 de technologie adress\u00e9 \u00e0 la d\u00e9coration, \u00e0 la protection et au soin du [&hellip;]<\/p>\n","protected":false},"author":7,"featured_media":0,"parent":0,"menu_order":0,"comment_status":"closed","ping_status":"closed","template":"","meta":{"footnotes":""},"page-category":[4045],"class_list":["post-82621","page","type-page","status-publish","hentry","page-category-wood-coatings"],"yoast_head":"<!-- This site is optimized with the Yoast SEO plugin v27.5 - https:\/\/yoast.com\/product\/yoast-seo-wordpress\/ -->\n<title>Vernis pour le particulier - Renner Italia<\/title>\n<meta name=\"robots\" content=\"index, follow, max-snippet:-1, max-image-preview:large, max-video-preview:-1\" \/>\n<link rel=\"canonical\" href=\"https:\/\/renneritalia.com\/fr\/vernici-per-il-privato\/\" \/>\n<meta property=\"og:locale\" content=\"fr_FR\" \/>\n<meta property=\"og:type\" content=\"article\" \/>\n<meta property=\"og:title\" content=\"Vernis pour le particulier - Renner Italia\" \/>\n<meta property=\"og:description\" content=\"RIO VERDE Vernici per il privato Qualit\u00e9 professionnelle \u00e0 la port\u00e9e de tous Les vernis Rio Verde mettent \u00e0 la disposition de tous, la m\u00eame qualit\u00e9 requise par l\u2019industrie du meuble et de la menuiserie. Les solutions Rio Verde sont un concentr\u00e9 de technologie adress\u00e9 \u00e0 la d\u00e9coration, \u00e0 la protection et au soin du [&hellip;]\" \/>\n<meta property=\"og:url\" content=\"https:\/\/renneritalia.com\/fr\/vernici-per-il-privato\/\" \/>\n<meta property=\"og:site_name\" content=\"Renner Italia\" \/>\n<meta property=\"article:modified_time\" content=\"2025-11-10T12:15:21+00:00\" \/>\n<meta property=\"og:image\" content=\"https:\/\/renneritalia.com\/wp-content\/uploads\/2023\/06\/logo_vernici_rio_verde.png\" \/>\n<meta name=\"twitter:card\" content=\"summary_large_image\" \/>\n<meta name=\"twitter:label1\" content=\"Dur\u00e9e de lecture estim\u00e9e\" \/>\n\t<meta name=\"twitter:data1\" content=\"1 minute\" \/>\n<script type=\"application\/ld+json\" class=\"yoast-schema-graph\">{\"@context\":\"https:\\\/\\\/schema.org\",\"@graph\":[{\"@type\":\"WebPage\",\"@id\":\"https:\\\/\\\/renneritalia.com\\\/fr\\\/vernici-per-il-privato\\\/\",\"url\":\"https:\\\/\\\/renneritalia.com\\\/fr\\\/vernici-per-il-privato\\\/\",\"name\":\"Vernis pour le particulier - Renner Italia\",\"isPartOf\":{\"@id\":\"https:\\\/\\\/renneritalia.com\\\/#website\"},\"primaryImageOfPage\":{\"@id\":\"https:\\\/\\\/renneritalia.com\\\/fr\\\/vernici-per-il-privato\\\/#primaryimage\"},\"image\":{\"@id\":\"https:\\\/\\\/renneritalia.com\\\/fr\\\/vernici-per-il-privato\\\/#primaryimage\"},\"thumbnailUrl\":\"https:\\\/\\\/renneritalia.com\\\/wp-content\\\/uploads\\\/2023\\\/06\\\/logo_vernici_rio_verde.png\",\"datePublished\":\"2023-06-13T13:08:36+00:00\",\"dateModified\":\"2025-11-10T12:15:21+00:00\",\"breadcrumb\":{\"@id\":\"https:\\\/\\\/renneritalia.com\\\/fr\\\/vernici-per-il-privato\\\/#breadcrumb\"},\"inLanguage\":\"fr-FR\",\"potentialAction\":[{\"@type\":\"ReadAction\",\"target\":[\"https:\\\/\\\/renneritalia.com\\\/fr\\\/vernici-per-il-privato\\\/\"]}]},{\"@type\":\"ImageObject\",\"inLanguage\":\"fr-FR\",\"@id\":\"https:\\\/\\\/renneritalia.com\\\/fr\\\/vernici-per-il-privato\\\/#primaryimage\",\"url\":\"https:\\\/\\\/renneritalia.com\\\/wp-content\\\/uploads\\\/2023\\\/06\\\/logo_vernici_rio_verde.png\",\"contentUrl\":\"https:\\\/\\\/renneritalia.com\\\/wp-content\\\/uploads\\\/2023\\\/06\\\/logo_vernici_rio_verde.png\"},{\"@type\":\"BreadcrumbList\",\"@id\":\"https:\\\/\\\/renneritalia.com\\\/fr\\\/vernici-per-il-privato\\\/#breadcrumb\",\"itemListElement\":[{\"@type\":\"ListItem\",\"position\":1,\"name\":\"Home\",\"item\":\"https:\\\/\\\/renneritalia.com\\\/fr\\\/\"},{\"@type\":\"ListItem\",\"position\":2,\"name\":\"Vernis pour le particulier\"}]},{\"@type\":\"WebSite\",\"@id\":\"https:\\\/\\\/renneritalia.com\\\/#website\",\"url\":\"https:\\\/\\\/renneritalia.com\\\/\",\"name\":\"Renner Italia\",\"description\":\"Coatings\",\"publisher\":{\"@id\":\"https:\\\/\\\/renneritalia.com\\\/#organization\"},\"potentialAction\":[{\"@type\":\"SearchAction\",\"target\":{\"@type\":\"EntryPoint\",\"urlTemplate\":\"https:\\\/\\\/renneritalia.com\\\/?s={search_term_string}\"},\"query-input\":{\"@type\":\"PropertyValueSpecification\",\"valueRequired\":true,\"valueName\":\"search_term_string\"}}],\"inLanguage\":\"fr-FR\"},{\"@type\":\"Organization\",\"@id\":\"https:\\\/\\\/renneritalia.com\\\/#organization\",\"name\":\"Renner Italia\",\"url\":\"https:\\\/\\\/renneritalia.com\\\/\",\"logo\":{\"@type\":\"ImageObject\",\"inLanguage\":\"fr-FR\",\"@id\":\"https:\\\/\\\/renneritalia.com\\\/#\\\/schema\\\/logo\\\/image\\\/\",\"url\":\"https:\\\/\\\/renneritalia.com\\\/wp-content\\\/uploads\\\/2025\\\/03\\\/logo_renner_italia.svg\",\"contentUrl\":\"https:\\\/\\\/renneritalia.com\\\/wp-content\\\/uploads\\\/2025\\\/03\\\/logo_renner_italia.svg\",\"caption\":\"Renner Italia\"},\"image\":{\"@id\":\"https:\\\/\\\/renneritalia.com\\\/#\\\/schema\\\/logo\\\/image\\\/\"}}]}<\/script>\n<!-- \/ Yoast SEO plugin. -->","yoast_head_json":{"title":"Vernis pour le particulier - Renner Italia","robots":{"index":"index","follow":"follow","max-snippet":"max-snippet:-1","max-image-preview":"max-image-preview:large","max-video-preview":"max-video-preview:-1"},"canonical":"https:\/\/renneritalia.com\/fr\/vernici-per-il-privato\/","og_locale":"fr_FR","og_type":"article","og_title":"Vernis pour le particulier - Renner Italia","og_description":"RIO VERDE Vernici per il privato Qualit\u00e9 professionnelle \u00e0 la port\u00e9e de tous Les vernis Rio Verde mettent \u00e0 la disposition de tous, la m\u00eame qualit\u00e9 requise par l\u2019industrie du meuble et de la menuiserie. Les solutions Rio Verde sont un concentr\u00e9 de technologie adress\u00e9 \u00e0 la d\u00e9coration, \u00e0 la protection et au soin du [&hellip;]","og_url":"https:\/\/renneritalia.com\/fr\/vernici-per-il-privato\/","og_site_name":"Renner Italia","article_modified_time":"2025-11-10T12:15:21+00:00","og_image":[{"url":"https:\/\/renneritalia.com\/wp-content\/uploads\/2023\/06\/logo_vernici_rio_verde.png","type":"","width":"","height":""}],"twitter_card":"summary_large_image","twitter_misc":{"Dur\u00e9e de lecture estim\u00e9e":"1 minute"},"schema":{"@context":"https:\/\/schema.org","@graph":[{"@type":"WebPage","@id":"https:\/\/renneritalia.com\/fr\/vernici-per-il-privato\/","url":"https:\/\/renneritalia.com\/fr\/vernici-per-il-privato\/","name":"Vernis pour le particulier - Renner Italia","isPartOf":{"@id":"https:\/\/renneritalia.com\/#website"},"primaryImageOfPage":{"@id":"https:\/\/renneritalia.com\/fr\/vernici-per-il-privato\/#primaryimage"},"image":{"@id":"https:\/\/renneritalia.com\/fr\/vernici-per-il-privato\/#primaryimage"},"thumbnailUrl":"https:\/\/renneritalia.com\/wp-content\/uploads\/2023\/06\/logo_vernici_rio_verde.png","datePublished":"2023-06-13T13:08:36+00:00","dateModified":"2025-11-10T12:15:21+00:00","breadcrumb":{"@id":"https:\/\/renneritalia.com\/fr\/vernici-per-il-privato\/#breadcrumb"},"inLanguage":"fr-FR","potentialAction":[{"@type":"ReadAction","target":["https:\/\/renneritalia.com\/fr\/vernici-per-il-privato\/"]}]},{"@type":"ImageObject","inLanguage":"fr-FR","@id":"https:\/\/renneritalia.com\/fr\/vernici-per-il-privato\/#primaryimage","url":"https:\/\/renneritalia.com\/wp-content\/uploads\/2023\/06\/logo_vernici_rio_verde.png","contentUrl":"https:\/\/renneritalia.com\/wp-content\/uploads\/2023\/06\/logo_vernici_rio_verde.png"},{"@type":"BreadcrumbList","@id":"https:\/\/renneritalia.com\/fr\/vernici-per-il-privato\/#breadcrumb","itemListElement":[{"@type":"ListItem","position":1,"name":"Home","item":"https:\/\/renneritalia.com\/fr\/"},{"@type":"ListItem","position":2,"name":"Vernis pour le particulier"}]},{"@type":"WebSite","@id":"https:\/\/renneritalia.com\/#website","url":"https:\/\/renneritalia.com\/","name":"Renner Italia","description":"Coatings","publisher":{"@id":"https:\/\/renneritalia.com\/#organization"},"potentialAction":[{"@type":"SearchAction","target":{"@type":"EntryPoint","urlTemplate":"https:\/\/renneritalia.com\/?s={search_term_string}"},"query-input":{"@type":"PropertyValueSpecification","valueRequired":true,"valueName":"search_term_string"}}],"inLanguage":"fr-FR"},{"@type":"Organization","@id":"https:\/\/renneritalia.com\/#organization","name":"Renner Italia","url":"https:\/\/renneritalia.com\/","logo":{"@type":"ImageObject","inLanguage":"fr-FR","@id":"https:\/\/renneritalia.com\/#\/schema\/logo\/image\/","url":"https:\/\/renneritalia.com\/wp-content\/uploads\/2025\/03\/logo_renner_italia.svg","contentUrl":"https:\/\/renneritalia.com\/wp-content\/uploads\/2025\/03\/logo_renner_italia.svg","caption":"Renner Italia"},"image":{"@id":"https:\/\/renneritalia.com\/#\/schema\/logo\/image\/"}}]}},"_links":{"self":[{"href":"https:\/\/renneritalia.com\/fr\/wp-json\/wp\/v2\/pages\/82621","targetHints":{"allow":["GET"]}}],"collection":[{"href":"https:\/\/renneritalia.com\/fr\/wp-json\/wp\/v2\/pages"}],"about":[{"href":"https:\/\/renneritalia.com\/fr\/wp-json\/wp\/v2\/types\/page"}],"author":[{"embeddable":true,"href":"https:\/\/renneritalia.com\/fr\/wp-json\/wp\/v2\/users\/7"}],"replies":[{"embeddable":true,"href":"https:\/\/renneritalia.com\/fr\/wp-json\/wp\/v2\/comments?post=82621"}],"version-history":[{"count":10,"href":"https:\/\/renneritalia.com\/fr\/wp-json\/wp\/v2\/pages\/82621\/revisions"}],"predecessor-version":[{"id":86061,"href":"https:\/\/renneritalia.com\/fr\/wp-json\/wp\/v2\/pages\/82621\/revisions\/86061"}],"wp:attachment":[{"href":"https:\/\/renneritalia.com\/fr\/wp-json\/wp\/v2\/media?parent=82621"}],"wp:term":[{"taxonomy":"page-category","embeddable":true,"href":"https:\/\/renneritalia.com\/fr\/wp-json\/wp\/v2\/page-category?post=82621"}],"curies":[{"name":"wp","href":"https:\/\/api.w.org\/{rel}","templated":true}]}}