{"id":107588,"date":"2024-05-20T12:30:56","date_gmt":"2024-05-20T10:30:56","guid":{"rendered":"https:\/\/renneritalia.com\/vernici-per-il-metallo\/"},"modified":"2025-11-10T17:32:15","modified_gmt":"2025-11-10T16:32:15","slug":"vernici-per-il-metallo","status":"publish","type":"page","link":"https:\/\/renneritalia.com\/fr\/vernici-per-il-metallo\/","title":{"rendered":"FT m\u00e9tal"},"content":{"rendered":"\t\t<div data-elementor-type=\"wp-page\" data-elementor-id=\"107588\" class=\"elementor elementor-107588 elementor-98325\" data-elementor-post-type=\"page\">\n\t\t\t\t<div class=\"has_eae_slider elementor-element elementor-element-5c8ffa0 e-flex e-con-boxed e-con e-parent\" data-eae-slider=\"23074\" data-id=\"5c8ffa0\" data-element_type=\"container\" data-e-type=\"container\" data-settings=\"{&quot;jet_parallax_layout_list&quot;:[],&quot;background_background&quot;:&quot;classic&quot;}\">\n\t\t\t\t\t<div class=\"e-con-inner\">\n\t\t<div class=\"has_eae_slider elementor-element elementor-element-91a9322 e-con-full e-flex e-con e-child\" data-eae-slider=\"67665\" data-id=\"91a9322\" data-element_type=\"container\" data-e-type=\"container\" data-settings=\"{&quot;jet_parallax_layout_list&quot;:[]}\">\n\t\t\t\t<div class=\"elementor-element elementor-element-a842dec elementor-widget elementor-widget-image\" data-id=\"a842dec\" data-element_type=\"widget\" data-e-type=\"widget\" data-widget_type=\"image.default\">\n\t\t\t\t<div class=\"elementor-widget-container\">\n\t\t\t\t\t\t\t\t\t\t\t\t\t\t\t<img decoding=\"async\" src=\"https:\/\/renneritalia.com\/wp-content\/uploads\/2024\/02\/logo_metallico.svg\" class=\"attachment-full size-full wp-image-93720\" alt=\"\" \/>\t\t\t\t\t\t\t\t\t\t\t\t\t\t\t<\/div>\n\t\t\t\t<\/div>\n\t\t\t\t<\/div>\n\t\t\t\t\t<\/div>\n\t\t\t\t<\/div>\n\t\t<div class=\"has_eae_slider elementor-element elementor-element-de4d05f tds-contenitore e-flex e-con-boxed e-con e-parent\" data-eae-slider=\"61029\" data-id=\"de4d05f\" data-element_type=\"container\" data-e-type=\"container\" data-settings=\"{&quot;jet_parallax_layout_list&quot;:[]}\">\n\t\t\t\t\t<div class=\"e-con-inner\">\n\t\t\t\t<div class=\"elementor-element elementor-element-10f7365 elementor-widget elementor-widget-heading\" data-id=\"10f7365\" data-element_type=\"widget\" data-e-type=\"widget\" data-widget_type=\"heading.default\">\n\t\t\t\t<div class=\"elementor-widget-container\">\n\t\t\t\t\t<h2 class=\"elementor-heading-title elementor-size-default\"><span class=\"testo-titoli\">Les vernis industriels\u200b<\/span><\/h2>\t\t\t\t<\/div>\n\t\t\t\t<\/div>\n\t\t\t\t<div class=\"elementor-element elementor-element-610d95b elementor-widget elementor-widget-heading\" data-id=\"610d95b\" data-element_type=\"widget\" data-e-type=\"widget\" data-widget_type=\"heading.default\">\n\t\t\t\t<div class=\"elementor-widget-container\">\n\t\t\t\t\t<h2 class=\"elementor-heading-title elementor-size-default\"><span class=\"testo-titoli\">Une gamme compl\u00e8te, \u00e0 base d'eau et de solvant, pour r\u00e9pondre \u00e0 tous les besoins d'application.<br>\nS\u00e9lectionnez le produit qui vous convient et consultez les fiches.<\/span><\/h2>\t\t\t\t<\/div>\n\t\t\t\t<\/div>\n\t\t\t\t\t<\/div>\n\t\t\t\t<\/div>\n\t\t<div class=\"has_eae_slider elementor-element elementor-element-9c8a2b7 tds-contenitore e-flex e-con-boxed e-con e-parent\" data-eae-slider=\"66943\" data-id=\"9c8a2b7\" data-element_type=\"container\" data-e-type=\"container\" data-settings=\"{&quot;jet_parallax_layout_list&quot;:[]}\">\n\t\t\t\t\t<div class=\"e-con-inner\">\n\t\t<div class=\"has_eae_slider elementor-element elementor-element-7993265 e-con-full tds-contenitore e-flex e-con e-child\" data-eae-slider=\"56051\" data-id=\"7993265\" data-element_type=\"container\" data-e-type=\"container\" data-settings=\"{&quot;jet_parallax_layout_list&quot;:[],&quot;sticky&quot;:&quot;top&quot;,&quot;sticky_offset&quot;:50,&quot;sticky_parent&quot;:&quot;yes&quot;,&quot;sticky_on&quot;:[&quot;desktop&quot;,&quot;tablet&quot;,&quot;mobile&quot;],&quot;sticky_effects_offset&quot;:0,&quot;sticky_anchor_link_offset&quot;:0}\">\n\t\t\t\t<div class=\"elementor-element elementor-element-d3ce6b8 elementor-widget elementor-widget-spacer\" data-id=\"d3ce6b8\" data-element_type=\"widget\" data-e-type=\"widget\" data-widget_type=\"spacer.default\">\n\t\t\t\t<div class=\"elementor-widget-container\">\n\t\t\t\t\t\t\t<div class=\"elementor-spacer\">\n\t\t\t<div class=\"elementor-spacer-inner\"><\/div>\n\t\t<\/div>\n\t\t\t\t\t\t<\/div>\n\t\t\t\t<\/div>\n\t\t\t\t<\/div>\n\t\t\t\t<div class=\"elementor-element elementor-element-4d58bdc elementor-widget elementor-widget-shortcode\" data-id=\"4d58bdc\" data-element_type=\"widget\" data-e-type=\"widget\" data-settings=\"{&quot;sticky_offset&quot;:80,&quot;sticky_parent&quot;:&quot;yes&quot;,&quot;sticky&quot;:&quot;top&quot;,&quot;sticky_on&quot;:[&quot;desktop&quot;,&quot;tablet&quot;,&quot;mobile&quot;],&quot;sticky_effects_offset&quot;:0,&quot;sticky_anchor_link_offset&quot;:0}\" data-widget_type=\"shortcode.default\">\n\t\t\t\t<div class=\"elementor-widget-container\">\n\t\t\t\t\t\t\t<div class=\"elementor-shortcode\">[tds_filter_bar placeholder=\"Recherche par code ou nom...\"]<\/div>\n\t\t\t\t\t\t<\/div>\n\t\t\t\t<\/div>\n\t\t\t\t<div class=\"elementor-element elementor-element-85e694a elementor-widget elementor-widget-shortcode\" data-id=\"85e694a\" data-element_type=\"widget\" data-e-type=\"widget\" data-widget_type=\"shortcode.default\">\n\t\t\t\t<div class=\"elementor-widget-container\">\n\t\t\t\t\t\t\t<div class=\"elementor-shortcode\">[tabella_tds url=\"https:\/\/renneritalia.com\/wp-content\/uploads\/tdsmetal\/csv\/fr.csv\" view=\"grid\" theme=\"dark\" label_pagina=\"Fiche produit\" label_pdf=\"Telecharger le PDF\"]<\/div>\n\t\t\t\t\t\t<\/div>\n\t\t\t\t<\/div>\n\t\t\t\t\t<\/div>\n\t\t\t\t<\/div>\n\t\t\t\t<\/div>\n\t\t","protected":false},"excerpt":{"rendered":"<p>Les vernis industriels\u200b Une gamme compl\u00e8te, \u00e0 base d&rsquo;eau et de solvant, pour r\u00e9pondre \u00e0 tous les besoins d&rsquo;application. S\u00e9lectionnez le produit qui vous convient et consultez les fiches. [tds_filter_bar placeholder=\u00a0\u00bbRecherche par code ou nom&#8230;\u00a0\u00bb][tabella_tds url=\u00a0\u00bbhttps:\/\/renneritalia.com\/wp-content\/uploads\/tdsmetal\/csv\/fr.csv\u00a0\u00bb view=\u00a0\u00bbgrid\u00a0\u00bb theme=\u00a0\u00bbdark\u00a0\u00bb label_pagina=\u00a0\u00bbFiche produit\u00a0\u00bb label_pdf=\u00a0\u00bbTelecharger le PDF\u00a0\u00bb]<\/p>\n","protected":false},"author":7,"featured_media":0,"parent":0,"menu_order":0,"comment_status":"closed","ping_status":"closed","template":"","meta":{"footnotes":""},"page-category":[3242],"class_list":["post-107588","page","type-page","status-publish","hentry","page-category-industrial-coatings"],"yoast_head":"<!-- This site is optimized with the Yoast SEO plugin v27.4 - https:\/\/yoast.com\/product\/yoast-seo-wordpress\/ -->\n<title>FT m\u00e9tal - Renner Italia<\/title>\n<meta name=\"robots\" content=\"index, follow, max-snippet:-1, max-image-preview:large, max-video-preview:-1\" \/>\n<link rel=\"canonical\" href=\"https:\/\/renneritalia.com\/fr\/vernici-per-il-metallo\/\" \/>\n<meta property=\"og:locale\" content=\"fr_FR\" \/>\n<meta property=\"og:type\" content=\"article\" \/>\n<meta property=\"og:title\" content=\"FT m\u00e9tal - Renner Italia\" \/>\n<meta property=\"og:description\" content=\"Les vernis industriels\u200b Une gamme compl\u00e8te, \u00e0 base d&rsquo;eau et de solvant, pour r\u00e9pondre \u00e0 tous les besoins d&rsquo;application. S\u00e9lectionnez le produit qui vous convient et consultez les fiches. [tds_filter_bar placeholder=\u00a0\u00bbRecherche par code ou nom&#8230;\u00a0\u00bb][tabella_tds url=\u00a0\u00bbhttps:\/\/renneritalia.com\/wp-content\/uploads\/tdsmetal\/csv\/fr.csv\u00a0\u00bb view=\u00a0\u00bbgrid\u00a0\u00bb theme=\u00a0\u00bbdark\u00a0\u00bb label_pagina=\u00a0\u00bbFiche produit\u00a0\u00bb label_pdf=\u00a0\u00bbTelecharger le PDF\u00a0\u00bb]\" \/>\n<meta property=\"og:url\" content=\"https:\/\/renneritalia.com\/fr\/vernici-per-il-metallo\/\" \/>\n<meta property=\"og:site_name\" content=\"Renner Italia\" \/>\n<meta property=\"article:modified_time\" content=\"2025-11-10T16:32:15+00:00\" \/>\n<meta property=\"og:image\" content=\"https:\/\/renneritalia.com\/wp-content\/uploads\/2024\/02\/logo_metallico.svg\" \/>\n<meta name=\"twitter:card\" content=\"summary_large_image\" \/>\n<meta name=\"twitter:label1\" content=\"Dur\u00e9e de lecture estim\u00e9e\" \/>\n\t<meta name=\"twitter:data1\" content=\"1 minute\" \/>\n<script type=\"application\/ld+json\" class=\"yoast-schema-graph\">{\"@context\":\"https:\\\/\\\/schema.org\",\"@graph\":[{\"@type\":\"WebPage\",\"@id\":\"https:\\\/\\\/renneritalia.com\\\/fr\\\/vernici-per-il-metallo\\\/\",\"url\":\"https:\\\/\\\/renneritalia.com\\\/fr\\\/vernici-per-il-metallo\\\/\",\"name\":\"FT m\u00e9tal - Renner Italia\",\"isPartOf\":{\"@id\":\"https:\\\/\\\/renneritalia.com\\\/#website\"},\"primaryImageOfPage\":{\"@id\":\"https:\\\/\\\/renneritalia.com\\\/fr\\\/vernici-per-il-metallo\\\/#primaryimage\"},\"image\":{\"@id\":\"https:\\\/\\\/renneritalia.com\\\/fr\\\/vernici-per-il-metallo\\\/#primaryimage\"},\"thumbnailUrl\":\"https:\\\/\\\/renneritalia.com\\\/wp-content\\\/uploads\\\/2024\\\/02\\\/logo_metallico.svg\",\"datePublished\":\"2024-05-20T10:30:56+00:00\",\"dateModified\":\"2025-11-10T16:32:15+00:00\",\"breadcrumb\":{\"@id\":\"https:\\\/\\\/renneritalia.com\\\/fr\\\/vernici-per-il-metallo\\\/#breadcrumb\"},\"inLanguage\":\"fr-FR\",\"potentialAction\":[{\"@type\":\"ReadAction\",\"target\":[\"https:\\\/\\\/renneritalia.com\\\/fr\\\/vernici-per-il-metallo\\\/\"]}]},{\"@type\":\"ImageObject\",\"inLanguage\":\"fr-FR\",\"@id\":\"https:\\\/\\\/renneritalia.com\\\/fr\\\/vernici-per-il-metallo\\\/#primaryimage\",\"url\":\"https:\\\/\\\/renneritalia.com\\\/wp-content\\\/uploads\\\/2024\\\/02\\\/logo_metallico.svg\",\"contentUrl\":\"https:\\\/\\\/renneritalia.com\\\/wp-content\\\/uploads\\\/2024\\\/02\\\/logo_metallico.svg\"},{\"@type\":\"BreadcrumbList\",\"@id\":\"https:\\\/\\\/renneritalia.com\\\/fr\\\/vernici-per-il-metallo\\\/#breadcrumb\",\"itemListElement\":[{\"@type\":\"ListItem\",\"position\":1,\"name\":\"Home\",\"item\":\"https:\\\/\\\/renneritalia.com\\\/fr\\\/\"},{\"@type\":\"ListItem\",\"position\":2,\"name\":\"FT m\u00e9tal\"}]},{\"@type\":\"WebSite\",\"@id\":\"https:\\\/\\\/renneritalia.com\\\/#website\",\"url\":\"https:\\\/\\\/renneritalia.com\\\/\",\"name\":\"Renner Italia\",\"description\":\"Coatings\",\"publisher\":{\"@id\":\"https:\\\/\\\/renneritalia.com\\\/#organization\"},\"potentialAction\":[{\"@type\":\"SearchAction\",\"target\":{\"@type\":\"EntryPoint\",\"urlTemplate\":\"https:\\\/\\\/renneritalia.com\\\/?s={search_term_string}\"},\"query-input\":{\"@type\":\"PropertyValueSpecification\",\"valueRequired\":true,\"valueName\":\"search_term_string\"}}],\"inLanguage\":\"fr-FR\"},{\"@type\":\"Organization\",\"@id\":\"https:\\\/\\\/renneritalia.com\\\/#organization\",\"name\":\"Renner Italia\",\"url\":\"https:\\\/\\\/renneritalia.com\\\/\",\"logo\":{\"@type\":\"ImageObject\",\"inLanguage\":\"fr-FR\",\"@id\":\"https:\\\/\\\/renneritalia.com\\\/#\\\/schema\\\/logo\\\/image\\\/\",\"url\":\"https:\\\/\\\/renneritalia.com\\\/wp-content\\\/uploads\\\/2025\\\/03\\\/logo_renner_italia.svg\",\"contentUrl\":\"https:\\\/\\\/renneritalia.com\\\/wp-content\\\/uploads\\\/2025\\\/03\\\/logo_renner_italia.svg\",\"caption\":\"Renner Italia\"},\"image\":{\"@id\":\"https:\\\/\\\/renneritalia.com\\\/#\\\/schema\\\/logo\\\/image\\\/\"}}]}<\/script>\n<!-- \/ Yoast SEO plugin. -->","yoast_head_json":{"title":"FT m\u00e9tal - Renner Italia","robots":{"index":"index","follow":"follow","max-snippet":"max-snippet:-1","max-image-preview":"max-image-preview:large","max-video-preview":"max-video-preview:-1"},"canonical":"https:\/\/renneritalia.com\/fr\/vernici-per-il-metallo\/","og_locale":"fr_FR","og_type":"article","og_title":"FT m\u00e9tal - Renner Italia","og_description":"Les vernis industriels\u200b Une gamme compl\u00e8te, \u00e0 base d&rsquo;eau et de solvant, pour r\u00e9pondre \u00e0 tous les besoins d&rsquo;application. S\u00e9lectionnez le produit qui vous convient et consultez les fiches. [tds_filter_bar placeholder=\u00a0\u00bbRecherche par code ou nom&#8230;\u00a0\u00bb][tabella_tds url=\u00a0\u00bbhttps:\/\/renneritalia.com\/wp-content\/uploads\/tdsmetal\/csv\/fr.csv\u00a0\u00bb view=\u00a0\u00bbgrid\u00a0\u00bb theme=\u00a0\u00bbdark\u00a0\u00bb label_pagina=\u00a0\u00bbFiche produit\u00a0\u00bb label_pdf=\u00a0\u00bbTelecharger le PDF\u00a0\u00bb]","og_url":"https:\/\/renneritalia.com\/fr\/vernici-per-il-metallo\/","og_site_name":"Renner Italia","article_modified_time":"2025-11-10T16:32:15+00:00","og_image":[{"url":"https:\/\/renneritalia.com\/wp-content\/uploads\/2024\/02\/logo_metallico.svg","type":"","width":"","height":""}],"twitter_card":"summary_large_image","twitter_misc":{"Dur\u00e9e de lecture estim\u00e9e":"1 minute"},"schema":{"@context":"https:\/\/schema.org","@graph":[{"@type":"WebPage","@id":"https:\/\/renneritalia.com\/fr\/vernici-per-il-metallo\/","url":"https:\/\/renneritalia.com\/fr\/vernici-per-il-metallo\/","name":"FT m\u00e9tal - Renner Italia","isPartOf":{"@id":"https:\/\/renneritalia.com\/#website"},"primaryImageOfPage":{"@id":"https:\/\/renneritalia.com\/fr\/vernici-per-il-metallo\/#primaryimage"},"image":{"@id":"https:\/\/renneritalia.com\/fr\/vernici-per-il-metallo\/#primaryimage"},"thumbnailUrl":"https:\/\/renneritalia.com\/wp-content\/uploads\/2024\/02\/logo_metallico.svg","datePublished":"2024-05-20T10:30:56+00:00","dateModified":"2025-11-10T16:32:15+00:00","breadcrumb":{"@id":"https:\/\/renneritalia.com\/fr\/vernici-per-il-metallo\/#breadcrumb"},"inLanguage":"fr-FR","potentialAction":[{"@type":"ReadAction","target":["https:\/\/renneritalia.com\/fr\/vernici-per-il-metallo\/"]}]},{"@type":"ImageObject","inLanguage":"fr-FR","@id":"https:\/\/renneritalia.com\/fr\/vernici-per-il-metallo\/#primaryimage","url":"https:\/\/renneritalia.com\/wp-content\/uploads\/2024\/02\/logo_metallico.svg","contentUrl":"https:\/\/renneritalia.com\/wp-content\/uploads\/2024\/02\/logo_metallico.svg"},{"@type":"BreadcrumbList","@id":"https:\/\/renneritalia.com\/fr\/vernici-per-il-metallo\/#breadcrumb","itemListElement":[{"@type":"ListItem","position":1,"name":"Home","item":"https:\/\/renneritalia.com\/fr\/"},{"@type":"ListItem","position":2,"name":"FT m\u00e9tal"}]},{"@type":"WebSite","@id":"https:\/\/renneritalia.com\/#website","url":"https:\/\/renneritalia.com\/","name":"Renner Italia","description":"Coatings","publisher":{"@id":"https:\/\/renneritalia.com\/#organization"},"potentialAction":[{"@type":"SearchAction","target":{"@type":"EntryPoint","urlTemplate":"https:\/\/renneritalia.com\/?s={search_term_string}"},"query-input":{"@type":"PropertyValueSpecification","valueRequired":true,"valueName":"search_term_string"}}],"inLanguage":"fr-FR"},{"@type":"Organization","@id":"https:\/\/renneritalia.com\/#organization","name":"Renner Italia","url":"https:\/\/renneritalia.com\/","logo":{"@type":"ImageObject","inLanguage":"fr-FR","@id":"https:\/\/renneritalia.com\/#\/schema\/logo\/image\/","url":"https:\/\/renneritalia.com\/wp-content\/uploads\/2025\/03\/logo_renner_italia.svg","contentUrl":"https:\/\/renneritalia.com\/wp-content\/uploads\/2025\/03\/logo_renner_italia.svg","caption":"Renner Italia"},"image":{"@id":"https:\/\/renneritalia.com\/#\/schema\/logo\/image\/"}}]}},"_links":{"self":[{"href":"https:\/\/renneritalia.com\/fr\/wp-json\/wp\/v2\/pages\/107588","targetHints":{"allow":["GET"]}}],"collection":[{"href":"https:\/\/renneritalia.com\/fr\/wp-json\/wp\/v2\/pages"}],"about":[{"href":"https:\/\/renneritalia.com\/fr\/wp-json\/wp\/v2\/types\/page"}],"author":[{"embeddable":true,"href":"https:\/\/renneritalia.com\/fr\/wp-json\/wp\/v2\/users\/7"}],"replies":[{"embeddable":true,"href":"https:\/\/renneritalia.com\/fr\/wp-json\/wp\/v2\/comments?post=107588"}],"version-history":[{"count":50,"href":"https:\/\/renneritalia.com\/fr\/wp-json\/wp\/v2\/pages\/107588\/revisions"}],"predecessor-version":[{"id":116755,"href":"https:\/\/renneritalia.com\/fr\/wp-json\/wp\/v2\/pages\/107588\/revisions\/116755"}],"wp:attachment":[{"href":"https:\/\/renneritalia.com\/fr\/wp-json\/wp\/v2\/media?parent=107588"}],"wp:term":[{"taxonomy":"page-category","embeddable":true,"href":"https:\/\/renneritalia.com\/fr\/wp-json\/wp\/v2\/page-category?post=107588"}],"curies":[{"name":"wp","href":"https:\/\/api.w.org\/{rel}","templated":true}]}}