{"id":84891,"date":"2023-12-14T11:18:51","date_gmt":"2023-12-14T10:18:51","guid":{"rendered":"https:\/\/renneritalia.com\/informativa-privacy-clienti\/"},"modified":"2023-12-14T11:20:45","modified_gmt":"2023-12-14T10:20:45","slug":"informativa-privacy-clienti","status":"publish","type":"page","link":"https:\/\/renneritalia.com\/es\/informativa-privacy-clienti\/","title":{"rendered":"Ficha informativa para el tratamiento de datos personales"},"content":{"rendered":"<div style=\"height: 50px; width:100%;\"><\/div>\n<p><strong>Informaci\u00f3n general<\/strong><br \/>\nLos datos personales suministrados ser\u00e1n objeto de tratamiento cumpliendo con las normas del Reglamento RGPD UE 2016\/679, en particular con respecto a los principios de necesidad, transparencia, legitimidad, honestidad y proporcionalidad del tratamiento de datos personales.<\/p>\n<p><strong>El Titular del tratamiento<\/strong><br \/>\nEl Titular del tratamiento de los datos recogidos es la empresa Renner Italia S.p.A., con domicilio social en via Ronchi Inferiore, 34, 40061 Minerbio (BO), n\u00famero de IVA 024333001209: Renner Italia decide de forma aut\u00f3noma sobre los finalidades y m\u00e9todos de tratamiento, as\u00ed como sobre los procedimientos de seguridad que se deben aplicar para garantizar la confidencialidad, integridad y disponibilidad de los datos. La lista actualizada de Responsables y Operadores del tratamiento se mantiene en la sede del Titular del tratamiento.<\/p>\n<p><strong>Objeto del tratamiento<\/strong><br \/>\nEl Titular del tratamiento procesa datos personales, identificativos y no sensibles (en particular, nombre, apellido, c\u00f3digo fiscal, n\u00famero de IVA, correo electr\u00f3nico, n\u00famero de tel\u00e9fono, en seguida, \u00abdatos personales\u00bb o tambi\u00e9n \u00abdatos\u00bb) comunicados por usted durante la compra de productos Renner Italia, para los finalidades detallados en el art. n\u00famero 4 de esta ficha de informaci\u00f3n.<\/p>\n<p><strong>M\u00e9todo y duraci\u00f3n del tratamiento<\/strong><br \/>\nEl tratamiento de sus datos personales se realiza mediante las operaciones indicadas en el art. 4 par. 2 del RGPD y en cumplimiento de los principios de licitud, equidad y transparencia y los dem\u00e1s principios indicados en el art. 5 del RGPD.<br \/>\nTitular del tratamiento procesar\u00e1 los datos para finalidad de servicio o del contrato durante el tiempo necesario para cumplir con las finalidades del tratamiento y entonces para no m\u00e1s de 10 a\u00f1os a partir de la suspensi\u00f3n de la relaci\u00f3n para finalidades de servicio, contrato, fiscales o contables.<\/p>\n<p>Finalidades del tratamiento y base legal del tratamiento; naturaleza opcional u obligatoria de la provisi\u00f3n de datos y necesidad de consentimiento y consecuencias de falta de consentimiento; procesos de decisi\u00f3n automatizados.<\/p>\n<p><strong>Los datos personales recogidos ser\u00e1n tratados manualmente y \/ o por medios tecnol\u00f3gicos o telem\u00e1ticos para las siguientes finalidades:<\/strong><\/p>\n<ul>\n<li>para cumplir, antes y despu\u00e9s de la ejecuci\u00f3n del contrato, sus solicitudes espec\u00edficas<\/li>\n<li>gestionar y ejecutar las obligaciones del contrato del que usted forma parte; para la administraci\u00f3n de clientes; para el control de la satisfacci\u00f3n de los clientes, con finalidades estad\u00edsticos y para implementar el sistema autom\u00e1tico de gesti\u00f3n de clientes; para administrar contactos, pedidos, env\u00edo, recibos, facturas; para asistencia posventa relacionada con el rendimiento del servicio \/ producto;<\/li>\n<li>para cumplir con las obligaciones administrativas, contables, de balance civil, regulaciones, normas UE y extra UE, por ejemplo, contabilidad, redacci\u00f3n de balances, mantenimiento de libros sociales obligatorios;<\/li>\n<li>manejo de controversias (incumplimiento de contrato, requerimientos, transacciones, cobranza de deudas, arbitrajes, desacuerdos legales)<\/li>\n<\/ul>\n<p>Para las finalidades anteriores el tratamiento de datos es necesario i) para ejecutar las obligaciones del contrato con el Cliente y \/ o para las posibles obligaciones precontractuales elegidas por \u00e9l mismo; ii) cumplir con una ley a la que est\u00e1 sujeto el Titular del tratamiento y, al final, iii) perseguir el inter\u00e9s leg\u00edtimo del Titular del tratamiento, como la gesti\u00f3n de controversias, el control de satisfacci\u00f3n de los clientes, con finalidades estad\u00edsticos y de administraci\u00f3n de clientes<br \/>\nLa cesi\u00f3n de sus datos para estas finalidades es obligatoria y necesaria para ejecutar el contrato; por ello, la negativa a la cesi\u00f3n de datos implica la imposibilidad de establecer y ejecutar la relaci\u00f3n contractual.<br \/>\nQueremos que tenga en cuenta que, si ya es nuestro cliente, podr\u00edamos enviarle comunicaciones comerciales sobre servicios y productos del Titular del tratamiento igual a los que ya benefici\u00f3, salvo su negativa en cada momento.<br \/>\nEl tratamiento de sus datos no estar\u00e1 sujeto de ning\u00fan modo a la perfilaci\u00f3n y \/ o decisiones autom\u00e1ticas.<\/p>\n<p><strong>Acceso y transferencia de datos<\/strong><\/p>\n<p>Sus datos ser\u00e1n tratados mediante herramientas tecnol\u00f3gicas y manuales adecuadas para garantizar la seguridad y el secreto y no ser\u00e1n difundidos.<br \/>\nSus datos podr\u00edan ser accesibles y \/ o transferidos para las finalidades del punto 4:<\/p>\n<ul>\n<li>a empleados y \/ o colaboradores del Titular del tratamiento, nombrados Operadores de tratamiento<\/li>\n<li>a terceros (por ejemplo: proveedores para gestionar y actualizar el sitio web, proveedores, bancos, despacho profesional, etc.) que realizar\u00e1n trabajos de outsourcing en nombre del Titular del tratamiento, en su funci\u00f3n de Responsables del tratamiento, as\u00ed como para autoridades competentes (Prefectura, Jefatura de Polic\u00eda, Polic\u00eda, Carabineros, Bomberos), instituciones p\u00fablicas y \/ o privadas para el cumplimiento de la ley.<\/li>\n<\/ul>\n<p>La gesti\u00f3n y almacenamiento de los datos personales se llevar\u00e1 a cabo en archivos de papel en la sede del Titular del tratamiento y \/ o en servidores ubicados dentro de la Uni\u00f3n Europea de propiedad del Titular del tratamiento y \/ o de terceras empresas designadas y debidamente nombradas como Responsables del tratamiento. En cualquier caso, se entiende que el Titular del tratamiento, en caso de ser necesario, habr\u00e1 el derecho a trasladar la ubicaci\u00f3n de los servidores a Italia y \/ o la Uni\u00f3n Europea y \/ o pa\u00edses no pertenecientes a la UE. En este caso, el Titular del tratamiento asegura a partir de ahora que la cesi\u00f3n se realizar\u00e1 de acuerdo con las disposiciones legales aplicables estipulando, si necesario, acuerdos que aseguren un nivel adecuado de protecci\u00f3n y \/ o adoptando las cl\u00e1usulas contractuales est\u00e1ndar previstas por la Comisi\u00f3n Europea.<\/p>\n<p><strong>Los derechos del interesado<\/strong><br \/>\nUsted puede ejercer los derechos previstos en los art\u00edculos 15 a 22 del RGPD, en particular el derecho a acceder, rectificar o suprimir los datos, solicitar la limitaci\u00f3n u oponerse al tratamiento, as\u00ed como el derecho a la portabilidad de los datos.<br \/>\nLa parte interesada tiene derecho a presentar una denuncia ante la Autoridad Garante.<\/p>\n<p><strong>Contactos para ejercitar los derechos del interesado<\/strong><br \/>\nUsted puede ejercer sus derechos seg\u00fan la legislaci\u00f3n vigente enviando una carta certificada con acuse de recibo al Titular del tratamiento en su domicilio social o accediendo a la p\u00e1gina del sitio web de Renner Italia dedicada a la privacidad: <a href=\"http:\/\/www.renneritalia.com\/es\/trattamento -dati\/\">http:\/\/www.renneritalia.com\/es\/trattamento -dati\/<\/a><\/p>\n<p>En caso de violaci\u00f3n de sus datos, considerando lo previsto en el art\u00edculo 34 del RGPD, el Titular del tratamiento le comunicar\u00e1 la violaci\u00f3n.<\/p>\n","protected":false},"excerpt":{"rendered":"<p>Informaci\u00f3n general Los datos personales suministrados ser\u00e1n objeto de tratamiento cumpliendo con las normas del Reglamento RGPD UE 2016\/679, en particular con respecto a los principios de necesidad, transparencia, legitimidad, honestidad y proporcionalidad del tratamiento de datos personales. El Titular del tratamiento El Titular del tratamiento de los datos recogidos es la empresa Renner Italia [&hellip;]<\/p>\n","protected":false},"author":7,"featured_media":0,"parent":0,"menu_order":0,"comment_status":"closed","ping_status":"closed","template":"","meta":{"footnotes":""},"page-category":[],"class_list":["post-84891","page","type-page","status-publish","hentry"],"yoast_head":"<!-- This site is optimized with the Yoast SEO plugin v27.4 - https:\/\/yoast.com\/product\/yoast-seo-wordpress\/ -->\n<title>Ficha informativa para el tratamiento de datos personales - Renner Italia<\/title>\n<meta name=\"robots\" content=\"index, follow, max-snippet:-1, max-image-preview:large, max-video-preview:-1\" \/>\n<link rel=\"canonical\" href=\"https:\/\/renneritalia.com\/informativa-privacy-clienti\/\" \/>\n<meta property=\"og:locale\" content=\"es_ES\" \/>\n<meta property=\"og:type\" content=\"article\" \/>\n<meta property=\"og:title\" content=\"Ficha informativa para el tratamiento de datos personales - Renner Italia\" \/>\n<meta property=\"og:description\" content=\"Informaci\u00f3n general Los datos personales suministrados ser\u00e1n objeto de tratamiento cumpliendo con las normas del Reglamento RGPD UE 2016\/679, en particular con respecto a los principios de necesidad, transparencia, legitimidad, honestidad y proporcionalidad del tratamiento de datos personales. El Titular del tratamiento El Titular del tratamiento de los datos recogidos es la empresa Renner Italia [&hellip;]\" \/>\n<meta property=\"og:url\" content=\"https:\/\/renneritalia.com\/informativa-privacy-clienti\/\" \/>\n<meta property=\"og:site_name\" content=\"Renner Italia\" \/>\n<meta property=\"article:modified_time\" content=\"2023-12-14T10:20:45+00:00\" \/>\n<meta name=\"twitter:card\" content=\"summary_large_image\" \/>\n<meta name=\"twitter:label1\" content=\"Tiempo de lectura\" \/>\n\t<meta name=\"twitter:data1\" content=\"5 minutos\" \/>\n<script type=\"application\/ld+json\" class=\"yoast-schema-graph\">{\"@context\":\"https:\\\/\\\/schema.org\",\"@graph\":[{\"@type\":\"WebPage\",\"@id\":\"https:\\\/\\\/renneritalia.com\\\/informativa-privacy-clienti\\\/\",\"url\":\"https:\\\/\\\/renneritalia.com\\\/informativa-privacy-clienti\\\/\",\"name\":\"Ficha informativa para el tratamiento de datos personales - Renner Italia\",\"isPartOf\":{\"@id\":\"https:\\\/\\\/renneritalia.com\\\/#website\"},\"datePublished\":\"2023-12-14T10:18:51+00:00\",\"dateModified\":\"2023-12-14T10:20:45+00:00\",\"breadcrumb\":{\"@id\":\"https:\\\/\\\/renneritalia.com\\\/informativa-privacy-clienti\\\/#breadcrumb\"},\"inLanguage\":\"es\",\"potentialAction\":[{\"@type\":\"ReadAction\",\"target\":[\"https:\\\/\\\/renneritalia.com\\\/informativa-privacy-clienti\\\/\"]}]},{\"@type\":\"BreadcrumbList\",\"@id\":\"https:\\\/\\\/renneritalia.com\\\/informativa-privacy-clienti\\\/#breadcrumb\",\"itemListElement\":[{\"@type\":\"ListItem\",\"position\":1,\"name\":\"Home\",\"item\":\"https:\\\/\\\/renneritalia.com\\\/es\\\/\"},{\"@type\":\"ListItem\",\"position\":2,\"name\":\"Ficha informativa para el tratamiento de datos personales\"}]},{\"@type\":\"WebSite\",\"@id\":\"https:\\\/\\\/renneritalia.com\\\/#website\",\"url\":\"https:\\\/\\\/renneritalia.com\\\/\",\"name\":\"Renner Italia\",\"description\":\"Le vernici per il legno\",\"publisher\":{\"@id\":\"https:\\\/\\\/renneritalia.com\\\/#organization\"},\"potentialAction\":[{\"@type\":\"SearchAction\",\"target\":{\"@type\":\"EntryPoint\",\"urlTemplate\":\"https:\\\/\\\/renneritalia.com\\\/?s={search_term_string}\"},\"query-input\":{\"@type\":\"PropertyValueSpecification\",\"valueRequired\":true,\"valueName\":\"search_term_string\"}}],\"inLanguage\":\"es\"},{\"@type\":\"Organization\",\"@id\":\"https:\\\/\\\/renneritalia.com\\\/#organization\",\"name\":\"Renner Italia\",\"url\":\"https:\\\/\\\/renneritalia.com\\\/\",\"logo\":{\"@type\":\"ImageObject\",\"inLanguage\":\"es\",\"@id\":\"https:\\\/\\\/renneritalia.com\\\/#\\\/schema\\\/logo\\\/image\\\/\",\"url\":\"https:\\\/\\\/renneritalia.com\\\/wp-content\\\/uploads\\\/2025\\\/03\\\/logo_renner_italia.svg\",\"contentUrl\":\"https:\\\/\\\/renneritalia.com\\\/wp-content\\\/uploads\\\/2025\\\/03\\\/logo_renner_italia.svg\",\"caption\":\"Renner Italia\"},\"image\":{\"@id\":\"https:\\\/\\\/renneritalia.com\\\/#\\\/schema\\\/logo\\\/image\\\/\"}}]}<\/script>\n<!-- \/ Yoast SEO plugin. -->","yoast_head_json":{"title":"Ficha informativa para el tratamiento de datos personales - Renner Italia","robots":{"index":"index","follow":"follow","max-snippet":"max-snippet:-1","max-image-preview":"max-image-preview:large","max-video-preview":"max-video-preview:-1"},"canonical":"https:\/\/renneritalia.com\/informativa-privacy-clienti\/","og_locale":"es_ES","og_type":"article","og_title":"Ficha informativa para el tratamiento de datos personales - Renner Italia","og_description":"Informaci\u00f3n general Los datos personales suministrados ser\u00e1n objeto de tratamiento cumpliendo con las normas del Reglamento RGPD UE 2016\/679, en particular con respecto a los principios de necesidad, transparencia, legitimidad, honestidad y proporcionalidad del tratamiento de datos personales. El Titular del tratamiento El Titular del tratamiento de los datos recogidos es la empresa Renner Italia [&hellip;]","og_url":"https:\/\/renneritalia.com\/informativa-privacy-clienti\/","og_site_name":"Renner Italia","article_modified_time":"2023-12-14T10:20:45+00:00","twitter_card":"summary_large_image","twitter_misc":{"Tiempo de lectura":"5 minutos"},"schema":{"@context":"https:\/\/schema.org","@graph":[{"@type":"WebPage","@id":"https:\/\/renneritalia.com\/informativa-privacy-clienti\/","url":"https:\/\/renneritalia.com\/informativa-privacy-clienti\/","name":"Ficha informativa para el tratamiento de datos personales - Renner Italia","isPartOf":{"@id":"https:\/\/renneritalia.com\/#website"},"datePublished":"2023-12-14T10:18:51+00:00","dateModified":"2023-12-14T10:20:45+00:00","breadcrumb":{"@id":"https:\/\/renneritalia.com\/informativa-privacy-clienti\/#breadcrumb"},"inLanguage":"es","potentialAction":[{"@type":"ReadAction","target":["https:\/\/renneritalia.com\/informativa-privacy-clienti\/"]}]},{"@type":"BreadcrumbList","@id":"https:\/\/renneritalia.com\/informativa-privacy-clienti\/#breadcrumb","itemListElement":[{"@type":"ListItem","position":1,"name":"Home","item":"https:\/\/renneritalia.com\/es\/"},{"@type":"ListItem","position":2,"name":"Ficha informativa para el tratamiento de datos personales"}]},{"@type":"WebSite","@id":"https:\/\/renneritalia.com\/#website","url":"https:\/\/renneritalia.com\/","name":"Renner Italia","description":"Le vernici per il legno","publisher":{"@id":"https:\/\/renneritalia.com\/#organization"},"potentialAction":[{"@type":"SearchAction","target":{"@type":"EntryPoint","urlTemplate":"https:\/\/renneritalia.com\/?s={search_term_string}"},"query-input":{"@type":"PropertyValueSpecification","valueRequired":true,"valueName":"search_term_string"}}],"inLanguage":"es"},{"@type":"Organization","@id":"https:\/\/renneritalia.com\/#organization","name":"Renner Italia","url":"https:\/\/renneritalia.com\/","logo":{"@type":"ImageObject","inLanguage":"es","@id":"https:\/\/renneritalia.com\/#\/schema\/logo\/image\/","url":"https:\/\/renneritalia.com\/wp-content\/uploads\/2025\/03\/logo_renner_italia.svg","contentUrl":"https:\/\/renneritalia.com\/wp-content\/uploads\/2025\/03\/logo_renner_italia.svg","caption":"Renner Italia"},"image":{"@id":"https:\/\/renneritalia.com\/#\/schema\/logo\/image\/"}}]}},"_links":{"self":[{"href":"https:\/\/renneritalia.com\/es\/wp-json\/wp\/v2\/pages\/84891","targetHints":{"allow":["GET"]}}],"collection":[{"href":"https:\/\/renneritalia.com\/es\/wp-json\/wp\/v2\/pages"}],"about":[{"href":"https:\/\/renneritalia.com\/es\/wp-json\/wp\/v2\/types\/page"}],"author":[{"embeddable":true,"href":"https:\/\/renneritalia.com\/es\/wp-json\/wp\/v2\/users\/7"}],"replies":[{"embeddable":true,"href":"https:\/\/renneritalia.com\/es\/wp-json\/wp\/v2\/comments?post=84891"}],"version-history":[{"count":1,"href":"https:\/\/renneritalia.com\/es\/wp-json\/wp\/v2\/pages\/84891\/revisions"}],"predecessor-version":[{"id":84894,"href":"https:\/\/renneritalia.com\/es\/wp-json\/wp\/v2\/pages\/84891\/revisions\/84894"}],"wp:attachment":[{"href":"https:\/\/renneritalia.com\/es\/wp-json\/wp\/v2\/media?parent=84891"}],"wp:term":[{"taxonomy":"page-category","embeddable":true,"href":"https:\/\/renneritalia.com\/es\/wp-json\/wp\/v2\/page-category?post=84891"}],"curies":[{"name":"wp","href":"https:\/\/api.w.org\/{rel}","templated":true}]}}