{"id":84592,"date":"2023-02-17T11:43:33","date_gmt":"2023-02-17T10:43:33","guid":{"rendered":"https:\/\/renneritalia.com\/renner-job\/"},"modified":"2025-11-10T17:18:05","modified_gmt":"2025-11-10T16:18:05","slug":"renner-job","status":"publish","type":"page","link":"https:\/\/renneritalia.com\/es\/renner-job\/","title":{"rendered":"Nuestro equipo"},"content":{"rendered":"\t\t<div data-elementor-type=\"wp-page\" data-elementor-id=\"84592\" class=\"elementor elementor-84592 elementor-77415\" data-elementor-post-type=\"page\">\n\t\t\t\t\t\t<section class=\"has_eae_slider elementor-section elementor-top-section elementor-element elementor-element-1a4bca7a elementor-section-height-min-height elementor-section-boxed elementor-section-height-default elementor-section-items-middle\" data-eae-slider=\"63665\" data-id=\"1a4bca7a\" data-element_type=\"section\" data-e-type=\"section\" data-settings=\"{&quot;jet_parallax_layout_list&quot;:[],&quot;background_background&quot;:&quot;classic&quot;}\">\n\t\t\t\t\t\t<div class=\"elementor-container elementor-column-gap-default\">\n\t\t\t\t\t<div class=\"has_eae_slider elementor-column elementor-col-100 elementor-top-column elementor-element elementor-element-26487518\" data-eae-slider=\"46453\" data-id=\"26487518\" data-element_type=\"column\" data-e-type=\"column\">\n\t\t\t<div class=\"elementor-widget-wrap elementor-element-populated\">\n\t\t\t\t\t\t<section class=\"has_eae_slider elementor-section elementor-inner-section elementor-element elementor-element-1c6fa907 elementor-section-content-bottom elementor-section-boxed elementor-section-height-default elementor-section-height-default\" data-eae-slider=\"28326\" data-id=\"1c6fa907\" data-element_type=\"section\" data-e-type=\"section\" data-settings=\"{&quot;jet_parallax_layout_list&quot;:[]}\">\n\t\t\t\t\t\t<div class=\"elementor-container elementor-column-gap-default\">\n\t\t\t\t\t<div class=\"has_eae_slider elementor-column elementor-col-50 elementor-inner-column elementor-element elementor-element-6cce7f45\" data-eae-slider=\"70692\" data-id=\"6cce7f45\" data-element_type=\"column\" data-e-type=\"column\" data-settings=\"{&quot;background_background&quot;:&quot;classic&quot;}\">\n\t\t\t<div class=\"elementor-widget-wrap elementor-element-populated\">\n\t\t\t\t\t\t<div class=\"elementor-element elementor-element-6e5fbbc1 elementor-widget elementor-widget-heading\" data-id=\"6e5fbbc1\" data-element_type=\"widget\" data-e-type=\"widget\" data-widget_type=\"heading.default\">\n\t\t\t\t<div class=\"elementor-widget-container\">\n\t\t\t\t\t<h2 class=\"elementor-heading-title elementor-size-default\">Buscamos nuevos talentos que amen ponerse al servicio del equipo\n<\/h2>\t\t\t\t<\/div>\n\t\t\t\t<\/div>\n\t\t\t\t<div class=\"elementor-element elementor-element-4d8d63b9 elementor-widget elementor-widget-text-editor\" data-id=\"4d8d63b9\" data-element_type=\"widget\" data-e-type=\"widget\" data-widget_type=\"text-editor.default\">\n\t\t\t\t<div class=\"elementor-widget-container\">\n\t\t\t\t\t\t\t\t\t<p>Somos un gran equipo.<\/p>\n<p>Y, como todos los grandes equipos, fundamos nuestros \u00e9xitos en la energ\u00eda, la determinaci\u00f3n y el impulso colectivo. Estamos convencidos de que dentro de un gran colectivo se pueden expresar plenamente los grandes talentos. <\/p>\n<\/p>\n<p><em>Lindo Aldrovandi<\/em><br \/><em>Director Ejecutivo<\/em><\/p>\n\t\t\t\t\t\t\t\t<\/div>\n\t\t\t\t<\/div>\n\t\t\t\t\t<\/div>\n\t\t<\/div>\n\t\t\t\t<div class=\"has_eae_slider elementor-column elementor-col-50 elementor-inner-column elementor-element elementor-element-2e9efddc\" data-eae-slider=\"98667\" data-id=\"2e9efddc\" data-element_type=\"column\" data-e-type=\"column\">\n\t\t\t<div class=\"elementor-widget-wrap\">\n\t\t\t\t\t\t\t<\/div>\n\t\t<\/div>\n\t\t\t\t\t<\/div>\n\t\t<\/section>\n\t\t\t\t\t<\/div>\n\t\t<\/div>\n\t\t\t\t\t<\/div>\n\t\t<\/section>\n\t\t\t\t<section class=\"has_eae_slider elementor-section elementor-top-section elementor-element elementor-element-b5ef517 elementor-section-boxed elementor-section-height-default elementor-section-height-default\" data-eae-slider=\"36556\" data-id=\"b5ef517\" data-element_type=\"section\" data-e-type=\"section\" data-settings=\"{&quot;jet_parallax_layout_list&quot;:[]}\">\n\t\t\t\t\t\t<div class=\"elementor-container elementor-column-gap-default\">\n\t\t\t\t\t<div class=\"has_eae_slider elementor-column elementor-col-50 elementor-top-column elementor-element elementor-element-6291eaa8\" data-eae-slider=\"43233\" data-id=\"6291eaa8\" data-element_type=\"column\" data-e-type=\"column\">\n\t\t\t<div class=\"elementor-widget-wrap elementor-element-populated\">\n\t\t\t\t\t\t<div class=\"elementor-element elementor-element-16cf5627 elementor-widget elementor-widget-heading\" data-id=\"16cf5627\" data-element_type=\"widget\" data-e-type=\"widget\" data-widget_type=\"heading.default\">\n\t\t\t\t<div class=\"elementor-widget-container\">\n\t\t\t\t\t<h2 class=\"elementor-heading-title elementor-size-default\">La Plantilla Renner\n<\/h2>\t\t\t\t<\/div>\n\t\t\t\t<\/div>\n\t\t\t\t<div class=\"elementor-element elementor-element-6213954a elementor-widget elementor-widget-jet-line-chart\" data-id=\"6213954a\" data-element_type=\"widget\" data-e-type=\"widget\" data-widget_type=\"jet-line-chart.default\">\n\t\t\t\t<div class=\"elementor-widget-container\">\n\t\t\t\t\t<div class=\"elementor-jet-line-chart jet-elements\">\t\t<div class=\"jet-line-chart-container chartjs-render-monitor\" data-settings=\"{&quot;type&quot;:&quot;line&quot;,&quot;data&quot;:{&quot;labels&quot;:[&quot;2004&quot;,&quot;2005&quot;,&quot;2006&quot;,&quot;2007&quot;,&quot;2008&quot;,&quot;2009&quot;,&quot;2010&quot;,&quot;2011&quot;,&quot;2012&quot;,&quot;2013&quot;,&quot;2014&quot;,&quot;2015&quot;,&quot;2016&quot;,&quot;2017&quot;,&quot;2018&quot;,&quot;2019&quot;,&quot;2020&quot;,&quot;2021&quot;,&quot;2022&quot;,&quot; 2023&quot;,&quot;2024&quot;],&quot;datasets&quot;:[{&quot;label&quot;:&quot;Totali&quot;,&quot;data&quot;:[23,55,88,141,150,158,173,192,200,216,233,245,254,281,320,340,360,370,376,376,400],&quot;bg_color&quot;:&quot;#10CCAE75&quot;,&quot;border_color&quot;:&quot;#10CCAE&quot;,&quot;point_bg_color&quot;:&quot;#10CCAE&quot;,&quot;_id&quot;:&quot;05a8b2b&quot;,&quot;__globals__&quot;:{&quot;border_color&quot;:&quot;globals\\\/colors?id=0455899&quot;,&quot;point_bg_color&quot;:&quot;globals\\\/colors?id=0455899&quot;,&quot;bg_color&quot;:&quot;&quot;},&quot;backgroundColor&quot;:&quot;#10CCAE75&quot;,&quot;borderColor&quot;:&quot;#10CCAE&quot;,&quot;borderWidth&quot;:1,&quot;pointBorderColor&quot;:&quot;#10CCAE&quot;,&quot;pointBackgroundColor&quot;:&quot;#10CCAE&quot;,&quot;pointRadius&quot;:1,&quot;pointHoverRadius&quot;:1,&quot;pointBorderWidth&quot;:0}]},&quot;options&quot;:{&quot;legend&quot;:{&quot;display&quot;:false,&quot;position&quot;:&quot;top&quot;,&quot;reverse&quot;:false,&quot;align&quot;:&quot;center&quot;},&quot;maintainAspectRatio&quot;:false,&quot;scales&quot;:{&quot;yAxes&quot;:[{&quot;stacked&quot;:false,&quot;ticks&quot;:{&quot;display&quot;:true,&quot;beginAtZero&quot;:true,&quot;stepSize&quot;:50,&quot;max&quot;:450,&quot;fontFamily&quot;:&quot;Fira Sans&quot;,&quot;fontColor&quot;:&quot;#575757&quot;},&quot;gridLines&quot;:{&quot;drawBorder&quot;:false,&quot;zeroLineColor&quot;:&quot;rgba(0,0,0,0.05)&quot;,&quot;color&quot;:&quot;rgba(0,0,0,0.05)&quot;}}],&quot;xAxes&quot;:[{&quot;ticks&quot;:{&quot;display&quot;:true,&quot;beginAtZero&quot;:true,&quot;stepSize&quot;:50,&quot;max&quot;:450,&quot;fontFamily&quot;:&quot;Fira Sans&quot;,&quot;fontColor&quot;:&quot;#575757&quot;},&quot;gridLines&quot;:{&quot;drawBorder&quot;:false,&quot;color&quot;:&quot;rgba(0,0,0,0.05)&quot;}}]}}}\" data-compare=\"\" data-previous-label=\"\" data-current-label=\"\" data-compare-labels-type=\"\" data-tooltip-prefix=\"\" data-tooltip-suffix=\"\" data-tooltip-separator=\"\">\n\t\t\t<canvas class=\"jet-line-chart\" role=\"img\"><\/canvas>\n\t\t<\/div>\n\t\t<\/div>\t\t\t\t<\/div>\n\t\t\t\t<\/div>\n\t\t\t\t\t<\/div>\n\t\t<\/div>\n\t\t\t\t<div class=\"has_eae_slider elementor-column elementor-col-50 elementor-top-column elementor-element elementor-element-70cd9592\" data-eae-slider=\"27985\" data-id=\"70cd9592\" data-element_type=\"column\" data-e-type=\"column\">\n\t\t\t<div class=\"elementor-widget-wrap elementor-element-populated\">\n\t\t\t\t\t\t<div class=\"elementor-element elementor-element-2754e3d7 elementor-widget elementor-widget-heading\" data-id=\"2754e3d7\" data-element_type=\"widget\" data-e-type=\"widget\" data-widget_type=\"heading.default\">\n\t\t\t\t<div class=\"elementor-widget-container\">\n\t\t\t\t\t<h2 class=\"elementor-heading-title elementor-size-default\">Cv enviados desde la p\u00e1gina web<\/h2>\t\t\t\t<\/div>\n\t\t\t\t<\/div>\n\t\t\t\t<div class=\"elementor-element elementor-element-3f7bd8eb elementor-widget elementor-widget-jet-bar-chart\" data-id=\"3f7bd8eb\" data-element_type=\"widget\" data-e-type=\"widget\" data-widget_type=\"jet-bar-chart.default\">\n\t\t\t\t<div class=\"elementor-widget-container\">\n\t\t\t\t\t<div class=\"elementor-jet-bar-chart jet-elements\">\t\t<div class=\"jet-bar-chart-container\" data-settings=\"{&quot;type&quot;:&quot;bar&quot;,&quot;data&quot;:{&quot;labels&quot;:[&quot;2013&quot;,&quot;2014&quot;,&quot;2015&quot;,&quot;2016&quot;,&quot;2017&quot;,&quot;2018&quot;,&quot;2019&quot;,&quot;2020&quot;,&quot;2021&quot;,&quot;2022&quot;,&quot;2023&quot;,&quot;2024&quot;],&quot;datasets&quot;:[{&quot;label&quot;:&quot;CV arrivati&quot;,&quot;data&quot;:[812,588,621,871,884,1027,1050,984,712,1002,1672,1178],&quot;bg_color&quot;:&quot;rgba(85,172,238,0.4)&quot;,&quot;bg_hover_color&quot;:&quot;#55acee&quot;,&quot;border_color&quot;:&quot;#55acee&quot;,&quot;border_hover_color&quot;:&quot;#55acee&quot;,&quot;_id&quot;:&quot;bc12924&quot;,&quot;backgroundColor&quot;:&quot;rgba(85,172,238,0.4)&quot;,&quot;hoverBackgroundColor&quot;:&quot;#55acee&quot;,&quot;borderColor&quot;:&quot;#55acee&quot;,&quot;hoverBorderColor&quot;:&quot;#55acee&quot;,&quot;borderWidth&quot;:1}]},&quot;options&quot;:{&quot;tooltips&quot;:{&quot;enabled&quot;:true,&quot;titleFontColor&quot;:&quot;#FFFFFF&quot;,&quot;bodyFontFamily&quot;:&quot;Fira Sans&quot;,&quot;bodyFontColor&quot;:&quot;#FFFFFF&quot;},&quot;legend&quot;:{&quot;display&quot;:false,&quot;position&quot;:&quot;top&quot;,&quot;reverse&quot;:false,&quot;align&quot;:&quot;center&quot;},&quot;maintainAspectRatio&quot;:false,&quot;scales&quot;:{&quot;yAxes&quot;:[{&quot;ticks&quot;:{&quot;display&quot;:true,&quot;beginAtZero&quot;:true,&quot;max&quot;:1800,&quot;stepSize&quot;:200,&quot;fontFamily&quot;:&quot;Fira Sans&quot;,&quot;fontColor&quot;:&quot;#575757&quot;},&quot;gridLines&quot;:{&quot;drawBorder&quot;:false,&quot;color&quot;:&quot;#5757571F&quot;}}],&quot;xAxes&quot;:[{&quot;ticks&quot;:{&quot;display&quot;:true,&quot;beginAtZero&quot;:true,&quot;max&quot;:1800,&quot;stepSize&quot;:200,&quot;fontFamily&quot;:&quot;Fira Sans&quot;,&quot;fontColor&quot;:&quot;#575757&quot;},&quot;gridLines&quot;:{&quot;drawBorder&quot;:false,&quot;color&quot;:&quot;#5757571F&quot;}}]}}}\" data-tooltip-prefix=\"\" data-tooltip-suffix=\"\" data-tooltip-separator=\"\" data-axis-separator=\"\" data-labels-length=\"50\">\n\t\t\t<canvas class=\"jet-bar-chart\" role=\"img\"><\/canvas>\n\t\t<\/div>\n\t\t<\/div>\t\t\t\t<\/div>\n\t\t\t\t<\/div>\n\t\t\t\t\t<\/div>\n\t\t<\/div>\n\t\t\t\t\t<\/div>\n\t\t<\/section>\n\t\t\t\t<section class=\"has_eae_slider elementor-section elementor-top-section elementor-element elementor-element-410e5a89 elementor-section-height-min-height elementor-section-boxed elementor-section-height-default elementor-section-items-middle\" data-eae-slider=\"41870\" data-id=\"410e5a89\" data-element_type=\"section\" data-e-type=\"section\" data-settings=\"{&quot;jet_parallax_layout_list&quot;:[],&quot;background_background&quot;:&quot;classic&quot;}\">\n\t\t\t\t\t\t<div class=\"elementor-container elementor-column-gap-default\">\n\t\t\t\t\t<div class=\"has_eae_slider elementor-column elementor-col-100 elementor-top-column elementor-element elementor-element-3b1d34d1\" data-eae-slider=\"53450\" data-id=\"3b1d34d1\" data-element_type=\"column\" data-e-type=\"column\">\n\t\t\t<div class=\"elementor-widget-wrap elementor-element-populated\">\n\t\t\t\t\t\t<div class=\"elementor-element elementor-element-59d7cb5 elementor-widget elementor-widget-heading\" data-id=\"59d7cb5\" data-element_type=\"widget\" data-e-type=\"widget\" data-widget_type=\"heading.default\">\n\t\t\t\t<div class=\"elementor-widget-container\">\n\t\t\t\t\t<h2 class=\"elementor-heading-title elementor-size-default\">Si tienes talento y crees en el valor del grupo,<br>\n\u00a1ven a trabajar con nosotros!<\/h2>\t\t\t\t<\/div>\n\t\t\t\t<\/div>\n\t\t\t\t<div class=\"elementor-element elementor-element-50742361 elementor-align-center solo-it elementor-widget elementor-widget-button\" data-id=\"50742361\" data-element_type=\"widget\" data-e-type=\"widget\" data-widget_type=\"button.default\">\n\t\t\t\t<div class=\"elementor-widget-container\">\n\t\t\t\t\t\t\t\t\t<div class=\"elementor-button-wrapper\">\n\t\t\t\t\t<a class=\"elementor-button elementor-button-link elementor-size-sm\" href=\"https:\/\/saas.hrzucchetti.it\/cvo3renner\/servlet\/hvse_bstart?&#038;Theme=SpTheme_ZIP&#038;Parameter=PARAMDEFSE&#038;Company=000001&#038;Idcompany=000000&#038;Language=ITA&#038;pProcedure=hvse_welcome&#038;pLogin=&#038;pFreeappl=S&#038;Idchannel=\" target=\"_blank\">\n\t\t\t\t\t\t<span class=\"elementor-button-content-wrapper\">\n\t\t\t\t\t\t\t\t\t<span class=\"elementor-button-text\">ENV\u00cdANOS EL CURR\u00cdCULUM<\/span>\n\t\t\t\t\t<\/span>\n\t\t\t\t\t<\/a>\n\t\t\t\t<\/div>\n\t\t\t\t\t\t\t\t<\/div>\n\t\t\t\t<\/div>\n\t\t\t\t\t<\/div>\n\t\t<\/div>\n\t\t\t\t\t<\/div>\n\t\t<\/section>\n\t\t\t\t<\/div>\n\t\t","protected":false},"excerpt":{"rendered":"<p>Buscamos nuevos talentos que amen ponerse al servicio del equipo Somos un gran equipo. Y, como todos los grandes equipos, fundamos nuestros \u00e9xitos en la energ\u00eda, la determinaci\u00f3n y el impulso colectivo. Estamos convencidos de que dentro de un gran colectivo se pueden expresar plenamente los grandes talentos. Lindo AldrovandiDirector Ejecutivo La Plantilla Renner Cv [&hellip;]<\/p>\n","protected":false},"author":7,"featured_media":0,"parent":0,"menu_order":0,"comment_status":"closed","ping_status":"closed","template":"","meta":{"footnotes":""},"page-category":[],"class_list":["post-84592","page","type-page","status-publish","hentry"],"yoast_head":"<!-- This site is optimized with the Yoast SEO plugin v27.5 - https:\/\/yoast.com\/product\/yoast-seo-wordpress\/ -->\n<title>Nuestro equipo - Renner Italia<\/title>\n<meta name=\"robots\" content=\"index, follow, max-snippet:-1, max-image-preview:large, max-video-preview:-1\" \/>\n<link rel=\"canonical\" href=\"https:\/\/renneritalia.com\/renner-job\/\" \/>\n<meta property=\"og:locale\" content=\"es_ES\" \/>\n<meta property=\"og:type\" content=\"article\" \/>\n<meta property=\"og:title\" content=\"Nuestro equipo - Renner Italia\" \/>\n<meta property=\"og:description\" content=\"Buscamos nuevos talentos que amen ponerse al servicio del equipo Somos un gran equipo. Y, como todos los grandes equipos, fundamos nuestros \u00e9xitos en la energ\u00eda, la determinaci\u00f3n y el impulso colectivo. Estamos convencidos de que dentro de un gran colectivo se pueden expresar plenamente los grandes talentos. Lindo AldrovandiDirector Ejecutivo La Plantilla Renner Cv [&hellip;]\" \/>\n<meta property=\"og:url\" content=\"https:\/\/renneritalia.com\/renner-job\/\" \/>\n<meta property=\"og:site_name\" content=\"Renner Italia\" \/>\n<meta property=\"article:modified_time\" content=\"2025-11-10T16:18:05+00:00\" \/>\n<meta name=\"twitter:card\" content=\"summary_large_image\" \/>\n<meta name=\"twitter:label1\" content=\"Tiempo de lectura\" \/>\n\t<meta name=\"twitter:data1\" content=\"1 minuto\" \/>\n<script type=\"application\/ld+json\" class=\"yoast-schema-graph\">{\"@context\":\"https:\\\/\\\/schema.org\",\"@graph\":[{\"@type\":\"WebPage\",\"@id\":\"https:\\\/\\\/renneritalia.com\\\/renner-job\\\/\",\"url\":\"https:\\\/\\\/renneritalia.com\\\/renner-job\\\/\",\"name\":\"Nuestro equipo - Renner Italia\",\"isPartOf\":{\"@id\":\"https:\\\/\\\/renneritalia.com\\\/#website\"},\"datePublished\":\"2023-02-17T10:43:33+00:00\",\"dateModified\":\"2025-11-10T16:18:05+00:00\",\"breadcrumb\":{\"@id\":\"https:\\\/\\\/renneritalia.com\\\/renner-job\\\/#breadcrumb\"},\"inLanguage\":\"es\",\"potentialAction\":[{\"@type\":\"ReadAction\",\"target\":[\"https:\\\/\\\/renneritalia.com\\\/renner-job\\\/\"]}]},{\"@type\":\"BreadcrumbList\",\"@id\":\"https:\\\/\\\/renneritalia.com\\\/renner-job\\\/#breadcrumb\",\"itemListElement\":[{\"@type\":\"ListItem\",\"position\":1,\"name\":\"Home\",\"item\":\"https:\\\/\\\/renneritalia.com\\\/es\\\/\"},{\"@type\":\"ListItem\",\"position\":2,\"name\":\"Nuestro equipo\"}]},{\"@type\":\"WebSite\",\"@id\":\"https:\\\/\\\/renneritalia.com\\\/#website\",\"url\":\"https:\\\/\\\/renneritalia.com\\\/\",\"name\":\"Renner Italia\",\"description\":\"Le vernici per il legno\",\"publisher\":{\"@id\":\"https:\\\/\\\/renneritalia.com\\\/#organization\"},\"potentialAction\":[{\"@type\":\"SearchAction\",\"target\":{\"@type\":\"EntryPoint\",\"urlTemplate\":\"https:\\\/\\\/renneritalia.com\\\/?s={search_term_string}\"},\"query-input\":{\"@type\":\"PropertyValueSpecification\",\"valueRequired\":true,\"valueName\":\"search_term_string\"}}],\"inLanguage\":\"es\"},{\"@type\":\"Organization\",\"@id\":\"https:\\\/\\\/renneritalia.com\\\/#organization\",\"name\":\"Renner Italia\",\"url\":\"https:\\\/\\\/renneritalia.com\\\/\",\"logo\":{\"@type\":\"ImageObject\",\"inLanguage\":\"es\",\"@id\":\"https:\\\/\\\/renneritalia.com\\\/#\\\/schema\\\/logo\\\/image\\\/\",\"url\":\"https:\\\/\\\/renneritalia.com\\\/wp-content\\\/uploads\\\/2025\\\/03\\\/logo_renner_italia.svg\",\"contentUrl\":\"https:\\\/\\\/renneritalia.com\\\/wp-content\\\/uploads\\\/2025\\\/03\\\/logo_renner_italia.svg\",\"caption\":\"Renner Italia\"},\"image\":{\"@id\":\"https:\\\/\\\/renneritalia.com\\\/#\\\/schema\\\/logo\\\/image\\\/\"}}]}<\/script>\n<!-- \/ Yoast SEO plugin. -->","yoast_head_json":{"title":"Nuestro equipo - Renner Italia","robots":{"index":"index","follow":"follow","max-snippet":"max-snippet:-1","max-image-preview":"max-image-preview:large","max-video-preview":"max-video-preview:-1"},"canonical":"https:\/\/renneritalia.com\/renner-job\/","og_locale":"es_ES","og_type":"article","og_title":"Nuestro equipo - Renner Italia","og_description":"Buscamos nuevos talentos que amen ponerse al servicio del equipo Somos un gran equipo. Y, como todos los grandes equipos, fundamos nuestros \u00e9xitos en la energ\u00eda, la determinaci\u00f3n y el impulso colectivo. Estamos convencidos de que dentro de un gran colectivo se pueden expresar plenamente los grandes talentos. Lindo AldrovandiDirector Ejecutivo La Plantilla Renner Cv [&hellip;]","og_url":"https:\/\/renneritalia.com\/renner-job\/","og_site_name":"Renner Italia","article_modified_time":"2025-11-10T16:18:05+00:00","twitter_card":"summary_large_image","twitter_misc":{"Tiempo de lectura":"1 minuto"},"schema":{"@context":"https:\/\/schema.org","@graph":[{"@type":"WebPage","@id":"https:\/\/renneritalia.com\/renner-job\/","url":"https:\/\/renneritalia.com\/renner-job\/","name":"Nuestro equipo - Renner Italia","isPartOf":{"@id":"https:\/\/renneritalia.com\/#website"},"datePublished":"2023-02-17T10:43:33+00:00","dateModified":"2025-11-10T16:18:05+00:00","breadcrumb":{"@id":"https:\/\/renneritalia.com\/renner-job\/#breadcrumb"},"inLanguage":"es","potentialAction":[{"@type":"ReadAction","target":["https:\/\/renneritalia.com\/renner-job\/"]}]},{"@type":"BreadcrumbList","@id":"https:\/\/renneritalia.com\/renner-job\/#breadcrumb","itemListElement":[{"@type":"ListItem","position":1,"name":"Home","item":"https:\/\/renneritalia.com\/es\/"},{"@type":"ListItem","position":2,"name":"Nuestro equipo"}]},{"@type":"WebSite","@id":"https:\/\/renneritalia.com\/#website","url":"https:\/\/renneritalia.com\/","name":"Renner Italia","description":"Le vernici per il legno","publisher":{"@id":"https:\/\/renneritalia.com\/#organization"},"potentialAction":[{"@type":"SearchAction","target":{"@type":"EntryPoint","urlTemplate":"https:\/\/renneritalia.com\/?s={search_term_string}"},"query-input":{"@type":"PropertyValueSpecification","valueRequired":true,"valueName":"search_term_string"}}],"inLanguage":"es"},{"@type":"Organization","@id":"https:\/\/renneritalia.com\/#organization","name":"Renner Italia","url":"https:\/\/renneritalia.com\/","logo":{"@type":"ImageObject","inLanguage":"es","@id":"https:\/\/renneritalia.com\/#\/schema\/logo\/image\/","url":"https:\/\/renneritalia.com\/wp-content\/uploads\/2025\/03\/logo_renner_italia.svg","contentUrl":"https:\/\/renneritalia.com\/wp-content\/uploads\/2025\/03\/logo_renner_italia.svg","caption":"Renner Italia"},"image":{"@id":"https:\/\/renneritalia.com\/#\/schema\/logo\/image\/"}}]}},"_links":{"self":[{"href":"https:\/\/renneritalia.com\/es\/wp-json\/wp\/v2\/pages\/84592","targetHints":{"allow":["GET"]}}],"collection":[{"href":"https:\/\/renneritalia.com\/es\/wp-json\/wp\/v2\/pages"}],"about":[{"href":"https:\/\/renneritalia.com\/es\/wp-json\/wp\/v2\/types\/page"}],"author":[{"embeddable":true,"href":"https:\/\/renneritalia.com\/es\/wp-json\/wp\/v2\/users\/7"}],"replies":[{"embeddable":true,"href":"https:\/\/renneritalia.com\/es\/wp-json\/wp\/v2\/comments?post=84592"}],"version-history":[{"count":13,"href":"https:\/\/renneritalia.com\/es\/wp-json\/wp\/v2\/pages\/84592\/revisions"}],"predecessor-version":[{"id":117110,"href":"https:\/\/renneritalia.com\/es\/wp-json\/wp\/v2\/pages\/84592\/revisions\/117110"}],"wp:attachment":[{"href":"https:\/\/renneritalia.com\/es\/wp-json\/wp\/v2\/media?parent=84592"}],"wp:term":[{"taxonomy":"page-category","embeddable":true,"href":"https:\/\/renneritalia.com\/es\/wp-json\/wp\/v2\/page-category?post=84592"}],"curies":[{"name":"wp","href":"https:\/\/api.w.org\/{rel}","templated":true}]}}