{"id":84342,"date":"2023-03-14T14:25:14","date_gmt":"2023-03-14T13:25:14","guid":{"rendered":"https:\/\/renneritalia.com\/el-sistema-de-gestion-de-calidad\/"},"modified":"2025-11-10T16:13:31","modified_gmt":"2025-11-10T15:13:31","slug":"certificacion-de-sistemas","status":"publish","type":"page","link":"https:\/\/renneritalia.com\/es\/certificacion-de-sistemas\/","title":{"rendered":"Certificaci\u00f3n de sistemas"},"content":{"rendered":"\t\t<div data-elementor-type=\"wp-page\" data-elementor-id=\"84342\" class=\"elementor elementor-84342 elementor-80654\" data-elementor-post-type=\"page\">\n\t\t\t\t\t\t<section class=\"has_eae_slider elementor-section elementor-top-section elementor-element elementor-element-52f65965 elementor-section-height-min-height elementor-section-boxed elementor-section-height-default elementor-section-items-middle\" data-eae-slider=\"79222\" data-id=\"52f65965\" data-element_type=\"section\" data-e-type=\"section\" data-settings=\"{&quot;jet_parallax_layout_list&quot;:[],&quot;background_background&quot;:&quot;video&quot;,&quot;background_video_link&quot;:&quot;https:\\\/\\\/renneritalia.com\\\/wp-content\\\/uploads\\\/2024\\\/02\\\/lab.mp4&quot;,&quot;background_play_on_mobile&quot;:&quot;yes&quot;}\">\n\t\t\t\t\t\t\t\t<div class=\"elementor-background-video-container\">\n\t\t\t\t\t\t\t\t\t\t\t\t\t<video class=\"elementor-background-video-hosted\" role=\"presentation\" autoplay muted playsinline loop><\/video>\n\t\t\t\t\t\t\t\t\t\t\t<\/div>\n\t\t\t\t\t\t\t\t<div class=\"elementor-container elementor-column-gap-default\">\n\t\t\t\t\t<div class=\"has_eae_slider elementor-column elementor-col-100 elementor-top-column elementor-element elementor-element-28adf939\" data-eae-slider=\"91033\" data-id=\"28adf939\" data-element_type=\"column\" data-e-type=\"column\">\n\t\t\t<div class=\"elementor-widget-wrap elementor-element-populated\">\n\t\t\t\t\t\t<section class=\"has_eae_slider elementor-section elementor-inner-section elementor-element elementor-element-39e6187 elementor-section-content-bottom elementor-section-boxed elementor-section-height-default elementor-section-height-default\" data-eae-slider=\"54744\" data-id=\"39e6187\" data-element_type=\"section\" data-e-type=\"section\" data-settings=\"{&quot;jet_parallax_layout_list&quot;:[]}\">\n\t\t\t\t\t\t<div class=\"elementor-container elementor-column-gap-default\">\n\t\t\t\t\t<div class=\"has_eae_slider elementor-column elementor-col-50 elementor-inner-column elementor-element elementor-element-2cf90efb\" data-eae-slider=\"30503\" data-id=\"2cf90efb\" data-element_type=\"column\" data-e-type=\"column\" data-settings=\"{&quot;background_background&quot;:&quot;classic&quot;}\">\n\t\t\t<div class=\"elementor-widget-wrap elementor-element-populated\">\n\t\t\t\t\t\t<div class=\"elementor-element elementor-element-1b3ebb5e elementor-widget elementor-widget-heading\" data-id=\"1b3ebb5e\" data-element_type=\"widget\" data-e-type=\"widget\" data-widget_type=\"heading.default\">\n\t\t\t\t<div class=\"elementor-widget-container\">\n\t\t\t\t\t<h2 class=\"elementor-heading-title elementor-size-default\">Pol\u00edtica y objetivos<\/h2>\t\t\t\t<\/div>\n\t\t\t\t<\/div>\n\t\t\t\t<div class=\"elementor-element elementor-element-3453fe8c elementor-widget elementor-widget-text-editor\" data-id=\"3453fe8c\" data-element_type=\"widget\" data-e-type=\"widget\" data-widget_type=\"text-editor.default\">\n\t\t\t\t<div class=\"elementor-widget-container\">\n\t\t\t\t\t\t\t\t\t<p>La definici\u00f3n y la aplicaci\u00f3n de una pol\u00edtica a favor de la calidad, la seguridad y el medio ambiente representan uno de los fundamentos de la pol\u00edtica empresarial de Renner Italia S.p.A.<\/p>\n\t\t\t\t\t\t\t\t<\/div>\n\t\t\t\t<\/div>\n\t\t\t\t<div class=\"elementor-element elementor-element-4c18bdf5 elementor-widget elementor-widget-text-editor\" data-id=\"4c18bdf5\" data-element_type=\"widget\" data-e-type=\"widget\" data-widget_type=\"text-editor.default\">\n\t\t\t\t<div class=\"elementor-widget-container\">\n\t\t\t\t\t\t\t\t\tRenner Italia se empe\u00f1a en mantener su sistema de gesti\u00f3n de la calidad, la seguridad y el medio ambiente conforme a los requisitos de las normas UNI EN ISO 9001:2015 y UNI EN ISO 14001:2015, y en implementar gradualmente los requisitos de la norma UNI ISO 45001:2018.<br> La pol\u00edtica para la calidad, la seguridad y el medio ambiente de Renner Italia tiene como objetivo mejorar de manera constante todos los procesos empresariales a fin de garantizar unas prestaciones y unos servicios eficientes y seguros para tutelar los intereses y la imagen de la empresa y de sus clientes, en el m\u00e1s absoluto respeto de la salud de los trabajadores y del ambiente externo.\t\t\t\t\t\t\t\t<\/div>\n\t\t\t\t<\/div>\n\t\t\t\t<div class=\"elementor-element elementor-element-5f7aa4f9 elementor-widget elementor-widget-button\" data-id=\"5f7aa4f9\" data-element_type=\"widget\" data-e-type=\"widget\" data-widget_type=\"button.default\">\n\t\t\t\t<div class=\"elementor-widget-container\">\n\t\t\t\t\t\t\t\t\t<div class=\"elementor-button-wrapper\">\n\t\t\t\t\t<a class=\"elementor-button elementor-button-link elementor-size-sm\" href=\"https:\/\/renneritalia.com\/wp-content\/uploads\/2023\/03\/certiquality.pdf\">\n\t\t\t\t\t\t<span class=\"elementor-button-content-wrapper\">\n\t\t\t\t\t\t\t\t\t<span class=\"elementor-button-text\">DESCARGA LAS CERTIFICACIONES<\/span>\n\t\t\t\t\t<\/span>\n\t\t\t\t\t<\/a>\n\t\t\t\t<\/div>\n\t\t\t\t\t\t\t\t<\/div>\n\t\t\t\t<\/div>\n\t\t\t\t\t<\/div>\n\t\t<\/div>\n\t\t\t\t<div class=\"has_eae_slider elementor-column elementor-col-50 elementor-inner-column elementor-element elementor-element-311d88e3\" data-eae-slider=\"60235\" data-id=\"311d88e3\" data-element_type=\"column\" data-e-type=\"column\">\n\t\t\t<div class=\"elementor-widget-wrap\">\n\t\t\t\t\t\t\t<\/div>\n\t\t<\/div>\n\t\t\t\t\t<\/div>\n\t\t<\/section>\n\t\t\t\t\t<\/div>\n\t\t<\/div>\n\t\t\t\t\t<\/div>\n\t\t<\/section>\n\t\t\t\t<section class=\"has_eae_slider elementor-section elementor-top-section elementor-element elementor-element-1462efdb elementor-section-boxed elementor-section-height-default elementor-section-height-default\" data-eae-slider=\"27553\" data-id=\"1462efdb\" data-element_type=\"section\" data-e-type=\"section\" data-settings=\"{&quot;jet_parallax_layout_list&quot;:[],&quot;background_background&quot;:&quot;classic&quot;}\">\n\t\t\t\t\t\t<div class=\"elementor-container elementor-column-gap-default\">\n\t\t\t\t\t<div class=\"has_eae_slider elementor-column elementor-col-100 elementor-top-column elementor-element elementor-element-1a639799\" data-eae-slider=\"70915\" data-id=\"1a639799\" data-element_type=\"column\" data-e-type=\"column\">\n\t\t\t<div class=\"elementor-widget-wrap elementor-element-populated\">\n\t\t\t\t\t\t<div class=\"elementor-element elementor-element-2bef9804 elementor-widget elementor-widget-heading\" data-id=\"2bef9804\" data-element_type=\"widget\" data-e-type=\"widget\" data-widget_type=\"heading.default\">\n\t\t\t\t<div class=\"elementor-widget-container\">\n\t\t\t\t\t<h2 class=\"elementor-heading-title elementor-size-default\">Calidad, seguridad y medio ambiente<\/h2>\t\t\t\t<\/div>\n\t\t\t\t<\/div>\n\t\t\t\t<div class=\"elementor-element elementor-element-cc5d977 elementor-widget elementor-widget-text-editor\" data-id=\"cc5d977\" data-element_type=\"widget\" data-e-type=\"widget\" data-widget_type=\"text-editor.default\">\n\t\t\t\t<div class=\"elementor-widget-container\">\n\t\t\t\t\t\t\t\t\t<p>Con este objetivo primario la direcci\u00f3n ha definido unos objetivos de estrategia empresarial <br \/>a fin de orientar y dirigir los recursos de la empresa para alcanzar los compromisos asumidos en la pol\u00edtica para la calidad, la seguridad y el medio ambiente. <br \/>En particular, la pol\u00edtica empresarial de Renner Italia se basa en los siguientes objetivos clave. <\/p>\n\t\t\t\t\t\t\t\t<\/div>\n\t\t\t\t<\/div>\n\t\t\t\t<div class=\"elementor-element elementor-element-269393a6 elementor--v-position-top elementor--h-position-center elementor-pagination-position-inside elementor-widget elementor-widget-slides\" data-id=\"269393a6\" data-element_type=\"widget\" data-e-type=\"widget\" data-settings=\"{&quot;navigation&quot;:&quot;dots&quot;,&quot;transition&quot;:&quot;fade&quot;,&quot;autoplay&quot;:&quot;yes&quot;,&quot;pause_on_hover&quot;:&quot;yes&quot;,&quot;pause_on_interaction&quot;:&quot;yes&quot;,&quot;autoplay_speed&quot;:5000,&quot;infinite&quot;:&quot;yes&quot;,&quot;transition_speed&quot;:500}\" data-widget_type=\"slides.default\">\n\t\t\t\t<div class=\"elementor-widget-container\">\n\t\t\t\t\t\t\t\t\t<div class=\"elementor-swiper\">\n\t\t\t\t\t<div class=\"elementor-slides-wrapper elementor-main-swiper swiper\" role=\"region\" aria-roledescription=\"carousel\" aria-label=\"Diapositivas\" dir=\"ltr\" data-animation=\"fadeInRight\">\n\t\t\t\t<div class=\"swiper-wrapper elementor-slides\">\n\t\t\t\t\t\t\t\t\t\t<div class=\"elementor-repeater-item-1aba60f swiper-slide\" role=\"group\" aria-roledescription=\"slide\"><div class=\"swiper-slide-bg\"><\/div><div class=\"swiper-slide-inner\" ><div class=\"swiper-slide-contents\"><div class=\"elementor-slide-heading\">La atenci\u00f3n a las necesidades de los clientes<\/div><div class=\"elementor-slide-description\"><p>Renner Italia considera que el mantenimiento y el incremento de su cuota de mercado pueden obtenerse focalizando su atenci\u00f3n en las necesidades de los clientes, tanto actuales como potenciales, siendo capaces de satisfacer las espectativas m\u00e1s variadas y articuladas de los usuarios finales.<\/p>\n<\/div><\/div><\/div><\/div><div class=\"elementor-repeater-item-8ea64f5 swiper-slide\" role=\"group\" aria-roledescription=\"slide\"><div class=\"swiper-slide-bg\"><\/div><div class=\"swiper-slide-inner\" ><div class=\"swiper-slide-contents\"><div class=\"elementor-slide-heading\">M\u00e1xima atenci\u00f3n a la tutela del medio ambiente<\/div><div class=\"elementor-slide-description\"><p>Renner Italia establecido una estrategia que apunta a la creaci\u00f3n de pinturas de elevad\u00edsima calidad en el m\u00e1ximo respeto del medio ambiente, focalizando la atenci\u00f3n en: desarrollo y difusi\u00f3n de las pinturas al agua, realizaci\u00f3n de equipos productivos capaces de pasar de la producci\u00f3n de pinturas al solvente a la de pinturas al aguan con unas sencillas y r\u00e1pidas intervenciones de mantenimiento, desarrollo de productos que no contienen determinadas sustancias reconocidas como peligrosas (por ejemplo: plomo), Renner Italia se preocupa por el respeto del medio ambiente y por la prevenci\u00f3n de la contaminaci\u00f3n, y opera en el \u00e1mbito de las normas vigentes de protecci\u00f3n ambiental. La direcci\u00f3n de Rennet Italia ha decidido extender gradualmente su sistema de gesti\u00f3n a fin de que el impacto ambiental de la empresa pueda ser comprendido y continuamente mejorado.  <\/p>\n<\/div><\/div><\/div><\/div><div class=\"elementor-repeater-item-6823fc1 swiper-slide\" role=\"group\" aria-roledescription=\"slide\"><div class=\"swiper-slide-bg\"><\/div><div class=\"swiper-slide-inner\" ><div class=\"swiper-slide-contents\"><div class=\"elementor-slide-heading\">La innovaci\u00f3n<\/div><div class=\"elementor-slide-description\"><p>Renner Italia mejora constantemente sus productos y procesos productivos introduciendo nuevas tecnolog\u00edas y m\u00e9todos a fin de obtener para sus clientes unos productos de un est\u00e1ndar cualitativo alt\u00edsimo, de vanguardia respecto a lo que ofrece el mercado.<br \/>\nA tal fin Renner Italia ha decidido establecer partnership con otras empresas del sector con las que colabora para el desarrollo de materias primas de elevadas prestaciones.<\/p>\n<\/div><\/div><\/div><\/div><div class=\"elementor-repeater-item-c2f6649 swiper-slide\" role=\"group\" aria-roledescription=\"slide\"><div class=\"swiper-slide-bg\"><\/div><div class=\"swiper-slide-inner\" ><div class=\"swiper-slide-contents\"><div class=\"elementor-slide-heading\">La disponibilidad de servicios integrados de apoyo al cliente<\/div><div class=\"elementor-slide-description\"><p> Renner Italia no limita su relaci\u00f3n con el cliente a la sola realizaci\u00f3n de sus productos, sino que crea una relaci\u00f3n de colaboraci\u00f3n que va m\u00e1s all\u00e1 del simple suministro, ofreciendo unos servicios y unos asesoramientos capades de identificar y de desarrollar las mejores soluciones posibles para el cliente.<\/p>\n<\/div><\/div><\/div><\/div><div class=\"elementor-repeater-item-411979d swiper-slide\" role=\"group\" aria-roledescription=\"slide\"><div class=\"swiper-slide-bg\"><\/div><div class=\"swiper-slide-inner\" ><div class=\"swiper-slide-contents\"><div class=\"elementor-slide-heading\">La seguridad de sus dependientes<\/div><div class=\"elementor-slide-description\"><p> Renner Italia se preocupa por la seguridad de sus dependientes. Para ello la direcci\u00f3n de Renner Italia ha definido las responsabilidades y puesto a disposici\u00f3n los recursos necesarios para que el establecimiento donde se trabaja sea seguro. Renner se compromete a prevenir los accidentes y las enfermedades relacionados con la actividad laboral.  <\/p>\n<\/div><\/div><\/div><\/div><div class=\"elementor-repeater-item-3c9a2f7 swiper-slide\" role=\"group\" aria-roledescription=\"slide\"><div class=\"swiper-slide-bg\"><\/div><div class=\"swiper-slide-inner\" ><div class=\"swiper-slide-contents\"><div class=\"elementor-slide-heading\">La calidad del ambiente de trabajo<\/div><div class=\"elementor-slide-description\"><p> La direcci\u00f3n de Renner Italia es consciente de que los dependientes pasan buena parte de su tiempo en la empresa y que la calidad de este tiempo influye de manera significativa en su calidad de vida; as\u00ed pues, la direcci\u00f3n de Renner Italia se compromete a favorecer y a alentar un clima de trabajo sereno y profesional entre los dependientes, y a poner a disposici\u00f3n los recursos necesarios para garantizar un ambiente de trabajo adecuado.<\/p>\n<\/div><\/div><\/div><\/div><div class=\"elementor-repeater-item-aabab3a swiper-slide\" role=\"group\" aria-roledescription=\"slide\"><div class=\"swiper-slide-bg\"><\/div><div class=\"swiper-slide-inner\" ><div class=\"swiper-slide-contents\"><div class=\"elementor-slide-heading\">El respeto de las normas y de los reglamentos vigentes<\/div><div class=\"elementor-slide-description\"><p>La direcci\u00f3n de Renner Italia se compromete a respetar todos los requisitos aplicables, incluidos los relativos a los productos que fabrica. Ello incluye la legislaci\u00f3n nacional, la europea y la de los pa\u00edses a los que exporta, sobre la seguridad de los productos, el transporte de mercanc\u00edas, la notificaci\u00f3n de productos peligrosos y la puesta en marcha de intervenciones correctoras. <\/p>\n<\/div><\/div><\/div><\/div><div class=\"elementor-repeater-item-1ecb931 swiper-slide\" role=\"group\" aria-roledescription=\"slide\"><div class=\"swiper-slide-bg\"><\/div><div class=\"swiper-slide-inner\" ><div class=\"swiper-slide-contents\"><div class=\"elementor-slide-heading\">La gesti\u00f3n de relaciones a largo plazo<\/div><div class=\"elementor-slide-description\"><p>Renner Italia pretende establecer con sus clientes unas relaciones duraderas a fin de incrementar su ventaja competitiva.<\/p>\n<\/div><\/div><\/div><\/div><div class=\"elementor-repeater-item-496637f swiper-slide\" role=\"group\" aria-roledescription=\"slide\"><div class=\"swiper-slide-bg\"><\/div><div class=\"swiper-slide-inner\" ><div class=\"swiper-slide-contents\"><div class=\"elementor-slide-heading\">La flexibilidad<\/div><div class=\"elementor-slide-description\"><p>A fin de aumentar constantemente la satisfacci\u00f3n de sus clientes Renner Italia se ha estructurado para poder responder r\u00e1pidamente a las exigencias m\u00e1s variadas (por ejemplo: modificaciones a los productos y a los programas de producci\u00f3n).<\/p>\n<\/div><\/div><\/div><\/div><div class=\"elementor-repeater-item-93fa0b8 swiper-slide\" role=\"group\" aria-roledescription=\"slide\"><div class=\"swiper-slide-bg\"><\/div><div class=\"swiper-slide-inner\" ><div class=\"swiper-slide-contents\"><div class=\"elementor-slide-heading\">La transparencia en las relaciones<\/div><div class=\"elementor-slide-description\"><p>Renner Italia establece relaciones ventajosas para s\u00ed misma y para sus clientes, basadas en la confianza, la integraci\u00f3n y el intercambio de conocimientos.<\/p>\n<\/div><\/div><\/div><\/div><div class=\"elementor-repeater-item-0971c0f swiper-slide\" role=\"group\" aria-roledescription=\"slide\"><div class=\"swiper-slide-bg\"><\/div><div class=\"swiper-slide-inner\" ><div class=\"swiper-slide-contents\"><div class=\"elementor-slide-heading\">La mejora continua<\/div><div class=\"elementor-slide-description\"><p>Renner Italia considera que su \u00e9xito a largo plazo se facilita compartiendo el conocimiento y difundiendo una cultura de mejora, innovaci\u00f3n y aprendizaje continuo.<\/p>\n<\/div><\/div><\/div><\/div>\t\t\t\t<\/div>\n\t\t\t\t\t\t\t\t\t\t\t\t\t\t\t\t\t\t\t\t<div class=\"swiper-pagination\"><\/div>\n\t\t\t\t\t\t\t\t\t\t\t\t<\/div>\n\t\t\t\t<\/div>\n\t\t\t\t\t\t\t\t<\/div>\n\t\t\t\t<\/div>\n\t\t\t\t<div class=\"elementor-element elementor-element-a18cf54 elementor-align-center elementor-widget elementor-widget-button\" data-id=\"a18cf54\" data-element_type=\"widget\" data-e-type=\"widget\" data-widget_type=\"button.default\">\n\t\t\t\t<div class=\"elementor-widget-container\">\n\t\t\t\t\t\t\t\t\t<div class=\"elementor-button-wrapper\">\n\t\t\t\t\t<a class=\"elementor-button elementor-button-link elementor-size-sm\" href=\"\/wp-content\/uploads\/pdf\/Politica_Aziendale_Integrata_2025_es.pdf\">\n\t\t\t\t\t\t<span class=\"elementor-button-content-wrapper\">\n\t\t\t\t\t\t\t\t\t<span class=\"elementor-button-text\">POLITICA INTEGRADA EMPRESA<\/span>\n\t\t\t\t\t<\/span>\n\t\t\t\t\t<\/a>\n\t\t\t\t<\/div>\n\t\t\t\t\t\t\t\t<\/div>\n\t\t\t\t<\/div>\n\t\t\t\t\t<\/div>\n\t\t<\/div>\n\t\t\t\t\t<\/div>\n\t\t<\/section>\n\t\t\t\t<\/div>\n\t\t","protected":false},"excerpt":{"rendered":"<p>Pol\u00edtica y objetivos La definici\u00f3n y la aplicaci\u00f3n de una pol\u00edtica a favor de la calidad, la seguridad y el medio ambiente representan uno de los fundamentos de la pol\u00edtica empresarial de Renner Italia S.p.A. Renner Italia se empe\u00f1a en mantener su sistema de gesti\u00f3n de la calidad, la seguridad y el medio ambiente conforme [&hellip;]<\/p>\n","protected":false},"author":7,"featured_media":0,"parent":0,"menu_order":0,"comment_status":"closed","ping_status":"closed","template":"","meta":{"footnotes":""},"page-category":[],"class_list":["post-84342","page","type-page","status-publish","hentry"],"yoast_head":"<!-- This site is optimized with the Yoast SEO plugin v27.4 - https:\/\/yoast.com\/product\/yoast-seo-wordpress\/ -->\n<title>Certificaci\u00f3n de sistemas - Renner Italia<\/title>\n<meta name=\"robots\" content=\"index, follow, max-snippet:-1, max-image-preview:large, max-video-preview:-1\" \/>\n<link rel=\"canonical\" href=\"https:\/\/renneritalia.com\/es\/certificacion-de-sistemas\/\" \/>\n<meta property=\"og:locale\" content=\"es_ES\" \/>\n<meta property=\"og:type\" content=\"article\" \/>\n<meta property=\"og:title\" content=\"Certificaci\u00f3n de sistemas - Renner Italia\" \/>\n<meta property=\"og:description\" content=\"Pol\u00edtica y objetivos La definici\u00f3n y la aplicaci\u00f3n de una pol\u00edtica a favor de la calidad, la seguridad y el medio ambiente representan uno de los fundamentos de la pol\u00edtica empresarial de Renner Italia S.p.A. Renner Italia se empe\u00f1a en mantener su sistema de gesti\u00f3n de la calidad, la seguridad y el medio ambiente conforme [&hellip;]\" \/>\n<meta property=\"og:url\" content=\"https:\/\/renneritalia.com\/es\/certificacion-de-sistemas\/\" \/>\n<meta property=\"og:site_name\" content=\"Renner Italia\" \/>\n<meta property=\"article:modified_time\" content=\"2025-11-10T15:13:31+00:00\" \/>\n<meta name=\"twitter:card\" content=\"summary_large_image\" \/>\n<meta name=\"twitter:label1\" content=\"Tiempo de lectura\" \/>\n\t<meta name=\"twitter:data1\" content=\"10 minutos\" \/>\n<script type=\"application\/ld+json\" class=\"yoast-schema-graph\">{\"@context\":\"https:\\\/\\\/schema.org\",\"@graph\":[{\"@type\":\"WebPage\",\"@id\":\"https:\\\/\\\/renneritalia.com\\\/es\\\/certificacion-de-sistemas\\\/\",\"url\":\"https:\\\/\\\/renneritalia.com\\\/es\\\/certificacion-de-sistemas\\\/\",\"name\":\"Certificaci\u00f3n de sistemas - Renner Italia\",\"isPartOf\":{\"@id\":\"https:\\\/\\\/renneritalia.com\\\/#website\"},\"datePublished\":\"2023-03-14T13:25:14+00:00\",\"dateModified\":\"2025-11-10T15:13:31+00:00\",\"breadcrumb\":{\"@id\":\"https:\\\/\\\/renneritalia.com\\\/es\\\/certificacion-de-sistemas\\\/#breadcrumb\"},\"inLanguage\":\"es\",\"potentialAction\":[{\"@type\":\"ReadAction\",\"target\":[\"https:\\\/\\\/renneritalia.com\\\/es\\\/certificacion-de-sistemas\\\/\"]}]},{\"@type\":\"BreadcrumbList\",\"@id\":\"https:\\\/\\\/renneritalia.com\\\/es\\\/certificacion-de-sistemas\\\/#breadcrumb\",\"itemListElement\":[{\"@type\":\"ListItem\",\"position\":1,\"name\":\"Home\",\"item\":\"https:\\\/\\\/renneritalia.com\\\/es\\\/\"},{\"@type\":\"ListItem\",\"position\":2,\"name\":\"Certificaci\u00f3n de sistemas\"}]},{\"@type\":\"WebSite\",\"@id\":\"https:\\\/\\\/renneritalia.com\\\/#website\",\"url\":\"https:\\\/\\\/renneritalia.com\\\/\",\"name\":\"Renner Italia\",\"description\":\"Le vernici per il legno\",\"publisher\":{\"@id\":\"https:\\\/\\\/renneritalia.com\\\/#organization\"},\"potentialAction\":[{\"@type\":\"SearchAction\",\"target\":{\"@type\":\"EntryPoint\",\"urlTemplate\":\"https:\\\/\\\/renneritalia.com\\\/?s={search_term_string}\"},\"query-input\":{\"@type\":\"PropertyValueSpecification\",\"valueRequired\":true,\"valueName\":\"search_term_string\"}}],\"inLanguage\":\"es\"},{\"@type\":\"Organization\",\"@id\":\"https:\\\/\\\/renneritalia.com\\\/#organization\",\"name\":\"Renner Italia\",\"url\":\"https:\\\/\\\/renneritalia.com\\\/\",\"logo\":{\"@type\":\"ImageObject\",\"inLanguage\":\"es\",\"@id\":\"https:\\\/\\\/renneritalia.com\\\/#\\\/schema\\\/logo\\\/image\\\/\",\"url\":\"https:\\\/\\\/renneritalia.com\\\/wp-content\\\/uploads\\\/2025\\\/03\\\/logo_renner_italia.svg\",\"contentUrl\":\"https:\\\/\\\/renneritalia.com\\\/wp-content\\\/uploads\\\/2025\\\/03\\\/logo_renner_italia.svg\",\"caption\":\"Renner Italia\"},\"image\":{\"@id\":\"https:\\\/\\\/renneritalia.com\\\/#\\\/schema\\\/logo\\\/image\\\/\"}}]}<\/script>\n<!-- \/ Yoast SEO plugin. -->","yoast_head_json":{"title":"Certificaci\u00f3n de sistemas - Renner Italia","robots":{"index":"index","follow":"follow","max-snippet":"max-snippet:-1","max-image-preview":"max-image-preview:large","max-video-preview":"max-video-preview:-1"},"canonical":"https:\/\/renneritalia.com\/es\/certificacion-de-sistemas\/","og_locale":"es_ES","og_type":"article","og_title":"Certificaci\u00f3n de sistemas - Renner Italia","og_description":"Pol\u00edtica y objetivos La definici\u00f3n y la aplicaci\u00f3n de una pol\u00edtica a favor de la calidad, la seguridad y el medio ambiente representan uno de los fundamentos de la pol\u00edtica empresarial de Renner Italia S.p.A. Renner Italia se empe\u00f1a en mantener su sistema de gesti\u00f3n de la calidad, la seguridad y el medio ambiente conforme [&hellip;]","og_url":"https:\/\/renneritalia.com\/es\/certificacion-de-sistemas\/","og_site_name":"Renner Italia","article_modified_time":"2025-11-10T15:13:31+00:00","twitter_card":"summary_large_image","twitter_misc":{"Tiempo de lectura":"10 minutos"},"schema":{"@context":"https:\/\/schema.org","@graph":[{"@type":"WebPage","@id":"https:\/\/renneritalia.com\/es\/certificacion-de-sistemas\/","url":"https:\/\/renneritalia.com\/es\/certificacion-de-sistemas\/","name":"Certificaci\u00f3n de sistemas - Renner Italia","isPartOf":{"@id":"https:\/\/renneritalia.com\/#website"},"datePublished":"2023-03-14T13:25:14+00:00","dateModified":"2025-11-10T15:13:31+00:00","breadcrumb":{"@id":"https:\/\/renneritalia.com\/es\/certificacion-de-sistemas\/#breadcrumb"},"inLanguage":"es","potentialAction":[{"@type":"ReadAction","target":["https:\/\/renneritalia.com\/es\/certificacion-de-sistemas\/"]}]},{"@type":"BreadcrumbList","@id":"https:\/\/renneritalia.com\/es\/certificacion-de-sistemas\/#breadcrumb","itemListElement":[{"@type":"ListItem","position":1,"name":"Home","item":"https:\/\/renneritalia.com\/es\/"},{"@type":"ListItem","position":2,"name":"Certificaci\u00f3n de sistemas"}]},{"@type":"WebSite","@id":"https:\/\/renneritalia.com\/#website","url":"https:\/\/renneritalia.com\/","name":"Renner Italia","description":"Le vernici per il legno","publisher":{"@id":"https:\/\/renneritalia.com\/#organization"},"potentialAction":[{"@type":"SearchAction","target":{"@type":"EntryPoint","urlTemplate":"https:\/\/renneritalia.com\/?s={search_term_string}"},"query-input":{"@type":"PropertyValueSpecification","valueRequired":true,"valueName":"search_term_string"}}],"inLanguage":"es"},{"@type":"Organization","@id":"https:\/\/renneritalia.com\/#organization","name":"Renner Italia","url":"https:\/\/renneritalia.com\/","logo":{"@type":"ImageObject","inLanguage":"es","@id":"https:\/\/renneritalia.com\/#\/schema\/logo\/image\/","url":"https:\/\/renneritalia.com\/wp-content\/uploads\/2025\/03\/logo_renner_italia.svg","contentUrl":"https:\/\/renneritalia.com\/wp-content\/uploads\/2025\/03\/logo_renner_italia.svg","caption":"Renner Italia"},"image":{"@id":"https:\/\/renneritalia.com\/#\/schema\/logo\/image\/"}}]}},"_links":{"self":[{"href":"https:\/\/renneritalia.com\/es\/wp-json\/wp\/v2\/pages\/84342","targetHints":{"allow":["GET"]}}],"collection":[{"href":"https:\/\/renneritalia.com\/es\/wp-json\/wp\/v2\/pages"}],"about":[{"href":"https:\/\/renneritalia.com\/es\/wp-json\/wp\/v2\/types\/page"}],"author":[{"embeddable":true,"href":"https:\/\/renneritalia.com\/es\/wp-json\/wp\/v2\/users\/7"}],"replies":[{"embeddable":true,"href":"https:\/\/renneritalia.com\/es\/wp-json\/wp\/v2\/comments?post=84342"}],"version-history":[{"count":15,"href":"https:\/\/renneritalia.com\/es\/wp-json\/wp\/v2\/pages\/84342\/revisions"}],"predecessor-version":[{"id":117022,"href":"https:\/\/renneritalia.com\/es\/wp-json\/wp\/v2\/pages\/84342\/revisions\/117022"}],"wp:attachment":[{"href":"https:\/\/renneritalia.com\/es\/wp-json\/wp\/v2\/media?parent=84342"}],"wp:term":[{"taxonomy":"page-category","embeddable":true,"href":"https:\/\/renneritalia.com\/es\/wp-json\/wp\/v2\/page-category?post=84342"}],"curies":[{"name":"wp","href":"https:\/\/api.w.org\/{rel}","templated":true}]}}