{"id":82682,"date":"2023-06-14T11:34:32","date_gmt":"2023-06-14T09:34:32","guid":{"rendered":"https:\/\/renneritalia.com\/vernici-per-il-pvc\/"},"modified":"2025-11-10T17:45:17","modified_gmt":"2025-11-10T16:45:17","slug":"vernici-per-il-pvc","status":"publish","type":"page","link":"https:\/\/renneritalia.com\/es\/vernici-per-il-pvc\/","title":{"rendered":"PVC"},"content":{"rendered":"\t\t<div data-elementor-type=\"wp-page\" data-elementor-id=\"82682\" class=\"elementor elementor-82682 elementor-82424\" data-elementor-post-type=\"page\">\n\t\t\t\t\t\t<section class=\"has_eae_slider elementor-section elementor-top-section elementor-element elementor-element-06bdb3c elementor-section-height-min-height elementor-section-items-bottom elementor-section-boxed elementor-section-height-default\" data-eae-slider=\"22388\" data-id=\"06bdb3c\" data-element_type=\"section\" data-e-type=\"section\" data-settings=\"{&quot;jet_parallax_layout_list&quot;:[],&quot;background_background&quot;:&quot;classic&quot;}\">\n\t\t\t\t\t\t<div class=\"elementor-container elementor-column-gap-default\">\n\t\t\t\t\t<div class=\"has_eae_slider elementor-column elementor-col-100 elementor-top-column elementor-element elementor-element-23ffb8d\" data-eae-slider=\"4746\" data-id=\"23ffb8d\" data-element_type=\"column\" data-e-type=\"column\">\n\t\t\t<div class=\"elementor-widget-wrap elementor-element-populated\">\n\t\t\t\t\t\t<div class=\"elementor-element elementor-element-599646f elementor-widget elementor-widget-image\" data-id=\"599646f\" data-element_type=\"widget\" data-e-type=\"widget\" data-widget_type=\"image.default\">\n\t\t\t\t<div class=\"elementor-widget-container\">\n\t\t\t\t\t\t\t\t\t\t\t\t\t\t\t<img fetchpriority=\"high\" decoding=\"async\" width=\"400\" height=\"140\" src=\"https:\/\/renneritalia.com\/wp-content\/uploads\/2023\/06\/logo_rennerplast.png\" class=\"attachment-large size-large wp-image-82560\" alt=\"\" srcset=\"https:\/\/renneritalia.com\/wp-content\/uploads\/2023\/06\/logo_rennerplast.png 400w, https:\/\/renneritalia.com\/wp-content\/uploads\/2023\/06\/logo_rennerplast-300x105.png 300w\" sizes=\"(max-width: 400px) 100vw, 400px\" \/>\t\t\t\t\t\t\t\t\t\t\t\t\t\t\t<\/div>\n\t\t\t\t<\/div>\n\t\t\t\t<section class=\"has_eae_slider elementor-section elementor-inner-section elementor-element elementor-element-2a1634a elementor-section-content-bottom elementor-section-boxed elementor-section-height-default elementor-section-height-default\" data-eae-slider=\"97946\" data-id=\"2a1634a\" data-element_type=\"section\" data-e-type=\"section\" data-settings=\"{&quot;jet_parallax_layout_list&quot;:[]}\">\n\t\t\t\t\t\t<div class=\"elementor-container elementor-column-gap-default\">\n\t\t\t\t\t<div class=\"has_eae_slider elementor-column elementor-col-100 elementor-inner-column elementor-element elementor-element-ffad811\" data-eae-slider=\"61919\" data-id=\"ffad811\" data-element_type=\"column\" data-e-type=\"column\">\n\t\t\t<div class=\"elementor-widget-wrap elementor-element-populated\">\n\t\t\t\t\t\t<div class=\"elementor-element elementor-element-aaa204f elementor-widget elementor-widget-text-editor\" data-id=\"aaa204f\" data-element_type=\"widget\" data-e-type=\"widget\" data-widget_type=\"text-editor.default\">\n\t\t\t\t<div class=\"elementor-widget-container\">\n\t\t\t\t\t\t\t\t\t<p>RENNERPLAST<\/p>\t\t\t\t\t\t\t\t<\/div>\n\t\t\t\t<\/div>\n\t\t\t\t<div class=\"elementor-element elementor-element-4a182c3 elementor-widget elementor-widget-heading\" data-id=\"4a182c3\" data-element_type=\"widget\" data-e-type=\"widget\" data-widget_type=\"heading.default\">\n\t\t\t\t<div class=\"elementor-widget-container\">\n\t\t\t\t\t<h2 class=\"elementor-heading-title elementor-size-default\">Barnices al agua para PVC 4.0<\/h2>\t\t\t\t<\/div>\n\t\t\t\t<\/div>\n\t\t\t\t\t<\/div>\n\t\t<\/div>\n\t\t\t\t\t<\/div>\n\t\t<\/section>\n\t\t\t\t\t<\/div>\n\t\t<\/div>\n\t\t\t\t\t<\/div>\n\t\t<\/section>\n\t\t\t\t<section class=\"has_eae_slider elementor-section elementor-top-section elementor-element elementor-element-f40376e elementor-section-boxed elementor-section-height-default elementor-section-height-default\" data-eae-slider=\"71795\" data-id=\"f40376e\" data-element_type=\"section\" data-e-type=\"section\" data-settings=\"{&quot;jet_parallax_layout_list&quot;:[]}\">\n\t\t\t\t\t\t<div class=\"elementor-container elementor-column-gap-default\">\n\t\t\t\t\t<div class=\"has_eae_slider elementor-column elementor-col-50 elementor-top-column elementor-element elementor-element-45b1470\" data-eae-slider=\"56340\" data-id=\"45b1470\" data-element_type=\"column\" data-e-type=\"column\">\n\t\t\t<div class=\"elementor-widget-wrap elementor-element-populated\">\n\t\t\t\t\t\t<div class=\"elementor-element elementor-element-cf0beaf elementor-widget elementor-widget-heading\" data-id=\"cf0beaf\" data-element_type=\"widget\" data-e-type=\"widget\" data-widget_type=\"heading.default\">\n\t\t\t\t<div class=\"elementor-widget-container\">\n\t\t\t\t\t<h2 class=\"elementor-heading-title elementor-size-default\">Los ciclos de barnizado Rennerplast proyectan los productos de PVC al nivel m\u00e1s alto de evoluci\u00f3n. El 4.0.<\/h2>\t\t\t\t<\/div>\n\t\t\t\t<\/div>\n\t\t\t\t\t<\/div>\n\t\t<\/div>\n\t\t\t\t<div class=\"has_eae_slider elementor-column elementor-col-50 elementor-top-column elementor-element elementor-element-f834c0e\" data-eae-slider=\"18874\" data-id=\"f834c0e\" data-element_type=\"column\" data-e-type=\"column\">\n\t\t\t<div class=\"elementor-widget-wrap elementor-element-populated\">\n\t\t\t\t\t\t<div class=\"elementor-element elementor-element-0ad2ec7 elementor-widget elementor-widget-heading\" data-id=\"0ad2ec7\" data-element_type=\"widget\" data-e-type=\"widget\" data-widget_type=\"heading.default\">\n\t\t\t\t<div class=\"elementor-widget-container\">\n\t\t\t\t\t<h3 class=\"elementor-heading-title elementor-size-default\">uestros barnices para PVC atribuyen al policloruro de vinilo cuatro valores<br>\n<span style=\"font-family: serif!important\">+<\/span>Vida<br>\n<span style=\"font-family: serif!important\">+<\/span>Dise\u00f1o Multicolor Multiefectos<br>\n<span style=\"font-family: serif!important\">+<\/span>Velocidad y unicidad<br>\n<span style=\"font-family: serif!important\">+<\/span>Respetuoso con el ambiente<br><\/h3>\t\t\t\t<\/div>\n\t\t\t\t<\/div>\n\t\t\t\t\t<\/div>\n\t\t<\/div>\n\t\t\t\t\t<\/div>\n\t\t<\/section>\n\t\t\t\t<section class=\"has_eae_slider elementor-section elementor-top-section elementor-element elementor-element-142eda3 elementor-section-boxed elementor-section-height-default elementor-section-height-default\" data-eae-slider=\"82978\" data-id=\"142eda3\" data-element_type=\"section\" data-e-type=\"section\" data-settings=\"{&quot;jet_parallax_layout_list&quot;:[]}\">\n\t\t\t\t\t\t<div class=\"elementor-container elementor-column-gap-default\">\n\t\t\t\t\t<div class=\"has_eae_slider elementor-column elementor-col-100 elementor-top-column elementor-element elementor-element-1246671\" data-eae-slider=\"1916\" data-id=\"1246671\" data-element_type=\"column\" data-e-type=\"column\">\n\t\t\t<div class=\"elementor-widget-wrap elementor-element-populated\">\n\t\t\t\t\t\t<div class=\"elementor-element elementor-element-e4ff83c elementor-align-center elementor-widget elementor-widget-button\" data-id=\"e4ff83c\" data-element_type=\"widget\" data-e-type=\"widget\" data-widget_type=\"button.default\">\n\t\t\t\t<div class=\"elementor-widget-container\">\n\t\t\t\t\t\t\t\t\t<div class=\"elementor-button-wrapper\">\n\t\t\t\t\t<a class=\"elementor-button elementor-button-link elementor-size-sm\" href=\"http:\/\/rennerplast.it\/\" target=\"_blank\">\n\t\t\t\t\t\t<span class=\"elementor-button-content-wrapper\">\n\t\t\t\t\t\t\t\t\t<span class=\"elementor-button-text\">VISITA LA P\u00c1GINA WEB<\/span>\n\t\t\t\t\t<\/span>\n\t\t\t\t\t<\/a>\n\t\t\t\t<\/div>\n\t\t\t\t\t\t\t\t<\/div>\n\t\t\t\t<\/div>\n\t\t\t\t\t<\/div>\n\t\t<\/div>\n\t\t\t\t\t<\/div>\n\t\t<\/section>\n\t\t\t\t<section class=\"has_eae_slider elementor-section elementor-top-section elementor-element elementor-element-a7c5b2a elementor-section-boxed elementor-section-height-default elementor-section-height-default\" data-eae-slider=\"74907\" data-id=\"a7c5b2a\" data-element_type=\"section\" data-e-type=\"section\" data-settings=\"{&quot;jet_parallax_layout_list&quot;:[]}\">\n\t\t\t\t\t\t<div class=\"elementor-container elementor-column-gap-default\">\n\t\t\t\t\t<div class=\"has_eae_slider elementor-column elementor-col-50 elementor-top-column elementor-element elementor-element-eb9d89f\" data-eae-slider=\"27037\" data-id=\"eb9d89f\" data-element_type=\"column\" data-e-type=\"column\" data-settings=\"{&quot;background_background&quot;:&quot;classic&quot;}\">\n\t\t\t<div class=\"elementor-widget-wrap elementor-element-populated\">\n\t\t\t\t\t\t<div class=\"elementor-element elementor-element-feb3f16 elementor-widget elementor-widget-text-editor\" data-id=\"feb3f16\" data-element_type=\"widget\" data-e-type=\"widget\" data-widget_type=\"text-editor.default\">\n\t\t\t\t<div class=\"elementor-widget-container\">\n\t\t\t\t\t\t\t\t\t<p>Lorem ipsum dolor<\/p>\t\t\t\t\t\t\t\t<\/div>\n\t\t\t\t<\/div>\n\t\t\t\t<div class=\"elementor-element elementor-element-66aa86e elementor-widget elementor-widget-heading\" data-id=\"66aa86e\" data-element_type=\"widget\" data-e-type=\"widget\" data-widget_type=\"heading.default\">\n\t\t\t\t<div class=\"elementor-widget-container\">\n\t\t\t\t\t<h2 class=\"elementor-heading-title elementor-size-default\">Difer\u00e9nciate \nde los competidores \ncon Rennerplast<\/h2>\t\t\t\t<\/div>\n\t\t\t\t<\/div>\n\t\t\t\t<div class=\"elementor-element elementor-element-bd38964 elementor-widget elementor-widget-heading\" data-id=\"bd38964\" data-element_type=\"widget\" data-e-type=\"widget\" data-widget_type=\"heading.default\">\n\t\t\t\t<div class=\"elementor-widget-container\">\n\t\t\t\t\t<h3 class=\"elementor-heading-title elementor-size-default\">Tras a\u00f1os de desarrollo, las caracter\u00edsticas qu\u00edmicomec\u00e1nicas obtenidas por la tecnolog\u00eda PVC se han estadarizado. Hoy en d\u00eda todos los fabricantes de carpinter\u00eda de puertas y ventanas de policloruro de vinilo pueden acceder al est\u00e1ndar.<\/h3>\t\t\t\t<\/div>\n\t\t\t\t<\/div>\n\t\t\t\t<div class=\"elementor-element elementor-element-bb8e5a1 elementor-widget elementor-widget-heading\" data-id=\"bb8e5a1\" data-element_type=\"widget\" data-e-type=\"widget\" data-widget_type=\"heading.default\">\n\t\t\t\t<div class=\"elementor-widget-container\">\n\t\t\t\t\t<h3 class=\"elementor-heading-title elementor-size-default\">Difer\u00e9nciate de los competidores con Rennerplast. Entra en el nivel 4.0 de los productos de PVC.<\/h3>\t\t\t\t<\/div>\n\t\t\t\t<\/div>\n\t\t\t\t\t<\/div>\n\t\t<\/div>\n\t\t\t\t<div class=\"has_eae_slider elementor-column elementor-col-50 elementor-top-column elementor-element elementor-element-bb1afbf\" data-eae-slider=\"17631\" data-id=\"bb1afbf\" data-element_type=\"column\" data-e-type=\"column\" data-settings=\"{&quot;background_background&quot;:&quot;classic&quot;}\">\n\t\t\t<div class=\"elementor-widget-wrap elementor-element-populated\">\n\t\t\t\t\t\t<div class=\"elementor-element elementor-element-b0240de elementor-hidden-desktop elementor-hidden-tablet elementor-widget elementor-widget-spacer\" data-id=\"b0240de\" data-element_type=\"widget\" data-e-type=\"widget\" data-widget_type=\"spacer.default\">\n\t\t\t\t<div class=\"elementor-widget-container\">\n\t\t\t\t\t\t\t<div class=\"elementor-spacer\">\n\t\t\t<div class=\"elementor-spacer-inner\"><\/div>\n\t\t<\/div>\n\t\t\t\t\t\t<\/div>\n\t\t\t\t<\/div>\n\t\t\t\t\t<\/div>\n\t\t<\/div>\n\t\t\t\t\t<\/div>\n\t\t<\/section>\n\t\t\t\t<\/div>\n\t\t","protected":false},"excerpt":{"rendered":"<p>RENNERPLAST Barnices al agua para PVC 4.0 Los ciclos de barnizado Rennerplast proyectan los productos de PVC al nivel m\u00e1s alto de evoluci\u00f3n. El 4.0. uestros barnices para PVC atribuyen al policloruro de vinilo cuatro valores +Vida +Dise\u00f1o Multicolor Multiefectos +Velocidad y unicidad +Respetuoso con el ambiente VISITA LA P\u00c1GINA WEB Lorem ipsum dolor Difer\u00e9nciate [&hellip;]<\/p>\n","protected":false},"author":7,"featured_media":0,"parent":0,"menu_order":0,"comment_status":"closed","ping_status":"closed","template":"","meta":{"footnotes":""},"page-category":[3243],"class_list":["post-82682","page","type-page","status-publish","hentry","page-category-plastic-coatings"],"yoast_head":"<!-- This site is optimized with the Yoast SEO plugin v27.4 - https:\/\/yoast.com\/product\/yoast-seo-wordpress\/ -->\n<title>PVC - Renner Italia<\/title>\n<meta name=\"robots\" content=\"index, follow, max-snippet:-1, max-image-preview:large, max-video-preview:-1\" \/>\n<link rel=\"canonical\" href=\"https:\/\/renneritalia.com\/es\/vernici-per-il-pvc\/\" \/>\n<meta property=\"og:locale\" content=\"es_ES\" \/>\n<meta property=\"og:type\" content=\"article\" \/>\n<meta property=\"og:title\" content=\"PVC - Renner Italia\" \/>\n<meta property=\"og:description\" content=\"RENNERPLAST Barnices al agua para PVC 4.0 Los ciclos de barnizado Rennerplast proyectan los productos de PVC al nivel m\u00e1s alto de evoluci\u00f3n. El 4.0. uestros barnices para PVC atribuyen al policloruro de vinilo cuatro valores +Vida +Dise\u00f1o Multicolor Multiefectos +Velocidad y unicidad +Respetuoso con el ambiente VISITA LA P\u00c1GINA WEB Lorem ipsum dolor Difer\u00e9nciate [&hellip;]\" \/>\n<meta property=\"og:url\" content=\"https:\/\/renneritalia.com\/es\/vernici-per-il-pvc\/\" \/>\n<meta property=\"og:site_name\" content=\"Renner Italia\" \/>\n<meta property=\"article:modified_time\" content=\"2025-11-10T16:45:17+00:00\" \/>\n<meta property=\"og:image\" content=\"https:\/\/renneritalia.com\/wp-content\/uploads\/2023\/06\/logo_rennerplast.png\" \/>\n<meta name=\"twitter:card\" content=\"summary_large_image\" \/>\n<meta name=\"twitter:label1\" content=\"Tiempo de lectura\" \/>\n\t<meta name=\"twitter:data1\" content=\"1 minuto\" \/>\n<script type=\"application\/ld+json\" class=\"yoast-schema-graph\">{\"@context\":\"https:\\\/\\\/schema.org\",\"@graph\":[{\"@type\":\"WebPage\",\"@id\":\"https:\\\/\\\/renneritalia.com\\\/es\\\/vernici-per-il-pvc\\\/\",\"url\":\"https:\\\/\\\/renneritalia.com\\\/es\\\/vernici-per-il-pvc\\\/\",\"name\":\"PVC - Renner Italia\",\"isPartOf\":{\"@id\":\"https:\\\/\\\/renneritalia.com\\\/#website\"},\"primaryImageOfPage\":{\"@id\":\"https:\\\/\\\/renneritalia.com\\\/es\\\/vernici-per-il-pvc\\\/#primaryimage\"},\"image\":{\"@id\":\"https:\\\/\\\/renneritalia.com\\\/es\\\/vernici-per-il-pvc\\\/#primaryimage\"},\"thumbnailUrl\":\"https:\\\/\\\/renneritalia.com\\\/wp-content\\\/uploads\\\/2023\\\/06\\\/logo_rennerplast.png\",\"datePublished\":\"2023-06-14T09:34:32+00:00\",\"dateModified\":\"2025-11-10T16:45:17+00:00\",\"breadcrumb\":{\"@id\":\"https:\\\/\\\/renneritalia.com\\\/es\\\/vernici-per-il-pvc\\\/#breadcrumb\"},\"inLanguage\":\"es\",\"potentialAction\":[{\"@type\":\"ReadAction\",\"target\":[\"https:\\\/\\\/renneritalia.com\\\/es\\\/vernici-per-il-pvc\\\/\"]}]},{\"@type\":\"ImageObject\",\"inLanguage\":\"es\",\"@id\":\"https:\\\/\\\/renneritalia.com\\\/es\\\/vernici-per-il-pvc\\\/#primaryimage\",\"url\":\"https:\\\/\\\/renneritalia.com\\\/wp-content\\\/uploads\\\/2023\\\/06\\\/logo_rennerplast.png\",\"contentUrl\":\"https:\\\/\\\/renneritalia.com\\\/wp-content\\\/uploads\\\/2023\\\/06\\\/logo_rennerplast.png\"},{\"@type\":\"BreadcrumbList\",\"@id\":\"https:\\\/\\\/renneritalia.com\\\/es\\\/vernici-per-il-pvc\\\/#breadcrumb\",\"itemListElement\":[{\"@type\":\"ListItem\",\"position\":1,\"name\":\"Home\",\"item\":\"https:\\\/\\\/renneritalia.com\\\/es\\\/\"},{\"@type\":\"ListItem\",\"position\":2,\"name\":\"PVC\"}]},{\"@type\":\"WebSite\",\"@id\":\"https:\\\/\\\/renneritalia.com\\\/#website\",\"url\":\"https:\\\/\\\/renneritalia.com\\\/\",\"name\":\"Renner Italia\",\"description\":\"Le vernici per il legno\",\"publisher\":{\"@id\":\"https:\\\/\\\/renneritalia.com\\\/#organization\"},\"potentialAction\":[{\"@type\":\"SearchAction\",\"target\":{\"@type\":\"EntryPoint\",\"urlTemplate\":\"https:\\\/\\\/renneritalia.com\\\/?s={search_term_string}\"},\"query-input\":{\"@type\":\"PropertyValueSpecification\",\"valueRequired\":true,\"valueName\":\"search_term_string\"}}],\"inLanguage\":\"es\"},{\"@type\":\"Organization\",\"@id\":\"https:\\\/\\\/renneritalia.com\\\/#organization\",\"name\":\"Renner Italia\",\"url\":\"https:\\\/\\\/renneritalia.com\\\/\",\"logo\":{\"@type\":\"ImageObject\",\"inLanguage\":\"es\",\"@id\":\"https:\\\/\\\/renneritalia.com\\\/#\\\/schema\\\/logo\\\/image\\\/\",\"url\":\"https:\\\/\\\/renneritalia.com\\\/wp-content\\\/uploads\\\/2025\\\/03\\\/logo_renner_italia.svg\",\"contentUrl\":\"https:\\\/\\\/renneritalia.com\\\/wp-content\\\/uploads\\\/2025\\\/03\\\/logo_renner_italia.svg\",\"caption\":\"Renner Italia\"},\"image\":{\"@id\":\"https:\\\/\\\/renneritalia.com\\\/#\\\/schema\\\/logo\\\/image\\\/\"}}]}<\/script>\n<!-- \/ Yoast SEO plugin. -->","yoast_head_json":{"title":"PVC - Renner Italia","robots":{"index":"index","follow":"follow","max-snippet":"max-snippet:-1","max-image-preview":"max-image-preview:large","max-video-preview":"max-video-preview:-1"},"canonical":"https:\/\/renneritalia.com\/es\/vernici-per-il-pvc\/","og_locale":"es_ES","og_type":"article","og_title":"PVC - Renner Italia","og_description":"RENNERPLAST Barnices al agua para PVC 4.0 Los ciclos de barnizado Rennerplast proyectan los productos de PVC al nivel m\u00e1s alto de evoluci\u00f3n. El 4.0. uestros barnices para PVC atribuyen al policloruro de vinilo cuatro valores +Vida +Dise\u00f1o Multicolor Multiefectos +Velocidad y unicidad +Respetuoso con el ambiente VISITA LA P\u00c1GINA WEB Lorem ipsum dolor Difer\u00e9nciate [&hellip;]","og_url":"https:\/\/renneritalia.com\/es\/vernici-per-il-pvc\/","og_site_name":"Renner Italia","article_modified_time":"2025-11-10T16:45:17+00:00","og_image":[{"url":"https:\/\/renneritalia.com\/wp-content\/uploads\/2023\/06\/logo_rennerplast.png","type":"","width":"","height":""}],"twitter_card":"summary_large_image","twitter_misc":{"Tiempo de lectura":"1 minuto"},"schema":{"@context":"https:\/\/schema.org","@graph":[{"@type":"WebPage","@id":"https:\/\/renneritalia.com\/es\/vernici-per-il-pvc\/","url":"https:\/\/renneritalia.com\/es\/vernici-per-il-pvc\/","name":"PVC - Renner Italia","isPartOf":{"@id":"https:\/\/renneritalia.com\/#website"},"primaryImageOfPage":{"@id":"https:\/\/renneritalia.com\/es\/vernici-per-il-pvc\/#primaryimage"},"image":{"@id":"https:\/\/renneritalia.com\/es\/vernici-per-il-pvc\/#primaryimage"},"thumbnailUrl":"https:\/\/renneritalia.com\/wp-content\/uploads\/2023\/06\/logo_rennerplast.png","datePublished":"2023-06-14T09:34:32+00:00","dateModified":"2025-11-10T16:45:17+00:00","breadcrumb":{"@id":"https:\/\/renneritalia.com\/es\/vernici-per-il-pvc\/#breadcrumb"},"inLanguage":"es","potentialAction":[{"@type":"ReadAction","target":["https:\/\/renneritalia.com\/es\/vernici-per-il-pvc\/"]}]},{"@type":"ImageObject","inLanguage":"es","@id":"https:\/\/renneritalia.com\/es\/vernici-per-il-pvc\/#primaryimage","url":"https:\/\/renneritalia.com\/wp-content\/uploads\/2023\/06\/logo_rennerplast.png","contentUrl":"https:\/\/renneritalia.com\/wp-content\/uploads\/2023\/06\/logo_rennerplast.png"},{"@type":"BreadcrumbList","@id":"https:\/\/renneritalia.com\/es\/vernici-per-il-pvc\/#breadcrumb","itemListElement":[{"@type":"ListItem","position":1,"name":"Home","item":"https:\/\/renneritalia.com\/es\/"},{"@type":"ListItem","position":2,"name":"PVC"}]},{"@type":"WebSite","@id":"https:\/\/renneritalia.com\/#website","url":"https:\/\/renneritalia.com\/","name":"Renner Italia","description":"Le vernici per il legno","publisher":{"@id":"https:\/\/renneritalia.com\/#organization"},"potentialAction":[{"@type":"SearchAction","target":{"@type":"EntryPoint","urlTemplate":"https:\/\/renneritalia.com\/?s={search_term_string}"},"query-input":{"@type":"PropertyValueSpecification","valueRequired":true,"valueName":"search_term_string"}}],"inLanguage":"es"},{"@type":"Organization","@id":"https:\/\/renneritalia.com\/#organization","name":"Renner Italia","url":"https:\/\/renneritalia.com\/","logo":{"@type":"ImageObject","inLanguage":"es","@id":"https:\/\/renneritalia.com\/#\/schema\/logo\/image\/","url":"https:\/\/renneritalia.com\/wp-content\/uploads\/2025\/03\/logo_renner_italia.svg","contentUrl":"https:\/\/renneritalia.com\/wp-content\/uploads\/2025\/03\/logo_renner_italia.svg","caption":"Renner Italia"},"image":{"@id":"https:\/\/renneritalia.com\/#\/schema\/logo\/image\/"}}]}},"_links":{"self":[{"href":"https:\/\/renneritalia.com\/es\/wp-json\/wp\/v2\/pages\/82682","targetHints":{"allow":["GET"]}}],"collection":[{"href":"https:\/\/renneritalia.com\/es\/wp-json\/wp\/v2\/pages"}],"about":[{"href":"https:\/\/renneritalia.com\/es\/wp-json\/wp\/v2\/types\/page"}],"author":[{"embeddable":true,"href":"https:\/\/renneritalia.com\/es\/wp-json\/wp\/v2\/users\/7"}],"replies":[{"embeddable":true,"href":"https:\/\/renneritalia.com\/es\/wp-json\/wp\/v2\/comments?post=82682"}],"version-history":[{"count":5,"href":"https:\/\/renneritalia.com\/es\/wp-json\/wp\/v2\/pages\/82682\/revisions"}],"predecessor-version":[{"id":116921,"href":"https:\/\/renneritalia.com\/es\/wp-json\/wp\/v2\/pages\/82682\/revisions\/116921"}],"wp:attachment":[{"href":"https:\/\/renneritalia.com\/es\/wp-json\/wp\/v2\/media?parent=82682"}],"wp:term":[{"taxonomy":"page-category","embeddable":true,"href":"https:\/\/renneritalia.com\/es\/wp-json\/wp\/v2\/page-category?post=82682"}],"curies":[{"name":"wp","href":"https:\/\/api.w.org\/{rel}","templated":true}]}}