{"id":82670,"date":"2023-06-13T17:19:13","date_gmt":"2023-06-13T15:19:13","guid":{"rendered":"https:\/\/renneritalia.com\/vernici-per-il-parquet\/"},"modified":"2025-11-10T13:07:49","modified_gmt":"2025-11-10T12:07:49","slug":"vernici-per-il-parquet","status":"publish","type":"page","link":"https:\/\/renneritalia.com\/es\/vernici-per-il-parquet\/","title":{"rendered":"Barnices para parquet"},"content":{"rendered":"\t\t<div data-elementor-type=\"wp-page\" data-elementor-id=\"82670\" class=\"elementor elementor-82670 elementor-82347\" data-elementor-post-type=\"page\">\n\t\t\t\t\t\t<section class=\"has_eae_slider elementor-section elementor-top-section elementor-element elementor-element-becdaa5 elementor-section-height-min-height elementor-section-items-bottom elementor-section-boxed elementor-section-height-default\" data-eae-slider=\"45166\" data-id=\"becdaa5\" data-element_type=\"section\" data-e-type=\"section\" data-settings=\"{&quot;jet_parallax_layout_list&quot;:[],&quot;background_background&quot;:&quot;classic&quot;}\">\n\t\t\t\t\t\t<div class=\"elementor-container elementor-column-gap-default\">\n\t\t\t\t\t<div class=\"has_eae_slider elementor-column elementor-col-100 elementor-top-column elementor-element elementor-element-ea2f9a0\" data-eae-slider=\"23275\" data-id=\"ea2f9a0\" data-element_type=\"column\" data-e-type=\"column\">\n\t\t\t<div class=\"elementor-widget-wrap elementor-element-populated\">\n\t\t\t\t\t\t<div class=\"elementor-element elementor-element-f45af94 elementor-widget elementor-widget-image\" data-id=\"f45af94\" data-element_type=\"widget\" data-e-type=\"widget\" data-widget_type=\"image.default\">\n\t\t\t\t<div class=\"elementor-widget-container\">\n\t\t\t\t\t\t\t\t\t\t\t\t\t\t\t<img fetchpriority=\"high\" decoding=\"async\" width=\"400\" height=\"140\" src=\"https:\/\/renneritalia.com\/wp-content\/uploads\/2023\/06\/logo_vernici_solid.png\" class=\"attachment-large size-large wp-image-82352\" alt=\"\" srcset=\"https:\/\/renneritalia.com\/wp-content\/uploads\/2023\/06\/logo_vernici_solid.png 400w, https:\/\/renneritalia.com\/wp-content\/uploads\/2023\/06\/logo_vernici_solid-300x105.png 300w\" sizes=\"(max-width: 400px) 100vw, 400px\" \/>\t\t\t\t\t\t\t\t\t\t\t\t\t\t\t<\/div>\n\t\t\t\t<\/div>\n\t\t\t\t<section class=\"has_eae_slider elementor-section elementor-inner-section elementor-element elementor-element-d7bf999 elementor-section-content-bottom elementor-section-boxed elementor-section-height-default elementor-section-height-default\" data-eae-slider=\"75657\" data-id=\"d7bf999\" data-element_type=\"section\" data-e-type=\"section\" data-settings=\"{&quot;jet_parallax_layout_list&quot;:[]}\">\n\t\t\t\t\t\t<div class=\"elementor-container elementor-column-gap-default\">\n\t\t\t\t\t<div class=\"has_eae_slider elementor-column elementor-col-100 elementor-inner-column elementor-element elementor-element-c4e451c\" data-eae-slider=\"75180\" data-id=\"c4e451c\" data-element_type=\"column\" data-e-type=\"column\">\n\t\t\t<div class=\"elementor-widget-wrap elementor-element-populated\">\n\t\t\t\t\t\t<div class=\"elementor-element elementor-element-46af6ea elementor-widget elementor-widget-text-editor\" data-id=\"46af6ea\" data-element_type=\"widget\" data-e-type=\"widget\" data-widget_type=\"text-editor.default\">\n\t\t\t\t<div class=\"elementor-widget-container\">\n\t\t\t\t\t\t\t\t\t<p>SOLID<\/p>\t\t\t\t\t\t\t\t<\/div>\n\t\t\t\t<\/div>\n\t\t\t\t<div class=\"elementor-element elementor-element-a77c884 elementor-widget elementor-widget-heading\" data-id=\"a77c884\" data-element_type=\"widget\" data-e-type=\"widget\" data-widget_type=\"heading.default\">\n\t\t\t\t<div class=\"elementor-widget-container\">\n\t\t\t\t\t<h2 class=\"elementor-heading-title elementor-size-default\">Barnices para parquet<\/h2>\t\t\t\t<\/div>\n\t\t\t\t<\/div>\n\t\t\t\t\t<\/div>\n\t\t<\/div>\n\t\t\t\t\t<\/div>\n\t\t<\/section>\n\t\t\t\t\t<\/div>\n\t\t<\/div>\n\t\t\t\t\t<\/div>\n\t\t<\/section>\n\t\t\t\t<section class=\"has_eae_slider elementor-section elementor-top-section elementor-element elementor-element-39b1876 elementor-section-boxed elementor-section-height-default elementor-section-height-default\" data-eae-slider=\"32748\" data-id=\"39b1876\" data-element_type=\"section\" data-e-type=\"section\" data-settings=\"{&quot;jet_parallax_layout_list&quot;:[]}\">\n\t\t\t\t\t\t<div class=\"elementor-container elementor-column-gap-default\">\n\t\t\t\t\t<div class=\"has_eae_slider elementor-column elementor-col-50 elementor-top-column elementor-element elementor-element-c5a6c9b\" data-eae-slider=\"45096\" data-id=\"c5a6c9b\" data-element_type=\"column\" data-e-type=\"column\">\n\t\t\t<div class=\"elementor-widget-wrap elementor-element-populated\">\n\t\t\t\t\t\t<div class=\"elementor-element elementor-element-2c19d3a elementor-widget elementor-widget-heading\" data-id=\"2c19d3a\" data-element_type=\"widget\" data-e-type=\"widget\" data-widget_type=\"heading.default\">\n\t\t\t\t<div class=\"elementor-widget-container\">\n\t\t\t\t\t<h2 class=\"elementor-heading-title elementor-size-default\">El parqu\u00e9<br>\nes siempre \u00fanico<\/h2>\t\t\t\t<\/div>\n\t\t\t\t<\/div>\n\t\t\t\t\t<\/div>\n\t\t<\/div>\n\t\t\t\t<div class=\"has_eae_slider elementor-column elementor-col-50 elementor-top-column elementor-element elementor-element-b7879eb\" data-eae-slider=\"97558\" data-id=\"b7879eb\" data-element_type=\"column\" data-e-type=\"column\">\n\t\t\t<div class=\"elementor-widget-wrap elementor-element-populated\">\n\t\t\t\t\t\t<div class=\"elementor-element elementor-element-4086dfb elementor-widget elementor-widget-heading\" data-id=\"4086dfb\" data-element_type=\"widget\" data-e-type=\"widget\" data-widget_type=\"heading.default\">\n\t\t\t\t<div class=\"elementor-widget-container\">\n\t\t\t\t\t<h3 class=\"elementor-heading-title elementor-size-default\">Los pavimentos de madera suelen ser muy familiares en los espacios donde vivimos. Sobre ellos caminan nuestras historias y aspiraciones. Por ello Renner Italia cuida con especial atenci\u00f3n la formulaci\u00f3n de los barnices para parquet.<\/h3>\t\t\t\t<\/div>\n\t\t\t\t<\/div>\n\t\t\t\t\t<\/div>\n\t\t<\/div>\n\t\t\t\t\t<\/div>\n\t\t<\/section>\n\t\t\t\t<section class=\"has_eae_slider elementor-section elementor-top-section elementor-element elementor-element-a182cd0 elementor-section-boxed elementor-section-height-default elementor-section-height-default\" data-eae-slider=\"82024\" data-id=\"a182cd0\" data-element_type=\"section\" data-e-type=\"section\" data-settings=\"{&quot;jet_parallax_layout_list&quot;:[]}\">\n\t\t\t\t\t\t<div class=\"elementor-container elementor-column-gap-default\">\n\t\t\t\t\t<div class=\"has_eae_slider elementor-column elementor-col-100 elementor-top-column elementor-element elementor-element-47b22ab\" data-eae-slider=\"97242\" data-id=\"47b22ab\" data-element_type=\"column\" data-e-type=\"column\">\n\t\t\t<div class=\"elementor-widget-wrap elementor-element-populated\">\n\t\t\t\t\t\t<div class=\"elementor-element elementor-element-81f15cc elementor-align-center elementor-widget elementor-widget-button\" data-id=\"81f15cc\" data-element_type=\"widget\" data-e-type=\"widget\" data-widget_type=\"button.default\">\n\t\t\t\t<div class=\"elementor-widget-container\">\n\t\t\t\t\t\t\t\t\t<div class=\"elementor-button-wrapper\">\n\t\t\t\t\t<a class=\"elementor-button elementor-button-link elementor-size-sm\" href=\"http:\/\/www.solidrenner.com\/\" target=\"_blank\">\n\t\t\t\t\t\t<span class=\"elementor-button-content-wrapper\">\n\t\t\t\t\t\t\t\t\t<span class=\"elementor-button-text\">VISITA LA P\u00c1GINA WEB<\/span>\n\t\t\t\t\t<\/span>\n\t\t\t\t\t<\/a>\n\t\t\t\t<\/div>\n\t\t\t\t\t\t\t\t<\/div>\n\t\t\t\t<\/div>\n\t\t\t\t\t<\/div>\n\t\t<\/div>\n\t\t\t\t\t<\/div>\n\t\t<\/section>\n\t\t\t\t<section class=\"has_eae_slider elementor-section elementor-top-section elementor-element elementor-element-8884323 elementor-section-boxed elementor-section-height-default elementor-section-height-default\" data-eae-slider=\"39789\" data-id=\"8884323\" data-element_type=\"section\" data-e-type=\"section\" data-settings=\"{&quot;jet_parallax_layout_list&quot;:[]}\">\n\t\t\t\t\t\t<div class=\"elementor-container elementor-column-gap-default\">\n\t\t\t\t\t<div class=\"has_eae_slider elementor-column elementor-col-50 elementor-top-column elementor-element elementor-element-be2272d\" data-eae-slider=\"88453\" data-id=\"be2272d\" data-element_type=\"column\" data-e-type=\"column\" data-settings=\"{&quot;background_background&quot;:&quot;classic&quot;}\">\n\t\t\t<div class=\"elementor-widget-wrap elementor-element-populated\">\n\t\t\t\t\t\t<div class=\"elementor-element elementor-element-100b80e elementor-widget elementor-widget-heading\" data-id=\"100b80e\" data-element_type=\"widget\" data-e-type=\"widget\" data-widget_type=\"heading.default\">\n\t\t\t\t<div class=\"elementor-widget-container\">\n\t\t\t\t\t<h2 class=\"elementor-heading-title elementor-size-default\">Solid es la l\u00ednea de barnices creada por Renner Italia para el noble arte de la puesta en obra<\/h2>\t\t\t\t<\/div>\n\t\t\t\t<\/div>\n\t\t\t\t<div class=\"elementor-element elementor-element-af0682c elementor-widget elementor-widget-heading\" data-id=\"af0682c\" data-element_type=\"widget\" data-e-type=\"widget\" data-widget_type=\"heading.default\">\n\t\t\t\t<div class=\"elementor-widget-container\">\n\t\t\t\t\t<h3 class=\"elementor-heading-title elementor-size-default\">En los pavimentos de madera pintados con Solid convive el dise\u00f1o italiano y la tecnolog\u00eda internacional.<\/h3>\t\t\t\t<\/div>\n\t\t\t\t<\/div>\n\t\t\t\t<div class=\"elementor-element elementor-element-2af4c92 elementor-widget elementor-widget-text-editor\" data-id=\"2af4c92\" data-element_type=\"widget\" data-e-type=\"widget\" data-widget_type=\"text-editor.default\">\n\t\t\t\t<div class=\"elementor-widget-container\">\n\t\t\t\t\t\t\t\t\t<p>Cada producto es el resultado de investigaci\u00f3n de nuestros laboratorios de alta tecnolog\u00eda. Los fondos, los acabados, los aceites, las ceras y los detergentes Solid exaltan la naturaleza de la madera confiri\u00e9ndole personalidad y una resistencia extraordinaria.<\/p>\t\t\t\t\t\t\t\t<\/div>\n\t\t\t\t<\/div>\n\t\t\t\t\t<\/div>\n\t\t<\/div>\n\t\t\t\t<div class=\"has_eae_slider elementor-column elementor-col-50 elementor-top-column elementor-element elementor-element-fb7ed0f\" data-eae-slider=\"17226\" data-id=\"fb7ed0f\" data-element_type=\"column\" data-e-type=\"column\" data-settings=\"{&quot;background_background&quot;:&quot;classic&quot;}\">\n\t\t\t<div class=\"elementor-widget-wrap elementor-element-populated\">\n\t\t\t\t\t\t<div class=\"elementor-element elementor-element-4d1eed3 elementor-hidden-desktop elementor-hidden-tablet elementor-widget elementor-widget-spacer\" data-id=\"4d1eed3\" data-element_type=\"widget\" data-e-type=\"widget\" data-widget_type=\"spacer.default\">\n\t\t\t\t<div class=\"elementor-widget-container\">\n\t\t\t\t\t\t\t<div class=\"elementor-spacer\">\n\t\t\t<div class=\"elementor-spacer-inner\"><\/div>\n\t\t<\/div>\n\t\t\t\t\t\t<\/div>\n\t\t\t\t<\/div>\n\t\t\t\t\t<\/div>\n\t\t<\/div>\n\t\t\t\t\t<\/div>\n\t\t<\/section>\n\t\t\t\t<section class=\"has_eae_slider elementor-section elementor-top-section elementor-element elementor-element-3d0e019 elementor-section-boxed elementor-section-height-default elementor-section-height-default\" data-eae-slider=\"8698\" data-id=\"3d0e019\" data-element_type=\"section\" data-e-type=\"section\" data-settings=\"{&quot;jet_parallax_layout_list&quot;:[]}\">\n\t\t\t\t\t\t<div class=\"elementor-container elementor-column-gap-default\">\n\t\t\t\t\t<div class=\"has_eae_slider elementor-column elementor-col-16 elementor-top-column elementor-element elementor-element-1832a05\" data-eae-slider=\"42166\" data-id=\"1832a05\" data-element_type=\"column\" data-e-type=\"column\">\n\t\t\t<div class=\"elementor-widget-wrap\">\n\t\t\t\t\t\t\t<\/div>\n\t\t<\/div>\n\t\t\t\t<div class=\"has_eae_slider elementor-column elementor-col-16 elementor-top-column elementor-element elementor-element-bd125f2\" data-eae-slider=\"27577\" data-id=\"bd125f2\" data-element_type=\"column\" data-e-type=\"column\">\n\t\t\t<div class=\"elementor-widget-wrap elementor-element-populated\">\n\t\t\t\t\t\t<div class=\"elementor-element elementor-element-7dc2e7f elementor-widget elementor-widget-image\" data-id=\"7dc2e7f\" data-element_type=\"widget\" data-e-type=\"widget\" data-widget_type=\"image.default\">\n\t\t\t\t<div class=\"elementor-widget-container\">\n\t\t\t\t\t\t\t\t\t\t\t\t\t\t\t<img decoding=\"async\" width=\"300\" height=\"300\" src=\"https:\/\/renneritalia.com\/wp-content\/uploads\/2023\/06\/rennerlab.jpg\" class=\"attachment-large size-large wp-image-82365\" alt=\"\" srcset=\"https:\/\/renneritalia.com\/wp-content\/uploads\/2023\/06\/rennerlab.jpg 300w, https:\/\/renneritalia.com\/wp-content\/uploads\/2023\/06\/rennerlab-150x150.jpg 150w\" sizes=\"(max-width: 300px) 100vw, 300px\" \/>\t\t\t\t\t\t\t\t\t\t\t\t\t\t\t<\/div>\n\t\t\t\t<\/div>\n\t\t\t\t\t<\/div>\n\t\t<\/div>\n\t\t\t\t<div class=\"has_eae_slider elementor-column elementor-col-16 elementor-top-column elementor-element elementor-element-cb6e64a\" data-eae-slider=\"15445\" data-id=\"cb6e64a\" data-element_type=\"column\" data-e-type=\"column\">\n\t\t\t<div class=\"elementor-widget-wrap elementor-element-populated\">\n\t\t\t\t\t\t<div class=\"elementor-element elementor-element-f92cad8 elementor-widget elementor-widget-image\" data-id=\"f92cad8\" data-element_type=\"widget\" data-e-type=\"widget\" data-widget_type=\"image.default\">\n\t\t\t\t<div class=\"elementor-widget-container\">\n\t\t\t\t\t\t\t\t\t\t\t\t\t\t\t<img decoding=\"async\" width=\"300\" height=\"300\" src=\"https:\/\/renneritalia.com\/wp-content\/uploads\/2023\/06\/uvprotection.jpg\" class=\"attachment-large size-large wp-image-82377\" alt=\"\" srcset=\"https:\/\/renneritalia.com\/wp-content\/uploads\/2023\/06\/uvprotection.jpg 300w, https:\/\/renneritalia.com\/wp-content\/uploads\/2023\/06\/uvprotection-150x150.jpg 150w\" sizes=\"(max-width: 300px) 100vw, 300px\" \/>\t\t\t\t\t\t\t\t\t\t\t\t\t\t\t<\/div>\n\t\t\t\t<\/div>\n\t\t\t\t\t<\/div>\n\t\t<\/div>\n\t\t\t\t<div class=\"has_eae_slider elementor-column elementor-col-16 elementor-top-column elementor-element elementor-element-930039c\" data-eae-slider=\"10851\" data-id=\"930039c\" data-element_type=\"column\" data-e-type=\"column\">\n\t\t\t<div class=\"elementor-widget-wrap elementor-element-populated\">\n\t\t\t\t\t\t<div class=\"elementor-element elementor-element-14fc81a elementor-widget elementor-widget-image\" data-id=\"14fc81a\" data-element_type=\"widget\" data-e-type=\"widget\" data-widget_type=\"image.default\">\n\t\t\t\t<div class=\"elementor-widget-container\">\n\t\t\t\t\t\t\t\t\t\t\t\t\t\t\t<img loading=\"lazy\" decoding=\"async\" width=\"300\" height=\"300\" src=\"https:\/\/renneritalia.com\/wp-content\/uploads\/2023\/06\/hitech.jpg\" class=\"attachment-large size-large wp-image-82373\" alt=\"\" srcset=\"https:\/\/renneritalia.com\/wp-content\/uploads\/2023\/06\/hitech.jpg 300w, https:\/\/renneritalia.com\/wp-content\/uploads\/2023\/06\/hitech-150x150.jpg 150w\" sizes=\"(max-width: 300px) 100vw, 300px\" \/>\t\t\t\t\t\t\t\t\t\t\t\t\t\t\t<\/div>\n\t\t\t\t<\/div>\n\t\t\t\t\t<\/div>\n\t\t<\/div>\n\t\t\t\t<div class=\"has_eae_slider elementor-column elementor-col-16 elementor-top-column elementor-element elementor-element-f251ed5\" data-eae-slider=\"38697\" data-id=\"f251ed5\" data-element_type=\"column\" data-e-type=\"column\">\n\t\t\t<div class=\"elementor-widget-wrap elementor-element-populated\">\n\t\t\t\t\t\t<div class=\"elementor-element elementor-element-fc81fe3 elementor-widget elementor-widget-image\" data-id=\"fc81fe3\" data-element_type=\"widget\" data-e-type=\"widget\" data-widget_type=\"image.default\">\n\t\t\t\t<div class=\"elementor-widget-container\">\n\t\t\t\t\t\t\t\t\t\t\t\t\t\t\t<img loading=\"lazy\" decoding=\"async\" width=\"300\" height=\"300\" src=\"https:\/\/renneritalia.com\/wp-content\/uploads\/2023\/06\/hightraffic.jpg\" class=\"attachment-large size-large wp-image-82369\" alt=\"\" srcset=\"https:\/\/renneritalia.com\/wp-content\/uploads\/2023\/06\/hightraffic.jpg 300w, https:\/\/renneritalia.com\/wp-content\/uploads\/2023\/06\/hightraffic-150x150.jpg 150w\" sizes=\"(max-width: 300px) 100vw, 300px\" \/>\t\t\t\t\t\t\t\t\t\t\t\t\t\t\t<\/div>\n\t\t\t\t<\/div>\n\t\t\t\t\t<\/div>\n\t\t<\/div>\n\t\t\t\t<div class=\"has_eae_slider elementor-column elementor-col-16 elementor-top-column elementor-element elementor-element-ffc3d0a\" data-eae-slider=\"37281\" data-id=\"ffc3d0a\" data-element_type=\"column\" data-e-type=\"column\">\n\t\t\t<div class=\"elementor-widget-wrap\">\n\t\t\t\t\t\t\t<\/div>\n\t\t<\/div>\n\t\t\t\t\t<\/div>\n\t\t<\/section>\n\t\t\t\t<\/div>\n\t\t","protected":false},"excerpt":{"rendered":"<p>SOLID Barnices para parquet El parqu\u00e9 es siempre \u00fanico Los pavimentos de madera suelen ser muy familiares en los espacios donde vivimos. Sobre ellos caminan nuestras historias y aspiraciones. Por ello Renner Italia cuida con especial atenci\u00f3n la formulaci\u00f3n de los barnices para parquet. VISITA LA P\u00c1GINA WEB Solid es la l\u00ednea de barnices creada [&hellip;]<\/p>\n","protected":false},"author":7,"featured_media":0,"parent":0,"menu_order":0,"comment_status":"closed","ping_status":"closed","template":"","meta":{"footnotes":""},"page-category":[4045],"class_list":["post-82670","page","type-page","status-publish","hentry","page-category-wood-coatings"],"yoast_head":"<!-- This site is optimized with the Yoast SEO plugin v27.5 - https:\/\/yoast.com\/product\/yoast-seo-wordpress\/ -->\n<title>Barnices para parquet - Renner Italia<\/title>\n<meta name=\"robots\" content=\"index, follow, max-snippet:-1, max-image-preview:large, max-video-preview:-1\" \/>\n<link rel=\"canonical\" href=\"https:\/\/renneritalia.com\/es\/vernici-per-il-parquet\/\" \/>\n<meta property=\"og:locale\" content=\"es_ES\" \/>\n<meta property=\"og:type\" content=\"article\" \/>\n<meta property=\"og:title\" content=\"Barnices para parquet - Renner Italia\" \/>\n<meta property=\"og:description\" content=\"SOLID Barnices para parquet El parqu\u00e9 es siempre \u00fanico Los pavimentos de madera suelen ser muy familiares en los espacios donde vivimos. Sobre ellos caminan nuestras historias y aspiraciones. Por ello Renner Italia cuida con especial atenci\u00f3n la formulaci\u00f3n de los barnices para parquet. VISITA LA P\u00c1GINA WEB Solid es la l\u00ednea de barnices creada [&hellip;]\" \/>\n<meta property=\"og:url\" content=\"https:\/\/renneritalia.com\/es\/vernici-per-il-parquet\/\" \/>\n<meta property=\"og:site_name\" content=\"Renner Italia\" \/>\n<meta property=\"article:modified_time\" content=\"2025-11-10T12:07:49+00:00\" \/>\n<meta property=\"og:image\" content=\"https:\/\/renneritalia.com\/wp-content\/uploads\/2023\/06\/logo_vernici_solid.png\" \/>\n<meta name=\"twitter:card\" content=\"summary_large_image\" \/>\n<meta name=\"twitter:label1\" content=\"Tiempo de lectura\" \/>\n\t<meta name=\"twitter:data1\" content=\"2 minutos\" \/>\n<script type=\"application\/ld+json\" class=\"yoast-schema-graph\">{\"@context\":\"https:\\\/\\\/schema.org\",\"@graph\":[{\"@type\":\"WebPage\",\"@id\":\"https:\\\/\\\/renneritalia.com\\\/es\\\/vernici-per-il-parquet\\\/\",\"url\":\"https:\\\/\\\/renneritalia.com\\\/es\\\/vernici-per-il-parquet\\\/\",\"name\":\"Barnices para parquet - Renner Italia\",\"isPartOf\":{\"@id\":\"https:\\\/\\\/renneritalia.com\\\/#website\"},\"primaryImageOfPage\":{\"@id\":\"https:\\\/\\\/renneritalia.com\\\/es\\\/vernici-per-il-parquet\\\/#primaryimage\"},\"image\":{\"@id\":\"https:\\\/\\\/renneritalia.com\\\/es\\\/vernici-per-il-parquet\\\/#primaryimage\"},\"thumbnailUrl\":\"https:\\\/\\\/renneritalia.com\\\/wp-content\\\/uploads\\\/2023\\\/06\\\/logo_vernici_solid.png\",\"datePublished\":\"2023-06-13T15:19:13+00:00\",\"dateModified\":\"2025-11-10T12:07:49+00:00\",\"breadcrumb\":{\"@id\":\"https:\\\/\\\/renneritalia.com\\\/es\\\/vernici-per-il-parquet\\\/#breadcrumb\"},\"inLanguage\":\"es\",\"potentialAction\":[{\"@type\":\"ReadAction\",\"target\":[\"https:\\\/\\\/renneritalia.com\\\/es\\\/vernici-per-il-parquet\\\/\"]}]},{\"@type\":\"ImageObject\",\"inLanguage\":\"es\",\"@id\":\"https:\\\/\\\/renneritalia.com\\\/es\\\/vernici-per-il-parquet\\\/#primaryimage\",\"url\":\"https:\\\/\\\/renneritalia.com\\\/wp-content\\\/uploads\\\/2023\\\/06\\\/logo_vernici_solid.png\",\"contentUrl\":\"https:\\\/\\\/renneritalia.com\\\/wp-content\\\/uploads\\\/2023\\\/06\\\/logo_vernici_solid.png\"},{\"@type\":\"BreadcrumbList\",\"@id\":\"https:\\\/\\\/renneritalia.com\\\/es\\\/vernici-per-il-parquet\\\/#breadcrumb\",\"itemListElement\":[{\"@type\":\"ListItem\",\"position\":1,\"name\":\"Home\",\"item\":\"https:\\\/\\\/renneritalia.com\\\/es\\\/\"},{\"@type\":\"ListItem\",\"position\":2,\"name\":\"Barnices para parquet\"}]},{\"@type\":\"WebSite\",\"@id\":\"https:\\\/\\\/renneritalia.com\\\/#website\",\"url\":\"https:\\\/\\\/renneritalia.com\\\/\",\"name\":\"Renner Italia\",\"description\":\"Le vernici per il legno\",\"publisher\":{\"@id\":\"https:\\\/\\\/renneritalia.com\\\/#organization\"},\"potentialAction\":[{\"@type\":\"SearchAction\",\"target\":{\"@type\":\"EntryPoint\",\"urlTemplate\":\"https:\\\/\\\/renneritalia.com\\\/?s={search_term_string}\"},\"query-input\":{\"@type\":\"PropertyValueSpecification\",\"valueRequired\":true,\"valueName\":\"search_term_string\"}}],\"inLanguage\":\"es\"},{\"@type\":\"Organization\",\"@id\":\"https:\\\/\\\/renneritalia.com\\\/#organization\",\"name\":\"Renner Italia\",\"url\":\"https:\\\/\\\/renneritalia.com\\\/\",\"logo\":{\"@type\":\"ImageObject\",\"inLanguage\":\"es\",\"@id\":\"https:\\\/\\\/renneritalia.com\\\/#\\\/schema\\\/logo\\\/image\\\/\",\"url\":\"https:\\\/\\\/renneritalia.com\\\/wp-content\\\/uploads\\\/2025\\\/03\\\/logo_renner_italia.svg\",\"contentUrl\":\"https:\\\/\\\/renneritalia.com\\\/wp-content\\\/uploads\\\/2025\\\/03\\\/logo_renner_italia.svg\",\"caption\":\"Renner Italia\"},\"image\":{\"@id\":\"https:\\\/\\\/renneritalia.com\\\/#\\\/schema\\\/logo\\\/image\\\/\"}}]}<\/script>\n<!-- \/ Yoast SEO plugin. -->","yoast_head_json":{"title":"Barnices para parquet - Renner Italia","robots":{"index":"index","follow":"follow","max-snippet":"max-snippet:-1","max-image-preview":"max-image-preview:large","max-video-preview":"max-video-preview:-1"},"canonical":"https:\/\/renneritalia.com\/es\/vernici-per-il-parquet\/","og_locale":"es_ES","og_type":"article","og_title":"Barnices para parquet - Renner Italia","og_description":"SOLID Barnices para parquet El parqu\u00e9 es siempre \u00fanico Los pavimentos de madera suelen ser muy familiares en los espacios donde vivimos. Sobre ellos caminan nuestras historias y aspiraciones. Por ello Renner Italia cuida con especial atenci\u00f3n la formulaci\u00f3n de los barnices para parquet. VISITA LA P\u00c1GINA WEB Solid es la l\u00ednea de barnices creada [&hellip;]","og_url":"https:\/\/renneritalia.com\/es\/vernici-per-il-parquet\/","og_site_name":"Renner Italia","article_modified_time":"2025-11-10T12:07:49+00:00","og_image":[{"url":"https:\/\/renneritalia.com\/wp-content\/uploads\/2023\/06\/logo_vernici_solid.png","type":"","width":"","height":""}],"twitter_card":"summary_large_image","twitter_misc":{"Tiempo de lectura":"2 minutos"},"schema":{"@context":"https:\/\/schema.org","@graph":[{"@type":"WebPage","@id":"https:\/\/renneritalia.com\/es\/vernici-per-il-parquet\/","url":"https:\/\/renneritalia.com\/es\/vernici-per-il-parquet\/","name":"Barnices para parquet - Renner Italia","isPartOf":{"@id":"https:\/\/renneritalia.com\/#website"},"primaryImageOfPage":{"@id":"https:\/\/renneritalia.com\/es\/vernici-per-il-parquet\/#primaryimage"},"image":{"@id":"https:\/\/renneritalia.com\/es\/vernici-per-il-parquet\/#primaryimage"},"thumbnailUrl":"https:\/\/renneritalia.com\/wp-content\/uploads\/2023\/06\/logo_vernici_solid.png","datePublished":"2023-06-13T15:19:13+00:00","dateModified":"2025-11-10T12:07:49+00:00","breadcrumb":{"@id":"https:\/\/renneritalia.com\/es\/vernici-per-il-parquet\/#breadcrumb"},"inLanguage":"es","potentialAction":[{"@type":"ReadAction","target":["https:\/\/renneritalia.com\/es\/vernici-per-il-parquet\/"]}]},{"@type":"ImageObject","inLanguage":"es","@id":"https:\/\/renneritalia.com\/es\/vernici-per-il-parquet\/#primaryimage","url":"https:\/\/renneritalia.com\/wp-content\/uploads\/2023\/06\/logo_vernici_solid.png","contentUrl":"https:\/\/renneritalia.com\/wp-content\/uploads\/2023\/06\/logo_vernici_solid.png"},{"@type":"BreadcrumbList","@id":"https:\/\/renneritalia.com\/es\/vernici-per-il-parquet\/#breadcrumb","itemListElement":[{"@type":"ListItem","position":1,"name":"Home","item":"https:\/\/renneritalia.com\/es\/"},{"@type":"ListItem","position":2,"name":"Barnices para parquet"}]},{"@type":"WebSite","@id":"https:\/\/renneritalia.com\/#website","url":"https:\/\/renneritalia.com\/","name":"Renner Italia","description":"Le vernici per il legno","publisher":{"@id":"https:\/\/renneritalia.com\/#organization"},"potentialAction":[{"@type":"SearchAction","target":{"@type":"EntryPoint","urlTemplate":"https:\/\/renneritalia.com\/?s={search_term_string}"},"query-input":{"@type":"PropertyValueSpecification","valueRequired":true,"valueName":"search_term_string"}}],"inLanguage":"es"},{"@type":"Organization","@id":"https:\/\/renneritalia.com\/#organization","name":"Renner Italia","url":"https:\/\/renneritalia.com\/","logo":{"@type":"ImageObject","inLanguage":"es","@id":"https:\/\/renneritalia.com\/#\/schema\/logo\/image\/","url":"https:\/\/renneritalia.com\/wp-content\/uploads\/2025\/03\/logo_renner_italia.svg","contentUrl":"https:\/\/renneritalia.com\/wp-content\/uploads\/2025\/03\/logo_renner_italia.svg","caption":"Renner Italia"},"image":{"@id":"https:\/\/renneritalia.com\/#\/schema\/logo\/image\/"}}]}},"_links":{"self":[{"href":"https:\/\/renneritalia.com\/es\/wp-json\/wp\/v2\/pages\/82670","targetHints":{"allow":["GET"]}}],"collection":[{"href":"https:\/\/renneritalia.com\/es\/wp-json\/wp\/v2\/pages"}],"about":[{"href":"https:\/\/renneritalia.com\/es\/wp-json\/wp\/v2\/types\/page"}],"author":[{"embeddable":true,"href":"https:\/\/renneritalia.com\/es\/wp-json\/wp\/v2\/users\/7"}],"replies":[{"embeddable":true,"href":"https:\/\/renneritalia.com\/es\/wp-json\/wp\/v2\/comments?post=82670"}],"version-history":[{"count":11,"href":"https:\/\/renneritalia.com\/es\/wp-json\/wp\/v2\/pages\/82670\/revisions"}],"predecessor-version":[{"id":116917,"href":"https:\/\/renneritalia.com\/es\/wp-json\/wp\/v2\/pages\/82670\/revisions\/116917"}],"wp:attachment":[{"href":"https:\/\/renneritalia.com\/es\/wp-json\/wp\/v2\/media?parent=82670"}],"wp:term":[{"taxonomy":"page-category","embeddable":true,"href":"https:\/\/renneritalia.com\/es\/wp-json\/wp\/v2\/page-category?post=82670"}],"curies":[{"name":"wp","href":"https:\/\/api.w.org\/{rel}","templated":true}]}}