{"id":97326,"date":"2023-12-14T11:18:51","date_gmt":"2023-12-14T10:18:51","guid":{"rendered":"https:\/\/renneritalia.com\/erklaerung-zur-verarbeitung-personenbezogener-daten-kunden\/"},"modified":"2023-12-14T11:18:51","modified_gmt":"2023-12-14T10:18:51","slug":"erklaerung-zur-verarbeitung-personenbezogener-daten-kunden","status":"publish","type":"page","link":"https:\/\/renneritalia.com\/de\/erklaerung-zur-verarbeitung-personenbezogener-daten-kunden\/","title":{"rendered":"Erkl\u00e4rung zur Verarbeitung personenbezogener Daten (Kunden)"},"content":{"rendered":"<div style=\"height: 50px; width:100%;\"><\/div>\n<p><strong>Allgemeine Informationen<\/strong><br \/>\nDie \u00fcbertragenen personenbezogenen Daten werden einer Verarbeitung unterzogen, die in \u00dcbereinstimmung mit den Verordnungen der EU-Richtlinie 2016\/679 (\u201eDSGVO\u201c) erfolgt, im Besonderen unter Einhaltung der Prinzipien der Notwendigkeit, der Transparenz, der Rechtm\u00e4\u00dfigkeit, der Korrektheit und der Verh\u00e4ltnism\u00e4\u00dfigkeit der Verarbeitung personenbezogener Daten.<\/p>\n<p><strong>1. Verantwortlicher f\u00fcr die Datenverarbeitung<\/strong><br \/>\nDer Verantwortliche f\u00fcr die Datenverarbeitung ist die Gesellschaft Renner Italia S.p.A. mit eingetragenem Firmensitz in Via Ronchi Inferiore 34, I-40061 Minerbio (BO), USt.-Nr. [02433001209]: Dieser entscheidet unabh\u00e4ngig \u00fcber den Zweck und die Art der Datenverarbeitung sowie \u00fcber die Sicherheitsverfahren, die anzuwenden sind, um die Vertraulichkeit, die Integrit\u00e4t und die Verf\u00fcgbarkeit der Daten zu garantieren.\u00a0 Die aktualisierte Liste der einzelnen Auftragsverarbeiter und der Zust\u00e4ndigen f\u00fcr die Datenverarbeitung wird am Firmensitz des Verantwortlichen f\u00fcr die Datenverarbeitung aufbewahrt.<\/p>\n<p><strong>2. Gegenstand der Verarbeitung<\/strong><br \/>\nDer Verantwortliche verarbeitet die personenbezogenen Daten sowie Daten, durch die Sie identifiziert werden k\u00f6nnen, und nicht sensible Daten (im Einzelnen: Vorname, Nachname, Steuernummer, Umsatzsteuer-Identifikationsnummer, E-Mail-Adresse, Telefonnummer &#8211; in der Folge als \u201epersonenbezogene Daten\u201c oder auch als \u201eDaten\u201c bezeichnet), die Sie ihm anl\u00e4sslich des Erwerbs von Produkten von Renner Italia mitgeteilt haben, f\u00fcr die Zwecke, die im Art. 4 dieser Erkl\u00e4rung aufgef\u00fchrt sind.<\/p>\n<p><strong>3. Art und Dauer der Verarbeitung<\/strong><br \/>\nDie Verarbeitung Ihrer personenbezogenen Daten erfolgt anhand der Aktivit\u00e4ten, die im Art. 4, Absatz 2 der DSGVO angegeben sind, und unter Einhaltung der Prinzipien der Rechtm\u00e4\u00dfigkeit, der Korrektheit und der Transparenz sowie der weiteren Prinzipien, die im Art. 5 der DSGVO aufgef\u00fchrt sind.<br \/>\nDer Verantwortliche verarbeitet die Daten zu Zwecken der Dienstleistung oder zu vertraglichen Zwecken \u00fcber den Zeitraum, der n\u00f6tig ist, um die Zwecke der Datenverarbeitung zu erf\u00fcllen, auf jeden Fall jedoch nicht l\u00e4nger als 10 Jahre nach dem Ende der Beziehung, zu Zwecken der Dienstleistung, f\u00fcr vertragliche, steuerliche und buchhalterische Zwecke.<\/p>\n<p><strong>4. Zweck der Datenverarbeitung und rechtliche Grundlage f\u00fcr die Verarbeitung; verpflichtende oder freiwillige \u00dcbertragung der Daten und Notwendigkeit der Einwilligung sowie Folgen der fehlenden Erteilung der Einwilligung; automatische Entscheidungsprozesse.<\/strong><br \/>\nDie gesammelten personenbezogenen Daten werden manuell und\/oder mithilfe elektronischer oder telematischer Mittel zu folgenden Zwecken verarbeitet:<\/p>\n<ul>\n<li>um vor oder nach Ausf\u00fchrung des Vertrags konkreten Anforderungen von Ihrer Seite nachzukommen;<\/li>\n<li>zur Verwaltung und Ausf\u00fchrung der Pflichten, die sich aus dem Vertrag ergeben, dessen Teil Sie sind; zur Verwaltung des Kundenstamms; zur Kontrolle der Kundenzufriedenheit; zu statistischen Zwecken und zum Einpflegen in das automatische Kundenverwaltungssystem; zur Verwaltung der Vertr\u00e4ge, Auftr\u00e4ge, Sendungen, Lieferscheine und Rechnungen; f\u00fcr den Kundendienst nach dem Verkauf in Verbindung mit der Dienstleistung\/dem Produkt;<\/li>\n<li>zur Erf\u00fcllung der gesetzlichen Pflichten im Hinblick auf Verwaltung, Buchhaltung, Zivilrecht, Steuerrecht, Verordnungen, EU- und Nicht-EU-Richtlinien wie etwa Buchhaltung, Erstellung von Bilanzen und verpflichtende F\u00fchrung von Gesch\u00e4ftsb\u00fcchern;<\/li>\n<li>f\u00fcr Ma\u00dfnahmen bei Streitigkeiten (Nichterf\u00fcllung vertraglicher Pflichten, Mahnungen, Transaktionen, Schuldeneintreibung, Schiedsverfahren, gerichtliche Auseinandersetzungen).<\/li>\n<\/ul>\n<p>Zu den oben genannten Zwecken ist die Datenverarbeitung notwendig f\u00fcr: i) die Ausf\u00fchrung der sich aus dem Vertrag mit dem Kunden ergebenden Pflichten und\/oder f\u00fcr eventuelle vorvertragliche Pflichten, die auf Anfrage desselben eingegangen wurden; ii) die Erf\u00fcllung einer rechtlichen Verpflichtung vonseiten des Verantwortlichen und schlie\u00dflich iii) die Wahrung berechtigter Interessen des Verantwortlichen, wie etwa Ma\u00dfnahmen bei Streitverfahren, die Kontrolle der Kundenzufriedenheit, statistische Zwecke und Zwecke des Kundenmanagements.<br \/>\nDie \u00dcbertragung Ihrer Daten f\u00fcr die oben genannten Zwecke ist verpflichtend und zur Ausf\u00fchrung des Vertrags notwendig, daher f\u00fchrt die Weigerung ihrer \u00dcbertragung dazu, dass es unm\u00f6glich ist, das Vertragsverh\u00e4ltnis aufzunehmen und auszuf\u00fchren.<br \/>\nWir teilen Ihnen mit, dass wir Ihnen, wenn Sie bereits unser Kunde sind, gesch\u00e4ftliche Mitteilungen in Bezug auf Dienstleistungen und Produkte des Verantwortlichen schicken k\u00f6nnen, die denjenigen \u00e4hneln, die Sie bereits genutzt haben; dagegen k\u00f6nnen Sie jederzeit Widerspruch einlegen.<br \/>\nDie Verarbeitung Ihrer personenbezogenen Daten unterliegt auf keinerlei Art und Weise einem Profiling und\/oder automatisierten Entscheidungen.<\/p>\n<p><strong>5. Zugang und \u00dcbertragung der Daten<\/strong><br \/>\nIhre personenbezogenen Daten werden mithilfe elektronischer und manueller Instrumente verarbeitet, die dazu geeignet sind, ihre Sicherheit und Vertraulichkeit zu garantieren, und werden nicht verbreitet.<br \/>\nIhre Daten k\u00f6nnen zu den Zwecken, die im Punkt 4 aufgef\u00fchrt sind, zug\u00e4nglich gemacht und\/oder \u00fcbertragen werden:<\/p>\n<ul>\n<li>an Angestellte und\/oder Mitarbeiter des Verantwortlichen, die zu Zust\u00e4ndigen f\u00fcr die Datenverarbeitung ernannt werden;<\/li>\n<li>an Dritte (zum Beispiel Provider f\u00fcr die Verwaltung und Pflege der Internetseite, Zulieferer, Kreditinstitute, Fachunternehmen usw.), falls diese als Auftragsverarbeiter im Outsourcing Aktivit\u00e4ten im Namen des Verantwortlichen durchf\u00fchren, sowie an zust\u00e4ndige Beh\u00f6rden (z. B. Verwaltungsbeh\u00f6rde, Polizei, Sicherheitskr\u00e4fte, Carabinieri, Feuerwehr), \u00f6ffentliche und\/oder private Einrichtungen zur Erf\u00fcllung gesetzlicher Verpflichtungen.<\/li>\n<\/ul>\n<p>Die Verwaltung und die Aufbewahrung der personenbezogenen Daten erfolgt in Papierform in Archiven am Firmensitz des Verantwortlichen und\/oder auf Servern, die sich innerhalb der Europ\u00e4ischen Union befinden und Eigentum des Verantwortlichen und\/oder von Drittgesellschaften sind, die beauftragt und entsprechend zu Auftragsverarbeitern ernannt wurden. Es gilt auf jeden Fall als vereinbart, dass der Verantwortliche, sofern die Notwendigkeit dazu auftritt, dazu berechtigt ist, den Ort, an dem sich die Server befinden, in Italien und\/oder in der Europ\u00e4ischen Union und\/oder in L\u00e4nder au\u00dferhalb der EU zu wechseln. F\u00fcr diesen Fall versichert der Verantwortliche bereits jetzt, dass die \u00dcbertragung in \u00dcbereinstimmung mit den geltenden gesetzlichen Vorgaben erfolgt und dabei gegebenenfalls Vereinbarungen geschlossen werden, die einen angemessenen Schutzgrad gew\u00e4hrleisten, und\/oder dabei die Standard-Vertragsklauseln, die von der Europ\u00e4ischen Kommission vorgesehen sind, angewandt werden.<\/p>\n<p><strong>6. Rechte der betroffenen Person<\/strong><br \/>\nSie k\u00f6nnen die Rechte aus\u00fcben, die in den Artikeln 15 bis 22 der DSGVO vorgesehen sind, im Einzelnen das Recht auf Zugang zu den Daten, auf Berichtigung oder L\u00f6schung der Daten, das Recht, die Beschr\u00e4nkung zu fordern oder der Datenverarbeitung zu widersprechen sowie das Recht auf \u00dcbertragbarkeit der Daten. Die betroffene Person hat au\u00dferdem das Recht, eine Beschwerde bei der Aufsichtsbeh\u00f6rde einzulegen.<\/p>\n<p><strong>7. Kontakte zur Aus\u00fcbung der Rechte der betroffenen Person<\/strong><br \/>\nSie k\u00f6nnen Ihre Rechte jederzeit aus\u00fcben, indem Sie einen eingeschriebenen Brief mit R\u00fcckschein an die Adresse des eingetragenen Unternehmenssitzes des Verantwortlichen f\u00fcr die Datenverarbeitung schicken oder indem Sie auf die Seite des Internetauftritts von Renner Italia gehen, die dem Datenschutz gewidmet ist: <a href=\"http:\/\/www.renneritalia.com\/trattamento-dati\/\">http:\/\/www.renneritalia.com\/trattamento-dati\/<\/a><\/p>\n<p>Im Fall einer Verletzung Ihrer personenbezogenen Daten teilt Ihnen der Verantwortliche diese Verletzung unter Ber\u00fccksichtigung der Vorgaben im Art. 34 der DSGVO mit.<\/p>\n<p><span data-mce-type=\"bookmark\" style=\"display: inline-block; width: 0px; overflow: hidden; line-height: 0;\" class=\"mce_SELRES_start\">\ufeff<\/span><\/p>\n","protected":false},"excerpt":{"rendered":"<p>Allgemeine Informationen Die \u00fcbertragenen personenbezogenen Daten werden einer Verarbeitung unterzogen, die in \u00dcbereinstimmung mit den Verordnungen der EU-Richtlinie 2016\/679 (\u201eDSGVO\u201c) erfolgt, im Besonderen unter Einhaltung der Prinzipien der Notwendigkeit, der Transparenz, der Rechtm\u00e4\u00dfigkeit, der Korrektheit und der Verh\u00e4ltnism\u00e4\u00dfigkeit der Verarbeitung personenbezogener Daten. 1. Verantwortlicher f\u00fcr die Datenverarbeitung Der Verantwortliche f\u00fcr die Datenverarbeitung ist die Gesellschaft [&hellip;]<\/p>\n","protected":false},"author":7,"featured_media":0,"parent":0,"menu_order":0,"comment_status":"closed","ping_status":"closed","template":"","meta":{"footnotes":""},"page-category":[],"class_list":["post-97326","page","type-page","status-publish","hentry"],"yoast_head":"<!-- This site is optimized with the Yoast SEO plugin v27.4 - https:\/\/yoast.com\/product\/yoast-seo-wordpress\/ -->\n<title>Erkl\u00e4rung zur Verarbeitung personenbezogener Daten (Kunden) - Renner Italia<\/title>\n<meta name=\"robots\" content=\"index, follow, max-snippet:-1, max-image-preview:large, max-video-preview:-1\" \/>\n<link rel=\"canonical\" href=\"https:\/\/renneritalia.com\/informativa-privacy-clienti\/\" \/>\n<meta property=\"og:locale\" content=\"de_DE\" \/>\n<meta property=\"og:type\" content=\"article\" \/>\n<meta property=\"og:title\" content=\"Erkl\u00e4rung zur Verarbeitung personenbezogener Daten (Kunden) - Renner Italia\" \/>\n<meta property=\"og:description\" content=\"Allgemeine Informationen Die \u00fcbertragenen personenbezogenen Daten werden einer Verarbeitung unterzogen, die in \u00dcbereinstimmung mit den Verordnungen der EU-Richtlinie 2016\/679 (\u201eDSGVO\u201c) erfolgt, im Besonderen unter Einhaltung der Prinzipien der Notwendigkeit, der Transparenz, der Rechtm\u00e4\u00dfigkeit, der Korrektheit und der Verh\u00e4ltnism\u00e4\u00dfigkeit der Verarbeitung personenbezogener Daten. 1. Verantwortlicher f\u00fcr die Datenverarbeitung Der Verantwortliche f\u00fcr die Datenverarbeitung ist die Gesellschaft [&hellip;]\" \/>\n<meta property=\"og:url\" content=\"https:\/\/renneritalia.com\/informativa-privacy-clienti\/\" \/>\n<meta property=\"og:site_name\" content=\"Renner Italia\" \/>\n<meta name=\"twitter:card\" content=\"summary_large_image\" \/>\n<meta name=\"twitter:label1\" content=\"Gesch\u00e4tzte Lesezeit\" \/>\n\t<meta name=\"twitter:data1\" content=\"5\u00a0Minuten\" \/>\n<script type=\"application\/ld+json\" class=\"yoast-schema-graph\">{\"@context\":\"https:\\\/\\\/schema.org\",\"@graph\":[{\"@type\":\"WebPage\",\"@id\":\"https:\\\/\\\/renneritalia.com\\\/informativa-privacy-clienti\\\/\",\"url\":\"https:\\\/\\\/renneritalia.com\\\/informativa-privacy-clienti\\\/\",\"name\":\"Erkl\u00e4rung zur Verarbeitung personenbezogener Daten (Kunden) - Renner Italia\",\"isPartOf\":{\"@id\":\"https:\\\/\\\/renneritalia.com\\\/#website\"},\"datePublished\":\"2023-12-14T10:18:51+00:00\",\"breadcrumb\":{\"@id\":\"https:\\\/\\\/renneritalia.com\\\/informativa-privacy-clienti\\\/#breadcrumb\"},\"inLanguage\":\"de\",\"potentialAction\":[{\"@type\":\"ReadAction\",\"target\":[\"https:\\\/\\\/renneritalia.com\\\/informativa-privacy-clienti\\\/\"]}]},{\"@type\":\"BreadcrumbList\",\"@id\":\"https:\\\/\\\/renneritalia.com\\\/informativa-privacy-clienti\\\/#breadcrumb\",\"itemListElement\":[{\"@type\":\"ListItem\",\"position\":1,\"name\":\"Home\",\"item\":\"https:\\\/\\\/renneritalia.com\\\/de\\\/\"},{\"@type\":\"ListItem\",\"position\":2,\"name\":\"Erkl\u00e4rung zur Verarbeitung personenbezogener Daten (Kunden)\"}]},{\"@type\":\"WebSite\",\"@id\":\"https:\\\/\\\/renneritalia.com\\\/#website\",\"url\":\"https:\\\/\\\/renneritalia.com\\\/\",\"name\":\"Renner Italia\",\"description\":\"Coatings\",\"publisher\":{\"@id\":\"https:\\\/\\\/renneritalia.com\\\/#organization\"},\"potentialAction\":[{\"@type\":\"SearchAction\",\"target\":{\"@type\":\"EntryPoint\",\"urlTemplate\":\"https:\\\/\\\/renneritalia.com\\\/?s={search_term_string}\"},\"query-input\":{\"@type\":\"PropertyValueSpecification\",\"valueRequired\":true,\"valueName\":\"search_term_string\"}}],\"inLanguage\":\"de\"},{\"@type\":\"Organization\",\"@id\":\"https:\\\/\\\/renneritalia.com\\\/#organization\",\"name\":\"Renner Italia\",\"url\":\"https:\\\/\\\/renneritalia.com\\\/\",\"logo\":{\"@type\":\"ImageObject\",\"inLanguage\":\"de\",\"@id\":\"https:\\\/\\\/renneritalia.com\\\/#\\\/schema\\\/logo\\\/image\\\/\",\"url\":\"https:\\\/\\\/renneritalia.com\\\/wp-content\\\/uploads\\\/2025\\\/03\\\/logo_renner_italia.svg\",\"contentUrl\":\"https:\\\/\\\/renneritalia.com\\\/wp-content\\\/uploads\\\/2025\\\/03\\\/logo_renner_italia.svg\",\"caption\":\"Renner Italia\"},\"image\":{\"@id\":\"https:\\\/\\\/renneritalia.com\\\/#\\\/schema\\\/logo\\\/image\\\/\"}}]}<\/script>\n<!-- \/ Yoast SEO plugin. -->","yoast_head_json":{"title":"Erkl\u00e4rung zur Verarbeitung personenbezogener Daten (Kunden) - Renner Italia","robots":{"index":"index","follow":"follow","max-snippet":"max-snippet:-1","max-image-preview":"max-image-preview:large","max-video-preview":"max-video-preview:-1"},"canonical":"https:\/\/renneritalia.com\/informativa-privacy-clienti\/","og_locale":"de_DE","og_type":"article","og_title":"Erkl\u00e4rung zur Verarbeitung personenbezogener Daten (Kunden) - Renner Italia","og_description":"Allgemeine Informationen Die \u00fcbertragenen personenbezogenen Daten werden einer Verarbeitung unterzogen, die in \u00dcbereinstimmung mit den Verordnungen der EU-Richtlinie 2016\/679 (\u201eDSGVO\u201c) erfolgt, im Besonderen unter Einhaltung der Prinzipien der Notwendigkeit, der Transparenz, der Rechtm\u00e4\u00dfigkeit, der Korrektheit und der Verh\u00e4ltnism\u00e4\u00dfigkeit der Verarbeitung personenbezogener Daten. 1. Verantwortlicher f\u00fcr die Datenverarbeitung Der Verantwortliche f\u00fcr die Datenverarbeitung ist die Gesellschaft [&hellip;]","og_url":"https:\/\/renneritalia.com\/informativa-privacy-clienti\/","og_site_name":"Renner Italia","twitter_card":"summary_large_image","twitter_misc":{"Gesch\u00e4tzte Lesezeit":"5\u00a0Minuten"},"schema":{"@context":"https:\/\/schema.org","@graph":[{"@type":"WebPage","@id":"https:\/\/renneritalia.com\/informativa-privacy-clienti\/","url":"https:\/\/renneritalia.com\/informativa-privacy-clienti\/","name":"Erkl\u00e4rung zur Verarbeitung personenbezogener Daten (Kunden) - Renner Italia","isPartOf":{"@id":"https:\/\/renneritalia.com\/#website"},"datePublished":"2023-12-14T10:18:51+00:00","breadcrumb":{"@id":"https:\/\/renneritalia.com\/informativa-privacy-clienti\/#breadcrumb"},"inLanguage":"de","potentialAction":[{"@type":"ReadAction","target":["https:\/\/renneritalia.com\/informativa-privacy-clienti\/"]}]},{"@type":"BreadcrumbList","@id":"https:\/\/renneritalia.com\/informativa-privacy-clienti\/#breadcrumb","itemListElement":[{"@type":"ListItem","position":1,"name":"Home","item":"https:\/\/renneritalia.com\/de\/"},{"@type":"ListItem","position":2,"name":"Erkl\u00e4rung zur Verarbeitung personenbezogener Daten (Kunden)"}]},{"@type":"WebSite","@id":"https:\/\/renneritalia.com\/#website","url":"https:\/\/renneritalia.com\/","name":"Renner Italia","description":"Coatings","publisher":{"@id":"https:\/\/renneritalia.com\/#organization"},"potentialAction":[{"@type":"SearchAction","target":{"@type":"EntryPoint","urlTemplate":"https:\/\/renneritalia.com\/?s={search_term_string}"},"query-input":{"@type":"PropertyValueSpecification","valueRequired":true,"valueName":"search_term_string"}}],"inLanguage":"de"},{"@type":"Organization","@id":"https:\/\/renneritalia.com\/#organization","name":"Renner Italia","url":"https:\/\/renneritalia.com\/","logo":{"@type":"ImageObject","inLanguage":"de","@id":"https:\/\/renneritalia.com\/#\/schema\/logo\/image\/","url":"https:\/\/renneritalia.com\/wp-content\/uploads\/2025\/03\/logo_renner_italia.svg","contentUrl":"https:\/\/renneritalia.com\/wp-content\/uploads\/2025\/03\/logo_renner_italia.svg","caption":"Renner Italia"},"image":{"@id":"https:\/\/renneritalia.com\/#\/schema\/logo\/image\/"}}]}},"_links":{"self":[{"href":"https:\/\/renneritalia.com\/de\/wp-json\/wp\/v2\/pages\/97326","targetHints":{"allow":["GET"]}}],"collection":[{"href":"https:\/\/renneritalia.com\/de\/wp-json\/wp\/v2\/pages"}],"about":[{"href":"https:\/\/renneritalia.com\/de\/wp-json\/wp\/v2\/types\/page"}],"author":[{"embeddable":true,"href":"https:\/\/renneritalia.com\/de\/wp-json\/wp\/v2\/users\/7"}],"replies":[{"embeddable":true,"href":"https:\/\/renneritalia.com\/de\/wp-json\/wp\/v2\/comments?post=97326"}],"version-history":[{"count":0,"href":"https:\/\/renneritalia.com\/de\/wp-json\/wp\/v2\/pages\/97326\/revisions"}],"wp:attachment":[{"href":"https:\/\/renneritalia.com\/de\/wp-json\/wp\/v2\/media?parent=97326"}],"wp:term":[{"taxonomy":"page-category","embeddable":true,"href":"https:\/\/renneritalia.com\/de\/wp-json\/wp\/v2\/page-category?post=97326"}],"curies":[{"name":"wp","href":"https:\/\/api.w.org\/{rel}","templated":true}]}}