{"id":96615,"date":"2023-02-17T11:43:33","date_gmt":"2023-02-17T10:43:33","guid":{"rendered":"https:\/\/renneritalia.com\/karriere-bei-renner\/"},"modified":"2025-11-10T17:21:23","modified_gmt":"2025-11-10T16:21:23","slug":"karriere-bei-renner","status":"publish","type":"page","link":"https:\/\/renneritalia.com\/de\/karriere-bei-renner\/","title":{"rendered":"Unser Team"},"content":{"rendered":"\t\t<div data-elementor-type=\"wp-page\" data-elementor-id=\"96615\" class=\"elementor elementor-96615 elementor-77415\" data-elementor-post-type=\"page\">\n\t\t\t\t\t\t<section class=\"has_eae_slider elementor-section elementor-top-section elementor-element elementor-element-2e373a8f elementor-section-height-min-height elementor-section-boxed elementor-section-height-default elementor-section-items-middle\" data-eae-slider=\"43810\" data-id=\"2e373a8f\" data-element_type=\"section\" data-e-type=\"section\" data-settings=\"{&quot;jet_parallax_layout_list&quot;:[],&quot;background_background&quot;:&quot;classic&quot;}\">\n\t\t\t\t\t\t<div class=\"elementor-container elementor-column-gap-default\">\n\t\t\t\t\t<div class=\"has_eae_slider elementor-column elementor-col-100 elementor-top-column elementor-element elementor-element-5ae99bd1\" data-eae-slider=\"80654\" data-id=\"5ae99bd1\" data-element_type=\"column\" data-e-type=\"column\">\n\t\t\t<div class=\"elementor-widget-wrap elementor-element-populated\">\n\t\t\t\t\t\t<section class=\"has_eae_slider elementor-section elementor-inner-section elementor-element elementor-element-5d0a89fa elementor-section-content-bottom elementor-section-boxed elementor-section-height-default elementor-section-height-default\" data-eae-slider=\"8683\" data-id=\"5d0a89fa\" data-element_type=\"section\" data-e-type=\"section\" data-settings=\"{&quot;jet_parallax_layout_list&quot;:[]}\">\n\t\t\t\t\t\t<div class=\"elementor-container elementor-column-gap-default\">\n\t\t\t\t\t<div class=\"has_eae_slider elementor-column elementor-col-50 elementor-inner-column elementor-element elementor-element-6cbcfce6\" data-eae-slider=\"13971\" data-id=\"6cbcfce6\" data-element_type=\"column\" data-e-type=\"column\" data-settings=\"{&quot;background_background&quot;:&quot;classic&quot;}\">\n\t\t\t<div class=\"elementor-widget-wrap elementor-element-populated\">\n\t\t\t\t\t\t<div class=\"elementor-element elementor-element-2f492244 elementor-widget elementor-widget-heading\" data-id=\"2f492244\" data-element_type=\"widget\" data-e-type=\"widget\" data-widget_type=\"heading.default\">\n\t\t\t\t<div class=\"elementor-widget-container\">\n\t\t\t\t\t<h2 class=\"elementor-heading-title elementor-size-default\">Wir suchen Talente, die es lieben,\nsich in den Dienst des Teams zu stellen<\/h2>\t\t\t\t<\/div>\n\t\t\t\t<\/div>\n\t\t\t\t<div class=\"elementor-element elementor-element-46c36670 elementor-widget elementor-widget-text-editor\" data-id=\"46c36670\" data-element_type=\"widget\" data-e-type=\"widget\" data-widget_type=\"text-editor.default\">\n\t\t\t\t<div class=\"elementor-widget-container\">\n\t\t\t\t\t\t\t\t\t<p>Wir sind ein gro\u00dfes Team.<\/p>\n<p>Und wie bei jedem gro\u00dfen Team beruhen unsere Erfolge vor allem auf der Energie, der Entschlossenheit und dem Elan der Gemeinschaft. In der Tat sind wir davon \u00fcberzeugt, dass sich nur innerhalb einer Gemeinschaft gro\u00dfe Talente voll entfalten k\u00f6nnen.<\/p>\n<p>\u00a0<\/p>\n<p><em>Lindo Aldrovandi<\/em><br \/><em>Gesch\u00e4ftsf\u00fchrer<\/em><\/p>\n\t\t\t\t\t\t\t\t<\/div>\n\t\t\t\t<\/div>\n\t\t\t\t\t<\/div>\n\t\t<\/div>\n\t\t\t\t<div class=\"has_eae_slider elementor-column elementor-col-50 elementor-inner-column elementor-element elementor-element-10594e0d\" data-eae-slider=\"27741\" data-id=\"10594e0d\" data-element_type=\"column\" data-e-type=\"column\">\n\t\t\t<div class=\"elementor-widget-wrap\">\n\t\t\t\t\t\t\t<\/div>\n\t\t<\/div>\n\t\t\t\t\t<\/div>\n\t\t<\/section>\n\t\t\t\t\t<\/div>\n\t\t<\/div>\n\t\t\t\t\t<\/div>\n\t\t<\/section>\n\t\t\t\t<section class=\"has_eae_slider elementor-section elementor-top-section elementor-element elementor-element-73a6dadc elementor-section-boxed elementor-section-height-default elementor-section-height-default\" data-eae-slider=\"27204\" data-id=\"73a6dadc\" data-element_type=\"section\" data-e-type=\"section\" data-settings=\"{&quot;jet_parallax_layout_list&quot;:[]}\">\n\t\t\t\t\t\t<div class=\"elementor-container elementor-column-gap-default\">\n\t\t\t\t\t<div class=\"has_eae_slider elementor-column elementor-col-50 elementor-top-column elementor-element elementor-element-51331c33\" data-eae-slider=\"4775\" data-id=\"51331c33\" data-element_type=\"column\" data-e-type=\"column\">\n\t\t\t<div class=\"elementor-widget-wrap elementor-element-populated\">\n\t\t\t\t\t\t<div class=\"elementor-element elementor-element-225d642 elementor-widget elementor-widget-heading\" data-id=\"225d642\" data-element_type=\"widget\" data-e-type=\"widget\" data-widget_type=\"heading.default\">\n\t\t\t\t<div class=\"elementor-widget-container\">\n\t\t\t\t\t<h2 class=\"elementor-heading-title elementor-size-default\">Die Belegschaft\nvon Renner<\/h2>\t\t\t\t<\/div>\n\t\t\t\t<\/div>\n\t\t\t\t<div class=\"elementor-element elementor-element-67c61db7 elementor-widget elementor-widget-jet-line-chart\" data-id=\"67c61db7\" data-element_type=\"widget\" data-e-type=\"widget\" data-widget_type=\"jet-line-chart.default\">\n\t\t\t\t<div class=\"elementor-widget-container\">\n\t\t\t\t\t<div class=\"elementor-jet-line-chart jet-elements\">\t\t<div class=\"jet-line-chart-container chartjs-render-monitor\" data-settings=\"{&quot;type&quot;:&quot;line&quot;,&quot;data&quot;:{&quot;labels&quot;:[&quot;2004&quot;,&quot;2005&quot;,&quot;2006&quot;,&quot;2007&quot;,&quot;2008&quot;,&quot;2009&quot;,&quot;2010&quot;,&quot;2011&quot;,&quot;2012&quot;,&quot;2013&quot;,&quot;2014&quot;,&quot;2015&quot;,&quot;2016&quot;,&quot;2017&quot;,&quot;2018&quot;,&quot;2019&quot;,&quot;2020&quot;,&quot;2021&quot;,&quot;2022&quot;,&quot; 2023&quot;,&quot;2024&quot;],&quot;datasets&quot;:[{&quot;label&quot;:&quot;Gesamt&quot;,&quot;data&quot;:[23,55,88,141,150,158,173,192,200,216,233,245,254,281,320,340,360,370,376,376,400],&quot;bg_color&quot;:&quot;#10CCAE75&quot;,&quot;border_color&quot;:&quot;#10CCAE&quot;,&quot;point_bg_color&quot;:&quot;#10CCAE&quot;,&quot;_id&quot;:&quot;05a8b2b&quot;,&quot;__globals__&quot;:{&quot;border_color&quot;:&quot;globals\\\/colors?id=0455899&quot;,&quot;point_bg_color&quot;:&quot;globals\\\/colors?id=0455899&quot;,&quot;bg_color&quot;:&quot;&quot;},&quot;index&quot;:0,&quot;backgroundColor&quot;:&quot;#10CCAE75&quot;,&quot;borderColor&quot;:&quot;#10CCAE&quot;,&quot;borderWidth&quot;:1,&quot;pointBorderColor&quot;:&quot;#10CCAE&quot;,&quot;pointBackgroundColor&quot;:&quot;#10CCAE&quot;,&quot;pointRadius&quot;:1,&quot;pointHoverRadius&quot;:1,&quot;pointBorderWidth&quot;:0}]},&quot;options&quot;:{&quot;legend&quot;:{&quot;display&quot;:false,&quot;position&quot;:&quot;top&quot;,&quot;reverse&quot;:false,&quot;align&quot;:&quot;center&quot;},&quot;maintainAspectRatio&quot;:false,&quot;scales&quot;:{&quot;yAxes&quot;:[{&quot;stacked&quot;:false,&quot;ticks&quot;:{&quot;display&quot;:true,&quot;beginAtZero&quot;:true,&quot;stepSize&quot;:50,&quot;max&quot;:450,&quot;fontFamily&quot;:&quot;Fira Sans&quot;,&quot;fontColor&quot;:&quot;#575757&quot;},&quot;gridLines&quot;:{&quot;drawBorder&quot;:false,&quot;zeroLineColor&quot;:&quot;rgba(0,0,0,0.05)&quot;,&quot;color&quot;:&quot;rgba(0,0,0,0.05)&quot;}}],&quot;xAxes&quot;:[{&quot;ticks&quot;:{&quot;display&quot;:true,&quot;beginAtZero&quot;:true,&quot;stepSize&quot;:50,&quot;max&quot;:450,&quot;fontFamily&quot;:&quot;Fira Sans&quot;,&quot;fontColor&quot;:&quot;#575757&quot;},&quot;gridLines&quot;:{&quot;drawBorder&quot;:false,&quot;color&quot;:&quot;rgba(0,0,0,0.05)&quot;}}]}}}\" data-compare=\"\" data-previous-label=\"\" data-current-label=\"\" data-compare-labels-type=\"\" data-tooltip-prefix=\"\" data-tooltip-suffix=\"\" data-tooltip-separator=\"\">\n\t\t\t<canvas class=\"jet-line-chart\" role=\"img\"><\/canvas>\n\t\t<\/div>\n\t\t<\/div>\t\t\t\t<\/div>\n\t\t\t\t<\/div>\n\t\t\t\t\t<\/div>\n\t\t<\/div>\n\t\t\t\t<div class=\"has_eae_slider elementor-column elementor-col-50 elementor-top-column elementor-element elementor-element-17d6360f\" data-eae-slider=\"38033\" data-id=\"17d6360f\" data-element_type=\"column\" data-e-type=\"column\">\n\t\t\t<div class=\"elementor-widget-wrap elementor-element-populated\">\n\t\t\t\t\t\t<div class=\"elementor-element elementor-element-38afc984 elementor-widget elementor-widget-heading\" data-id=\"38afc984\" data-element_type=\"widget\" data-e-type=\"widget\" data-widget_type=\"heading.default\">\n\t\t\t\t<div class=\"elementor-widget-container\">\n\t\t\t\t\t<h2 class=\"elementor-heading-title elementor-size-default\">\u00dcber die Internetseite eingesendete Lebensl\u00e4ufe<\/h2>\t\t\t\t<\/div>\n\t\t\t\t<\/div>\n\t\t\t\t<div class=\"elementor-element elementor-element-14cd0af3 elementor-widget elementor-widget-jet-bar-chart\" data-id=\"14cd0af3\" data-element_type=\"widget\" data-e-type=\"widget\" data-widget_type=\"jet-bar-chart.default\">\n\t\t\t\t<div class=\"elementor-widget-container\">\n\t\t\t\t\t<div class=\"elementor-jet-bar-chart jet-elements\">\t\t<div class=\"jet-bar-chart-container\" data-settings=\"{&quot;type&quot;:&quot;bar&quot;,&quot;data&quot;:{&quot;labels&quot;:[&quot;2013&quot;,&quot;2014&quot;,&quot;2015&quot;,&quot;2016&quot;,&quot;2017&quot;,&quot;2018&quot;,&quot;2019&quot;,&quot;2020&quot;,&quot;2021&quot;,&quot;2022&quot;,&quot;2023&quot;,&quot;2024&quot;],&quot;datasets&quot;:[{&quot;label&quot;:&quot;Eingesendete Lebensl\\u00e4ufe&quot;,&quot;data&quot;:[812,588,621,871,884,1027,1050,984,712,1002,1672,1178],&quot;bg_color&quot;:&quot;rgba(85,172,238,0.4)&quot;,&quot;bg_hover_color&quot;:&quot;#55acee&quot;,&quot;border_color&quot;:&quot;#55acee&quot;,&quot;border_hover_color&quot;:&quot;#55acee&quot;,&quot;_id&quot;:&quot;bc12924&quot;,&quot;index&quot;:0,&quot;backgroundColor&quot;:&quot;rgba(85,172,238,0.4)&quot;,&quot;hoverBackgroundColor&quot;:&quot;#55acee&quot;,&quot;borderColor&quot;:&quot;#55acee&quot;,&quot;hoverBorderColor&quot;:&quot;#55acee&quot;,&quot;borderWidth&quot;:1}]},&quot;options&quot;:{&quot;tooltips&quot;:{&quot;enabled&quot;:true,&quot;titleFontColor&quot;:&quot;#FFFFFF&quot;,&quot;bodyFontFamily&quot;:&quot;Fira Sans&quot;,&quot;bodyFontColor&quot;:&quot;#FFFFFF&quot;},&quot;legend&quot;:{&quot;display&quot;:false,&quot;position&quot;:&quot;top&quot;,&quot;reverse&quot;:false,&quot;align&quot;:&quot;center&quot;},&quot;maintainAspectRatio&quot;:false,&quot;scales&quot;:{&quot;yAxes&quot;:[{&quot;ticks&quot;:{&quot;display&quot;:true,&quot;beginAtZero&quot;:true,&quot;max&quot;:1800,&quot;stepSize&quot;:200,&quot;fontFamily&quot;:&quot;Fira Sans&quot;,&quot;fontColor&quot;:&quot;#575757&quot;},&quot;gridLines&quot;:{&quot;drawBorder&quot;:false,&quot;color&quot;:&quot;#5757571F&quot;}}],&quot;xAxes&quot;:[{&quot;ticks&quot;:{&quot;display&quot;:true,&quot;beginAtZero&quot;:true,&quot;max&quot;:1800,&quot;stepSize&quot;:200,&quot;fontFamily&quot;:&quot;Fira Sans&quot;,&quot;fontColor&quot;:&quot;#575757&quot;},&quot;gridLines&quot;:{&quot;drawBorder&quot;:false,&quot;color&quot;:&quot;#5757571F&quot;}}]}}}\" data-tooltip-prefix=\"\" data-tooltip-suffix=\"\" data-tooltip-separator=\"\" data-axis-separator=\"\" data-labels-length=\"50\">\n\t\t\t<canvas class=\"jet-bar-chart\" role=\"img\"><\/canvas>\n\t\t<\/div>\n\t\t<\/div>\t\t\t\t<\/div>\n\t\t\t\t<\/div>\n\t\t\t\t\t<\/div>\n\t\t<\/div>\n\t\t\t\t\t<\/div>\n\t\t<\/section>\n\t\t\t\t<section class=\"has_eae_slider elementor-section elementor-top-section elementor-element elementor-element-81210a3 elementor-section-height-min-height elementor-section-boxed elementor-section-height-default elementor-section-items-middle\" data-eae-slider=\"16422\" data-id=\"81210a3\" data-element_type=\"section\" data-e-type=\"section\" data-settings=\"{&quot;jet_parallax_layout_list&quot;:[],&quot;background_background&quot;:&quot;classic&quot;}\">\n\t\t\t\t\t\t<div class=\"elementor-container elementor-column-gap-default\">\n\t\t\t\t\t<div class=\"has_eae_slider elementor-column elementor-col-100 elementor-top-column elementor-element elementor-element-46f3865b\" data-eae-slider=\"44761\" data-id=\"46f3865b\" data-element_type=\"column\" data-e-type=\"column\">\n\t\t\t<div class=\"elementor-widget-wrap elementor-element-populated\">\n\t\t\t\t\t\t<div class=\"elementor-element elementor-element-8819c7a elementor-widget elementor-widget-heading\" data-id=\"8819c7a\" data-element_type=\"widget\" data-e-type=\"widget\" data-widget_type=\"heading.default\">\n\t\t\t\t<div class=\"elementor-widget-container\">\n\t\t\t\t\t<h2 class=\"elementor-heading-title elementor-size-default\">Wenn Sie Talent haben und an den Wert der Gruppe glauben,<br>\nfangen Sie bei uns an!<\/h2>\t\t\t\t<\/div>\n\t\t\t\t<\/div>\n\t\t\t\t<div class=\"elementor-element elementor-element-75953334 elementor-align-center solo-it elementor-widget elementor-widget-button\" data-id=\"75953334\" data-element_type=\"widget\" data-e-type=\"widget\" data-widget_type=\"button.default\">\n\t\t\t\t<div class=\"elementor-widget-container\">\n\t\t\t\t\t\t\t\t\t<div class=\"elementor-button-wrapper\">\n\t\t\t\t\t<a class=\"elementor-button elementor-button-link elementor-size-sm\" href=\"https:\/\/saas.hrzucchetti.it\/cvo3renner\/servlet\/hvse_bstart?&#038;Theme=SpTheme_ZIP&#038;Parameter=PARAMDEFSE&#038;Company=000001&#038;Idcompany=000000&#038;Language=ITA&#038;pProcedure=hvse_welcome&#038;pLogin=&#038;pFreeappl=S&#038;Idchannel=\" target=\"_blank\">\n\t\t\t\t\t\t<span class=\"elementor-button-content-wrapper\">\n\t\t\t\t\t\t\t\t\t<span class=\"elementor-button-text\">LEBENSLAUF SENDEN<\/span>\n\t\t\t\t\t<\/span>\n\t\t\t\t\t<\/a>\n\t\t\t\t<\/div>\n\t\t\t\t\t\t\t\t<\/div>\n\t\t\t\t<\/div>\n\t\t\t\t\t<\/div>\n\t\t<\/div>\n\t\t\t\t\t<\/div>\n\t\t<\/section>\n\t\t\t\t<section class=\"has_eae_slider elementor-section elementor-top-section elementor-element elementor-element-6c9c63ba elementor-section-boxed elementor-section-height-default elementor-section-height-default\" data-eae-slider=\"44981\" data-id=\"6c9c63ba\" data-element_type=\"section\" data-e-type=\"section\" data-settings=\"{&quot;jet_parallax_layout_list&quot;:[]}\">\n\t\t\t\t\t\t<div class=\"elementor-container elementor-column-gap-default\">\n\t\t\t\t\t<div class=\"has_eae_slider elementor-column elementor-col-100 elementor-top-column elementor-element elementor-element-702e2f39\" data-eae-slider=\"37408\" data-id=\"702e2f39\" data-element_type=\"column\" data-e-type=\"column\">\n\t\t\t<div class=\"elementor-widget-wrap\">\n\t\t\t\t\t\t\t<\/div>\n\t\t<\/div>\n\t\t\t\t\t<\/div>\n\t\t<\/section>\n\t\t\t\t<\/div>\n\t\t","protected":false},"excerpt":{"rendered":"<p>Wir suchen Talente, die es lieben, sich in den Dienst des Teams zu stellen Wir sind ein gro\u00dfes Team. Und wie bei jedem gro\u00dfen Team beruhen unsere Erfolge vor allem auf der Energie, der Entschlossenheit und dem Elan der Gemeinschaft. In der Tat sind wir davon \u00fcberzeugt, dass sich nur innerhalb einer Gemeinschaft gro\u00dfe Talente [&hellip;]<\/p>\n","protected":false},"author":7,"featured_media":0,"parent":0,"menu_order":0,"comment_status":"closed","ping_status":"closed","template":"","meta":{"footnotes":""},"page-category":[],"class_list":["post-96615","page","type-page","status-publish","hentry"],"yoast_head":"<!-- This site is optimized with the Yoast SEO plugin v27.4 - https:\/\/yoast.com\/product\/yoast-seo-wordpress\/ -->\n<title>Unser Team - Renner Italia<\/title>\n<meta name=\"robots\" content=\"index, follow, max-snippet:-1, max-image-preview:large, max-video-preview:-1\" \/>\n<link rel=\"canonical\" href=\"https:\/\/renneritalia.com\/renner-job\/\" \/>\n<meta property=\"og:locale\" content=\"de_DE\" \/>\n<meta property=\"og:type\" content=\"article\" \/>\n<meta property=\"og:title\" content=\"Unser Team - Renner Italia\" \/>\n<meta property=\"og:description\" content=\"Wir suchen Talente, die es lieben, sich in den Dienst des Teams zu stellen Wir sind ein gro\u00dfes Team. Und wie bei jedem gro\u00dfen Team beruhen unsere Erfolge vor allem auf der Energie, der Entschlossenheit und dem Elan der Gemeinschaft. In der Tat sind wir davon \u00fcberzeugt, dass sich nur innerhalb einer Gemeinschaft gro\u00dfe Talente [&hellip;]\" \/>\n<meta property=\"og:url\" content=\"https:\/\/renneritalia.com\/renner-job\/\" \/>\n<meta property=\"og:site_name\" content=\"Renner Italia\" \/>\n<meta property=\"article:modified_time\" content=\"2025-11-10T16:21:23+00:00\" \/>\n<meta name=\"twitter:card\" content=\"summary_large_image\" \/>\n<meta name=\"twitter:label1\" content=\"Gesch\u00e4tzte Lesezeit\" \/>\n\t<meta name=\"twitter:data1\" content=\"1\u00a0Minute\" \/>\n<script type=\"application\/ld+json\" class=\"yoast-schema-graph\">{\"@context\":\"https:\\\/\\\/schema.org\",\"@graph\":[{\"@type\":\"WebPage\",\"@id\":\"https:\\\/\\\/renneritalia.com\\\/renner-job\\\/\",\"url\":\"https:\\\/\\\/renneritalia.com\\\/renner-job\\\/\",\"name\":\"Unser Team - Renner Italia\",\"isPartOf\":{\"@id\":\"https:\\\/\\\/renneritalia.com\\\/#website\"},\"datePublished\":\"2023-02-17T10:43:33+00:00\",\"dateModified\":\"2025-11-10T16:21:23+00:00\",\"breadcrumb\":{\"@id\":\"https:\\\/\\\/renneritalia.com\\\/renner-job\\\/#breadcrumb\"},\"inLanguage\":\"de\",\"potentialAction\":[{\"@type\":\"ReadAction\",\"target\":[\"https:\\\/\\\/renneritalia.com\\\/renner-job\\\/\"]}]},{\"@type\":\"BreadcrumbList\",\"@id\":\"https:\\\/\\\/renneritalia.com\\\/renner-job\\\/#breadcrumb\",\"itemListElement\":[{\"@type\":\"ListItem\",\"position\":1,\"name\":\"Home\",\"item\":\"https:\\\/\\\/renneritalia.com\\\/de\\\/\"},{\"@type\":\"ListItem\",\"position\":2,\"name\":\"Unser Team\"}]},{\"@type\":\"WebSite\",\"@id\":\"https:\\\/\\\/renneritalia.com\\\/#website\",\"url\":\"https:\\\/\\\/renneritalia.com\\\/\",\"name\":\"Renner Italia\",\"description\":\"Coatings\",\"publisher\":{\"@id\":\"https:\\\/\\\/renneritalia.com\\\/#organization\"},\"potentialAction\":[{\"@type\":\"SearchAction\",\"target\":{\"@type\":\"EntryPoint\",\"urlTemplate\":\"https:\\\/\\\/renneritalia.com\\\/?s={search_term_string}\"},\"query-input\":{\"@type\":\"PropertyValueSpecification\",\"valueRequired\":true,\"valueName\":\"search_term_string\"}}],\"inLanguage\":\"de\"},{\"@type\":\"Organization\",\"@id\":\"https:\\\/\\\/renneritalia.com\\\/#organization\",\"name\":\"Renner Italia\",\"url\":\"https:\\\/\\\/renneritalia.com\\\/\",\"logo\":{\"@type\":\"ImageObject\",\"inLanguage\":\"de\",\"@id\":\"https:\\\/\\\/renneritalia.com\\\/#\\\/schema\\\/logo\\\/image\\\/\",\"url\":\"https:\\\/\\\/renneritalia.com\\\/wp-content\\\/uploads\\\/2025\\\/03\\\/logo_renner_italia.svg\",\"contentUrl\":\"https:\\\/\\\/renneritalia.com\\\/wp-content\\\/uploads\\\/2025\\\/03\\\/logo_renner_italia.svg\",\"caption\":\"Renner Italia\"},\"image\":{\"@id\":\"https:\\\/\\\/renneritalia.com\\\/#\\\/schema\\\/logo\\\/image\\\/\"}}]}<\/script>\n<!-- \/ Yoast SEO plugin. -->","yoast_head_json":{"title":"Unser Team - Renner Italia","robots":{"index":"index","follow":"follow","max-snippet":"max-snippet:-1","max-image-preview":"max-image-preview:large","max-video-preview":"max-video-preview:-1"},"canonical":"https:\/\/renneritalia.com\/renner-job\/","og_locale":"de_DE","og_type":"article","og_title":"Unser Team - Renner Italia","og_description":"Wir suchen Talente, die es lieben, sich in den Dienst des Teams zu stellen Wir sind ein gro\u00dfes Team. Und wie bei jedem gro\u00dfen Team beruhen unsere Erfolge vor allem auf der Energie, der Entschlossenheit und dem Elan der Gemeinschaft. In der Tat sind wir davon \u00fcberzeugt, dass sich nur innerhalb einer Gemeinschaft gro\u00dfe Talente [&hellip;]","og_url":"https:\/\/renneritalia.com\/renner-job\/","og_site_name":"Renner Italia","article_modified_time":"2025-11-10T16:21:23+00:00","twitter_card":"summary_large_image","twitter_misc":{"Gesch\u00e4tzte Lesezeit":"1\u00a0Minute"},"schema":{"@context":"https:\/\/schema.org","@graph":[{"@type":"WebPage","@id":"https:\/\/renneritalia.com\/renner-job\/","url":"https:\/\/renneritalia.com\/renner-job\/","name":"Unser Team - Renner Italia","isPartOf":{"@id":"https:\/\/renneritalia.com\/#website"},"datePublished":"2023-02-17T10:43:33+00:00","dateModified":"2025-11-10T16:21:23+00:00","breadcrumb":{"@id":"https:\/\/renneritalia.com\/renner-job\/#breadcrumb"},"inLanguage":"de","potentialAction":[{"@type":"ReadAction","target":["https:\/\/renneritalia.com\/renner-job\/"]}]},{"@type":"BreadcrumbList","@id":"https:\/\/renneritalia.com\/renner-job\/#breadcrumb","itemListElement":[{"@type":"ListItem","position":1,"name":"Home","item":"https:\/\/renneritalia.com\/de\/"},{"@type":"ListItem","position":2,"name":"Unser Team"}]},{"@type":"WebSite","@id":"https:\/\/renneritalia.com\/#website","url":"https:\/\/renneritalia.com\/","name":"Renner Italia","description":"Coatings","publisher":{"@id":"https:\/\/renneritalia.com\/#organization"},"potentialAction":[{"@type":"SearchAction","target":{"@type":"EntryPoint","urlTemplate":"https:\/\/renneritalia.com\/?s={search_term_string}"},"query-input":{"@type":"PropertyValueSpecification","valueRequired":true,"valueName":"search_term_string"}}],"inLanguage":"de"},{"@type":"Organization","@id":"https:\/\/renneritalia.com\/#organization","name":"Renner Italia","url":"https:\/\/renneritalia.com\/","logo":{"@type":"ImageObject","inLanguage":"de","@id":"https:\/\/renneritalia.com\/#\/schema\/logo\/image\/","url":"https:\/\/renneritalia.com\/wp-content\/uploads\/2025\/03\/logo_renner_italia.svg","contentUrl":"https:\/\/renneritalia.com\/wp-content\/uploads\/2025\/03\/logo_renner_italia.svg","caption":"Renner Italia"},"image":{"@id":"https:\/\/renneritalia.com\/#\/schema\/logo\/image\/"}}]}},"_links":{"self":[{"href":"https:\/\/renneritalia.com\/de\/wp-json\/wp\/v2\/pages\/96615","targetHints":{"allow":["GET"]}}],"collection":[{"href":"https:\/\/renneritalia.com\/de\/wp-json\/wp\/v2\/pages"}],"about":[{"href":"https:\/\/renneritalia.com\/de\/wp-json\/wp\/v2\/types\/page"}],"author":[{"embeddable":true,"href":"https:\/\/renneritalia.com\/de\/wp-json\/wp\/v2\/users\/7"}],"replies":[{"embeddable":true,"href":"https:\/\/renneritalia.com\/de\/wp-json\/wp\/v2\/comments?post=96615"}],"version-history":[{"count":5,"href":"https:\/\/renneritalia.com\/de\/wp-json\/wp\/v2\/pages\/96615\/revisions"}],"predecessor-version":[{"id":117128,"href":"https:\/\/renneritalia.com\/de\/wp-json\/wp\/v2\/pages\/96615\/revisions\/117128"}],"wp:attachment":[{"href":"https:\/\/renneritalia.com\/de\/wp-json\/wp\/v2\/media?parent=96615"}],"wp:term":[{"taxonomy":"page-category","embeddable":true,"href":"https:\/\/renneritalia.com\/de\/wp-json\/wp\/v2\/page-category?post=96615"}],"curies":[{"name":"wp","href":"https:\/\/api.w.org\/{rel}","templated":true}]}}