{"id":96453,"date":"2023-05-15T10:06:49","date_gmt":"2023-05-15T08:06:49","guid":{"rendered":"https:\/\/renneritalia.com\/einfuehrung\/"},"modified":"2024-06-05T09:51:22","modified_gmt":"2024-06-05T07:51:22","slug":"einfuehrung","status":"publish","type":"page","link":"https:\/\/renneritalia.com\/de\/einfuehrung\/","title":{"rendered":"Einf\u00fchrung"},"content":{"rendered":"\t\t<div data-elementor-type=\"wp-page\" data-elementor-id=\"96453\" class=\"elementor elementor-96453 elementor-81566\" data-elementor-post-type=\"page\">\n\t\t\t\t\t\t<section class=\"has_eae_slider elementor-section elementor-top-section elementor-element elementor-element-afd365c elementor-section-height-min-height elementor-section-items-bottom elementor-section-boxed elementor-section-height-default\" data-eae-slider=\"95217\" data-id=\"afd365c\" data-element_type=\"section\" data-e-type=\"section\" data-settings=\"{&quot;jet_parallax_layout_list&quot;:[],&quot;background_background&quot;:&quot;classic&quot;}\">\n\t\t\t\t\t\t<div class=\"elementor-container elementor-column-gap-default\">\n\t\t\t\t\t<div class=\"has_eae_slider elementor-column elementor-col-100 elementor-top-column elementor-element elementor-element-0c5ff1b\" data-eae-slider=\"57931\" data-id=\"0c5ff1b\" data-element_type=\"column\" data-e-type=\"column\">\n\t\t\t<div class=\"elementor-widget-wrap elementor-element-populated\">\n\t\t\t\t\t\t<section class=\"has_eae_slider elementor-section elementor-inner-section elementor-element elementor-element-715e03a elementor-section-content-bottom elementor-section-boxed elementor-section-height-default elementor-section-height-default\" data-eae-slider=\"87555\" data-id=\"715e03a\" data-element_type=\"section\" data-e-type=\"section\" data-settings=\"{&quot;jet_parallax_layout_list&quot;:[]}\">\n\t\t\t\t\t\t<div class=\"elementor-container elementor-column-gap-default\">\n\t\t\t\t\t<div class=\"has_eae_slider elementor-column elementor-col-100 elementor-inner-column elementor-element elementor-element-c297b3e\" data-eae-slider=\"2008\" data-id=\"c297b3e\" data-element_type=\"column\" data-e-type=\"column\">\n\t\t\t<div class=\"elementor-widget-wrap elementor-element-populated\">\n\t\t\t\t\t\t<div class=\"elementor-element elementor-element-fe054e4 elementor-widget elementor-widget-text-editor\" data-id=\"fe054e4\" data-element_type=\"widget\" data-e-type=\"widget\" data-widget_type=\"text-editor.default\">\n\t\t\t\t<div class=\"elementor-widget-container\">\n\t\t\t\t\t\t\t\t\t<p>BESCHICHTUNGEN UND AUFBAUTEN<\/p>\n\t\t\t\t\t\t\t\t<\/div>\n\t\t\t\t<\/div>\n\t\t\t\t<div class=\"elementor-element elementor-element-f1640aa elementor-widget elementor-widget-heading\" data-id=\"f1640aa\" data-element_type=\"widget\" data-e-type=\"widget\" data-widget_type=\"heading.default\">\n\t\t\t\t<div class=\"elementor-widget-container\">\n\t\t\t\t\t<h2 class=\"elementor-heading-title elementor-size-default\">Tausende von Formeln<br>\nf\u00fcr unendlich viele L\u00f6sungen<\/h2>\t\t\t\t<\/div>\n\t\t\t\t<\/div>\n\t\t\t\t\t<\/div>\n\t\t<\/div>\n\t\t\t\t\t<\/div>\n\t\t<\/section>\n\t\t\t\t\t<\/div>\n\t\t<\/div>\n\t\t\t\t\t<\/div>\n\t\t<\/section>\n\t\t\t\t<section class=\"has_eae_slider elementor-section elementor-top-section elementor-element elementor-element-3c596dd elementor-section-boxed elementor-section-height-default elementor-section-height-default\" data-eae-slider=\"66518\" data-id=\"3c596dd\" data-element_type=\"section\" data-e-type=\"section\" data-settings=\"{&quot;jet_parallax_layout_list&quot;:[]}\">\n\t\t\t\t\t\t<div class=\"elementor-container elementor-column-gap-default\">\n\t\t\t\t\t<div class=\"has_eae_slider elementor-column elementor-col-50 elementor-top-column elementor-element elementor-element-06ee4ab\" data-eae-slider=\"68391\" data-id=\"06ee4ab\" data-element_type=\"column\" data-e-type=\"column\">\n\t\t\t<div class=\"elementor-widget-wrap elementor-element-populated\">\n\t\t\t\t\t\t<div class=\"elementor-element elementor-element-f2e5dae elementor-widget elementor-widget-heading\" data-id=\"f2e5dae\" data-element_type=\"widget\" data-e-type=\"widget\" data-widget_type=\"heading.default\">\n\t\t\t\t<div class=\"elementor-widget-container\">\n\t\t\t\t\t<h2 class=\"elementor-heading-title elementor-size-default\">Es sind Tausende von Formeln,\ndie im Rennerlab erforscht werden.<\/h2>\t\t\t\t<\/div>\n\t\t\t\t<\/div>\n\t\t\t\t<div class=\"elementor-element elementor-element-c5a4744 elementor-widget elementor-widget-heading\" data-id=\"c5a4744\" data-element_type=\"widget\" data-e-type=\"widget\" data-widget_type=\"heading.default\">\n\t\t\t\t<div class=\"elementor-widget-container\">\n\t\t\t\t\t<h3 class=\"elementor-heading-title elementor-size-default\">Entdecken Sie die aktuellsten Designl\u00f6sungen zum Schutz von Oberfl\u00e4chen aus Holz.\n<\/h3>\t\t\t\t<\/div>\n\t\t\t\t<\/div>\n\t\t\t\t\t<\/div>\n\t\t<\/div>\n\t\t\t\t<div class=\"has_eae_slider elementor-column elementor-col-50 elementor-top-column elementor-element elementor-element-70c5915\" data-eae-slider=\"46944\" data-id=\"70c5915\" data-element_type=\"column\" data-e-type=\"column\">\n\t\t\t<div class=\"elementor-widget-wrap elementor-element-populated\">\n\t\t\t\t\t\t<div class=\"elementor-element elementor-element-6c68cac elementor-widget elementor-widget-text-editor\" data-id=\"6c68cac\" data-element_type=\"widget\" data-e-type=\"widget\" data-widget_type=\"text-editor.default\">\n\t\t\t\t<div class=\"elementor-widget-container\">\n\t\t\t\t\t\t\t\t\t<p>Unsere Holzbeschichtungen eignen sich f\u00fcr jeden Beschichtungsaufbau, egal, ob es sich um eine Spr\u00fchlackierung oder eine Vorhangbeschichtung handelt, ob mit Trocknung oder mit Hei\u00dfluft, sowohl im Ofen mit gesteuerter Aufheizung als auch durch UV-Bestrahlung, durch IR-Strahlen ebenso wie durch Mikrowellen. <\/p>\n<p>Wir sind stolz darauf, eine un\u00fcbertroffene Vielzahl von Produkten anbieten zu k\u00f6nnen, die jede Anforderung erf\u00fcllen k\u00f6nnen.<\/p>\n\t\t\t\t\t\t\t\t<\/div>\n\t\t\t\t<\/div>\n\t\t\t\t\t<\/div>\n\t\t<\/div>\n\t\t\t\t\t<\/div>\n\t\t<\/section>\n\t\t\t\t<section class=\"has_eae_slider elementor-section elementor-top-section elementor-element elementor-element-f0bd41e elementor-section-boxed elementor-section-height-default elementor-section-height-default\" data-eae-slider=\"32609\" data-id=\"f0bd41e\" data-element_type=\"section\" data-e-type=\"section\" data-settings=\"{&quot;jet_parallax_layout_list&quot;:[]}\">\n\t\t\t\t\t\t<div class=\"elementor-container elementor-column-gap-default\">\n\t\t\t\t\t<div class=\"has_eae_slider elementor-column elementor-col-50 elementor-top-column elementor-element elementor-element-53004a7\" data-eae-slider=\"73599\" data-id=\"53004a7\" data-element_type=\"column\" data-e-type=\"column\" data-settings=\"{&quot;background_background&quot;:&quot;classic&quot;}\">\n\t\t\t<div class=\"elementor-widget-wrap elementor-element-populated\">\n\t\t\t\t\t\t<div class=\"elementor-element elementor-element-7a0a07e elementor-widget elementor-widget-text-editor\" data-id=\"7a0a07e\" data-element_type=\"widget\" data-e-type=\"widget\" data-widget_type=\"text-editor.default\">\n\t\t\t\t<div class=\"elementor-widget-container\">\n\t\t\t\t\t\t\t\t\t<p>Unsere Anlagen<\/p>\n\t\t\t\t\t\t\t\t<\/div>\n\t\t\t\t<\/div>\n\t\t\t\t<div class=\"elementor-element elementor-element-985a076 elementor-widget elementor-widget-heading\" data-id=\"985a076\" data-element_type=\"widget\" data-e-type=\"widget\" data-widget_type=\"heading.default\">\n\t\t\t\t<div class=\"elementor-widget-container\">\n\t\t\t\t\t<h2 class=\"elementor-heading-title elementor-size-default\">Die Beschichtungen von Renner Italia entstehen in den Industrieanlagen in Minerbio vor den Toren von Bologna. <\/h2>\t\t\t\t<\/div>\n\t\t\t\t<\/div>\n\t\t\t\t<div class=\"elementor-element elementor-element-1f53696 elementor-widget elementor-widget-heading\" data-id=\"1f53696\" data-element_type=\"widget\" data-e-type=\"widget\" data-widget_type=\"heading.default\">\n\t\t\t\t<div class=\"elementor-widget-container\">\n\t\t\t\t\t<h3 class=\"elementor-heading-title elementor-size-default\">Die Fertigungsanlagen sind so eingerichtet, dass sie die steigende Nachfrage nach wasserbasierten Beschichtungen bedienen und den Bedarf an l\u00f6sungsmittelbasierten Beschichtungen komplett erf\u00fcllen k\u00f6nnen.<\/h3>\t\t\t\t<\/div>\n\t\t\t\t<\/div>\n\t\t\t\t<div class=\"elementor-element elementor-element-0cdb4a1 elementor-widget elementor-widget-text-editor\" data-id=\"0cdb4a1\" data-element_type=\"widget\" data-e-type=\"widget\" data-widget_type=\"text-editor.default\">\n\t\t\t\t<div class=\"elementor-widget-container\">\n\t\t\t\t\t\t\t\t\t<p>Die Wandelbarkeit der Ausstattung, die f\u00fcr die Herstellung n\u00f6tig ist, erlaubt uns, mit dem Bewusstsein in die Zukunft zu blicken, dass unsere Industrieanlagen dazu imstande sind, jede Art von Nachfrage zu befriedigen und die aktuellen Ver\u00e4nderungen zu meistern. Diese Besonderheit f\u00fchrt zu einer Produktpalette, die den Anforderungen auf dem Markt rundum entspricht.<\/p>\n\t\t\t\t\t\t\t\t<\/div>\n\t\t\t\t<\/div>\n\t\t\t\t\t<\/div>\n\t\t<\/div>\n\t\t\t\t<div class=\"has_eae_slider elementor-column elementor-col-50 elementor-top-column elementor-element elementor-element-fa77b3c\" data-eae-slider=\"35316\" data-id=\"fa77b3c\" data-element_type=\"column\" data-e-type=\"column\" data-settings=\"{&quot;background_background&quot;:&quot;classic&quot;}\">\n\t\t\t<div class=\"elementor-widget-wrap\">\n\t\t\t\t\t\t\t<\/div>\n\t\t<\/div>\n\t\t\t\t\t<\/div>\n\t\t<\/section>\n\t\t\t\t<section class=\"has_eae_slider elementor-section elementor-top-section elementor-element elementor-element-3affb3f elementor-section-boxed elementor-section-height-default elementor-section-height-default\" data-eae-slider=\"20977\" data-id=\"3affb3f\" data-element_type=\"section\" data-e-type=\"section\" data-settings=\"{&quot;jet_parallax_layout_list&quot;:[]}\">\n\t\t\t\t\t\t<div class=\"elementor-container elementor-column-gap-default\">\n\t\t\t\t\t<div class=\"has_eae_slider elementor-column elementor-col-25 elementor-top-column elementor-element elementor-element-b90e21b\" data-eae-slider=\"43237\" data-id=\"b90e21b\" data-element_type=\"column\" data-e-type=\"column\">\n\t\t\t<div class=\"elementor-widget-wrap elementor-element-populated\">\n\t\t\t\t\t\t<div class=\"elementor-element elementor-element-302262a elementor-widget__width-initial elementor-widget elementor-widget-heading\" data-id=\"302262a\" data-element_type=\"widget\" data-e-type=\"widget\" data-widget_type=\"heading.default\">\n\t\t\t\t<div class=\"elementor-widget-container\">\n\t\t\t\t\t<h2 class=\"elementor-heading-title elementor-size-default\">Die besten<br>L\u00f6sungen<br>f\u00fcr alle<br>holzverar-<br>beitenden Betriebe<\/h2>\t\t\t\t<\/div>\n\t\t\t\t<\/div>\n\t\t\t\t\t<\/div>\n\t\t<\/div>\n\t\t\t\t<div class=\"has_eae_slider elementor-column elementor-col-25 elementor-top-column elementor-element elementor-element-1a731a4\" data-eae-slider=\"57085\" data-id=\"1a731a4\" data-element_type=\"column\" data-e-type=\"column\">\n\t\t\t<div class=\"elementor-widget-wrap elementor-element-populated\">\n\t\t\t\t\t\t<div class=\"elementor-element elementor-element-6c625e3 elementor-widget elementor-widget-image\" data-id=\"6c625e3\" data-element_type=\"widget\" data-e-type=\"widget\" data-widget_type=\"image.default\">\n\t\t\t\t<div class=\"elementor-widget-container\">\n\t\t\t\t\t\t\t\t\t\t\t\t\t\t\t<img fetchpriority=\"high\" decoding=\"async\" width=\"400\" height=\"500\" src=\"https:\/\/renneritalia.com\/wp-content\/uploads\/2023\/05\/vernici-acqua-interno.jpg\" class=\"elementor-animation-grow attachment-large size-large wp-image-96456\" alt=\"\" srcset=\"https:\/\/renneritalia.com\/wp-content\/uploads\/2023\/05\/vernici-acqua-interno.jpg 400w, https:\/\/renneritalia.com\/wp-content\/uploads\/2023\/05\/vernici-acqua-interno-240x300.jpg 240w\" sizes=\"(max-width: 400px) 100vw, 400px\" \/>\t\t\t\t\t\t\t\t\t\t\t\t\t\t\t<\/div>\n\t\t\t\t<\/div>\n\t\t\t\t<div class=\"elementor-element elementor-element-1ebd354 elementor-widget elementor-widget-text-editor\" data-id=\"1ebd354\" data-element_type=\"widget\" data-e-type=\"widget\" data-widget_type=\"text-editor.default\">\n\t\t\t\t<div class=\"elementor-widget-container\">\n\t\t\t\t\t\t\t\t\tWASSERBASIERTE BESCHICHTUNGEN F\u00dcR INNENBEREICH\t\t\t\t\t\t\t\t<\/div>\n\t\t\t\t<\/div>\n\t\t\t\t<div class=\"elementor-element elementor-element-0908b25 elementor-widget elementor-widget-heading\" data-id=\"0908b25\" data-element_type=\"widget\" data-e-type=\"widget\" data-widget_type=\"heading.default\">\n\t\t\t\t<div class=\"elementor-widget-container\">\n\t\t\t\t\t<h2 class=\"elementor-heading-title elementor-size-default\">F\u00fcllen Sie Ihr Zuhause mit Sch\u00f6nheit<\/h2>\t\t\t\t<\/div>\n\t\t\t\t<\/div>\n\t\t\t\t\t<\/div>\n\t\t<\/div>\n\t\t\t\t<div class=\"has_eae_slider elementor-column elementor-col-25 elementor-top-column elementor-element elementor-element-ef427f7\" data-eae-slider=\"84313\" data-id=\"ef427f7\" data-element_type=\"column\" data-e-type=\"column\">\n\t\t\t<div class=\"elementor-widget-wrap elementor-element-populated\">\n\t\t\t\t\t\t<div class=\"elementor-element elementor-element-10c69cb elementor-widget elementor-widget-image\" data-id=\"10c69cb\" data-element_type=\"widget\" data-e-type=\"widget\" data-widget_type=\"image.default\">\n\t\t\t\t<div class=\"elementor-widget-container\">\n\t\t\t\t\t\t\t\t\t\t\t\t\t\t\t<img decoding=\"async\" width=\"400\" height=\"500\" src=\"https:\/\/renneritalia.com\/wp-content\/uploads\/2023\/05\/vernici-acqua-esterno.jpg\" class=\"elementor-animation-grow attachment-large size-large wp-image-96457\" alt=\"\" srcset=\"https:\/\/renneritalia.com\/wp-content\/uploads\/2023\/05\/vernici-acqua-esterno.jpg 400w, https:\/\/renneritalia.com\/wp-content\/uploads\/2023\/05\/vernici-acqua-esterno-240x300.jpg 240w\" sizes=\"(max-width: 400px) 100vw, 400px\" \/>\t\t\t\t\t\t\t\t\t\t\t\t\t\t\t<\/div>\n\t\t\t\t<\/div>\n\t\t\t\t<div class=\"elementor-element elementor-element-33e811b elementor-widget elementor-widget-text-editor\" data-id=\"33e811b\" data-element_type=\"widget\" data-e-type=\"widget\" data-widget_type=\"text-editor.default\">\n\t\t\t\t<div class=\"elementor-widget-container\">\n\t\t\t\t\t\t\t\t\tWASSERBASIERTE BESCHICHTUNGEN F\u00dcR AUSSENBEREICH\t\t\t\t\t\t\t\t<\/div>\n\t\t\t\t<\/div>\n\t\t\t\t<div class=\"elementor-element elementor-element-0b4a765 elementor-widget elementor-widget-heading\" data-id=\"0b4a765\" data-element_type=\"widget\" data-e-type=\"widget\" data-widget_type=\"heading.default\">\n\t\t\t\t<div class=\"elementor-widget-container\">\n\t\t\t\t\t<h2 class=\"elementor-heading-title elementor-size-default\">Verteidigen Sie Ihre T\u00fcren und Fenster<\/h2>\t\t\t\t<\/div>\n\t\t\t\t<\/div>\n\t\t\t\t\t<\/div>\n\t\t<\/div>\n\t\t\t\t<div class=\"has_eae_slider elementor-column elementor-col-25 elementor-top-column elementor-element elementor-element-9f9f266\" data-eae-slider=\"20316\" data-id=\"9f9f266\" data-element_type=\"column\" data-e-type=\"column\">\n\t\t\t<div class=\"elementor-widget-wrap elementor-element-populated\">\n\t\t\t\t\t\t<div class=\"elementor-element elementor-element-70c727f elementor-widget elementor-widget-image\" data-id=\"70c727f\" data-element_type=\"widget\" data-e-type=\"widget\" data-widget_type=\"image.default\">\n\t\t\t\t<div class=\"elementor-widget-container\">\n\t\t\t\t\t\t\t\t\t\t\t\t\t\t\t<img decoding=\"async\" width=\"400\" height=\"500\" src=\"https:\/\/renneritalia.com\/wp-content\/uploads\/2023\/05\/vernici-solvente.jpg\" class=\"elementor-animation-grow attachment-large size-large wp-image-96458\" alt=\"\" srcset=\"https:\/\/renneritalia.com\/wp-content\/uploads\/2023\/05\/vernici-solvente.jpg 400w, https:\/\/renneritalia.com\/wp-content\/uploads\/2023\/05\/vernici-solvente-240x300.jpg 240w\" sizes=\"(max-width: 400px) 100vw, 400px\" \/>\t\t\t\t\t\t\t\t\t\t\t\t\t\t\t<\/div>\n\t\t\t\t<\/div>\n\t\t\t\t<div class=\"elementor-element elementor-element-bc03cc2 elementor-widget elementor-widget-text-editor\" data-id=\"bc03cc2\" data-element_type=\"widget\" data-e-type=\"widget\" data-widget_type=\"text-editor.default\">\n\t\t\t\t<div class=\"elementor-widget-container\">\n\t\t\t\t\t\t\t\t\t<p>L\u00d6SUNGSMITTELBASIERTE BESCHICHTUNGEN<\/p>\n\t\t\t\t\t\t\t\t<\/div>\n\t\t\t\t<\/div>\n\t\t\t\t<div class=\"elementor-element elementor-element-98a7aff elementor-widget elementor-widget-heading\" data-id=\"98a7aff\" data-element_type=\"widget\" data-e-type=\"widget\" data-widget_type=\"heading.default\">\n\t\t\t\t<div class=\"elementor-widget-container\">\n\t\t\t\t\t<h2 class=\"elementor-heading-title elementor-size-default\">Tradition und Moderne<\/h2>\t\t\t\t<\/div>\n\t\t\t\t<\/div>\n\t\t\t\t\t<\/div>\n\t\t<\/div>\n\t\t\t\t\t<\/div>\n\t\t<\/section>\n\t\t\t\t<\/div>\n\t\t","protected":false},"excerpt":{"rendered":"<p>BESCHICHTUNGEN UND AUFBAUTEN Tausende von Formeln f\u00fcr unendlich viele L\u00f6sungen Es sind Tausende von Formeln, die im Rennerlab erforscht werden. Entdecken Sie die aktuellsten Designl\u00f6sungen zum Schutz von Oberfl\u00e4chen aus Holz. Unsere Holzbeschichtungen eignen sich f\u00fcr jeden Beschichtungsaufbau, egal, ob es sich um eine Spr\u00fchlackierung oder eine Vorhangbeschichtung handelt, ob mit Trocknung oder mit Hei\u00dfluft, [&hellip;]<\/p>\n","protected":false},"author":7,"featured_media":0,"parent":0,"menu_order":0,"comment_status":"closed","ping_status":"closed","template":"","meta":{"footnotes":""},"page-category":[],"class_list":["post-96453","page","type-page","status-publish","hentry"],"yoast_head":"<!-- This site is optimized with the Yoast SEO plugin v27.4 - https:\/\/yoast.com\/product\/yoast-seo-wordpress\/ -->\n<title>Einf\u00fchrung - Renner Italia<\/title>\n<meta name=\"robots\" content=\"index, follow, max-snippet:-1, max-image-preview:large, max-video-preview:-1\" \/>\n<link rel=\"canonical\" href=\"https:\/\/renneritalia.com\/de\/einfuehrung\/\" \/>\n<meta property=\"og:locale\" content=\"de_DE\" \/>\n<meta property=\"og:type\" content=\"article\" \/>\n<meta property=\"og:title\" content=\"Einf\u00fchrung - Renner Italia\" \/>\n<meta property=\"og:description\" content=\"BESCHICHTUNGEN UND AUFBAUTEN Tausende von Formeln f\u00fcr unendlich viele L\u00f6sungen Es sind Tausende von Formeln, die im Rennerlab erforscht werden. Entdecken Sie die aktuellsten Designl\u00f6sungen zum Schutz von Oberfl\u00e4chen aus Holz. Unsere Holzbeschichtungen eignen sich f\u00fcr jeden Beschichtungsaufbau, egal, ob es sich um eine Spr\u00fchlackierung oder eine Vorhangbeschichtung handelt, ob mit Trocknung oder mit Hei\u00dfluft, [&hellip;]\" \/>\n<meta property=\"og:url\" content=\"https:\/\/renneritalia.com\/de\/einfuehrung\/\" \/>\n<meta property=\"og:site_name\" content=\"Renner Italia\" \/>\n<meta property=\"article:modified_time\" content=\"2024-06-05T07:51:22+00:00\" \/>\n<meta property=\"og:image\" content=\"https:\/\/renneritalia.com\/wp-content\/uploads\/2023\/05\/vernici-acqua-interno.jpg\" \/>\n<meta name=\"twitter:card\" content=\"summary_large_image\" \/>\n<meta name=\"twitter:label1\" content=\"Gesch\u00e4tzte Lesezeit\" \/>\n\t<meta name=\"twitter:data1\" content=\"2\u00a0Minuten\" \/>\n<script type=\"application\/ld+json\" class=\"yoast-schema-graph\">{\"@context\":\"https:\\\/\\\/schema.org\",\"@graph\":[{\"@type\":\"WebPage\",\"@id\":\"https:\\\/\\\/renneritalia.com\\\/de\\\/einfuehrung\\\/\",\"url\":\"https:\\\/\\\/renneritalia.com\\\/de\\\/einfuehrung\\\/\",\"name\":\"Einf\u00fchrung - Renner Italia\",\"isPartOf\":{\"@id\":\"https:\\\/\\\/renneritalia.com\\\/#website\"},\"primaryImageOfPage\":{\"@id\":\"https:\\\/\\\/renneritalia.com\\\/de\\\/einfuehrung\\\/#primaryimage\"},\"image\":{\"@id\":\"https:\\\/\\\/renneritalia.com\\\/de\\\/einfuehrung\\\/#primaryimage\"},\"thumbnailUrl\":\"https:\\\/\\\/renneritalia.com\\\/wp-content\\\/uploads\\\/2023\\\/05\\\/vernici-acqua-interno.jpg\",\"datePublished\":\"2023-05-15T08:06:49+00:00\",\"dateModified\":\"2024-06-05T07:51:22+00:00\",\"breadcrumb\":{\"@id\":\"https:\\\/\\\/renneritalia.com\\\/de\\\/einfuehrung\\\/#breadcrumb\"},\"inLanguage\":\"de\",\"potentialAction\":[{\"@type\":\"ReadAction\",\"target\":[\"https:\\\/\\\/renneritalia.com\\\/de\\\/einfuehrung\\\/\"]}]},{\"@type\":\"ImageObject\",\"inLanguage\":\"de\",\"@id\":\"https:\\\/\\\/renneritalia.com\\\/de\\\/einfuehrung\\\/#primaryimage\",\"url\":\"https:\\\/\\\/renneritalia.com\\\/wp-content\\\/uploads\\\/2023\\\/05\\\/vernici-acqua-interno.jpg\",\"contentUrl\":\"https:\\\/\\\/renneritalia.com\\\/wp-content\\\/uploads\\\/2023\\\/05\\\/vernici-acqua-interno.jpg\"},{\"@type\":\"BreadcrumbList\",\"@id\":\"https:\\\/\\\/renneritalia.com\\\/de\\\/einfuehrung\\\/#breadcrumb\",\"itemListElement\":[{\"@type\":\"ListItem\",\"position\":1,\"name\":\"Home\",\"item\":\"https:\\\/\\\/renneritalia.com\\\/de\\\/\"},{\"@type\":\"ListItem\",\"position\":2,\"name\":\"Einf\u00fchrung\"}]},{\"@type\":\"WebSite\",\"@id\":\"https:\\\/\\\/renneritalia.com\\\/#website\",\"url\":\"https:\\\/\\\/renneritalia.com\\\/\",\"name\":\"Renner Italia\",\"description\":\"Coatings\",\"publisher\":{\"@id\":\"https:\\\/\\\/renneritalia.com\\\/#organization\"},\"potentialAction\":[{\"@type\":\"SearchAction\",\"target\":{\"@type\":\"EntryPoint\",\"urlTemplate\":\"https:\\\/\\\/renneritalia.com\\\/?s={search_term_string}\"},\"query-input\":{\"@type\":\"PropertyValueSpecification\",\"valueRequired\":true,\"valueName\":\"search_term_string\"}}],\"inLanguage\":\"de\"},{\"@type\":\"Organization\",\"@id\":\"https:\\\/\\\/renneritalia.com\\\/#organization\",\"name\":\"Renner Italia\",\"url\":\"https:\\\/\\\/renneritalia.com\\\/\",\"logo\":{\"@type\":\"ImageObject\",\"inLanguage\":\"de\",\"@id\":\"https:\\\/\\\/renneritalia.com\\\/#\\\/schema\\\/logo\\\/image\\\/\",\"url\":\"https:\\\/\\\/renneritalia.com\\\/wp-content\\\/uploads\\\/2025\\\/03\\\/logo_renner_italia.svg\",\"contentUrl\":\"https:\\\/\\\/renneritalia.com\\\/wp-content\\\/uploads\\\/2025\\\/03\\\/logo_renner_italia.svg\",\"caption\":\"Renner Italia\"},\"image\":{\"@id\":\"https:\\\/\\\/renneritalia.com\\\/#\\\/schema\\\/logo\\\/image\\\/\"}}]}<\/script>\n<!-- \/ Yoast SEO plugin. -->","yoast_head_json":{"title":"Einf\u00fchrung - Renner Italia","robots":{"index":"index","follow":"follow","max-snippet":"max-snippet:-1","max-image-preview":"max-image-preview:large","max-video-preview":"max-video-preview:-1"},"canonical":"https:\/\/renneritalia.com\/de\/einfuehrung\/","og_locale":"de_DE","og_type":"article","og_title":"Einf\u00fchrung - Renner Italia","og_description":"BESCHICHTUNGEN UND AUFBAUTEN Tausende von Formeln f\u00fcr unendlich viele L\u00f6sungen Es sind Tausende von Formeln, die im Rennerlab erforscht werden. Entdecken Sie die aktuellsten Designl\u00f6sungen zum Schutz von Oberfl\u00e4chen aus Holz. Unsere Holzbeschichtungen eignen sich f\u00fcr jeden Beschichtungsaufbau, egal, ob es sich um eine Spr\u00fchlackierung oder eine Vorhangbeschichtung handelt, ob mit Trocknung oder mit Hei\u00dfluft, [&hellip;]","og_url":"https:\/\/renneritalia.com\/de\/einfuehrung\/","og_site_name":"Renner Italia","article_modified_time":"2024-06-05T07:51:22+00:00","og_image":[{"url":"https:\/\/renneritalia.com\/wp-content\/uploads\/2023\/05\/vernici-acqua-interno.jpg","type":"","width":"","height":""}],"twitter_card":"summary_large_image","twitter_misc":{"Gesch\u00e4tzte Lesezeit":"2\u00a0Minuten"},"schema":{"@context":"https:\/\/schema.org","@graph":[{"@type":"WebPage","@id":"https:\/\/renneritalia.com\/de\/einfuehrung\/","url":"https:\/\/renneritalia.com\/de\/einfuehrung\/","name":"Einf\u00fchrung - Renner Italia","isPartOf":{"@id":"https:\/\/renneritalia.com\/#website"},"primaryImageOfPage":{"@id":"https:\/\/renneritalia.com\/de\/einfuehrung\/#primaryimage"},"image":{"@id":"https:\/\/renneritalia.com\/de\/einfuehrung\/#primaryimage"},"thumbnailUrl":"https:\/\/renneritalia.com\/wp-content\/uploads\/2023\/05\/vernici-acqua-interno.jpg","datePublished":"2023-05-15T08:06:49+00:00","dateModified":"2024-06-05T07:51:22+00:00","breadcrumb":{"@id":"https:\/\/renneritalia.com\/de\/einfuehrung\/#breadcrumb"},"inLanguage":"de","potentialAction":[{"@type":"ReadAction","target":["https:\/\/renneritalia.com\/de\/einfuehrung\/"]}]},{"@type":"ImageObject","inLanguage":"de","@id":"https:\/\/renneritalia.com\/de\/einfuehrung\/#primaryimage","url":"https:\/\/renneritalia.com\/wp-content\/uploads\/2023\/05\/vernici-acqua-interno.jpg","contentUrl":"https:\/\/renneritalia.com\/wp-content\/uploads\/2023\/05\/vernici-acqua-interno.jpg"},{"@type":"BreadcrumbList","@id":"https:\/\/renneritalia.com\/de\/einfuehrung\/#breadcrumb","itemListElement":[{"@type":"ListItem","position":1,"name":"Home","item":"https:\/\/renneritalia.com\/de\/"},{"@type":"ListItem","position":2,"name":"Einf\u00fchrung"}]},{"@type":"WebSite","@id":"https:\/\/renneritalia.com\/#website","url":"https:\/\/renneritalia.com\/","name":"Renner Italia","description":"Coatings","publisher":{"@id":"https:\/\/renneritalia.com\/#organization"},"potentialAction":[{"@type":"SearchAction","target":{"@type":"EntryPoint","urlTemplate":"https:\/\/renneritalia.com\/?s={search_term_string}"},"query-input":{"@type":"PropertyValueSpecification","valueRequired":true,"valueName":"search_term_string"}}],"inLanguage":"de"},{"@type":"Organization","@id":"https:\/\/renneritalia.com\/#organization","name":"Renner Italia","url":"https:\/\/renneritalia.com\/","logo":{"@type":"ImageObject","inLanguage":"de","@id":"https:\/\/renneritalia.com\/#\/schema\/logo\/image\/","url":"https:\/\/renneritalia.com\/wp-content\/uploads\/2025\/03\/logo_renner_italia.svg","contentUrl":"https:\/\/renneritalia.com\/wp-content\/uploads\/2025\/03\/logo_renner_italia.svg","caption":"Renner Italia"},"image":{"@id":"https:\/\/renneritalia.com\/#\/schema\/logo\/image\/"}}]}},"_links":{"self":[{"href":"https:\/\/renneritalia.com\/de\/wp-json\/wp\/v2\/pages\/96453","targetHints":{"allow":["GET"]}}],"collection":[{"href":"https:\/\/renneritalia.com\/de\/wp-json\/wp\/v2\/pages"}],"about":[{"href":"https:\/\/renneritalia.com\/de\/wp-json\/wp\/v2\/types\/page"}],"author":[{"embeddable":true,"href":"https:\/\/renneritalia.com\/de\/wp-json\/wp\/v2\/users\/7"}],"replies":[{"embeddable":true,"href":"https:\/\/renneritalia.com\/de\/wp-json\/wp\/v2\/comments?post=96453"}],"version-history":[{"count":12,"href":"https:\/\/renneritalia.com\/de\/wp-json\/wp\/v2\/pages\/96453\/revisions"}],"predecessor-version":[{"id":99156,"href":"https:\/\/renneritalia.com\/de\/wp-json\/wp\/v2\/pages\/96453\/revisions\/99156"}],"wp:attachment":[{"href":"https:\/\/renneritalia.com\/de\/wp-json\/wp\/v2\/media?parent=96453"}],"wp:term":[{"taxonomy":"page-category","embeddable":true,"href":"https:\/\/renneritalia.com\/de\/wp-json\/wp\/v2\/page-category?post=96453"}],"curies":[{"name":"wp","href":"https:\/\/api.w.org\/{rel}","templated":true}]}}